{"id":9538,"date":"2024-08-09T13:10:03","date_gmt":"2024-08-09T10:10:03","guid":{"rendered":"https:\/\/pargikeskus.ee\/rendipinnad\/"},"modified":"2024-10-29T10:04:09","modified_gmt":"2024-10-29T07:04:09","slug":"rendipinnad","status":"publish","type":"page","link":"https:\/\/pargikeskus.ee\/ru\/keskus\/rendipinnad\/","title":{"rendered":"\u0410\u0440\u0435\u043d\u0434\u0430 \u043f\u043e\u043c\u0435\u0449\u0435\u043d\u0438\u0439"},"content":{"rendered":"<!--themify_builder_content-->\n<div id=\"themify_builder_content-9538\" data-postid=\"9538\" class=\"themify_builder_content themify_builder_content-9538 themify_builder tf_clear\">\n                    <div  data-css_id=\"iwz0324\" data-lazy=\"1\" class=\"module_row themify_builder_row fullwidth_row_container tb_iwz0324 tb_first tf_w\">\n            <span  class=\"builder_row_cover tf_abs\" data-lazy=\"1\"><\/span>            <div class=\"row_inner col_align_top tb_col_count_1 tf_box tf_rel\">\n                        <div  data-lazy=\"1\" class=\"module_column tb-column col-full tb_4s6c327 first\">\n                    <!-- module fancy heading -->\n<div  class=\"module module-fancy-heading tb_8pmf328 \" data-lazy=\"1\">\n        <h1 class=\"fancy-heading tf_textc\">\n    <span class=\"main-head tf_block\">\n                    Rendipinnad            <\/span>\n\n    \n    <span class=\"sub-head tf_block tf_rel\">\n                                <\/span>\n    <\/h1>\n<\/div>\n<!-- \/module fancy heading -->\n        <\/div>\n                        <\/div>\n        <\/div>\n                        <div  data-lazy=\"1\" class=\"module_row themify_builder_row tb_5is0325 tf_w\">\n                        <div class=\"row_inner col_align_top tb_col_count_2 tf_box tf_rel\">\n                        <div  data-lazy=\"1\" class=\"module_column tb-column col4-1 tb_5z3k331 first\">\n                    <!-- module menu -->\n<div  class=\"module module-menu tb_s637332  mobile-menu-slide\" data-menu-style=\"mobile-menu-slide\" data-menu-breakpoint=\"0\" data-element-id=\"tb_s637332\" data-lazy=\"1\">\n        \n    <div class=\"module-menu-container\"><ul id=\"menu-keskus-ru\" class=\"ui tf_clearfix nav tf_rel tf_scrollbar vertical transparent\"><li id=\"menu-item-9631\" class=\"menu-item-page-9518 menu-item menu-item-type-post_type menu-item-object-page menu-item-9631\"><a href=\"https:\/\/pargikeskus.ee\/ru\/keskus\/kontaktid\/\">\u041a\u043e\u043d\u0442\u0430\u043a\u0442\u044b<\/a><\/li>\n<li id=\"menu-item-9634\" class=\"menu-item-page-9538 menu-item menu-item-type-post_type menu-item-object-page menu-item-9634\"><a href=\"https:\/\/pargikeskus.ee\/ru\/keskus\/rendipinnad\/\">\u0410\u0440\u0435\u043d\u0434\u0430 \u043f\u043e\u043c\u0435\u0449\u0435\u043d\u0438\u0439<\/a><\/li>\n<li id=\"menu-item-9635\" class=\"menu-item-page-9525 menu-item menu-item-type-post_type menu-item-object-page menu-item-9635\"><a href=\"https:\/\/pargikeskus.ee\/ru\/keskus\/reklaamipinnad\/\">LED \u0440\u0435\u043a\u043b\u0430\u043c\u0430<\/a><\/li>\n<li id=\"menu-item-9629\" class=\"menu-item-page-9527 menu-item menu-item-type-post_type menu-item-object-page menu-item-9629\"><a href=\"https:\/\/pargikeskus.ee\/ru\/keskus\/teenused\/\">\u0423\u0441\u043b\u0443\u0433\u0438<\/a><\/li>\n<li id=\"menu-item-9632\" class=\"menu-item-page-1336 menu-item menu-item-type-post_type menu-item-object-page menu-item-9632\"><a href=\"https:\/\/pargikeskus.ee\/ru\/keskus\/kinkekaardid\/\">\u041f\u043e\u0434\u0430\u0440\u043e\u0447\u043d\u044b\u0435 \u043a\u0430\u0440\u0442\u044b<\/a><\/li>\n<li id=\"menu-item-9630\" class=\"menu-item-page-9530 menu-item menu-item-type-post_type menu-item-object-page menu-item-9630\"><a href=\"https:\/\/pargikeskus.ee\/ru\/keskus\/uritused\/\">\u0421\u043e\u0431\u044b\u0442\u0438\u044f<\/a><\/li>\n<\/ul><\/div>        <style>\n            .mobile-menu-module[data-module=\"tb_s637332\"]{\n                right:-300px            }\n        <\/style>\n    <\/div>\n<!-- \/module menu -->\n        <\/div>\n                    <div  data-lazy=\"1\" class=\"module_column tb-column col4-3 tb_5c3j332 last\">\n                            <div  data-lazy=\"1\" class=\"module_subrow themify_builder_sub_row tf_w col_align_top tb_col_count_1 tb_20m799\">\n                <div  data-lazy=\"1\" class=\"module_column sub_column col-full tb_lx8q100 first\">\n                    <!-- module text -->\n<div  class=\"module module-text tb_kfqs485   \" data-lazy=\"1\">\n        <div  class=\"tb_text_wrap\">\n        <p>Meie rendipinnad pakuvad paindlike lahendusi nii \u00fcheks p\u00e4evaks kauplemiseks kui ka pikaajaliseks rentimiseks.<\/p>\n<p>V\u00f5ta \u00fchendust keskuse juhatajaga:<br>Marek J\u00e4rve<br><a href=\"mailto:marek@pargikeskus.ee\">marek@pargikeskus.ee<\/a><\/p>    <\/div>\n<\/div>\n<!-- \/module text -->        <\/div>\n                    <\/div>\n                <\/div>\n                        <\/div>\n        <\/div>\n        <\/div>\n<!--\/themify_builder_content-->","protected":false},"excerpt":{"rendered":"<p>Meie rendipinnad pakuvad paindlike lahendusi nii \u00fcheks p\u00e4evaks kauplemiseks kui ka pikaajaliseks rentimiseks. V\u00f5ta \u00fchendust keskuse juhatajaga:Marek J\u00e4rvemarek@pargikeskus.ee<\/p>\n","protected":false},"author":1,"featured_media":0,"parent":1332,"menu_order":0,"comment_status":"closed","ping_status":"closed","template":"","meta":{"footnotes":""},"class_list":["post-9538","page","type-page","status-publish","hentry","has-post-title","has-post-date","has-post-category","has-post-tag","has-post-comment","has-post-author",""],"yoast_head":"<!-- This site is optimized with the Yoast SEO plugin v27.4 - https:\/\/yoast.com\/product\/yoast-seo-wordpress\/ -->\n<title>\u0410\u0440\u0435\u043d\u0434\u0430 \u043f\u043e\u043c\u0435\u0449\u0435\u043d\u0438\u0439 - Pargi Keskus<\/title>\n<meta name=\"robots\" content=\"index, follow, max-snippet:-1, max-image-preview:large, max-video-preview:-1\" \/>\n<link rel=\"canonical\" href=\"https:\/\/pargikeskus.ee\/keskus\/rendipinnad\/\" \/>\n<meta property=\"og:locale\" content=\"ru_RU\" \/>\n<meta property=\"og:type\" content=\"article\" \/>\n<meta property=\"og:title\" content=\"\u0410\u0440\u0435\u043d\u0434\u0430 \u043f\u043e\u043c\u0435\u0449\u0435\u043d\u0438\u0439 - Pargi Keskus\" \/>\n<meta property=\"og:description\" content=\"Meie rendipinnad pakuvad paindlike lahendusi nii \u00fcheks p\u00e4evaks kauplemiseks kui ka pikaajaliseks rentimiseks. V\u00f5ta \u00fchendust keskuse juhatajaga:Marek J\u00e4rvemarek@pargikeskus.ee\" \/>\n<meta property=\"og:url\" content=\"https:\/\/pargikeskus.ee\/keskus\/rendipinnad\/\" \/>\n<meta property=\"og:site_name\" content=\"Pargi Keskus\" \/>\n<meta property=\"article:modified_time\" content=\"2024-10-29T07:04:09+00:00\" \/>\n<meta name=\"twitter:card\" content=\"summary_large_image\" \/>\n<meta name=\"twitter:label1\" content=\"\u041f\u0440\u0438\u043c\u0435\u0440\u043d\u043e\u0435 \u0432\u0440\u0435\u043c\u044f \u0434\u043b\u044f \u0447\u0442\u0435\u043d\u0438\u044f\" \/>\n\t<meta name=\"twitter:data1\" content=\"1 \u043c\u0438\u043d\u0443\u0442\u0430\" \/>\n<script type=\"application\/ld+json\" class=\"yoast-schema-graph\">{\"@context\":\"https:\\\/\\\/schema.org\",\"@graph\":[{\"@type\":\"WebPage\",\"@id\":\"https:\\\/\\\/pargikeskus.ee\\\/keskus\\\/rendipinnad\\\/\",\"url\":\"https:\\\/\\\/pargikeskus.ee\\\/keskus\\\/rendipinnad\\\/\",\"name\":\"\u0410\u0440\u0435\u043d\u0434\u0430 \u043f\u043e\u043c\u0435\u0449\u0435\u043d\u0438\u0439 - Pargi Keskus\",\"isPartOf\":{\"@id\":\"https:\\\/\\\/pargikeskus.ee\\\/ru\\\/#website\"},\"datePublished\":\"2024-08-09T10:10:03+00:00\",\"dateModified\":\"2024-10-29T07:04:09+00:00\",\"breadcrumb\":{\"@id\":\"https:\\\/\\\/pargikeskus.ee\\\/keskus\\\/rendipinnad\\\/#breadcrumb\"},\"inLanguage\":\"ru-RU\",\"potentialAction\":[{\"@type\":\"ReadAction\",\"target\":[\"https:\\\/\\\/pargikeskus.ee\\\/keskus\\\/rendipinnad\\\/\"]}]},{\"@type\":\"BreadcrumbList\",\"@id\":\"https:\\\/\\\/pargikeskus.ee\\\/keskus\\\/rendipinnad\\\/#breadcrumb\",\"itemListElement\":[{\"@type\":\"ListItem\",\"position\":1,\"name\":\"Home\",\"item\":\"https:\\\/\\\/pargikeskus.ee\\\/ru\\\/\"},{\"@type\":\"ListItem\",\"position\":2,\"name\":\"\u0422\u043e\u0440\u0433\u043e\u0432\u044b\u0439 \u0446\u0435\u043d\u0442\u0440\",\"item\":\"https:\\\/\\\/pargikeskus.ee\\\/ru\\\/keskus\\\/\"},{\"@type\":\"ListItem\",\"position\":3,\"name\":\"\u0410\u0440\u0435\u043d\u0434\u0430 \u043f\u043e\u043c\u0435\u0449\u0435\u043d\u0438\u0439\"}]},{\"@type\":\"WebSite\",\"@id\":\"https:\\\/\\\/pargikeskus.ee\\\/ru\\\/#website\",\"url\":\"https:\\\/\\\/pargikeskus.ee\\\/ru\\\/\",\"name\":\"Pargi Keskus\",\"description\":\"\",\"potentialAction\":[{\"@type\":\"SearchAction\",\"target\":{\"@type\":\"EntryPoint\",\"urlTemplate\":\"https:\\\/\\\/pargikeskus.ee\\\/ru\\\/?s={search_term_string}\"},\"query-input\":{\"@type\":\"PropertyValueSpecification\",\"valueRequired\":true,\"valueName\":\"search_term_string\"}}],\"inLanguage\":\"ru-RU\"}]}<\/script>\n<!-- \/ Yoast SEO plugin. -->","yoast_head_json":{"title":"\u0410\u0440\u0435\u043d\u0434\u0430 \u043f\u043e\u043c\u0435\u0449\u0435\u043d\u0438\u0439 - Pargi Keskus","robots":{"index":"index","follow":"follow","max-snippet":"max-snippet:-1","max-image-preview":"max-image-preview:large","max-video-preview":"max-video-preview:-1"},"canonical":"https:\/\/pargikeskus.ee\/keskus\/rendipinnad\/","og_locale":"ru_RU","og_type":"article","og_title":"\u0410\u0440\u0435\u043d\u0434\u0430 \u043f\u043e\u043c\u0435\u0449\u0435\u043d\u0438\u0439 - Pargi Keskus","og_description":"Meie rendipinnad pakuvad paindlike lahendusi nii \u00fcheks p\u00e4evaks kauplemiseks kui ka pikaajaliseks rentimiseks. V\u00f5ta \u00fchendust keskuse juhatajaga:Marek J\u00e4rvemarek@pargikeskus.ee","og_url":"https:\/\/pargikeskus.ee\/keskus\/rendipinnad\/","og_site_name":"Pargi Keskus","article_modified_time":"2024-10-29T07:04:09+00:00","twitter_card":"summary_large_image","twitter_misc":{"\u041f\u0440\u0438\u043c\u0435\u0440\u043d\u043e\u0435 \u0432\u0440\u0435\u043c\u044f \u0434\u043b\u044f \u0447\u0442\u0435\u043d\u0438\u044f":"1 \u043c\u0438\u043d\u0443\u0442\u0430"},"schema":{"@context":"https:\/\/schema.org","@graph":[{"@type":"WebPage","@id":"https:\/\/pargikeskus.ee\/keskus\/rendipinnad\/","url":"https:\/\/pargikeskus.ee\/keskus\/rendipinnad\/","name":"\u0410\u0440\u0435\u043d\u0434\u0430 \u043f\u043e\u043c\u0435\u0449\u0435\u043d\u0438\u0439 - Pargi Keskus","isPartOf":{"@id":"https:\/\/pargikeskus.ee\/ru\/#website"},"datePublished":"2024-08-09T10:10:03+00:00","dateModified":"2024-10-29T07:04:09+00:00","breadcrumb":{"@id":"https:\/\/pargikeskus.ee\/keskus\/rendipinnad\/#breadcrumb"},"inLanguage":"ru-RU","potentialAction":[{"@type":"ReadAction","target":["https:\/\/pargikeskus.ee\/keskus\/rendipinnad\/"]}]},{"@type":"BreadcrumbList","@id":"https:\/\/pargikeskus.ee\/keskus\/rendipinnad\/#breadcrumb","itemListElement":[{"@type":"ListItem","position":1,"name":"Home","item":"https:\/\/pargikeskus.ee\/ru\/"},{"@type":"ListItem","position":2,"name":"\u0422\u043e\u0440\u0433\u043e\u0432\u044b\u0439 \u0446\u0435\u043d\u0442\u0440","item":"https:\/\/pargikeskus.ee\/ru\/keskus\/"},{"@type":"ListItem","position":3,"name":"\u0410\u0440\u0435\u043d\u0434\u0430 \u043f\u043e\u043c\u0435\u0449\u0435\u043d\u0438\u0439"}]},{"@type":"WebSite","@id":"https:\/\/pargikeskus.ee\/ru\/#website","url":"https:\/\/pargikeskus.ee\/ru\/","name":"Pargi Keskus","description":"","potentialAction":[{"@type":"SearchAction","target":{"@type":"EntryPoint","urlTemplate":"https:\/\/pargikeskus.ee\/ru\/?s={search_term_string}"},"query-input":{"@type":"PropertyValueSpecification","valueRequired":true,"valueName":"search_term_string"}}],"inLanguage":"ru-RU"}]}},"builder_content":"<h1>Rendipinnad<br\/><\/h1>\n<ul id=\"menu-keskus-ru\"><li id=\"menu-item-9631\"><a href=\"https:\/\/pargikeskus.ee\/ru\/keskus\/kontaktid\/\">\u041a\u043e\u043d\u0442\u0430\u043a\u0442\u044b<\/a><\/li> <li id=\"menu-item-9634\"><a href=\"https:\/\/pargikeskus.ee\/ru\/keskus\/rendipinnad\/\">\u0410\u0440\u0435\u043d\u0434\u0430 \u043f\u043e\u043c\u0435\u0449\u0435\u043d\u0438\u0439<\/a><\/li> <li id=\"menu-item-9635\"><a href=\"https:\/\/pargikeskus.ee\/ru\/keskus\/reklaamipinnad\/\">LED \u0440\u0435\u043a\u043b\u0430\u043c\u0430<\/a><\/li> <li id=\"menu-item-9629\"><a href=\"https:\/\/pargikeskus.ee\/ru\/keskus\/teenused\/\">\u0423\u0441\u043b\u0443\u0433\u0438<\/a><\/li> <li id=\"menu-item-9632\"><a href=\"https:\/\/pargikeskus.ee\/ru\/keskus\/kinkekaardid\/\">\u041f\u043e\u0434\u0430\u0440\u043e\u0447\u043d\u044b\u0435 \u043a\u0430\u0440\u0442\u044b<\/a><\/li> <li id=\"menu-item-9630\"><a href=\"https:\/\/pargikeskus.ee\/ru\/keskus\/uritused\/\">\u0421\u043e\u0431\u044b\u0442\u0438\u044f<\/a><\/li> <\/ul>\n<p>Meie rendipinnad pakuvad paindlike lahendusi nii \u00fcheks p\u00e4evaks kauplemiseks kui ka pikaajaliseks rentimiseks.<\/p> <p>V\u00f5ta \u00fchendust keskuse juhatajaga:<br>Marek J\u00e4rve<br><a href=\"mailto:marek@pargikeskus.ee\">marek@pargikeskus.ee<\/a><\/p>","_links":{"self":[{"href":"https:\/\/pargikeskus.ee\/ru\/wp-json\/wp\/v2\/pages\/9538","targetHints":{"allow":["GET"]}}],"collection":[{"href":"https:\/\/pargikeskus.ee\/ru\/wp-json\/wp\/v2\/pages"}],"about":[{"href":"https:\/\/pargikeskus.ee\/ru\/wp-json\/wp\/v2\/types\/page"}],"author":[{"embeddable":true,"href":"https:\/\/pargikeskus.ee\/ru\/wp-json\/wp\/v2\/users\/1"}],"replies":[{"embeddable":true,"href":"https:\/\/pargikeskus.ee\/ru\/wp-json\/wp\/v2\/comments?post=9538"}],"version-history":[{"count":19,"href":"https:\/\/pargikeskus.ee\/ru\/wp-json\/wp\/v2\/pages\/9538\/revisions"}],"predecessor-version":[{"id":10087,"href":"https:\/\/pargikeskus.ee\/ru\/wp-json\/wp\/v2\/pages\/9538\/revisions\/10087"}],"up":[{"embeddable":true,"href":"https:\/\/pargikeskus.ee\/ru\/wp-json\/wp\/v2\/pages\/1332"}],"wp:attachment":[{"href":"https:\/\/pargikeskus.ee\/ru\/wp-json\/wp\/v2\/media?parent=9538"}],"curies":[{"name":"wp","href":"https:\/\/api.w.org\/{rel}","templated":true}]}}