{"id":8635,"date":"2023-10-16T11:29:49","date_gmt":"2023-10-16T08:29:49","guid":{"rendered":"https:\/\/pargikeskus.ee\/kauplused\/pizzakiosk\/"},"modified":"2024-08-09T11:40:17","modified_gmt":"2024-08-09T08:40:17","slug":"pizzakiosk","status":"publish","type":"page","link":"https:\/\/pargikeskus.ee\/ru\/kauplused\/pizzakiosk\/","title":{"rendered":"Pizzakiosk"},"content":{"rendered":"<!--themify_builder_content-->\n<div id=\"themify_builder_content-8635\" data-postid=\"8635\" class=\"themify_builder_content themify_builder_content-8635 themify_builder tf_clear\">\n                    <div  data-css_id=\"vaqq964\" data-lazy=\"1\" class=\"module_row themify_builder_row fullwidth_row_container tb_vaqq964 tb_first tf_w\">\n            <span  class=\"builder_row_cover tf_abs\" data-lazy=\"1\"><\/span>            <div class=\"row_inner col_align_top tb_col_count_1 tf_box tf_rel\">\n                        <div  data-lazy=\"1\" class=\"module_column tb-column col-full tb_t2ft965 first\">\n                            <\/div>\n                        <\/div>\n        <\/div>\n                        <div  data-lazy=\"1\" class=\"module_row themify_builder_row tb_o2sl583 tf_w\">\n                        <div class=\"row_inner col_align_top tb_col_count_3 tf_box tf_rel\">\n                        <div  data-lazy=\"1\" class=\"module_column tb-column col4-1 tb_eakw585 first\">\n                    <!-- module image -->\n<div  class=\"module module-image tb_sioz771 image-top   tf_mw\" data-lazy=\"1\">\n        <div class=\"image-wrap tf_rel tf_mw\">\n            <img loading=\"lazy\" decoding=\"async\" src=\"https:\/\/pargikeskus.ee\/wp-content\/uploads\/2023\/10\/Pizzakiosk_logo_punane-003-250x154.png\" width=\"250\" height=\"154\" class=\"wp-post-image wp-image-8631\" title=\"Pizzakiosk_logo_punane (003)\" alt=\"Pizzakiosk_logo_punane (003)\" srcset=\"https:\/\/pargikeskus.ee\/wp-content\/uploads\/2023\/10\/Pizzakiosk_logo_punane-003-250x154.png 250w, https:\/\/pargikeskus.ee\/wp-content\/uploads\/2023\/10\/Pizzakiosk_logo_punane-003-300x186.png 300w, https:\/\/pargikeskus.ee\/wp-content\/uploads\/2023\/10\/Pizzakiosk_logo_punane-003-150x92.png 150w, https:\/\/pargikeskus.ee\/wp-content\/uploads\/2023\/10\/Pizzakiosk_logo_punane-003.png 600w\" sizes=\"auto, (max-width: 250px) 100vw, 250px\" \/>    \n        <\/div>\n    <!-- \/image-wrap -->\n    \n        <\/div>\n<!-- \/module image --><!-- module text -->\n<div  class=\"module module-text tb_okrb801   \" data-lazy=\"1\">\n        <div  class=\"tb_text_wrap\">\n        <h2>Avatud<\/h2>\n<p><strong>E-L 10:00 \u2013 21:00<br \/>P 10:00 \u2013 20:00<\/strong><\/p>    <\/div>\n<\/div>\n<!-- \/module text --><!-- module text -->\n<div  class=\"module module-text tb_kigd663   \" data-lazy=\"1\">\n        <div  class=\"tb_text_wrap\">\n        <h2>Kontaktandmed<\/h2>\n<p><a href=\"tel:+37256627744\">+372 56627744<\/a><\/p>\n<p><a href=\"http:\/\/www.pizzakiosk.ee\">www.pizzakiosk.ee<\/a>\u00a0<\/p>    <\/div>\n<\/div>\n<!-- \/module text -->        <\/div>\n                    <div  data-lazy=\"1\" class=\"module_column tb-column col4-2 tb_vsql267\">\n                    <!-- module text -->\n<div  class=\"module module-text tb_1aer314   \" data-lazy=\"1\">\n        <div  class=\"tb_text_wrap\">\n        <h1>Pizzakiosk<\/h1><p>Pizzakiosk on esimene valik, kus n\u00f5udlik klient leiab endale kvaliteetse pannipitsa.<br \/>Me kasutame parimat toorainet, valmistame pitsasid hoole ja armastusega.<br \/><br \/>Oleme teadlikud ja tunneme uhkust selle \u00fcle, et meie toode on v\u00e4\u00e4rtuslikum,<br \/>olles valmis selle kvaliteedi saavutamiseks kandma ka suuremaid kulusid.<br \/><br \/>Pitsa on toit, millega saab ennast igalpool r\u00f5\u00f5mustada. Olenemata asukohast v\u00f5i ajast on pitsa sobiv kaaslane, nii matkarajal keha kinnitades v\u00f5i s\u00f5pradega vanu aegu meenutades, samuti laste s\u00fcnnip\u00e4evi pidades. Eesm\u00e4rgiks on pakkuda parimaid maitseelamusi. Klientide vastus k\u00fcsimusele, mida v\u00f5taksid kaasa \u00fcksikule saarele, oleks PIZZAKIOSKI PITSA!<br \/><br \/><\/p>    <\/div>\n<\/div>\n<!-- \/module text -->        <\/div>\n                    <div  data-lazy=\"1\" class=\"module_column tb-column col4-1 tb_5dk8978 last\">\n                    <!-- module text -->\n<div  class=\"module module-text tb_yodt295   \" data-lazy=\"1\">\n        <div  class=\"tb_text_wrap\">\n        <h2>Asukoht<\/h2>    <\/div>\n<\/div>\n<!-- \/module text --><!-- module image pro -->\n<div  class=\"module module-pro-image tb_57uv26 filter-none effect-shine   tf_textc   entrance-effect-fadeIn\" data-lazy=\"1\" data-entrance-effect=\"fadeIn\" data-exit-effect=\"fadeOut\" >\n\t\n    <div class=\"image-pro-wrap tf_rel tf_overflow tf_inline_b\">\n\t\t\t\t\t<a class=\"image-pro-external themify_lightbox tf_abs tf_w tf_h\" href=\"https:\/\/pargikeskus.ee\/wp-content\/uploads\/2020\/11\/cybershop.jpg\" target=\"_blank\"><span class=\"screen-reader-text\">Link<\/span><\/a>\n\t\t   \t\t<div class=\"image-pro-flip-box-wrap tf_rel tf_w tf_overflow\">\n\t\t\t<div class=\"image-pro-flip-box tf_rel\">\n\n\t\t\t\t<img loading=\"lazy\" decoding=\"async\" width=\"1440\" height=\"1107\" src=\"https:\/\/pargikeskus.ee\/wp-content\/uploads\/2020\/11\/cybershop.jpg\" class=\"wp-post-image wp-image-1403\" title=\"cybershop\" alt=\"cybershop\" srcset=\"https:\/\/pargikeskus.ee\/wp-content\/uploads\/2020\/11\/cybershop.jpg 1440w, https:\/\/pargikeskus.ee\/wp-content\/uploads\/2020\/11\/cybershop-300x231.jpg 300w, https:\/\/pargikeskus.ee\/wp-content\/uploads\/2020\/11\/cybershop-1024x787.jpg 1024w, https:\/\/pargikeskus.ee\/wp-content\/uploads\/2020\/11\/cybershop-768x590.jpg 768w\" sizes=\"auto, (max-width: 1440px) 100vw, 1440px\" \/>\n\t\t\t\t\n\t\t\t<\/div>\n\t\t<\/div>\n\n    <\/div><!-- .image-pro-wrap -->\n\n\t\n\t\n\t<\/div><!-- \/module image pro --><!-- module text -->\n<div  class=\"module module-text tb_6zlg979   \" data-lazy=\"1\">\n        <div  class=\"tb_text_wrap\">\n        <p><span id=\"kampaania\"><\/span><\/p>\n    <\/div>\n<\/div>\n<!-- \/module text --><!-- module post -->\n<div  class=\"module module-post tb_7ils979 \">\n    <div  class=\"builder-posts-wrap loops-wrapper kampaania list-large-image classic tf_clear tf_clearfix\" data-lazy=\"1\">\n        <\/div><!-- .builder-posts-wrap -->\n            <\/div>\n<!-- \/module post -->\n    <!-- module text -->\n<div  class=\"module module-text tb_3oc3166   \" data-lazy=\"1\">\n        <div  class=\"tb_text_wrap\">\n            <\/div>\n<\/div>\n<!-- \/module text -->        <\/div>\n                        <\/div>\n        <\/div>\n        <\/div>\n<!--\/themify_builder_content-->","protected":false},"excerpt":{"rendered":"<p>Avatud E-L 10:00 \u2013 21:00P 10:00 \u2013 20:00<\/p>\n","protected":false},"author":1,"featured_media":0,"parent":1326,"menu_order":0,"comment_status":"closed","ping_status":"closed","template":"","meta":{"footnotes":""},"class_list":["post-8635","page","type-page","status-publish","hentry","has-post-title","has-post-date","has-post-category","has-post-tag","has-post-comment","has-post-author",""],"yoast_head":"<!-- This site is optimized with the Yoast SEO plugin v27.2 - https:\/\/yoast.com\/product\/yoast-seo-wordpress\/ -->\n<title>Pizzakiosk - Pargi Keskus<\/title>\n<meta name=\"robots\" content=\"index, follow, max-snippet:-1, max-image-preview:large, max-video-preview:-1\" \/>\n<link rel=\"canonical\" href=\"https:\/\/pargikeskus.ee\/ru\/kauplused\/pizzakiosk\/\" \/>\n<meta property=\"og:locale\" content=\"ru_RU\" \/>\n<meta property=\"og:type\" content=\"article\" \/>\n<meta property=\"og:title\" content=\"Pizzakiosk - Pargi Keskus\" \/>\n<meta property=\"og:description\" content=\"Avatud E-L 10:00 \u2013 21:00P 10:00 \u2013 20:00\" \/>\n<meta property=\"og:url\" content=\"https:\/\/pargikeskus.ee\/ru\/kauplused\/pizzakiosk\/\" \/>\n<meta property=\"og:site_name\" content=\"Pargi Keskus\" \/>\n<meta property=\"article:modified_time\" content=\"2024-08-09T08:40:17+00:00\" \/>\n<meta property=\"og:image\" content=\"https:\/\/pargikeskus.ee\/wp-content\/uploads\/2023\/10\/Pizzakiosk_logo_punane-003-250x154.png\" \/>\n<meta name=\"twitter:card\" content=\"summary_large_image\" \/>\n<script type=\"application\/ld+json\" class=\"yoast-schema-graph\">{\"@context\":\"https:\/\/schema.org\",\"@graph\":[{\"@type\":\"WebPage\",\"@id\":\"https:\/\/pargikeskus.ee\/ru\/kauplused\/pizzakiosk\/\",\"url\":\"https:\/\/pargikeskus.ee\/ru\/kauplused\/pizzakiosk\/\",\"name\":\"Pizzakiosk - Pargi Keskus\",\"isPartOf\":{\"@id\":\"https:\/\/pargikeskus.ee\/ru\/#website\"},\"primaryImageOfPage\":{\"@id\":\"https:\/\/pargikeskus.ee\/ru\/kauplused\/pizzakiosk\/#primaryimage\"},\"image\":{\"@id\":\"https:\/\/pargikeskus.ee\/ru\/kauplused\/pizzakiosk\/#primaryimage\"},\"thumbnailUrl\":\"https:\/\/pargikeskus.ee\/wp-content\/uploads\/2023\/10\/Pizzakiosk_logo_punane-003.png\",\"datePublished\":\"2023-10-16T08:29:49+00:00\",\"dateModified\":\"2024-08-09T08:40:17+00:00\",\"breadcrumb\":{\"@id\":\"https:\/\/pargikeskus.ee\/ru\/kauplused\/pizzakiosk\/#breadcrumb\"},\"inLanguage\":\"ru-RU\",\"potentialAction\":[{\"@type\":\"ReadAction\",\"target\":[\"https:\/\/pargikeskus.ee\/ru\/kauplused\/pizzakiosk\/\"]}]},{\"@type\":\"ImageObject\",\"inLanguage\":\"ru-RU\",\"@id\":\"https:\/\/pargikeskus.ee\/ru\/kauplused\/pizzakiosk\/#primaryimage\",\"url\":\"https:\/\/pargikeskus.ee\/wp-content\/uploads\/2023\/10\/Pizzakiosk_logo_punane-003.png\",\"contentUrl\":\"https:\/\/pargikeskus.ee\/wp-content\/uploads\/2023\/10\/Pizzakiosk_logo_punane-003.png\"},{\"@type\":\"BreadcrumbList\",\"@id\":\"https:\/\/pargikeskus.ee\/ru\/kauplused\/pizzakiosk\/#breadcrumb\",\"itemListElement\":[{\"@type\":\"ListItem\",\"position\":1,\"name\":\"Home\",\"item\":\"https:\/\/pargikeskus.ee\/ru\/\"},{\"@type\":\"ListItem\",\"position\":2,\"name\":\"\u041c\u0430\u0433\u0430\u0437\u0438\u043d\u044b\",\"item\":\"https:\/\/pargikeskus.ee\/ru\/kauplused\/\"},{\"@type\":\"ListItem\",\"position\":3,\"name\":\"Pizzakiosk\"}]},{\"@type\":\"WebSite\",\"@id\":\"https:\/\/pargikeskus.ee\/ru\/#website\",\"url\":\"https:\/\/pargikeskus.ee\/ru\/\",\"name\":\"Pargi Keskus\",\"description\":\"\",\"potentialAction\":[{\"@type\":\"SearchAction\",\"target\":{\"@type\":\"EntryPoint\",\"urlTemplate\":\"https:\/\/pargikeskus.ee\/ru\/?s={search_term_string}\"},\"query-input\":{\"@type\":\"PropertyValueSpecification\",\"valueRequired\":true,\"valueName\":\"search_term_string\"}}],\"inLanguage\":\"ru-RU\"}]}<\/script>\n<!-- \/ Yoast SEO plugin. -->","yoast_head_json":{"title":"Pizzakiosk - Pargi Keskus","robots":{"index":"index","follow":"follow","max-snippet":"max-snippet:-1","max-image-preview":"max-image-preview:large","max-video-preview":"max-video-preview:-1"},"canonical":"https:\/\/pargikeskus.ee\/ru\/kauplused\/pizzakiosk\/","og_locale":"ru_RU","og_type":"article","og_title":"Pizzakiosk - Pargi Keskus","og_description":"Avatud E-L 10:00 \u2013 21:00P 10:00 \u2013 20:00","og_url":"https:\/\/pargikeskus.ee\/ru\/kauplused\/pizzakiosk\/","og_site_name":"Pargi Keskus","article_modified_time":"2024-08-09T08:40:17+00:00","og_image":[{"url":"https:\/\/pargikeskus.ee\/wp-content\/uploads\/2023\/10\/Pizzakiosk_logo_punane-003-250x154.png","type":"","width":"","height":""}],"twitter_card":"summary_large_image","schema":{"@context":"https:\/\/schema.org","@graph":[{"@type":"WebPage","@id":"https:\/\/pargikeskus.ee\/ru\/kauplused\/pizzakiosk\/","url":"https:\/\/pargikeskus.ee\/ru\/kauplused\/pizzakiosk\/","name":"Pizzakiosk - Pargi Keskus","isPartOf":{"@id":"https:\/\/pargikeskus.ee\/ru\/#website"},"primaryImageOfPage":{"@id":"https:\/\/pargikeskus.ee\/ru\/kauplused\/pizzakiosk\/#primaryimage"},"image":{"@id":"https:\/\/pargikeskus.ee\/ru\/kauplused\/pizzakiosk\/#primaryimage"},"thumbnailUrl":"https:\/\/pargikeskus.ee\/wp-content\/uploads\/2023\/10\/Pizzakiosk_logo_punane-003.png","datePublished":"2023-10-16T08:29:49+00:00","dateModified":"2024-08-09T08:40:17+00:00","breadcrumb":{"@id":"https:\/\/pargikeskus.ee\/ru\/kauplused\/pizzakiosk\/#breadcrumb"},"inLanguage":"ru-RU","potentialAction":[{"@type":"ReadAction","target":["https:\/\/pargikeskus.ee\/ru\/kauplused\/pizzakiosk\/"]}]},{"@type":"ImageObject","inLanguage":"ru-RU","@id":"https:\/\/pargikeskus.ee\/ru\/kauplused\/pizzakiosk\/#primaryimage","url":"https:\/\/pargikeskus.ee\/wp-content\/uploads\/2023\/10\/Pizzakiosk_logo_punane-003.png","contentUrl":"https:\/\/pargikeskus.ee\/wp-content\/uploads\/2023\/10\/Pizzakiosk_logo_punane-003.png"},{"@type":"BreadcrumbList","@id":"https:\/\/pargikeskus.ee\/ru\/kauplused\/pizzakiosk\/#breadcrumb","itemListElement":[{"@type":"ListItem","position":1,"name":"Home","item":"https:\/\/pargikeskus.ee\/ru\/"},{"@type":"ListItem","position":2,"name":"\u041c\u0430\u0433\u0430\u0437\u0438\u043d\u044b","item":"https:\/\/pargikeskus.ee\/ru\/kauplused\/"},{"@type":"ListItem","position":3,"name":"Pizzakiosk"}]},{"@type":"WebSite","@id":"https:\/\/pargikeskus.ee\/ru\/#website","url":"https:\/\/pargikeskus.ee\/ru\/","name":"Pargi Keskus","description":"","potentialAction":[{"@type":"SearchAction","target":{"@type":"EntryPoint","urlTemplate":"https:\/\/pargikeskus.ee\/ru\/?s={search_term_string}"},"query-input":{"@type":"PropertyValueSpecification","valueRequired":true,"valueName":"search_term_string"}}],"inLanguage":"ru-RU"}]}},"builder_content":"<img src=\"https:\/\/pargikeskus.ee\/wp-content\/uploads\/2023\/10\/Pizzakiosk_logo_punane-003-250x154.png\" width=\"250\" height=\"154\" title=\"Pizzakiosk_logo_punane (003)\" alt=\"Pizzakiosk_logo_punane (003)\" srcset=\"https:\/\/pargikeskus.ee\/wp-content\/uploads\/2023\/10\/Pizzakiosk_logo_punane-003-250x154.png 250w, https:\/\/pargikeskus.ee\/wp-content\/uploads\/2023\/10\/Pizzakiosk_logo_punane-003-300x186.png 300w, https:\/\/pargikeskus.ee\/wp-content\/uploads\/2023\/10\/Pizzakiosk_logo_punane-003-150x92.png 150w, https:\/\/pargikeskus.ee\/wp-content\/uploads\/2023\/10\/Pizzakiosk_logo_punane-003.png 600w\" sizes=\"(max-width: 250px) 100vw, 250px\" \/>\n<h2>Avatud<\/h2> <p><strong>E-L 10:00 \u2013 21:00<br \/>P 10:00 \u2013 20:00<\/strong><\/p>\n<h2>Kontaktandmed<\/h2> <p><a href=\"tel:+37256627744\">+372 56627744<\/a><\/p> <p><a href=\"http:\/\/www.pizzakiosk.ee\">www.pizzakiosk.ee<\/a>\u00a0<\/p>\n<h1>Pizzakiosk<\/h1><p>Pizzakiosk on esimene valik, kus n\u00f5udlik klient leiab endale kvaliteetse pannipitsa.<br \/>Me kasutame parimat toorainet, valmistame pitsasid hoole ja armastusega.<br \/><br \/>Oleme teadlikud ja tunneme uhkust selle \u00fcle, et meie toode on v\u00e4\u00e4rtuslikum,<br \/>olles valmis selle kvaliteedi saavutamiseks kandma ka suuremaid kulusid.<br \/><br \/>Pitsa on toit, millega saab ennast igalpool r\u00f5\u00f5mustada. Olenemata asukohast v\u00f5i ajast on pitsa sobiv kaaslane, nii matkarajal keha kinnitades v\u00f5i s\u00f5pradega vanu aegu meenutades, samuti laste s\u00fcnnip\u00e4evi pidades. Eesm\u00e4rgiks on pakkuda parimaid maitseelamusi. Klientide vastus k\u00fcsimusele, mida v\u00f5taksid kaasa \u00fcksikule saarele, oleks PIZZAKIOSKI PITSA!<br \/><br \/><\/p>\n<h2>Asukoht<\/h2>\n<a href=\"https:\/\/pargikeskus.ee\/wp-content\/uploads\/2020\/11\/cybershop.jpg\" target=\"_blank\">Link<\/a> \n <img src=\"https:\/\/pargikeskus.ee\/wp-content\/uploads\/2020\/11\/cybershop.jpg\" title=\"cybershop\" alt=\"cybershop\" srcset=\"https:\/\/pargikeskus.ee\/wp-content\/uploads\/2020\/11\/cybershop.jpg 1440w, https:\/\/pargikeskus.ee\/wp-content\/uploads\/2020\/11\/cybershop-300x231.jpg 300w, https:\/\/pargikeskus.ee\/wp-content\/uploads\/2020\/11\/cybershop-1024x787.jpg 1024w, https:\/\/pargikeskus.ee\/wp-content\/uploads\/2020\/11\/cybershop-768x590.jpg 768w\" sizes=\"(max-width: 1440px) 100vw, 1440px\" \/>\n<p><\/p>\n<p>[campaign]<\/p>","_links":{"self":[{"href":"https:\/\/pargikeskus.ee\/ru\/wp-json\/wp\/v2\/pages\/8635","targetHints":{"allow":["GET"]}}],"collection":[{"href":"https:\/\/pargikeskus.ee\/ru\/wp-json\/wp\/v2\/pages"}],"about":[{"href":"https:\/\/pargikeskus.ee\/ru\/wp-json\/wp\/v2\/types\/page"}],"author":[{"embeddable":true,"href":"https:\/\/pargikeskus.ee\/ru\/wp-json\/wp\/v2\/users\/1"}],"replies":[{"embeddable":true,"href":"https:\/\/pargikeskus.ee\/ru\/wp-json\/wp\/v2\/comments?post=8635"}],"version-history":[{"count":6,"href":"https:\/\/pargikeskus.ee\/ru\/wp-json\/wp\/v2\/pages\/8635\/revisions"}],"predecessor-version":[{"id":9352,"href":"https:\/\/pargikeskus.ee\/ru\/wp-json\/wp\/v2\/pages\/8635\/revisions\/9352"}],"up":[{"embeddable":true,"href":"https:\/\/pargikeskus.ee\/ru\/wp-json\/wp\/v2\/pages\/1326"}],"wp:attachment":[{"href":"https:\/\/pargikeskus.ee\/ru\/wp-json\/wp\/v2\/media?parent=8635"}],"curies":[{"name":"wp","href":"https:\/\/api.w.org\/{rel}","templated":true}]}}