{"id":8233,"date":"2026-01-12T15:25:23","date_gmt":"2026-01-12T12:25:23","guid":{"rendered":"https:\/\/pargikeskus.ee\/mustang\/"},"modified":"2026-01-12T15:26:43","modified_gmt":"2026-01-12T12:26:43","slug":"mustang","status":"publish","type":"page","link":"https:\/\/pargikeskus.ee\/ru\/kauplused\/mustang\/","title":{"rendered":"Mustang"},"content":{"rendered":"<!--themify_builder_content-->\n<div id=\"themify_builder_content-8233\" data-postid=\"8233\" class=\"themify_builder_content themify_builder_content-8233 themify_builder tf_clear\">\n                    <div  data-css_id=\"umaj991\" data-lazy=\"1\" class=\"module_row themify_builder_row fullwidth_row_container tb_umaj991 tb_first tf_w\">\n            <span  class=\"builder_row_cover tf_abs\" data-lazy=\"1\"><\/span>            <div class=\"row_inner col_align_top tb_col_count_1 tf_box tf_rel\">\n                        <div  data-lazy=\"1\" class=\"module_column tb-column col-full tb_9eek991 first\">\n                            <\/div>\n                        <\/div>\n        <\/div>\n                        <div  data-lazy=\"1\" class=\"module_row themify_builder_row tb_aaep716 tf_w\">\n                        <div class=\"row_inner col_align_top tb_col_count_3 tf_box tf_rel\">\n                        <div  data-lazy=\"1\" class=\"module_column tb-column col4-1 tb_obbr716 first\">\n                    <!-- module image -->\n<div  class=\"module module-image tb_wbuv717 image-top   tf_mw\" data-lazy=\"1\">\n        <div class=\"image-wrap tf_rel tf_mw\">\n            <img loading=\"lazy\" decoding=\"async\" src=\"https:\/\/pargikeskus.ee\/wp-content\/uploads\/2023\/01\/logo-250x53.png\" width=\"250\" height=\"53\" class=\"wp-post-image wp-image-8219\" title=\"logo\" alt=\"logo\" srcset=\"https:\/\/pargikeskus.ee\/wp-content\/uploads\/2023\/01\/logo-250x53.png 250w, https:\/\/pargikeskus.ee\/wp-content\/uploads\/2023\/01\/logo-150x32.png 150w, https:\/\/pargikeskus.ee\/wp-content\/uploads\/2023\/01\/logo.png 220w\" sizes=\"auto, (max-width: 250px) 100vw, 250px\" \/>    \n        <\/div>\n    <!-- \/image-wrap -->\n    \n        <\/div>\n<!-- \/module image --><!-- module text -->\n<div  class=\"module module-text tb_z3np717   \" data-lazy=\"1\">\n        <div  class=\"tb_text_wrap\">\n        <h2>Avatud<\/h2>\n<p>E-L 10:00 \u2013 20:00<br \/>P 10:00 \u2013 19:00<\/p>    <\/div>\n<\/div>\n<!-- \/module text --><!-- module text -->\n<div  class=\"module module-text tb_22dw718   \" data-lazy=\"1\">\n        <div  class=\"tb_text_wrap\">\n        <h2>Kontaktandmed<\/h2>\n<p><a href=\"tel:+37255595766\">+372 5559 5766<\/a><br \/><a href=\"mailto:pargi.mustang@denimdream.ee\" target=\"_blank\" rel=\"noopener\">pargi.mustang@<wbr \/>denimdream.ee<\/a><\/p>\n<p><a href=\"https:\/\/www.facebook.com\/mustangjeans\" target=\"_blank\" rel=\"noopener\">Instagram<\/a><br \/><a href=\"https:\/\/www.facebook.com\/mustangjeans\" target=\"_blank\" rel=\"noopener\">Facebook<\/a><\/p>    <\/div>\n<\/div>\n<!-- \/module text -->        <\/div>\n                    <div  data-lazy=\"1\" class=\"module_column tb-column col4-2 tb_ewct718\">\n                    <!-- module text -->\n<div  class=\"module module-text tb_j1sa718   \" data-lazy=\"1\">\n        <div  class=\"tb_text_wrap\">\n        <h1>Mustang<\/h1>\n<p>Mustangi kauplus on m\u00f5eldud inimesele, kes armastab klassikalist moodi, hindab mugavust ning v\u00e4\u00e4rtustab kvaliteeti. Hubase ja kliendikeskse ostu\u00f5hkkonnaga kauplusest leiab nii jalan\u00f5usid, kotte, sokke, pesu, kotte kui ka aksessuaare. Lisaks Mustangile pakume ka teiste tuntud br\u00e4ndide kaubavalikut \u2013 esindatud on br\u00e4ndid nagu Tom Tailor, Mustang, Pierre Cardin, Molly Bracken, Rino&amp;Pelle, Lee Cooper, Lee, Wrangler ja Levis.<\/p>    <\/div>\n<\/div>\n<!-- \/module text -->        <\/div>\n                    <div  data-lazy=\"1\" class=\"module_column tb-column col4-1 tb_bgd4718 last\">\n                    <!-- module text -->\n<div  class=\"module module-text tb_0nc7718   \" data-lazy=\"1\">\n        <div  class=\"tb_text_wrap\">\n        <h2>Asukoht<\/h2>    <\/div>\n<\/div>\n<!-- \/module text --><!-- module image pro -->\n<div  class=\"module module-pro-image tb_cb90718 filter-none effect-shine   tf_textc   entrance-effect-fadeIn\" data-lazy=\"1\" data-entrance-effect=\"fadeIn\" data-exit-effect=\"fadeOut\" >\n\t\n    <div class=\"image-pro-wrap tf_rel tf_overflow tf_inline_b\">\n\t\t\t\t\t<a class=\"image-pro-external themify_lightbox tf_abs tf_w tf_h\" href=\"https:\/\/pargikeskus.ee\/wp-content\/uploads\/2023\/01\/Mustang.jpg\" target=\"_blank\"><span class=\"screen-reader-text\">Link<\/span><\/a>\n\t\t   \t\t<div class=\"image-pro-flip-box-wrap tf_rel tf_w tf_overflow\">\n\t\t\t<div class=\"image-pro-flip-box tf_rel\">\n\n\t\t\t\t<img loading=\"lazy\" decoding=\"async\" width=\"1440\" height=\"1107\" src=\"https:\/\/pargikeskus.ee\/wp-content\/uploads\/2023\/01\/Mustang.jpg\" class=\"wp-post-image wp-image-8222\" title=\"Mustang\" alt=\"Mustang\" srcset=\"https:\/\/pargikeskus.ee\/wp-content\/uploads\/2023\/01\/Mustang.jpg 1440w, https:\/\/pargikeskus.ee\/wp-content\/uploads\/2023\/01\/Mustang-300x231.jpg 300w, https:\/\/pargikeskus.ee\/wp-content\/uploads\/2023\/01\/Mustang-1024x787.jpg 1024w, https:\/\/pargikeskus.ee\/wp-content\/uploads\/2023\/01\/Mustang-768x590.jpg 768w\" sizes=\"auto, (max-width: 1440px) 100vw, 1440px\" \/>\n\t\t\t\t\n\t\t\t<\/div>\n\t\t<\/div>\n\n    <\/div><!-- .image-pro-wrap -->\n\n\t\n\t\n\t<\/div><!-- \/module image pro --><!-- module text -->\n<div  class=\"module module-text tb_dev9718   \" data-lazy=\"1\">\n        <div  class=\"tb_text_wrap\">\n        <p><span id=\"kampaania\"><\/span><\/p>\n    <\/div>\n<\/div>\n<!-- \/module text --><!-- module text -->\n<div  class=\"module module-text tb_ud8q718   \" data-lazy=\"1\">\n        <div  class=\"tb_text_wrap\">\n            <\/div>\n<\/div>\n<!-- \/module text -->        <\/div>\n                        <\/div>\n        <\/div>\n        <\/div>\n<!--\/themify_builder_content-->","protected":false},"excerpt":{"rendered":"<p>Avatud E-L 10:00 \u2013 20:00P 10:00 \u2013 19:00<\/p>\n","protected":false},"author":1,"featured_media":0,"parent":1326,"menu_order":0,"comment_status":"closed","ping_status":"closed","template":"","meta":{"footnotes":""},"class_list":["post-8233","page","type-page","status-publish","hentry","has-post-title","has-post-date","has-post-category","has-post-tag","has-post-comment","has-post-author",""],"yoast_head":"<!-- This site is optimized with the Yoast SEO plugin v27.4 - https:\/\/yoast.com\/product\/yoast-seo-wordpress\/ -->\n<title>Mustang Pargi Keskuses \u2013 teksad, jakid ja vabastiil J\u00f5hvis | Pargi Keskus<\/title>\n<meta name=\"description\" content=\"Mustang Pargi Keskuses J\u00f5hvis pakub stiilseid teksaseid, jakke ja vabastiili r\u00f5ivaid. Tule ostlema ja leia oma uus lemmiklook Ida-Virumaal!\" \/>\n<meta name=\"robots\" content=\"index, follow, max-snippet:-1, max-image-preview:large, max-video-preview:-1\" \/>\n<link rel=\"canonical\" href=\"https:\/\/pargikeskus.ee\/ru\/kauplused\/mustang\/\" \/>\n<meta property=\"og:locale\" content=\"ru_RU\" \/>\n<meta property=\"og:type\" content=\"article\" \/>\n<meta property=\"og:title\" content=\"Mustang Pargi Keskuses \u2013 teksad, jakid ja vabastiil J\u00f5hvis | Pargi Keskus\" \/>\n<meta property=\"og:description\" content=\"Mustang Pargi Keskuses J\u00f5hvis pakub stiilseid teksaseid, jakke ja vabastiili r\u00f5ivaid. Tule ostlema ja leia oma uus lemmiklook Ida-Virumaal!\" \/>\n<meta property=\"og:url\" content=\"https:\/\/pargikeskus.ee\/ru\/kauplused\/mustang\/\" \/>\n<meta property=\"og:site_name\" content=\"Pargi Keskus\" \/>\n<meta property=\"article:modified_time\" content=\"2026-01-12T12:26:43+00:00\" \/>\n<meta property=\"og:image\" content=\"https:\/\/pargikeskus.ee\/wp-content\/uploads\/2023\/01\/logo-250x53.png\" \/>\n<meta name=\"twitter:card\" content=\"summary_large_image\" \/>\n<script type=\"application\/ld+json\" class=\"yoast-schema-graph\">{\"@context\":\"https:\\\/\\\/schema.org\",\"@graph\":[{\"@type\":\"WebPage\",\"@id\":\"https:\\\/\\\/pargikeskus.ee\\\/ru\\\/kauplused\\\/mustang\\\/\",\"url\":\"https:\\\/\\\/pargikeskus.ee\\\/ru\\\/kauplused\\\/mustang\\\/\",\"name\":\"Mustang Pargi Keskuses \u2013 teksad, jakid ja vabastiil J\u00f5hvis | Pargi Keskus\",\"isPartOf\":{\"@id\":\"https:\\\/\\\/pargikeskus.ee\\\/ru\\\/#website\"},\"primaryImageOfPage\":{\"@id\":\"https:\\\/\\\/pargikeskus.ee\\\/ru\\\/kauplused\\\/mustang\\\/#primaryimage\"},\"image\":{\"@id\":\"https:\\\/\\\/pargikeskus.ee\\\/ru\\\/kauplused\\\/mustang\\\/#primaryimage\"},\"thumbnailUrl\":\"https:\\\/\\\/pargikeskus.ee\\\/wp-content\\\/uploads\\\/2023\\\/01\\\/logo-250x53.png\",\"datePublished\":\"2026-01-12T12:25:23+00:00\",\"dateModified\":\"2026-01-12T12:26:43+00:00\",\"description\":\"Mustang Pargi Keskuses J\u00f5hvis pakub stiilseid teksaseid, jakke ja vabastiili r\u00f5ivaid. Tule ostlema ja leia oma uus lemmiklook Ida-Virumaal!\",\"breadcrumb\":{\"@id\":\"https:\\\/\\\/pargikeskus.ee\\\/ru\\\/kauplused\\\/mustang\\\/#breadcrumb\"},\"inLanguage\":\"ru-RU\",\"potentialAction\":[{\"@type\":\"ReadAction\",\"target\":[\"https:\\\/\\\/pargikeskus.ee\\\/ru\\\/kauplused\\\/mustang\\\/\"]}]},{\"@type\":\"ImageObject\",\"inLanguage\":\"ru-RU\",\"@id\":\"https:\\\/\\\/pargikeskus.ee\\\/ru\\\/kauplused\\\/mustang\\\/#primaryimage\",\"url\":\"https:\\\/\\\/pargikeskus.ee\\\/wp-content\\\/uploads\\\/2023\\\/01\\\/logo-250x53.png\",\"contentUrl\":\"https:\\\/\\\/pargikeskus.ee\\\/wp-content\\\/uploads\\\/2023\\\/01\\\/logo-250x53.png\"},{\"@type\":\"BreadcrumbList\",\"@id\":\"https:\\\/\\\/pargikeskus.ee\\\/ru\\\/kauplused\\\/mustang\\\/#breadcrumb\",\"itemListElement\":[{\"@type\":\"ListItem\",\"position\":1,\"name\":\"Home\",\"item\":\"https:\\\/\\\/pargikeskus.ee\\\/ru\\\/\"},{\"@type\":\"ListItem\",\"position\":2,\"name\":\"\u041c\u0430\u0433\u0430\u0437\u0438\u043d\u044b\",\"item\":\"https:\\\/\\\/pargikeskus.ee\\\/ru\\\/kauplused\\\/\"},{\"@type\":\"ListItem\",\"position\":3,\"name\":\"Mustang\"}]},{\"@type\":\"WebSite\",\"@id\":\"https:\\\/\\\/pargikeskus.ee\\\/ru\\\/#website\",\"url\":\"https:\\\/\\\/pargikeskus.ee\\\/ru\\\/\",\"name\":\"Pargi Keskus\",\"description\":\"\",\"potentialAction\":[{\"@type\":\"SearchAction\",\"target\":{\"@type\":\"EntryPoint\",\"urlTemplate\":\"https:\\\/\\\/pargikeskus.ee\\\/ru\\\/?s={search_term_string}\"},\"query-input\":{\"@type\":\"PropertyValueSpecification\",\"valueRequired\":true,\"valueName\":\"search_term_string\"}}],\"inLanguage\":\"ru-RU\"}]}<\/script>\n<!-- \/ Yoast SEO plugin. -->","yoast_head_json":{"title":"Mustang Pargi Keskuses \u2013 teksad, jakid ja vabastiil J\u00f5hvis | Pargi Keskus","description":"Mustang Pargi Keskuses J\u00f5hvis pakub stiilseid teksaseid, jakke ja vabastiili r\u00f5ivaid. Tule ostlema ja leia oma uus lemmiklook Ida-Virumaal!","robots":{"index":"index","follow":"follow","max-snippet":"max-snippet:-1","max-image-preview":"max-image-preview:large","max-video-preview":"max-video-preview:-1"},"canonical":"https:\/\/pargikeskus.ee\/ru\/kauplused\/mustang\/","og_locale":"ru_RU","og_type":"article","og_title":"Mustang Pargi Keskuses \u2013 teksad, jakid ja vabastiil J\u00f5hvis | Pargi Keskus","og_description":"Mustang Pargi Keskuses J\u00f5hvis pakub stiilseid teksaseid, jakke ja vabastiili r\u00f5ivaid. Tule ostlema ja leia oma uus lemmiklook Ida-Virumaal!","og_url":"https:\/\/pargikeskus.ee\/ru\/kauplused\/mustang\/","og_site_name":"Pargi Keskus","article_modified_time":"2026-01-12T12:26:43+00:00","og_image":[{"url":"https:\/\/pargikeskus.ee\/wp-content\/uploads\/2023\/01\/logo-250x53.png","type":"","width":"","height":""}],"twitter_card":"summary_large_image","schema":{"@context":"https:\/\/schema.org","@graph":[{"@type":"WebPage","@id":"https:\/\/pargikeskus.ee\/ru\/kauplused\/mustang\/","url":"https:\/\/pargikeskus.ee\/ru\/kauplused\/mustang\/","name":"Mustang Pargi Keskuses \u2013 teksad, jakid ja vabastiil J\u00f5hvis | Pargi Keskus","isPartOf":{"@id":"https:\/\/pargikeskus.ee\/ru\/#website"},"primaryImageOfPage":{"@id":"https:\/\/pargikeskus.ee\/ru\/kauplused\/mustang\/#primaryimage"},"image":{"@id":"https:\/\/pargikeskus.ee\/ru\/kauplused\/mustang\/#primaryimage"},"thumbnailUrl":"https:\/\/pargikeskus.ee\/wp-content\/uploads\/2023\/01\/logo-250x53.png","datePublished":"2026-01-12T12:25:23+00:00","dateModified":"2026-01-12T12:26:43+00:00","description":"Mustang Pargi Keskuses J\u00f5hvis pakub stiilseid teksaseid, jakke ja vabastiili r\u00f5ivaid. Tule ostlema ja leia oma uus lemmiklook Ida-Virumaal!","breadcrumb":{"@id":"https:\/\/pargikeskus.ee\/ru\/kauplused\/mustang\/#breadcrumb"},"inLanguage":"ru-RU","potentialAction":[{"@type":"ReadAction","target":["https:\/\/pargikeskus.ee\/ru\/kauplused\/mustang\/"]}]},{"@type":"ImageObject","inLanguage":"ru-RU","@id":"https:\/\/pargikeskus.ee\/ru\/kauplused\/mustang\/#primaryimage","url":"https:\/\/pargikeskus.ee\/wp-content\/uploads\/2023\/01\/logo-250x53.png","contentUrl":"https:\/\/pargikeskus.ee\/wp-content\/uploads\/2023\/01\/logo-250x53.png"},{"@type":"BreadcrumbList","@id":"https:\/\/pargikeskus.ee\/ru\/kauplused\/mustang\/#breadcrumb","itemListElement":[{"@type":"ListItem","position":1,"name":"Home","item":"https:\/\/pargikeskus.ee\/ru\/"},{"@type":"ListItem","position":2,"name":"\u041c\u0430\u0433\u0430\u0437\u0438\u043d\u044b","item":"https:\/\/pargikeskus.ee\/ru\/kauplused\/"},{"@type":"ListItem","position":3,"name":"Mustang"}]},{"@type":"WebSite","@id":"https:\/\/pargikeskus.ee\/ru\/#website","url":"https:\/\/pargikeskus.ee\/ru\/","name":"Pargi Keskus","description":"","potentialAction":[{"@type":"SearchAction","target":{"@type":"EntryPoint","urlTemplate":"https:\/\/pargikeskus.ee\/ru\/?s={search_term_string}"},"query-input":{"@type":"PropertyValueSpecification","valueRequired":true,"valueName":"search_term_string"}}],"inLanguage":"ru-RU"}]}},"builder_content":"<img src=\"https:\/\/pargikeskus.ee\/wp-content\/uploads\/2023\/01\/logo-250x53.png\" width=\"250\" height=\"53\" title=\"logo\" alt=\"logo\" srcset=\"https:\/\/pargikeskus.ee\/wp-content\/uploads\/2023\/01\/logo-250x53.png 250w, https:\/\/pargikeskus.ee\/wp-content\/uploads\/2023\/01\/logo-150x32.png 150w, https:\/\/pargikeskus.ee\/wp-content\/uploads\/2023\/01\/logo.png 220w\" sizes=\"(max-width: 250px) 100vw, 250px\" \/>\n<h2>Avatud<\/h2> <p>E-L 10:00 \u2013 20:00<br \/>P 10:00 \u2013 19:00<\/p>\n<h2>Kontaktandmed<\/h2> <p><a href=\"tel:+37255595766\">+372 5559 5766<\/a><br \/><a href=\"mailto:pargi.mustang@denimdream.ee\" target=\"_blank\" rel=\"noopener\">pargi.mustang@<wbr \/>denimdream.ee<\/a><\/p> <p><a href=\"https:\/\/www.facebook.com\/mustangjeans\" target=\"_blank\" rel=\"noopener\">Instagram<\/a><br \/><a href=\"https:\/\/www.facebook.com\/mustangjeans\" target=\"_blank\" rel=\"noopener\">Facebook<\/a><\/p>\n<h1>Mustang<\/h1> <p>Mustangi kauplus on m\u00f5eldud inimesele, kes armastab klassikalist moodi, hindab mugavust ning v\u00e4\u00e4rtustab kvaliteeti. Hubase ja kliendikeskse ostu\u00f5hkkonnaga kauplusest leiab nii jalan\u00f5usid, kotte, sokke, pesu, kotte kui ka aksessuaare. Lisaks Mustangile pakume ka teiste tuntud br\u00e4ndide kaubavalikut \u2013 esindatud on br\u00e4ndid nagu Tom Tailor, Mustang, Pierre Cardin, Molly Bracken, Rino&amp;Pelle, Lee Cooper, Lee, Wrangler ja Levis.<\/p>\n<h2>Asukoht<\/h2>\n<a href=\"https:\/\/pargikeskus.ee\/wp-content\/uploads\/2023\/01\/Mustang.jpg\" target=\"_blank\">Link<\/a> \n <img src=\"https:\/\/pargikeskus.ee\/wp-content\/uploads\/2023\/01\/Mustang.jpg\" title=\"Mustang\" alt=\"Mustang\" srcset=\"https:\/\/pargikeskus.ee\/wp-content\/uploads\/2023\/01\/Mustang.jpg 1440w, https:\/\/pargikeskus.ee\/wp-content\/uploads\/2023\/01\/Mustang-300x231.jpg 300w, https:\/\/pargikeskus.ee\/wp-content\/uploads\/2023\/01\/Mustang-1024x787.jpg 1024w, https:\/\/pargikeskus.ee\/wp-content\/uploads\/2023\/01\/Mustang-768x590.jpg 768w\" sizes=\"(max-width: 1440px) 100vw, 1440px\" \/>\n<p><\/p>\n<p>[campaign]<\/p>","_links":{"self":[{"href":"https:\/\/pargikeskus.ee\/ru\/wp-json\/wp\/v2\/pages\/8233","targetHints":{"allow":["GET"]}}],"collection":[{"href":"https:\/\/pargikeskus.ee\/ru\/wp-json\/wp\/v2\/pages"}],"about":[{"href":"https:\/\/pargikeskus.ee\/ru\/wp-json\/wp\/v2\/types\/page"}],"author":[{"embeddable":true,"href":"https:\/\/pargikeskus.ee\/ru\/wp-json\/wp\/v2\/users\/1"}],"replies":[{"embeddable":true,"href":"https:\/\/pargikeskus.ee\/ru\/wp-json\/wp\/v2\/comments?post=8233"}],"version-history":[{"count":8,"href":"https:\/\/pargikeskus.ee\/ru\/wp-json\/wp\/v2\/pages\/8233\/revisions"}],"predecessor-version":[{"id":11297,"href":"https:\/\/pargikeskus.ee\/ru\/wp-json\/wp\/v2\/pages\/8233\/revisions\/11297"}],"up":[{"embeddable":true,"href":"https:\/\/pargikeskus.ee\/ru\/wp-json\/wp\/v2\/pages\/1326"}],"wp:attachment":[{"href":"https:\/\/pargikeskus.ee\/ru\/wp-json\/wp\/v2\/media?parent=8233"}],"curies":[{"name":"wp","href":"https:\/\/api.w.org\/{rel}","templated":true}]}}