{"id":2604,"date":"2020-12-18T12:04:14","date_gmt":"2020-12-18T12:04:14","guid":{"rendered":"https:\/\/pargikeskus.ee\/kauplused\/faina-beauty\/"},"modified":"2026-01-22T17:01:40","modified_gmt":"2026-01-22T14:01:40","slug":"realmedvedev-barbershop","status":"publish","type":"page","link":"https:\/\/pargikeskus.ee\/ru\/kauplused\/realmedvedev-barbershop\/","title":{"rendered":"Realmedvedev Barbershop"},"content":{"rendered":"<!--themify_builder_content-->\n<div id=\"themify_builder_content-2604\" data-postid=\"2604\" class=\"themify_builder_content themify_builder_content-2604 themify_builder tf_clear\">\n                    <div  data-css_id=\"joma869\" data-lazy=\"1\" class=\"module_row themify_builder_row fullwidth_row_container tb_joma869 tb_first tf_w\">\n            <span  class=\"builder_row_cover tf_abs\" data-lazy=\"1\"><\/span>            <div class=\"row_inner col_align_top tb_col_count_1 tf_box tf_rel\">\n                        <div  data-lazy=\"1\" class=\"module_column tb-column col-full tb_od2d869 first\">\n                            <\/div>\n                        <\/div>\n        <\/div>\n                        <div  data-lazy=\"1\" class=\"module_row themify_builder_row tb_jm6q758 tf_w\">\n                        <div class=\"row_inner col_align_top tb_col_count_3 tf_box tf_rel\">\n                        <div  data-lazy=\"1\" class=\"module_column tb-column col4-1 tb_8xqy758 first\">\n                    <!-- module image -->\n<div  class=\"module module-image tb_r3sb758 image-top   tf_mw\" data-lazy=\"1\">\n        <div class=\"image-wrap tf_rel tf_mw\">\n            <img loading=\"lazy\" decoding=\"async\" src=\"https:\/\/pargikeskus.ee\/wp-content\/uploads\/2026\/01\/REALMEDVEDEV-Q-250x319.jpg\" width=\"250\" height=\"319\" class=\"wp-post-image wp-image-11567\" title=\"REALMEDVEDEV-Q\" alt=\"REALMEDVEDEV-Q\" srcset=\"https:\/\/pargikeskus.ee\/wp-content\/uploads\/2026\/01\/REALMEDVEDEV-Q-250x319.jpg 250w, https:\/\/pargikeskus.ee\/wp-content\/uploads\/2026\/01\/REALMEDVEDEV-Q-235x300.jpg 235w, https:\/\/pargikeskus.ee\/wp-content\/uploads\/2026\/01\/REALMEDVEDEV-Q-150x191.jpg 150w, https:\/\/pargikeskus.ee\/wp-content\/uploads\/2026\/01\/REALMEDVEDEV-Q.jpg 400w\" sizes=\"auto, (max-width: 250px) 100vw, 250px\" \/>    \n        <\/div>\n    <!-- \/image-wrap -->\n    \n        <\/div>\n<!-- \/module image --><!-- module text -->\n<div  class=\"module module-text tb_83yk758   \" data-lazy=\"1\">\n        <div  class=\"tb_text_wrap\">\n        <h2>Avatud<\/h2>\n<p>E-P 10:00 \u2013 19:00<\/p>    <\/div>\n<\/div>\n<!-- \/module text --><!-- module text -->\n<div  class=\"module module-text tb_1egz758   \" data-lazy=\"1\">\n        <div  class=\"tb_text_wrap\">\n        <h2>Kontaktandmed<\/h2>\n<p><a href=\"tel:+37258877725\">+372 588 777 25<\/a><br \/><a href=\"mailto:realmedvedev.barbershop.narva@gmail.com\">realmedvedev.barbershop.narva@gmail.com<\/a><\/p>\n<p><br \/><a href=\"https:\/\/www.facebook.com\/realmedvedev.barbershop\" target=\"_blank\" rel=\"noopener\">Facebook<\/a><br \/><a href=\"https:\/\/www.instagram.com\/realmedvedev.barbershop.johvi\/\">Instagram<\/a><br \/><a href=\"https:\/\/realmedvedev.ee\/\" target=\"_blank\" rel=\"noopener\">Koduleht<\/a><\/p>    <\/div>\n<\/div>\n<!-- \/module text -->        <\/div>\n                    <div  data-lazy=\"1\" class=\"module_column tb-column col4-2 tb_b5q5758\">\n                    <!-- module text -->\n<div  class=\"module module-text tb_9v0t758   \" data-lazy=\"1\">\n        <div  class=\"tb_text_wrap\">\n        <h1><strong>Realmedvedev Barbershop<\/strong><\/h1>\n<p>REALMEDVEDEV BARBERSHOP \u2014 see pole lihtsalt tavaline juuksurisalong. Siin aitame teil leida just teie isikup\u00e4rase stiili. Usaldage meie meistreid ja juba \u00fchest korrast piisab, et veenduda, et teie uus v\u00e4limus ei j\u00e4ta teid \u00fcksk\u00f5ikseks.<\/p>\n<p>Meeste l\u00f5ikused ja sirge habemenuga raseerimine on meie spetsialiteet. Meie moto: \u201eHea tulemus on edu v\u00f5ti!\u201c<\/p>    <\/div>\n<\/div>\n<!-- \/module text -->        <\/div>\n                    <div  data-lazy=\"1\" class=\"module_column tb-column col4-1 tb_411c758 last\">\n                    <!-- module text -->\n<div  class=\"module module-text tb_d02z758   \" data-lazy=\"1\">\n        <div  class=\"tb_text_wrap\">\n        <h2>Asukoht<\/h2>    <\/div>\n<\/div>\n<!-- \/module text --><!-- module image pro -->\n<div  class=\"module module-pro-image tb_9ef3758 filter-none effect-shine   tf_textc   entrance-effect-fadeIn\" data-lazy=\"1\" data-entrance-effect=\"fadeIn\" data-exit-effect=\"fadeOut\" >\n\t\n    <div class=\"image-pro-wrap tf_rel tf_overflow tf_inline_b\">\n\t\t\t\t\t<a class=\"image-pro-external themify_lightbox tf_abs tf_w tf_h\" href=\"https:\/\/pargikeskus.ee\/wp-content\/uploads\/2020\/12\/Faina-Beauty-1.jpg\" ><span class=\"screen-reader-text\">Link<\/span><\/a>\n\t\t   \t\t<div class=\"image-pro-flip-box-wrap tf_rel tf_w tf_overflow\">\n\t\t\t<div class=\"image-pro-flip-box tf_rel\">\n\n\t\t\t\t<img loading=\"lazy\" decoding=\"async\" width=\"1440\" height=\"1107\" src=\"https:\/\/pargikeskus.ee\/wp-content\/uploads\/2020\/12\/Faina-Beauty-1.jpg\" class=\"wp-post-image wp-image-2595\" title=\"Faina Beauty\" alt=\"Faina Beauty\" srcset=\"https:\/\/pargikeskus.ee\/wp-content\/uploads\/2020\/12\/Faina-Beauty-1.jpg 1440w, https:\/\/pargikeskus.ee\/wp-content\/uploads\/2020\/12\/Faina-Beauty-1-300x231.jpg 300w, https:\/\/pargikeskus.ee\/wp-content\/uploads\/2020\/12\/Faina-Beauty-1-1024x787.jpg 1024w, https:\/\/pargikeskus.ee\/wp-content\/uploads\/2020\/12\/Faina-Beauty-1-768x590.jpg 768w\" sizes=\"auto, (max-width: 1440px) 100vw, 1440px\" \/>\n\t\t\t\t\n\t\t\t<\/div>\n\t\t<\/div>\n\n    <\/div><!-- .image-pro-wrap -->\n\n\t\n\t\n\t<\/div><!-- \/module image pro --><!-- module text -->\n<div  class=\"module module-text tb_si04758   \" data-lazy=\"1\">\n        <div  class=\"tb_text_wrap\">\n            <\/div>\n<\/div>\n<!-- \/module text --><!-- module text -->\n<div  class=\"module module-text tb_gjez758   \" data-lazy=\"1\">\n        <div  class=\"tb_text_wrap\">\n            <\/div>\n<\/div>\n<!-- \/module text -->        <\/div>\n                        <\/div>\n        <\/div>\n        <\/div>\n<!--\/themify_builder_content-->","protected":false},"excerpt":{"rendered":"<p>Avatud E-P 10:00 \u2013 19:00<\/p>\n","protected":false},"author":1,"featured_media":0,"parent":1326,"menu_order":0,"comment_status":"closed","ping_status":"closed","template":"","meta":{"footnotes":""},"class_list":["post-2604","page","type-page","status-publish","hentry","has-post-title","has-post-date","has-post-category","has-post-tag","has-post-comment","has-post-author",""],"yoast_head":"<!-- This site is optimized with the Yoast SEO plugin v27.4 - https:\/\/yoast.com\/product\/yoast-seo-wordpress\/ -->\n<title>Realmedvedev Barbershop - Pargi Keskus<\/title>\n<meta name=\"robots\" content=\"index, follow, max-snippet:-1, max-image-preview:large, max-video-preview:-1\" \/>\n<link rel=\"canonical\" href=\"https:\/\/pargikeskus.ee\/ru\/kauplused\/realmedvedev-barbershop\/\" \/>\n<meta property=\"og:locale\" content=\"ru_RU\" \/>\n<meta property=\"og:type\" content=\"article\" \/>\n<meta property=\"og:title\" content=\"Realmedvedev Barbershop - Pargi Keskus\" \/>\n<meta property=\"og:description\" content=\"Avatud E-P 10:00 \u2013 19:00\" \/>\n<meta property=\"og:url\" content=\"https:\/\/pargikeskus.ee\/ru\/kauplused\/realmedvedev-barbershop\/\" \/>\n<meta property=\"og:site_name\" content=\"Pargi Keskus\" \/>\n<meta property=\"article:modified_time\" content=\"2026-01-22T14:01:40+00:00\" \/>\n<meta name=\"twitter:card\" content=\"summary_large_image\" \/>\n<meta name=\"twitter:label1\" content=\"\u041f\u0440\u0438\u043c\u0435\u0440\u043d\u043e\u0435 \u0432\u0440\u0435\u043c\u044f \u0434\u043b\u044f \u0447\u0442\u0435\u043d\u0438\u044f\" \/>\n\t<meta name=\"twitter:data1\" content=\"2 \u043c\u0438\u043d\u0443\u0442\u044b\" \/>\n<script type=\"application\/ld+json\" class=\"yoast-schema-graph\">{\"@context\":\"https:\\\/\\\/schema.org\",\"@graph\":[{\"@type\":\"WebPage\",\"@id\":\"https:\\\/\\\/pargikeskus.ee\\\/ru\\\/kauplused\\\/realmedvedev-barbershop\\\/\",\"url\":\"https:\\\/\\\/pargikeskus.ee\\\/ru\\\/kauplused\\\/realmedvedev-barbershop\\\/\",\"name\":\"Realmedvedev Barbershop - Pargi Keskus\",\"isPartOf\":{\"@id\":\"https:\\\/\\\/pargikeskus.ee\\\/ru\\\/#website\"},\"primaryImageOfPage\":{\"@id\":\"https:\\\/\\\/pargikeskus.ee\\\/ru\\\/kauplused\\\/realmedvedev-barbershop\\\/#primaryimage\"},\"image\":{\"@id\":\"https:\\\/\\\/pargikeskus.ee\\\/ru\\\/kauplused\\\/realmedvedev-barbershop\\\/#primaryimage\"},\"thumbnailUrl\":\"https:\\\/\\\/pargikeskus.ee\\\/wp-content\\\/uploads\\\/2026\\\/01\\\/REALMEDVEDEV-Q-250x319.jpg\",\"datePublished\":\"2020-12-18T12:04:14+00:00\",\"dateModified\":\"2026-01-22T14:01:40+00:00\",\"breadcrumb\":{\"@id\":\"https:\\\/\\\/pargikeskus.ee\\\/ru\\\/kauplused\\\/realmedvedev-barbershop\\\/#breadcrumb\"},\"inLanguage\":\"ru-RU\",\"potentialAction\":[{\"@type\":\"ReadAction\",\"target\":[\"https:\\\/\\\/pargikeskus.ee\\\/ru\\\/kauplused\\\/realmedvedev-barbershop\\\/\"]}]},{\"@type\":\"ImageObject\",\"inLanguage\":\"ru-RU\",\"@id\":\"https:\\\/\\\/pargikeskus.ee\\\/ru\\\/kauplused\\\/realmedvedev-barbershop\\\/#primaryimage\",\"url\":\"https:\\\/\\\/pargikeskus.ee\\\/wp-content\\\/uploads\\\/2026\\\/01\\\/REALMEDVEDEV-Q-250x319.jpg\",\"contentUrl\":\"https:\\\/\\\/pargikeskus.ee\\\/wp-content\\\/uploads\\\/2026\\\/01\\\/REALMEDVEDEV-Q-250x319.jpg\"},{\"@type\":\"BreadcrumbList\",\"@id\":\"https:\\\/\\\/pargikeskus.ee\\\/ru\\\/kauplused\\\/realmedvedev-barbershop\\\/#breadcrumb\",\"itemListElement\":[{\"@type\":\"ListItem\",\"position\":1,\"name\":\"Home\",\"item\":\"https:\\\/\\\/pargikeskus.ee\\\/ru\\\/\"},{\"@type\":\"ListItem\",\"position\":2,\"name\":\"\u041c\u0430\u0433\u0430\u0437\u0438\u043d\u044b\",\"item\":\"https:\\\/\\\/pargikeskus.ee\\\/ru\\\/kauplused\\\/\"},{\"@type\":\"ListItem\",\"position\":3,\"name\":\"Realmedvedev Barbershop\"}]},{\"@type\":\"WebSite\",\"@id\":\"https:\\\/\\\/pargikeskus.ee\\\/ru\\\/#website\",\"url\":\"https:\\\/\\\/pargikeskus.ee\\\/ru\\\/\",\"name\":\"Pargi Keskus\",\"description\":\"\",\"potentialAction\":[{\"@type\":\"SearchAction\",\"target\":{\"@type\":\"EntryPoint\",\"urlTemplate\":\"https:\\\/\\\/pargikeskus.ee\\\/ru\\\/?s={search_term_string}\"},\"query-input\":{\"@type\":\"PropertyValueSpecification\",\"valueRequired\":true,\"valueName\":\"search_term_string\"}}],\"inLanguage\":\"ru-RU\"}]}<\/script>\n<!-- \/ Yoast SEO plugin. -->","yoast_head_json":{"title":"Realmedvedev Barbershop - Pargi Keskus","robots":{"index":"index","follow":"follow","max-snippet":"max-snippet:-1","max-image-preview":"max-image-preview:large","max-video-preview":"max-video-preview:-1"},"canonical":"https:\/\/pargikeskus.ee\/ru\/kauplused\/realmedvedev-barbershop\/","og_locale":"ru_RU","og_type":"article","og_title":"Realmedvedev Barbershop - Pargi Keskus","og_description":"Avatud E-P 10:00 \u2013 19:00","og_url":"https:\/\/pargikeskus.ee\/ru\/kauplused\/realmedvedev-barbershop\/","og_site_name":"Pargi Keskus","article_modified_time":"2026-01-22T14:01:40+00:00","twitter_card":"summary_large_image","twitter_misc":{"\u041f\u0440\u0438\u043c\u0435\u0440\u043d\u043e\u0435 \u0432\u0440\u0435\u043c\u044f \u0434\u043b\u044f \u0447\u0442\u0435\u043d\u0438\u044f":"2 \u043c\u0438\u043d\u0443\u0442\u044b"},"schema":{"@context":"https:\/\/schema.org","@graph":[{"@type":"WebPage","@id":"https:\/\/pargikeskus.ee\/ru\/kauplused\/realmedvedev-barbershop\/","url":"https:\/\/pargikeskus.ee\/ru\/kauplused\/realmedvedev-barbershop\/","name":"Realmedvedev Barbershop - Pargi Keskus","isPartOf":{"@id":"https:\/\/pargikeskus.ee\/ru\/#website"},"primaryImageOfPage":{"@id":"https:\/\/pargikeskus.ee\/ru\/kauplused\/realmedvedev-barbershop\/#primaryimage"},"image":{"@id":"https:\/\/pargikeskus.ee\/ru\/kauplused\/realmedvedev-barbershop\/#primaryimage"},"thumbnailUrl":"https:\/\/pargikeskus.ee\/wp-content\/uploads\/2026\/01\/REALMEDVEDEV-Q-250x319.jpg","datePublished":"2020-12-18T12:04:14+00:00","dateModified":"2026-01-22T14:01:40+00:00","breadcrumb":{"@id":"https:\/\/pargikeskus.ee\/ru\/kauplused\/realmedvedev-barbershop\/#breadcrumb"},"inLanguage":"ru-RU","potentialAction":[{"@type":"ReadAction","target":["https:\/\/pargikeskus.ee\/ru\/kauplused\/realmedvedev-barbershop\/"]}]},{"@type":"ImageObject","inLanguage":"ru-RU","@id":"https:\/\/pargikeskus.ee\/ru\/kauplused\/realmedvedev-barbershop\/#primaryimage","url":"https:\/\/pargikeskus.ee\/wp-content\/uploads\/2026\/01\/REALMEDVEDEV-Q-250x319.jpg","contentUrl":"https:\/\/pargikeskus.ee\/wp-content\/uploads\/2026\/01\/REALMEDVEDEV-Q-250x319.jpg"},{"@type":"BreadcrumbList","@id":"https:\/\/pargikeskus.ee\/ru\/kauplused\/realmedvedev-barbershop\/#breadcrumb","itemListElement":[{"@type":"ListItem","position":1,"name":"Home","item":"https:\/\/pargikeskus.ee\/ru\/"},{"@type":"ListItem","position":2,"name":"\u041c\u0430\u0433\u0430\u0437\u0438\u043d\u044b","item":"https:\/\/pargikeskus.ee\/ru\/kauplused\/"},{"@type":"ListItem","position":3,"name":"Realmedvedev Barbershop"}]},{"@type":"WebSite","@id":"https:\/\/pargikeskus.ee\/ru\/#website","url":"https:\/\/pargikeskus.ee\/ru\/","name":"Pargi Keskus","description":"","potentialAction":[{"@type":"SearchAction","target":{"@type":"EntryPoint","urlTemplate":"https:\/\/pargikeskus.ee\/ru\/?s={search_term_string}"},"query-input":{"@type":"PropertyValueSpecification","valueRequired":true,"valueName":"search_term_string"}}],"inLanguage":"ru-RU"}]}},"builder_content":"<img src=\"https:\/\/pargikeskus.ee\/wp-content\/uploads\/2026\/01\/REALMEDVEDEV-Q-250x319.jpg\" width=\"250\" height=\"319\" title=\"REALMEDVEDEV-Q\" alt=\"REALMEDVEDEV-Q\" srcset=\"https:\/\/pargikeskus.ee\/wp-content\/uploads\/2026\/01\/REALMEDVEDEV-Q-250x319.jpg 250w, https:\/\/pargikeskus.ee\/wp-content\/uploads\/2026\/01\/REALMEDVEDEV-Q-235x300.jpg 235w, https:\/\/pargikeskus.ee\/wp-content\/uploads\/2026\/01\/REALMEDVEDEV-Q-150x191.jpg 150w, https:\/\/pargikeskus.ee\/wp-content\/uploads\/2026\/01\/REALMEDVEDEV-Q.jpg 400w\" sizes=\"(max-width: 250px) 100vw, 250px\" \/>\n<h2>Avatud<\/h2> <p>E-P 10:00 \u2013 19:00<\/p>\n<h2>Kontaktandmed<\/h2> <p><a href=\"tel:+37258877725\">+372 588 777 25<\/a><br \/><a href=\"mailto:realmedvedev.barbershop.narva@gmail.com\">realmedvedev.barbershop.narva@gmail.com<\/a><\/p> <p><br \/><a href=\"https:\/\/www.facebook.com\/realmedvedev.barbershop\" target=\"_blank\" rel=\"noopener\">Facebook<\/a><br \/><a href=\"https:\/\/www.instagram.com\/realmedvedev.barbershop.johvi\/\">Instagram<\/a><br \/><a href=\"https:\/\/realmedvedev.ee\/\" target=\"_blank\" rel=\"noopener\">Koduleht<\/a><\/p>\n<h1><strong>Realmedvedev Barbershop<\/strong><\/h1> <p>REALMEDVEDEV BARBERSHOP \u2014 see pole lihtsalt tavaline juuksurisalong. Siin aitame teil leida just teie isikup\u00e4rase stiili. Usaldage meie meistreid ja juba \u00fchest korrast piisab, et veenduda, et teie uus v\u00e4limus ei j\u00e4ta teid \u00fcksk\u00f5ikseks.<\/p> <p>Meeste l\u00f5ikused ja sirge habemenuga raseerimine on meie spetsialiteet. Meie moto: \u201eHea tulemus on edu v\u00f5ti!\u201c<\/p>\n<h2>Asukoht<\/h2>\n<a href=\"https:\/\/pargikeskus.ee\/wp-content\/uploads\/2020\/12\/Faina-Beauty-1.jpg\" >Link<\/a> \n <img src=\"https:\/\/pargikeskus.ee\/wp-content\/uploads\/2020\/12\/Faina-Beauty-1.jpg\" title=\"Faina Beauty\" alt=\"Faina Beauty\" srcset=\"https:\/\/pargikeskus.ee\/wp-content\/uploads\/2020\/12\/Faina-Beauty-1.jpg 1440w, https:\/\/pargikeskus.ee\/wp-content\/uploads\/2020\/12\/Faina-Beauty-1-300x231.jpg 300w, https:\/\/pargikeskus.ee\/wp-content\/uploads\/2020\/12\/Faina-Beauty-1-1024x787.jpg 1024w, https:\/\/pargikeskus.ee\/wp-content\/uploads\/2020\/12\/Faina-Beauty-1-768x590.jpg 768w\" sizes=\"(max-width: 1440px) 100vw, 1440px\" \/>\n\n<p>[campaign]<\/p>","_links":{"self":[{"href":"https:\/\/pargikeskus.ee\/ru\/wp-json\/wp\/v2\/pages\/2604","targetHints":{"allow":["GET"]}}],"collection":[{"href":"https:\/\/pargikeskus.ee\/ru\/wp-json\/wp\/v2\/pages"}],"about":[{"href":"https:\/\/pargikeskus.ee\/ru\/wp-json\/wp\/v2\/types\/page"}],"author":[{"embeddable":true,"href":"https:\/\/pargikeskus.ee\/ru\/wp-json\/wp\/v2\/users\/1"}],"replies":[{"embeddable":true,"href":"https:\/\/pargikeskus.ee\/ru\/wp-json\/wp\/v2\/comments?post=2604"}],"version-history":[{"count":11,"href":"https:\/\/pargikeskus.ee\/ru\/wp-json\/wp\/v2\/pages\/2604\/revisions"}],"predecessor-version":[{"id":11591,"href":"https:\/\/pargikeskus.ee\/ru\/wp-json\/wp\/v2\/pages\/2604\/revisions\/11591"}],"up":[{"embeddable":true,"href":"https:\/\/pargikeskus.ee\/ru\/wp-json\/wp\/v2\/pages\/1326"}],"wp:attachment":[{"href":"https:\/\/pargikeskus.ee\/ru\/wp-json\/wp\/v2\/media?parent=2604"}],"curies":[{"name":"wp","href":"https:\/\/api.w.org\/{rel}","templated":true}]}}