{"id":1680,"date":"2026-01-12T19:07:05","date_gmt":"2026-01-12T16:07:05","guid":{"rendered":"https:\/\/pargikeskus.ee\/kauplused\/weekend\/"},"modified":"2026-01-12T19:08:13","modified_gmt":"2026-01-12T16:08:13","slug":"weekend","status":"publish","type":"page","link":"https:\/\/pargikeskus.ee\/ru\/kauplused\/weekend\/","title":{"rendered":"Weekend"},"content":{"rendered":"<!--themify_builder_content-->\n<div id=\"themify_builder_content-1680\" data-postid=\"1680\" class=\"themify_builder_content themify_builder_content-1680 themify_builder tf_clear\">\n                    <div  data-css_id=\"vaqq964\" data-lazy=\"1\" class=\"module_row themify_builder_row fullwidth_row_container tb_vaqq964 tb_first tf_w\">\n            <span  class=\"builder_row_cover tf_abs\" data-lazy=\"1\"><\/span>            <div class=\"row_inner col_align_top tb_col_count_1 tf_box tf_rel\">\n                        <div  data-lazy=\"1\" class=\"module_column tb-column col-full tb_t2ft965 first\">\n                            <\/div>\n                        <\/div>\n        <\/div>\n                        <div  data-lazy=\"1\" class=\"module_row themify_builder_row tb_o2sl583 tf_w\">\n                        <div class=\"row_inner col_align_top tb_col_count_3 tf_box tf_rel\">\n                        <div  data-lazy=\"1\" class=\"module_column tb-column col4-1 tb_eakw585 first\">\n                    <!-- module image -->\n<div  class=\"module module-image tb_sioz771 image-top   tf_mw\" data-lazy=\"1\">\n        <div class=\"image-wrap tf_rel tf_mw\">\n            <img loading=\"lazy\" decoding=\"async\" src=\"https:\/\/pargikeskus.ee\/wp-content\/uploads\/2024\/02\/weekend_2024-1024x396-250x96.png\" width=\"250\" height=\"96\" class=\"wp-post-image wp-image-8996\" title=\"weekend_2024\" alt=\"weekend_2024\" srcset=\"https:\/\/pargikeskus.ee\/wp-content\/uploads\/2024\/02\/weekend_2024-1024x396-250x96.png 250w, https:\/\/pargikeskus.ee\/wp-content\/uploads\/2024\/02\/weekend_2024-300x116.png 300w, https:\/\/pargikeskus.ee\/wp-content\/uploads\/2024\/02\/weekend_2024-1024x396.png 1024w, https:\/\/pargikeskus.ee\/wp-content\/uploads\/2024\/02\/weekend_2024-768x297.png 768w, https:\/\/pargikeskus.ee\/wp-content\/uploads\/2024\/02\/weekend_2024.png 1442w\" sizes=\"auto, (max-width: 250px) 100vw, 250px\" \/>    \n        <\/div>\n    <!-- \/image-wrap -->\n    \n        <\/div>\n<!-- \/module image --><!-- module text -->\n<div  class=\"module module-text tb_okrb801   \" data-lazy=\"1\">\n        <div  class=\"tb_text_wrap\">\n        <h2>Avatud<\/h2>\n<p>E-L 10:00 \u2013 20:00<br \/>P 10:00 \u2013 19:00<\/p>    <\/div>\n<\/div>\n<!-- \/module text --><!-- module text -->\n<div  class=\"module module-text tb_kigd663   \" data-lazy=\"1\">\n        <div  class=\"tb_text_wrap\">\n        <h2>Kontaktandmed<\/h2>\n<p><a href=\"tel:+3723320123\">+372 3320123<\/a><br \/><a href=\"https:\/\/weekend.ee\" target=\"_blank\" rel=\"noopener\">www.weekend.ee<\/a><\/p>\n<p><a href=\"https:\/\/www.facebook.com\/weekendshoes.ee\/\" target=\"_blank\" rel=\"noopener\">Facebook<\/a><\/p>    <\/div>\n<\/div>\n<!-- \/module text -->        <\/div>\n                    <div  data-lazy=\"1\" class=\"module_column tb-column col4-2 tb_vsql267\">\n                    <!-- module text -->\n<div  class=\"module module-text tb_1aer314   \" data-lazy=\"1\">\n        <div  class=\"tb_text_wrap\">\n        <h1>Weekend<\/h1>\n<p>Weekend\u00a0on Eesti suurima valikuga riiete, jalatsite ja aksessuaaride jaem\u00fc\u00fcgiga tegelev kauplustekett. Koost\u00f6\u00f6s tuntud br\u00e4ndidega\u00a0Didriksons, Tommy Hilfiger, Guess, Nike, Puma, Adidas, Columbia, Liu-Jo, JJXX, Tom Tailor, Mustang, Ecco, Rieker, Tamaris, Skechers, Converse, Mexx jpt\u00a0pakume kvaliteetseid tooteid kogu perele nii vaba aja veetmiseks, t\u00f6\u00f6lk\u00e4imiseks kui sporditegemiseks. M\u00fc\u00fcgil on\u00a0 lai valik aksessuaare nii naistele, lastele kui meestele. Soovime pakkuda mugavat, kiiret ja suurep\u00e4rase klienditeenindusega ostukogemust.<\/p>    <\/div>\n<\/div>\n<!-- \/module text -->        <\/div>\n                    <div  data-lazy=\"1\" class=\"module_column tb-column col4-1 tb_5dk8978 last\">\n                    <!-- module text -->\n<div  class=\"module module-text tb_yodt295   \" data-lazy=\"1\">\n        <div  class=\"tb_text_wrap\">\n        <h2>Asukoht<\/h2>    <\/div>\n<\/div>\n<!-- \/module text --><!-- module image pro -->\n<div  class=\"module module-pro-image tb_57uv26 filter-none effect-shine   tf_textc   entrance-effect-fadeIn\" data-lazy=\"1\" data-entrance-effect=\"fadeIn\" data-exit-effect=\"fadeOut\" >\n\t\n    <div class=\"image-pro-wrap tf_rel tf_overflow tf_inline_b\">\n\t\t\t\t\t<a class=\"image-pro-external themify_lightbox tf_abs tf_w tf_h\" href=\"https:\/\/pargikeskus.ee\/wp-content\/uploads\/2020\/11\/weekend.jpg\" ><span class=\"screen-reader-text\">Link<\/span><\/a>\n\t\t   \t\t<div class=\"image-pro-flip-box-wrap tf_rel tf_w tf_overflow\">\n\t\t\t<div class=\"image-pro-flip-box tf_rel\">\n\n\t\t\t\t<img loading=\"lazy\" decoding=\"async\" width=\"1440\" height=\"1107\" src=\"https:\/\/pargikeskus.ee\/wp-content\/uploads\/2020\/11\/weekend.jpg\" class=\"wp-post-image wp-image-1681\" title=\"weekend\" alt=\"weekend\" srcset=\"https:\/\/pargikeskus.ee\/wp-content\/uploads\/2020\/11\/weekend.jpg 1440w, https:\/\/pargikeskus.ee\/wp-content\/uploads\/2020\/11\/weekend-300x231.jpg 300w, https:\/\/pargikeskus.ee\/wp-content\/uploads\/2020\/11\/weekend-1024x787.jpg 1024w, https:\/\/pargikeskus.ee\/wp-content\/uploads\/2020\/11\/weekend-768x590.jpg 768w\" sizes=\"auto, (max-width: 1440px) 100vw, 1440px\" \/>\n\t\t\t\t\n\t\t\t<\/div>\n\t\t<\/div>\n\n    <\/div><!-- .image-pro-wrap -->\n\n\t\n\t\n\t<\/div><!-- \/module image pro --><!-- module text -->\n<div  class=\"module module-text tb_6zlg979   \" data-lazy=\"1\">\n        <div  class=\"tb_text_wrap\">\n        <p><span id=\"kampaania\"><\/span><\/p>\n    <\/div>\n<\/div>\n<!-- \/module text --><!-- module text -->\n<div  class=\"module module-text tb_d00s540   \" data-lazy=\"1\">\n        <div  class=\"tb_text_wrap\">\n            <\/div>\n<\/div>\n<!-- \/module text -->        <\/div>\n                        <\/div>\n        <\/div>\n        <\/div>\n<!--\/themify_builder_content-->","protected":false},"excerpt":{"rendered":"<p>Avatud E-L 10:00 \u2013 20:00P 10:00 \u2013 19:00<\/p>\n","protected":false},"author":1,"featured_media":0,"parent":1326,"menu_order":0,"comment_status":"closed","ping_status":"closed","template":"","meta":{"footnotes":""},"class_list":["post-1680","page","type-page","status-publish","hentry","has-post-title","has-post-date","has-post-category","has-post-tag","has-post-comment","has-post-author",""],"yoast_head":"<!-- This site is optimized with the Yoast SEO plugin v27.4 - https:\/\/yoast.com\/product\/yoast-seo-wordpress\/ -->\n<title>Weekend Pargi Keskuses \u2013 mood ja vabaaja r\u00f5ivad J\u00f5hvis | Pargi Keskus<\/title>\n<meta name=\"description\" content=\"Weekend Pargi Keskuses J\u00f5hvis pakub mitmekesist moodi ja vabaaja r\u00f5ivaid nii naistele kui meestele. Tutvu hooaja trendidega ja leia oma uus lemmiklook Ida-Virumaal!\" \/>\n<meta name=\"robots\" content=\"index, follow, max-snippet:-1, max-image-preview:large, max-video-preview:-1\" \/>\n<link rel=\"canonical\" href=\"https:\/\/pargikeskus.ee\/ru\/kauplused\/weekend\/\" \/>\n<meta property=\"og:locale\" content=\"ru_RU\" \/>\n<meta property=\"og:type\" content=\"article\" \/>\n<meta property=\"og:title\" content=\"Weekend Pargi Keskuses \u2013 mood ja vabaaja r\u00f5ivad J\u00f5hvis | Pargi Keskus\" \/>\n<meta property=\"og:description\" content=\"Weekend Pargi Keskuses J\u00f5hvis pakub mitmekesist moodi ja vabaaja r\u00f5ivaid nii naistele kui meestele. Tutvu hooaja trendidega ja leia oma uus lemmiklook Ida-Virumaal!\" \/>\n<meta property=\"og:url\" content=\"https:\/\/pargikeskus.ee\/ru\/kauplused\/weekend\/\" \/>\n<meta property=\"og:site_name\" content=\"Pargi Keskus\" \/>\n<meta property=\"article:modified_time\" content=\"2026-01-12T16:08:13+00:00\" \/>\n<meta property=\"og:image\" content=\"https:\/\/pargikeskus.ee\/wp-content\/uploads\/2024\/02\/weekend_2024-1024x396-250x96.png\" \/>\n<meta name=\"twitter:card\" content=\"summary_large_image\" \/>\n<meta name=\"twitter:label1\" content=\"\u041f\u0440\u0438\u043c\u0435\u0440\u043d\u043e\u0435 \u0432\u0440\u0435\u043c\u044f \u0434\u043b\u044f \u0447\u0442\u0435\u043d\u0438\u044f\" \/>\n\t<meta name=\"twitter:data1\" content=\"2 \u043c\u0438\u043d\u0443\u0442\u044b\" \/>\n<script type=\"application\/ld+json\" class=\"yoast-schema-graph\">{\"@context\":\"https:\\\/\\\/schema.org\",\"@graph\":[{\"@type\":\"WebPage\",\"@id\":\"https:\\\/\\\/pargikeskus.ee\\\/ru\\\/kauplused\\\/weekend\\\/\",\"url\":\"https:\\\/\\\/pargikeskus.ee\\\/ru\\\/kauplused\\\/weekend\\\/\",\"name\":\"Weekend Pargi Keskuses \u2013 mood ja vabaaja r\u00f5ivad J\u00f5hvis | Pargi Keskus\",\"isPartOf\":{\"@id\":\"https:\\\/\\\/pargikeskus.ee\\\/ru\\\/#website\"},\"primaryImageOfPage\":{\"@id\":\"https:\\\/\\\/pargikeskus.ee\\\/ru\\\/kauplused\\\/weekend\\\/#primaryimage\"},\"image\":{\"@id\":\"https:\\\/\\\/pargikeskus.ee\\\/ru\\\/kauplused\\\/weekend\\\/#primaryimage\"},\"thumbnailUrl\":\"https:\\\/\\\/pargikeskus.ee\\\/wp-content\\\/uploads\\\/2024\\\/02\\\/weekend_2024-1024x396-250x96.png\",\"datePublished\":\"2026-01-12T16:07:05+00:00\",\"dateModified\":\"2026-01-12T16:08:13+00:00\",\"description\":\"Weekend Pargi Keskuses J\u00f5hvis pakub mitmekesist moodi ja vabaaja r\u00f5ivaid nii naistele kui meestele. Tutvu hooaja trendidega ja leia oma uus lemmiklook Ida-Virumaal!\",\"breadcrumb\":{\"@id\":\"https:\\\/\\\/pargikeskus.ee\\\/ru\\\/kauplused\\\/weekend\\\/#breadcrumb\"},\"inLanguage\":\"ru-RU\",\"potentialAction\":[{\"@type\":\"ReadAction\",\"target\":[\"https:\\\/\\\/pargikeskus.ee\\\/ru\\\/kauplused\\\/weekend\\\/\"]}]},{\"@type\":\"ImageObject\",\"inLanguage\":\"ru-RU\",\"@id\":\"https:\\\/\\\/pargikeskus.ee\\\/ru\\\/kauplused\\\/weekend\\\/#primaryimage\",\"url\":\"https:\\\/\\\/pargikeskus.ee\\\/wp-content\\\/uploads\\\/2024\\\/02\\\/weekend_2024-1024x396-250x96.png\",\"contentUrl\":\"https:\\\/\\\/pargikeskus.ee\\\/wp-content\\\/uploads\\\/2024\\\/02\\\/weekend_2024-1024x396-250x96.png\"},{\"@type\":\"BreadcrumbList\",\"@id\":\"https:\\\/\\\/pargikeskus.ee\\\/ru\\\/kauplused\\\/weekend\\\/#breadcrumb\",\"itemListElement\":[{\"@type\":\"ListItem\",\"position\":1,\"name\":\"Home\",\"item\":\"https:\\\/\\\/pargikeskus.ee\\\/ru\\\/\"},{\"@type\":\"ListItem\",\"position\":2,\"name\":\"\u041c\u0430\u0433\u0430\u0437\u0438\u043d\u044b\",\"item\":\"https:\\\/\\\/pargikeskus.ee\\\/ru\\\/kauplused\\\/\"},{\"@type\":\"ListItem\",\"position\":3,\"name\":\"Weekend\"}]},{\"@type\":\"WebSite\",\"@id\":\"https:\\\/\\\/pargikeskus.ee\\\/ru\\\/#website\",\"url\":\"https:\\\/\\\/pargikeskus.ee\\\/ru\\\/\",\"name\":\"Pargi Keskus\",\"description\":\"\",\"potentialAction\":[{\"@type\":\"SearchAction\",\"target\":{\"@type\":\"EntryPoint\",\"urlTemplate\":\"https:\\\/\\\/pargikeskus.ee\\\/ru\\\/?s={search_term_string}\"},\"query-input\":{\"@type\":\"PropertyValueSpecification\",\"valueRequired\":true,\"valueName\":\"search_term_string\"}}],\"inLanguage\":\"ru-RU\"}]}<\/script>\n<!-- \/ Yoast SEO plugin. -->","yoast_head_json":{"title":"Weekend Pargi Keskuses \u2013 mood ja vabaaja r\u00f5ivad J\u00f5hvis | Pargi Keskus","description":"Weekend Pargi Keskuses J\u00f5hvis pakub mitmekesist moodi ja vabaaja r\u00f5ivaid nii naistele kui meestele. Tutvu hooaja trendidega ja leia oma uus lemmiklook Ida-Virumaal!","robots":{"index":"index","follow":"follow","max-snippet":"max-snippet:-1","max-image-preview":"max-image-preview:large","max-video-preview":"max-video-preview:-1"},"canonical":"https:\/\/pargikeskus.ee\/ru\/kauplused\/weekend\/","og_locale":"ru_RU","og_type":"article","og_title":"Weekend Pargi Keskuses \u2013 mood ja vabaaja r\u00f5ivad J\u00f5hvis | Pargi Keskus","og_description":"Weekend Pargi Keskuses J\u00f5hvis pakub mitmekesist moodi ja vabaaja r\u00f5ivaid nii naistele kui meestele. Tutvu hooaja trendidega ja leia oma uus lemmiklook Ida-Virumaal!","og_url":"https:\/\/pargikeskus.ee\/ru\/kauplused\/weekend\/","og_site_name":"Pargi Keskus","article_modified_time":"2026-01-12T16:08:13+00:00","og_image":[{"url":"https:\/\/pargikeskus.ee\/wp-content\/uploads\/2024\/02\/weekend_2024-1024x396-250x96.png","type":"","width":"","height":""}],"twitter_card":"summary_large_image","twitter_misc":{"\u041f\u0440\u0438\u043c\u0435\u0440\u043d\u043e\u0435 \u0432\u0440\u0435\u043c\u044f \u0434\u043b\u044f \u0447\u0442\u0435\u043d\u0438\u044f":"2 \u043c\u0438\u043d\u0443\u0442\u044b"},"schema":{"@context":"https:\/\/schema.org","@graph":[{"@type":"WebPage","@id":"https:\/\/pargikeskus.ee\/ru\/kauplused\/weekend\/","url":"https:\/\/pargikeskus.ee\/ru\/kauplused\/weekend\/","name":"Weekend Pargi Keskuses \u2013 mood ja vabaaja r\u00f5ivad J\u00f5hvis | Pargi Keskus","isPartOf":{"@id":"https:\/\/pargikeskus.ee\/ru\/#website"},"primaryImageOfPage":{"@id":"https:\/\/pargikeskus.ee\/ru\/kauplused\/weekend\/#primaryimage"},"image":{"@id":"https:\/\/pargikeskus.ee\/ru\/kauplused\/weekend\/#primaryimage"},"thumbnailUrl":"https:\/\/pargikeskus.ee\/wp-content\/uploads\/2024\/02\/weekend_2024-1024x396-250x96.png","datePublished":"2026-01-12T16:07:05+00:00","dateModified":"2026-01-12T16:08:13+00:00","description":"Weekend Pargi Keskuses J\u00f5hvis pakub mitmekesist moodi ja vabaaja r\u00f5ivaid nii naistele kui meestele. Tutvu hooaja trendidega ja leia oma uus lemmiklook Ida-Virumaal!","breadcrumb":{"@id":"https:\/\/pargikeskus.ee\/ru\/kauplused\/weekend\/#breadcrumb"},"inLanguage":"ru-RU","potentialAction":[{"@type":"ReadAction","target":["https:\/\/pargikeskus.ee\/ru\/kauplused\/weekend\/"]}]},{"@type":"ImageObject","inLanguage":"ru-RU","@id":"https:\/\/pargikeskus.ee\/ru\/kauplused\/weekend\/#primaryimage","url":"https:\/\/pargikeskus.ee\/wp-content\/uploads\/2024\/02\/weekend_2024-1024x396-250x96.png","contentUrl":"https:\/\/pargikeskus.ee\/wp-content\/uploads\/2024\/02\/weekend_2024-1024x396-250x96.png"},{"@type":"BreadcrumbList","@id":"https:\/\/pargikeskus.ee\/ru\/kauplused\/weekend\/#breadcrumb","itemListElement":[{"@type":"ListItem","position":1,"name":"Home","item":"https:\/\/pargikeskus.ee\/ru\/"},{"@type":"ListItem","position":2,"name":"\u041c\u0430\u0433\u0430\u0437\u0438\u043d\u044b","item":"https:\/\/pargikeskus.ee\/ru\/kauplused\/"},{"@type":"ListItem","position":3,"name":"Weekend"}]},{"@type":"WebSite","@id":"https:\/\/pargikeskus.ee\/ru\/#website","url":"https:\/\/pargikeskus.ee\/ru\/","name":"Pargi Keskus","description":"","potentialAction":[{"@type":"SearchAction","target":{"@type":"EntryPoint","urlTemplate":"https:\/\/pargikeskus.ee\/ru\/?s={search_term_string}"},"query-input":{"@type":"PropertyValueSpecification","valueRequired":true,"valueName":"search_term_string"}}],"inLanguage":"ru-RU"}]}},"builder_content":"<img src=\"https:\/\/pargikeskus.ee\/wp-content\/uploads\/2024\/02\/weekend_2024-1024x396-250x96.png\" width=\"250\" height=\"96\" title=\"weekend_2024\" alt=\"weekend_2024\" srcset=\"https:\/\/pargikeskus.ee\/wp-content\/uploads\/2024\/02\/weekend_2024-1024x396-250x96.png 250w, https:\/\/pargikeskus.ee\/wp-content\/uploads\/2024\/02\/weekend_2024-300x116.png 300w, https:\/\/pargikeskus.ee\/wp-content\/uploads\/2024\/02\/weekend_2024-1024x396.png 1024w, https:\/\/pargikeskus.ee\/wp-content\/uploads\/2024\/02\/weekend_2024-768x297.png 768w, https:\/\/pargikeskus.ee\/wp-content\/uploads\/2024\/02\/weekend_2024.png 1442w\" sizes=\"(max-width: 250px) 100vw, 250px\" \/>\n<h2>Avatud<\/h2> <p>E-L 10:00 \u2013 20:00<br \/>P 10:00 \u2013 19:00<\/p>\n<h2>Kontaktandmed<\/h2> <p><a href=\"tel:+3723320123\">+372 3320123<\/a><br \/><a href=\"https:\/\/weekend.ee\" target=\"_blank\" rel=\"noopener\">www.weekend.ee<\/a><\/p> <p><a href=\"https:\/\/www.facebook.com\/weekendshoes.ee\/\" target=\"_blank\" rel=\"noopener\">Facebook<\/a><\/p>\n<h1>Weekend<\/h1> <p>Weekend\u00a0on Eesti suurima valikuga riiete, jalatsite ja aksessuaaride jaem\u00fc\u00fcgiga tegelev kauplustekett. Koost\u00f6\u00f6s tuntud br\u00e4ndidega\u00a0Didriksons, Tommy Hilfiger, Guess, Nike, Puma, Adidas, Columbia, Liu-Jo, JJXX, Tom Tailor, Mustang, Ecco, Rieker, Tamaris, Skechers, Converse, Mexx jpt\u00a0pakume kvaliteetseid tooteid kogu perele nii vaba aja veetmiseks, t\u00f6\u00f6lk\u00e4imiseks kui sporditegemiseks. M\u00fc\u00fcgil on\u00a0 lai valik aksessuaare nii naistele, lastele kui meestele. Soovime pakkuda mugavat, kiiret ja suurep\u00e4rase klienditeenindusega ostukogemust.<\/p>\n<h2>Asukoht<\/h2>\n<a href=\"https:\/\/pargikeskus.ee\/wp-content\/uploads\/2020\/11\/weekend.jpg\" >Link<\/a> \n <img src=\"https:\/\/pargikeskus.ee\/wp-content\/uploads\/2020\/11\/weekend.jpg\" title=\"weekend\" alt=\"weekend\" srcset=\"https:\/\/pargikeskus.ee\/wp-content\/uploads\/2020\/11\/weekend.jpg 1440w, https:\/\/pargikeskus.ee\/wp-content\/uploads\/2020\/11\/weekend-300x231.jpg 300w, https:\/\/pargikeskus.ee\/wp-content\/uploads\/2020\/11\/weekend-1024x787.jpg 1024w, https:\/\/pargikeskus.ee\/wp-content\/uploads\/2020\/11\/weekend-768x590.jpg 768w\" sizes=\"(max-width: 1440px) 100vw, 1440px\" \/>\n<p><\/p>\n<p>[campaign]<\/p>","_links":{"self":[{"href":"https:\/\/pargikeskus.ee\/ru\/wp-json\/wp\/v2\/pages\/1680","targetHints":{"allow":["GET"]}}],"collection":[{"href":"https:\/\/pargikeskus.ee\/ru\/wp-json\/wp\/v2\/pages"}],"about":[{"href":"https:\/\/pargikeskus.ee\/ru\/wp-json\/wp\/v2\/types\/page"}],"author":[{"embeddable":true,"href":"https:\/\/pargikeskus.ee\/ru\/wp-json\/wp\/v2\/users\/1"}],"replies":[{"embeddable":true,"href":"https:\/\/pargikeskus.ee\/ru\/wp-json\/wp\/v2\/comments?post=1680"}],"version-history":[{"count":11,"href":"https:\/\/pargikeskus.ee\/ru\/wp-json\/wp\/v2\/pages\/1680\/revisions"}],"predecessor-version":[{"id":11414,"href":"https:\/\/pargikeskus.ee\/ru\/wp-json\/wp\/v2\/pages\/1680\/revisions\/11414"}],"up":[{"embeddable":true,"href":"https:\/\/pargikeskus.ee\/ru\/wp-json\/wp\/v2\/pages\/1326"}],"wp:attachment":[{"href":"https:\/\/pargikeskus.ee\/ru\/wp-json\/wp\/v2\/media?parent=1680"}],"curies":[{"name":"wp","href":"https:\/\/api.w.org\/{rel}","templated":true}]}}