{"id":1616,"date":"2020-11-04T18:36:36","date_gmt":"2020-11-04T18:36:36","guid":{"rendered":"https:\/\/pargikeskus.ee\/kauplused\/rahva-raamat\/"},"modified":"2025-03-06T17:14:19","modified_gmt":"2025-03-06T14:14:19","slug":"rahva-raamat","status":"publish","type":"page","link":"https:\/\/pargikeskus.ee\/ru\/kauplused\/rahva-raamat\/","title":{"rendered":"Rahva Raamat"},"content":{"rendered":"<!--themify_builder_content-->\n<div id=\"themify_builder_content-1616\" data-postid=\"1616\" class=\"themify_builder_content themify_builder_content-1616 themify_builder tf_clear\">\n                    <div  data-css_id=\"vaqq964\" data-lazy=\"1\" class=\"module_row themify_builder_row fullwidth_row_container tb_vaqq964 tb_first tf_w\">\n            <span  class=\"builder_row_cover tf_abs\" data-lazy=\"1\"><\/span>            <div class=\"row_inner col_align_top tb_col_count_1 tf_box tf_rel\">\n                        <div  data-lazy=\"1\" class=\"module_column tb-column col-full tb_t2ft965 first\">\n                            <\/div>\n                        <\/div>\n        <\/div>\n                        <div  data-lazy=\"1\" class=\"module_row themify_builder_row tb_o2sl583 tf_w\">\n                        <div class=\"row_inner col_align_top tb_col_count_3 tf_box tf_rel\">\n                        <div  data-lazy=\"1\" class=\"module_column tb-column col4-1 tb_eakw585 first\">\n                    <!-- module image -->\n<div  class=\"module module-image tb_sioz771 image-top   tf_mw\" data-lazy=\"1\">\n        <div class=\"image-wrap tf_rel tf_mw\">\n            <img loading=\"lazy\" decoding=\"async\" src=\"https:\/\/pargikeskus.ee\/wp-content\/uploads\/2025\/03\/Screenshot-2025-03-06-at-16.13.28-1024x517-250x126.png\" width=\"250\" height=\"126\" class=\"wp-post-image wp-image-10245\" title=\"Screenshot 2025-03-06 at 16.13.28\" alt=\"Screenshot 2025-03-06 at 16.13.28\" srcset=\"https:\/\/pargikeskus.ee\/wp-content\/uploads\/2025\/03\/Screenshot-2025-03-06-at-16.13.28-1024x517-250x126.png 250w, https:\/\/pargikeskus.ee\/wp-content\/uploads\/2025\/03\/Screenshot-2025-03-06-at-16.13.28-300x152.png 300w, https:\/\/pargikeskus.ee\/wp-content\/uploads\/2025\/03\/Screenshot-2025-03-06-at-16.13.28-1024x517.png 1024w, https:\/\/pargikeskus.ee\/wp-content\/uploads\/2025\/03\/Screenshot-2025-03-06-at-16.13.28-768x388.png 768w, https:\/\/pargikeskus.ee\/wp-content\/uploads\/2025\/03\/Screenshot-2025-03-06-at-16.13.28-1536x776.png 1536w, https:\/\/pargikeskus.ee\/wp-content\/uploads\/2025\/03\/Screenshot-2025-03-06-at-16.13.28-1024x517-150x75.png 150w, https:\/\/pargikeskus.ee\/wp-content\/uploads\/2025\/03\/Screenshot-2025-03-06-at-16.13.28.png 1592w\" sizes=\"auto, (max-width: 250px) 100vw, 250px\" \/>    \n        <\/div>\n    <!-- \/image-wrap -->\n    \n        <\/div>\n<!-- \/module image --><!-- module text -->\n<div  class=\"module module-text tb_okrb801   \" data-lazy=\"1\">\n        <div  class=\"tb_text_wrap\">\n        <h2>Avatud<\/h2>\n<p>E-L 10:00 \u2013 20:00<br \/>P 10:00 \u2013 19:00<\/p>    <\/div>\n<\/div>\n<!-- \/module text --><!-- module text -->\n<div  class=\"module module-text tb_kigd663   \" data-lazy=\"1\">\n        <div  class=\"tb_text_wrap\">\n        <h2>Kontaktandmed<\/h2>\n<p><a href=\"tel:+372640 6441\">+372 6406441<\/a><br \/><a href=\"mailto:ra@rahvaraamat.ee\">ra@rahvaraamat.ee<\/a><\/p>\n<p><a href=\"https:\/\/rahvaraamat.ee\/\" target=\"_blank\" rel=\"noopener\">https:\/\/rahvaraamat.ee\/<\/a><\/p>\n<p><a href=\"https:\/\/www.instagram.com\/rahva.raamat\/\" target=\"_blank\" rel=\"noopener\">Instagram<\/a><br \/><a href=\"https:\/\/www.facebook.com\/rahvaraamat\" target=\"_blank\" rel=\"noopener\">Facebook<\/a><\/p>    <\/div>\n<\/div>\n<!-- \/module text -->        <\/div>\n                    <div  data-lazy=\"1\" class=\"module_column tb-column col4-2 tb_vsql267\">\n                    <!-- module text -->\n<div  class=\"module module-text tb_1aer314   \" data-lazy=\"1\">\n        <div  class=\"tb_text_wrap\">\n        <h1>Rahva Raamat<\/h1>\n<p>J\u00f5hvi Pargi Keskuse Rahva Raamat on hubane koht, kus raamatus\u00f5pru ootab lai valik p\u00f5nevat lugemist. Meie riiulitelt leiad eesti, vene ja ingliskeelset kirjandust \u2013 alates v\u00e4rsketest menukitest ja ajatutest klassikutest kuni lasteraamatute ja elulooteosteni. Lisaks raamatutele leiad siit ka nutikaid kingiideid, inspireerivaid lauam\u00e4nge ning vajalikke kontoritarbeid, mis aitavad muuta igap\u00e4evaelu p\u00f5nevamaks ja organiseeritumaks.<\/p>\n<p>\u00a0<\/p>\n<p>Oled alati oodatud avastama ja leidma oma j\u00e4rgmist lemmikraamatut!<\/p>    <\/div>\n<\/div>\n<!-- \/module text -->        <\/div>\n                    <div  data-lazy=\"1\" class=\"module_column tb-column col4-1 tb_5dk8978 last\">\n                    <!-- module text -->\n<div  class=\"module module-text tb_yodt295   \" data-lazy=\"1\">\n        <div  class=\"tb_text_wrap\">\n        <h2>Asukoht<\/h2>    <\/div>\n<\/div>\n<!-- \/module text --><!-- module image pro -->\n<div  class=\"module module-pro-image tb_57uv26 filter-none effect-shine   tf_textc   entrance-effect-fadeIn\" data-lazy=\"1\" data-entrance-effect=\"fadeIn\" data-exit-effect=\"fadeOut\" >\n\t\n    <div class=\"image-pro-wrap tf_rel tf_overflow tf_inline_b\">\n\t\t\t\t\t<a class=\"image-pro-external themify_lightbox tf_abs tf_w tf_h\" href=\"https:\/\/pargikeskus.ee\/wp-content\/uploads\/2020\/11\/Rahva-Raamat.jpg\" ><span class=\"screen-reader-text\">Link<\/span><\/a>\n\t\t   \t\t<div class=\"image-pro-flip-box-wrap tf_rel tf_w tf_overflow\">\n\t\t\t<div class=\"image-pro-flip-box tf_rel\">\n\n\t\t\t\t<img loading=\"lazy\" decoding=\"async\" width=\"1440\" height=\"1107\" src=\"https:\/\/pargikeskus.ee\/wp-content\/uploads\/2020\/11\/Rahva-Raamat.jpg\" class=\"wp-post-image wp-image-1617\" title=\"Rahva Raamat\" alt=\"Rahva Raamat\" srcset=\"https:\/\/pargikeskus.ee\/wp-content\/uploads\/2020\/11\/Rahva-Raamat.jpg 1440w, https:\/\/pargikeskus.ee\/wp-content\/uploads\/2020\/11\/Rahva-Raamat-300x231.jpg 300w, https:\/\/pargikeskus.ee\/wp-content\/uploads\/2020\/11\/Rahva-Raamat-1024x787.jpg 1024w, https:\/\/pargikeskus.ee\/wp-content\/uploads\/2020\/11\/Rahva-Raamat-768x590.jpg 768w\" sizes=\"auto, (max-width: 1440px) 100vw, 1440px\" \/>\n\t\t\t\t\n\t\t\t<\/div>\n\t\t<\/div>\n\n    <\/div><!-- .image-pro-wrap -->\n\n\t\n\t\n\t<\/div><!-- \/module image pro --><!-- module text -->\n<div  class=\"module module-text tb_6zlg979   \" data-lazy=\"1\">\n        <div  class=\"tb_text_wrap\">\n        <p><span id=\"kampaania\"><\/span><\/p>\n    <\/div>\n<\/div>\n<!-- \/module text --><!-- module text -->\n<div  class=\"module module-text tb_l5k5579   \" data-lazy=\"1\">\n        <div  class=\"tb_text_wrap\">\n            <\/div>\n<\/div>\n<!-- \/module text -->        <\/div>\n                        <\/div>\n        <\/div>\n        <\/div>\n<!--\/themify_builder_content-->","protected":false},"excerpt":{"rendered":"<p>Avatud E-L 10:00 \u2013 20:00P 10:00 \u2013 19:00<\/p>\n","protected":false},"author":1,"featured_media":0,"parent":1326,"menu_order":0,"comment_status":"closed","ping_status":"closed","template":"","meta":{"footnotes":""},"class_list":["post-1616","page","type-page","status-publish","hentry","has-post-title","has-post-date","has-post-category","has-post-tag","has-post-comment","has-post-author",""],"yoast_head":"<!-- This site is optimized with the Yoast SEO plugin v27.4 - https:\/\/yoast.com\/product\/yoast-seo-wordpress\/ -->\n<title>Rahva Raamat - Pargi Keskus<\/title>\n<meta name=\"robots\" content=\"index, follow, max-snippet:-1, max-image-preview:large, max-video-preview:-1\" \/>\n<link rel=\"canonical\" href=\"https:\/\/pargikeskus.ee\/ru\/kauplused\/rahva-raamat\/\" \/>\n<meta property=\"og:locale\" content=\"ru_RU\" \/>\n<meta property=\"og:type\" content=\"article\" \/>\n<meta property=\"og:title\" content=\"Rahva Raamat - Pargi Keskus\" \/>\n<meta property=\"og:description\" content=\"Avatud E-L 10:00 \u2013 20:00P 10:00 \u2013 19:00\" \/>\n<meta property=\"og:url\" content=\"https:\/\/pargikeskus.ee\/ru\/kauplused\/rahva-raamat\/\" \/>\n<meta property=\"og:site_name\" content=\"Pargi Keskus\" \/>\n<meta property=\"article:modified_time\" content=\"2025-03-06T14:14:19+00:00\" \/>\n<meta property=\"og:image\" content=\"https:\/\/pargikeskus.ee\/wp-content\/uploads\/2025\/03\/Screenshot-2025-03-06-at-16.13.28-1024x517-250x126.png\" \/>\n<meta name=\"twitter:card\" content=\"summary_large_image\" \/>\n<script type=\"application\/ld+json\" class=\"yoast-schema-graph\">{\"@context\":\"https:\\\/\\\/schema.org\",\"@graph\":[{\"@type\":\"WebPage\",\"@id\":\"https:\\\/\\\/pargikeskus.ee\\\/ru\\\/kauplused\\\/rahva-raamat\\\/\",\"url\":\"https:\\\/\\\/pargikeskus.ee\\\/ru\\\/kauplused\\\/rahva-raamat\\\/\",\"name\":\"Rahva Raamat - Pargi Keskus\",\"isPartOf\":{\"@id\":\"https:\\\/\\\/pargikeskus.ee\\\/ru\\\/#website\"},\"primaryImageOfPage\":{\"@id\":\"https:\\\/\\\/pargikeskus.ee\\\/ru\\\/kauplused\\\/rahva-raamat\\\/#primaryimage\"},\"image\":{\"@id\":\"https:\\\/\\\/pargikeskus.ee\\\/ru\\\/kauplused\\\/rahva-raamat\\\/#primaryimage\"},\"thumbnailUrl\":\"https:\\\/\\\/pargikeskus.ee\\\/wp-content\\\/uploads\\\/2025\\\/03\\\/Screenshot-2025-03-06-at-16.13.28-1024x517-250x126.png\",\"datePublished\":\"2020-11-04T18:36:36+00:00\",\"dateModified\":\"2025-03-06T14:14:19+00:00\",\"breadcrumb\":{\"@id\":\"https:\\\/\\\/pargikeskus.ee\\\/ru\\\/kauplused\\\/rahva-raamat\\\/#breadcrumb\"},\"inLanguage\":\"ru-RU\",\"potentialAction\":[{\"@type\":\"ReadAction\",\"target\":[\"https:\\\/\\\/pargikeskus.ee\\\/ru\\\/kauplused\\\/rahva-raamat\\\/\"]}]},{\"@type\":\"ImageObject\",\"inLanguage\":\"ru-RU\",\"@id\":\"https:\\\/\\\/pargikeskus.ee\\\/ru\\\/kauplused\\\/rahva-raamat\\\/#primaryimage\",\"url\":\"https:\\\/\\\/pargikeskus.ee\\\/wp-content\\\/uploads\\\/2025\\\/03\\\/Screenshot-2025-03-06-at-16.13.28-1024x517-250x126.png\",\"contentUrl\":\"https:\\\/\\\/pargikeskus.ee\\\/wp-content\\\/uploads\\\/2025\\\/03\\\/Screenshot-2025-03-06-at-16.13.28-1024x517-250x126.png\"},{\"@type\":\"BreadcrumbList\",\"@id\":\"https:\\\/\\\/pargikeskus.ee\\\/ru\\\/kauplused\\\/rahva-raamat\\\/#breadcrumb\",\"itemListElement\":[{\"@type\":\"ListItem\",\"position\":1,\"name\":\"Home\",\"item\":\"https:\\\/\\\/pargikeskus.ee\\\/ru\\\/\"},{\"@type\":\"ListItem\",\"position\":2,\"name\":\"\u041c\u0430\u0433\u0430\u0437\u0438\u043d\u044b\",\"item\":\"https:\\\/\\\/pargikeskus.ee\\\/ru\\\/kauplused\\\/\"},{\"@type\":\"ListItem\",\"position\":3,\"name\":\"Rahva Raamat\"}]},{\"@type\":\"WebSite\",\"@id\":\"https:\\\/\\\/pargikeskus.ee\\\/ru\\\/#website\",\"url\":\"https:\\\/\\\/pargikeskus.ee\\\/ru\\\/\",\"name\":\"Pargi Keskus\",\"description\":\"\",\"potentialAction\":[{\"@type\":\"SearchAction\",\"target\":{\"@type\":\"EntryPoint\",\"urlTemplate\":\"https:\\\/\\\/pargikeskus.ee\\\/ru\\\/?s={search_term_string}\"},\"query-input\":{\"@type\":\"PropertyValueSpecification\",\"valueRequired\":true,\"valueName\":\"search_term_string\"}}],\"inLanguage\":\"ru-RU\"}]}<\/script>\n<!-- \/ Yoast SEO plugin. -->","yoast_head_json":{"title":"Rahva Raamat - Pargi Keskus","robots":{"index":"index","follow":"follow","max-snippet":"max-snippet:-1","max-image-preview":"max-image-preview:large","max-video-preview":"max-video-preview:-1"},"canonical":"https:\/\/pargikeskus.ee\/ru\/kauplused\/rahva-raamat\/","og_locale":"ru_RU","og_type":"article","og_title":"Rahva Raamat - Pargi Keskus","og_description":"Avatud E-L 10:00 \u2013 20:00P 10:00 \u2013 19:00","og_url":"https:\/\/pargikeskus.ee\/ru\/kauplused\/rahva-raamat\/","og_site_name":"Pargi Keskus","article_modified_time":"2025-03-06T14:14:19+00:00","og_image":[{"url":"https:\/\/pargikeskus.ee\/wp-content\/uploads\/2025\/03\/Screenshot-2025-03-06-at-16.13.28-1024x517-250x126.png","type":"","width":"","height":""}],"twitter_card":"summary_large_image","schema":{"@context":"https:\/\/schema.org","@graph":[{"@type":"WebPage","@id":"https:\/\/pargikeskus.ee\/ru\/kauplused\/rahva-raamat\/","url":"https:\/\/pargikeskus.ee\/ru\/kauplused\/rahva-raamat\/","name":"Rahva Raamat - Pargi Keskus","isPartOf":{"@id":"https:\/\/pargikeskus.ee\/ru\/#website"},"primaryImageOfPage":{"@id":"https:\/\/pargikeskus.ee\/ru\/kauplused\/rahva-raamat\/#primaryimage"},"image":{"@id":"https:\/\/pargikeskus.ee\/ru\/kauplused\/rahva-raamat\/#primaryimage"},"thumbnailUrl":"https:\/\/pargikeskus.ee\/wp-content\/uploads\/2025\/03\/Screenshot-2025-03-06-at-16.13.28-1024x517-250x126.png","datePublished":"2020-11-04T18:36:36+00:00","dateModified":"2025-03-06T14:14:19+00:00","breadcrumb":{"@id":"https:\/\/pargikeskus.ee\/ru\/kauplused\/rahva-raamat\/#breadcrumb"},"inLanguage":"ru-RU","potentialAction":[{"@type":"ReadAction","target":["https:\/\/pargikeskus.ee\/ru\/kauplused\/rahva-raamat\/"]}]},{"@type":"ImageObject","inLanguage":"ru-RU","@id":"https:\/\/pargikeskus.ee\/ru\/kauplused\/rahva-raamat\/#primaryimage","url":"https:\/\/pargikeskus.ee\/wp-content\/uploads\/2025\/03\/Screenshot-2025-03-06-at-16.13.28-1024x517-250x126.png","contentUrl":"https:\/\/pargikeskus.ee\/wp-content\/uploads\/2025\/03\/Screenshot-2025-03-06-at-16.13.28-1024x517-250x126.png"},{"@type":"BreadcrumbList","@id":"https:\/\/pargikeskus.ee\/ru\/kauplused\/rahva-raamat\/#breadcrumb","itemListElement":[{"@type":"ListItem","position":1,"name":"Home","item":"https:\/\/pargikeskus.ee\/ru\/"},{"@type":"ListItem","position":2,"name":"\u041c\u0430\u0433\u0430\u0437\u0438\u043d\u044b","item":"https:\/\/pargikeskus.ee\/ru\/kauplused\/"},{"@type":"ListItem","position":3,"name":"Rahva Raamat"}]},{"@type":"WebSite","@id":"https:\/\/pargikeskus.ee\/ru\/#website","url":"https:\/\/pargikeskus.ee\/ru\/","name":"Pargi Keskus","description":"","potentialAction":[{"@type":"SearchAction","target":{"@type":"EntryPoint","urlTemplate":"https:\/\/pargikeskus.ee\/ru\/?s={search_term_string}"},"query-input":{"@type":"PropertyValueSpecification","valueRequired":true,"valueName":"search_term_string"}}],"inLanguage":"ru-RU"}]}},"builder_content":"<img src=\"https:\/\/pargikeskus.ee\/wp-content\/uploads\/2025\/03\/Screenshot-2025-03-06-at-16.13.28-1024x517-250x126.png\" width=\"250\" height=\"126\" title=\"Screenshot 2025-03-06 at 16.13.28\" alt=\"Screenshot 2025-03-06 at 16.13.28\" srcset=\"https:\/\/pargikeskus.ee\/wp-content\/uploads\/2025\/03\/Screenshot-2025-03-06-at-16.13.28-1024x517-250x126.png 250w, https:\/\/pargikeskus.ee\/wp-content\/uploads\/2025\/03\/Screenshot-2025-03-06-at-16.13.28-300x152.png 300w, https:\/\/pargikeskus.ee\/wp-content\/uploads\/2025\/03\/Screenshot-2025-03-06-at-16.13.28-1024x517.png 1024w, https:\/\/pargikeskus.ee\/wp-content\/uploads\/2025\/03\/Screenshot-2025-03-06-at-16.13.28-768x388.png 768w, https:\/\/pargikeskus.ee\/wp-content\/uploads\/2025\/03\/Screenshot-2025-03-06-at-16.13.28-1536x776.png 1536w, https:\/\/pargikeskus.ee\/wp-content\/uploads\/2025\/03\/Screenshot-2025-03-06-at-16.13.28-1024x517-150x75.png 150w, https:\/\/pargikeskus.ee\/wp-content\/uploads\/2025\/03\/Screenshot-2025-03-06-at-16.13.28.png 1592w\" sizes=\"(max-width: 250px) 100vw, 250px\" \/>\n<h2>Avatud<\/h2> <p>E-L 10:00 \u2013 20:00<br \/>P 10:00 \u2013 19:00<\/p>\n<h2>Kontaktandmed<\/h2> <p><a href=\"tel:+372640 6441\">+372 6406441<\/a><br \/><a href=\"mailto:ra@rahvaraamat.ee\">ra@rahvaraamat.ee<\/a><\/p> <p><a href=\"https:\/\/rahvaraamat.ee\/\" target=\"_blank\" rel=\"noopener\">https:\/\/rahvaraamat.ee\/<\/a><\/p> <p><a href=\"https:\/\/www.instagram.com\/rahva.raamat\/\" target=\"_blank\" rel=\"noopener\">Instagram<\/a><br \/><a href=\"https:\/\/www.facebook.com\/rahvaraamat\" target=\"_blank\" rel=\"noopener\">Facebook<\/a><\/p>\n<h1>Rahva Raamat<\/h1> <p>J\u00f5hvi Pargi Keskuse Rahva Raamat on hubane koht, kus raamatus\u00f5pru ootab lai valik p\u00f5nevat lugemist. Meie riiulitelt leiad eesti, vene ja ingliskeelset kirjandust \u2013 alates v\u00e4rsketest menukitest ja ajatutest klassikutest kuni lasteraamatute ja elulooteosteni. Lisaks raamatutele leiad siit ka nutikaid kingiideid, inspireerivaid lauam\u00e4nge ning vajalikke kontoritarbeid, mis aitavad muuta igap\u00e4evaelu p\u00f5nevamaks ja organiseeritumaks.<\/p> <p>\u00a0<\/p> <p>Oled alati oodatud avastama ja leidma oma j\u00e4rgmist lemmikraamatut!<\/p>\n<h2>Asukoht<\/h2>\n<a href=\"https:\/\/pargikeskus.ee\/wp-content\/uploads\/2020\/11\/Rahva-Raamat.jpg\" >Link<\/a> \n <img src=\"https:\/\/pargikeskus.ee\/wp-content\/uploads\/2020\/11\/Rahva-Raamat.jpg\" title=\"Rahva Raamat\" alt=\"Rahva Raamat\" srcset=\"https:\/\/pargikeskus.ee\/wp-content\/uploads\/2020\/11\/Rahva-Raamat.jpg 1440w, https:\/\/pargikeskus.ee\/wp-content\/uploads\/2020\/11\/Rahva-Raamat-300x231.jpg 300w, https:\/\/pargikeskus.ee\/wp-content\/uploads\/2020\/11\/Rahva-Raamat-1024x787.jpg 1024w, https:\/\/pargikeskus.ee\/wp-content\/uploads\/2020\/11\/Rahva-Raamat-768x590.jpg 768w\" sizes=\"(max-width: 1440px) 100vw, 1440px\" \/>\n<p><\/p>\n<p>[campaign]<\/p>","_links":{"self":[{"href":"https:\/\/pargikeskus.ee\/ru\/wp-json\/wp\/v2\/pages\/1616","targetHints":{"allow":["GET"]}}],"collection":[{"href":"https:\/\/pargikeskus.ee\/ru\/wp-json\/wp\/v2\/pages"}],"about":[{"href":"https:\/\/pargikeskus.ee\/ru\/wp-json\/wp\/v2\/types\/page"}],"author":[{"embeddable":true,"href":"https:\/\/pargikeskus.ee\/ru\/wp-json\/wp\/v2\/users\/1"}],"replies":[{"embeddable":true,"href":"https:\/\/pargikeskus.ee\/ru\/wp-json\/wp\/v2\/comments?post=1616"}],"version-history":[{"count":10,"href":"https:\/\/pargikeskus.ee\/ru\/wp-json\/wp\/v2\/pages\/1616\/revisions"}],"predecessor-version":[{"id":10248,"href":"https:\/\/pargikeskus.ee\/ru\/wp-json\/wp\/v2\/pages\/1616\/revisions\/10248"}],"up":[{"embeddable":true,"href":"https:\/\/pargikeskus.ee\/ru\/wp-json\/wp\/v2\/pages\/1326"}],"wp:attachment":[{"href":"https:\/\/pargikeskus.ee\/ru\/wp-json\/wp\/v2\/media?parent=1616"}],"curies":[{"name":"wp","href":"https:\/\/api.w.org\/{rel}","templated":true}]}}