{"id":1555,"date":"2020-11-04T07:56:09","date_gmt":"2020-11-04T07:56:09","guid":{"rendered":"https:\/\/pargikeskus.ee\/kauplused\/monton\/"},"modified":"2024-08-09T11:39:03","modified_gmt":"2024-08-09T08:39:03","slug":"ivo-nikkolo","status":"publish","type":"page","link":"https:\/\/pargikeskus.ee\/ru\/kauplused\/ivo-nikkolo\/","title":{"rendered":"Ivo Nikkolo"},"content":{"rendered":"<!--themify_builder_content-->\n<div id=\"themify_builder_content-1555\" data-postid=\"1555\" class=\"themify_builder_content themify_builder_content-1555 themify_builder tf_clear\">\n                    <div  data-css_id=\"vaqq964\" data-lazy=\"1\" class=\"module_row themify_builder_row fullwidth_row_container tb_vaqq964 tb_first tf_w\">\n            <span  class=\"builder_row_cover tf_abs\" data-lazy=\"1\"><\/span>            <div class=\"row_inner col_align_top tb_col_count_1 tf_box tf_rel\">\n                        <div  data-lazy=\"1\" class=\"module_column tb-column col-full tb_t2ft965 first\">\n                            <\/div>\n                        <\/div>\n        <\/div>\n                        <div  data-lazy=\"1\" class=\"module_row themify_builder_row tb_o2sl583 tf_w\">\n                        <div class=\"row_inner col_align_top tb_col_count_3 tf_box tf_rel\">\n                        <div  data-lazy=\"1\" class=\"module_column tb-column col4-1 tb_eakw585 first\">\n                    <!-- module image -->\n<div  class=\"module module-image tb_sioz771 image-top   tf_mw\" data-lazy=\"1\">\n        <div class=\"image-wrap tf_rel tf_mw\">\n            <img loading=\"lazy\" decoding=\"async\" src=\"https:\/\/pargikeskus.ee\/wp-content\/uploads\/2020\/11\/Ivo-Nikkolo-Logo-250x31.jpg\" width=\"250\" height=\"31\" class=\"wp-post-image wp-image-4994\" title=\"Ivo Nikkolo Logo\" alt=\"Ivo Nikkolo Logo\" srcset=\"https:\/\/pargikeskus.ee\/wp-content\/uploads\/2020\/11\/Ivo-Nikkolo-Logo-250x31.jpg 250w, https:\/\/pargikeskus.ee\/wp-content\/uploads\/2020\/11\/Ivo-Nikkolo-Logo.jpg 300w\" sizes=\"auto, (max-width: 250px) 100vw, 250px\" \/>    \n        <\/div>\n    <!-- \/image-wrap -->\n    \n        <\/div>\n<!-- \/module image --><!-- module text -->\n<div  class=\"module module-text tb_okrb801   \" data-lazy=\"1\">\n        <div  class=\"tb_text_wrap\">\n        <h2>Avatud<\/h2>\n<p>E-L 10:00 \u2013 20:00<br \/>P 10:00 \u2013 19:00<\/p>    <\/div>\n<\/div>\n<!-- \/module text --><!-- module text -->\n<div  class=\"module module-text tb_kigd663   \" data-lazy=\"1\">\n        <div  class=\"tb_text_wrap\">\n        <h2>Kontaktandmed<\/h2>\n<p><a href=\"tel:+3723322046\">+372 3322046<\/a><br><a href=\"mailto:Pargikeskus@ivonikkolo.com\">Pargikeskus@ivonikkolo.com<\/a><br><a href=\"http:\/\/www.ivonikkolo.com\">www.ivonikkolo.com<\/a><\/p>\n<p><a href=\"https:\/\/www.instagram.com\/ivonikkolo\/\" target=\"_blank\" rel=\"noopener\">Instagram<\/a><br><a href=\"https:\/\/www.facebook.com\/Ivonikkolo\" target=\"_blank\" rel=\"noopener\">Facebook<\/a><\/p>    <\/div>\n<\/div>\n<!-- \/module text -->        <\/div>\n                    <div  data-lazy=\"1\" class=\"module_column tb-column col4-2 tb_vsql267\">\n                    <!-- module text -->\n<div  class=\"module module-text tb_1aer314   \" data-lazy=\"1\">\n        <div  class=\"tb_text_wrap\">\n        <h1>Ivo Nikkolo<\/h1>\n<p>Ivo Nikkolo esindab kaasaegset naiselikkust, v\u00f5imaldades r\u00f5ivaid ja aksessuaare muretult ajahetkest v\u00f5i s\u00fcndmusest s\u00f5ltumata kombineerida. Meie kauplusest leiab kaasaegne naine sundimatult naiselikku k\u00f5rgkvaliteedilist moodi, mis on \u00fchtaegu mugav ent unikaalne.<\/p>\n<p>Ivo Nikkolo kollektsioon on saanud inspiratsiooni naistest, nende eriilmelistest eludest ja mitmek\u00fclgsest v\u00e4limusest. Ivo Nikkolo loob v\u00f5imaluse olla muretult stiilne absoluutselt igas olukorras.<\/p>\n<p>J\u00f5hvi Pargi keskuse Ivo Nikkolo kauplusest leiab alati parima valiku k\u00e4esoleva hooaja kollektsioonist, kuid ka parimaid soodus-ja l\u00f5pum\u00fc\u00fcgipakkumisi varasemate hooaegade toodetele.<\/p>    <\/div>\n<\/div>\n<!-- \/module text -->        <\/div>\n                    <div  data-lazy=\"1\" class=\"module_column tb-column col4-1 tb_5dk8978 last\">\n                    <!-- module text -->\n<div  class=\"module module-text tb_yodt295   \" data-lazy=\"1\">\n        <div  class=\"tb_text_wrap\">\n        <h2>Asukoht<\/h2>    <\/div>\n<\/div>\n<!-- \/module text --><!-- module image pro -->\n<div  class=\"module module-pro-image tb_57uv26 filter-none effect-shine   tf_textc   entrance-effect-fadeIn\" data-lazy=\"1\" data-entrance-effect=\"fadeIn\" data-exit-effect=\"fadeOut\" >\n\t\n    <div class=\"image-pro-wrap tf_rel tf_overflow tf_inline_b\">\n\t\t\t\t\t<a class=\"image-pro-external themify_lightbox tf_abs tf_w tf_h\" href=\"https:\/\/pargikeskus.ee\/wp-content\/uploads\/2020\/11\/Monton.jpg\" target=\"_blank\"><span class=\"screen-reader-text\">Link<\/span><\/a>\n\t\t   \t\t<div class=\"image-pro-flip-box-wrap tf_rel tf_w tf_overflow\">\n\t\t\t<div class=\"image-pro-flip-box tf_rel\">\n\n\t\t\t\t<img loading=\"lazy\" decoding=\"async\" width=\"1440\" height=\"1107\" src=\"https:\/\/pargikeskus.ee\/wp-content\/uploads\/2020\/11\/Monton.jpg\" class=\"wp-post-image wp-image-670\" title=\"Monton\" alt=\"Monton\" srcset=\"https:\/\/pargikeskus.ee\/wp-content\/uploads\/2020\/11\/Monton.jpg 1440w, https:\/\/pargikeskus.ee\/wp-content\/uploads\/2020\/11\/Monton-300x231.jpg 300w, https:\/\/pargikeskus.ee\/wp-content\/uploads\/2020\/11\/Monton-1024x787.jpg 1024w, https:\/\/pargikeskus.ee\/wp-content\/uploads\/2020\/11\/Monton-768x590.jpg 768w\" sizes=\"auto, (max-width: 1440px) 100vw, 1440px\" \/>\n\t\t\t\t\n\t\t\t<\/div>\n\t\t<\/div>\n\n    <\/div><!-- .image-pro-wrap -->\n\n\t\n\t\n\t<\/div><!-- \/module image pro --><!-- module text -->\n<div  class=\"module module-text tb_6zlg979   \" data-lazy=\"1\">\n        <div  class=\"tb_text_wrap\">\n        <p><span id=\"kampaania\"><\/span><\/p>\n    <\/div>\n<\/div>\n<!-- \/module text --><!-- module text -->\n<div  class=\"module module-text tb_wx8r123   \" data-lazy=\"1\">\n        <div  class=\"tb_text_wrap\">\n            <\/div>\n<\/div>\n<!-- \/module text -->        <\/div>\n                        <\/div>\n        <\/div>\n        <\/div>\n<!--\/themify_builder_content-->","protected":false},"excerpt":{"rendered":"<p>Avatud E-L 10:00 \u2013 20:00P 10:00 \u2013 19:00 Kontaktandmed +372 3322046Pargikeskus@ivonikkolo.comwww.ivonikkolo.com InstagramFacebook Ivo Nikkolo Ivo Nikkolo esindab kaasaegset naiselikkust, v\u00f5imaldades r\u00f5ivaid ja aksessuaare muretult ajahetkest v\u00f5i s\u00fcndmusest s\u00f5ltumata kombineerida. Meie kauplusest leiab kaasaegne naine sundimatult naiselikku k\u00f5rgkvaliteedilist moodi, mis on \u00fchtaegu mugav ent unikaalne. Ivo Nikkolo kollektsioon on saanud inspiratsiooni naistest, nende eriilmelistest eludest ja [&hellip;]<\/p>\n","protected":false},"author":1,"featured_media":0,"parent":1326,"menu_order":0,"comment_status":"closed","ping_status":"closed","template":"","meta":{"footnotes":""},"class_list":["post-1555","page","type-page","status-publish","hentry","has-post-title","has-post-date","has-post-category","has-post-tag","has-post-comment","has-post-author",""],"yoast_head":"<!-- This site is optimized with the Yoast SEO plugin v27.2 - https:\/\/yoast.com\/product\/yoast-seo-wordpress\/ -->\n<title>Ivo Nikkolo - Pargi Keskus<\/title>\n<meta name=\"robots\" content=\"index, follow, max-snippet:-1, max-image-preview:large, max-video-preview:-1\" \/>\n<link rel=\"canonical\" href=\"https:\/\/pargikeskus.ee\/ru\/kauplused\/ivo-nikkolo\/\" \/>\n<meta property=\"og:locale\" content=\"ru_RU\" \/>\n<meta property=\"og:type\" content=\"article\" \/>\n<meta property=\"og:title\" content=\"Ivo Nikkolo - Pargi Keskus\" \/>\n<meta property=\"og:description\" content=\"Avatud E-L 10:00 \u2013 20:00P 10:00 \u2013 19:00 Kontaktandmed +372 3322046Pargikeskus@ivonikkolo.comwww.ivonikkolo.com InstagramFacebook Ivo Nikkolo Ivo Nikkolo esindab kaasaegset naiselikkust, v\u00f5imaldades r\u00f5ivaid ja aksessuaare muretult ajahetkest v\u00f5i s\u00fcndmusest s\u00f5ltumata kombineerida. Meie kauplusest leiab kaasaegne naine sundimatult naiselikku k\u00f5rgkvaliteedilist moodi, mis on \u00fchtaegu mugav ent unikaalne. Ivo Nikkolo kollektsioon on saanud inspiratsiooni naistest, nende eriilmelistest eludest ja [&hellip;]\" \/>\n<meta property=\"og:url\" content=\"https:\/\/pargikeskus.ee\/ru\/kauplused\/ivo-nikkolo\/\" \/>\n<meta property=\"og:site_name\" content=\"Pargi Keskus\" \/>\n<meta property=\"article:modified_time\" content=\"2024-08-09T08:39:03+00:00\" \/>\n<meta property=\"og:image\" content=\"https:\/\/pargikeskus.ee\/wp-content\/uploads\/2020\/11\/Ivo-Nikkolo-Logo-250x31.jpg\" \/>\n<meta name=\"twitter:card\" content=\"summary_large_image\" \/>\n<script type=\"application\/ld+json\" class=\"yoast-schema-graph\">{\"@context\":\"https:\/\/schema.org\",\"@graph\":[{\"@type\":\"WebPage\",\"@id\":\"https:\/\/pargikeskus.ee\/ru\/kauplused\/ivo-nikkolo\/\",\"url\":\"https:\/\/pargikeskus.ee\/ru\/kauplused\/ivo-nikkolo\/\",\"name\":\"Ivo Nikkolo - Pargi Keskus\",\"isPartOf\":{\"@id\":\"https:\/\/pargikeskus.ee\/ru\/#website\"},\"primaryImageOfPage\":{\"@id\":\"https:\/\/pargikeskus.ee\/ru\/kauplused\/ivo-nikkolo\/#primaryimage\"},\"image\":{\"@id\":\"https:\/\/pargikeskus.ee\/ru\/kauplused\/ivo-nikkolo\/#primaryimage\"},\"thumbnailUrl\":\"https:\/\/pargikeskus.ee\/wp-content\/uploads\/2020\/11\/Ivo-Nikkolo-Logo.jpg\",\"datePublished\":\"2020-11-04T07:56:09+00:00\",\"dateModified\":\"2024-08-09T08:39:03+00:00\",\"breadcrumb\":{\"@id\":\"https:\/\/pargikeskus.ee\/ru\/kauplused\/ivo-nikkolo\/#breadcrumb\"},\"inLanguage\":\"ru-RU\",\"potentialAction\":[{\"@type\":\"ReadAction\",\"target\":[\"https:\/\/pargikeskus.ee\/ru\/kauplused\/ivo-nikkolo\/\"]}]},{\"@type\":\"ImageObject\",\"inLanguage\":\"ru-RU\",\"@id\":\"https:\/\/pargikeskus.ee\/ru\/kauplused\/ivo-nikkolo\/#primaryimage\",\"url\":\"https:\/\/pargikeskus.ee\/wp-content\/uploads\/2020\/11\/Ivo-Nikkolo-Logo.jpg\",\"contentUrl\":\"https:\/\/pargikeskus.ee\/wp-content\/uploads\/2020\/11\/Ivo-Nikkolo-Logo.jpg\"},{\"@type\":\"BreadcrumbList\",\"@id\":\"https:\/\/pargikeskus.ee\/ru\/kauplused\/ivo-nikkolo\/#breadcrumb\",\"itemListElement\":[{\"@type\":\"ListItem\",\"position\":1,\"name\":\"Home\",\"item\":\"https:\/\/pargikeskus.ee\/ru\/\"},{\"@type\":\"ListItem\",\"position\":2,\"name\":\"\u041c\u0430\u0433\u0430\u0437\u0438\u043d\u044b\",\"item\":\"https:\/\/pargikeskus.ee\/ru\/kauplused\/\"},{\"@type\":\"ListItem\",\"position\":3,\"name\":\"Ivo Nikkolo\"}]},{\"@type\":\"WebSite\",\"@id\":\"https:\/\/pargikeskus.ee\/ru\/#website\",\"url\":\"https:\/\/pargikeskus.ee\/ru\/\",\"name\":\"Pargi Keskus\",\"description\":\"\",\"potentialAction\":[{\"@type\":\"SearchAction\",\"target\":{\"@type\":\"EntryPoint\",\"urlTemplate\":\"https:\/\/pargikeskus.ee\/ru\/?s={search_term_string}\"},\"query-input\":{\"@type\":\"PropertyValueSpecification\",\"valueRequired\":true,\"valueName\":\"search_term_string\"}}],\"inLanguage\":\"ru-RU\"}]}<\/script>\n<!-- \/ Yoast SEO plugin. -->","yoast_head_json":{"title":"Ivo Nikkolo - Pargi Keskus","robots":{"index":"index","follow":"follow","max-snippet":"max-snippet:-1","max-image-preview":"max-image-preview:large","max-video-preview":"max-video-preview:-1"},"canonical":"https:\/\/pargikeskus.ee\/ru\/kauplused\/ivo-nikkolo\/","og_locale":"ru_RU","og_type":"article","og_title":"Ivo Nikkolo - Pargi Keskus","og_description":"Avatud E-L 10:00 \u2013 20:00P 10:00 \u2013 19:00 Kontaktandmed +372 3322046Pargikeskus@ivonikkolo.comwww.ivonikkolo.com InstagramFacebook Ivo Nikkolo Ivo Nikkolo esindab kaasaegset naiselikkust, v\u00f5imaldades r\u00f5ivaid ja aksessuaare muretult ajahetkest v\u00f5i s\u00fcndmusest s\u00f5ltumata kombineerida. Meie kauplusest leiab kaasaegne naine sundimatult naiselikku k\u00f5rgkvaliteedilist moodi, mis on \u00fchtaegu mugav ent unikaalne. Ivo Nikkolo kollektsioon on saanud inspiratsiooni naistest, nende eriilmelistest eludest ja [&hellip;]","og_url":"https:\/\/pargikeskus.ee\/ru\/kauplused\/ivo-nikkolo\/","og_site_name":"Pargi Keskus","article_modified_time":"2024-08-09T08:39:03+00:00","og_image":[{"url":"https:\/\/pargikeskus.ee\/wp-content\/uploads\/2020\/11\/Ivo-Nikkolo-Logo-250x31.jpg","type":"","width":"","height":""}],"twitter_card":"summary_large_image","schema":{"@context":"https:\/\/schema.org","@graph":[{"@type":"WebPage","@id":"https:\/\/pargikeskus.ee\/ru\/kauplused\/ivo-nikkolo\/","url":"https:\/\/pargikeskus.ee\/ru\/kauplused\/ivo-nikkolo\/","name":"Ivo Nikkolo - Pargi Keskus","isPartOf":{"@id":"https:\/\/pargikeskus.ee\/ru\/#website"},"primaryImageOfPage":{"@id":"https:\/\/pargikeskus.ee\/ru\/kauplused\/ivo-nikkolo\/#primaryimage"},"image":{"@id":"https:\/\/pargikeskus.ee\/ru\/kauplused\/ivo-nikkolo\/#primaryimage"},"thumbnailUrl":"https:\/\/pargikeskus.ee\/wp-content\/uploads\/2020\/11\/Ivo-Nikkolo-Logo.jpg","datePublished":"2020-11-04T07:56:09+00:00","dateModified":"2024-08-09T08:39:03+00:00","breadcrumb":{"@id":"https:\/\/pargikeskus.ee\/ru\/kauplused\/ivo-nikkolo\/#breadcrumb"},"inLanguage":"ru-RU","potentialAction":[{"@type":"ReadAction","target":["https:\/\/pargikeskus.ee\/ru\/kauplused\/ivo-nikkolo\/"]}]},{"@type":"ImageObject","inLanguage":"ru-RU","@id":"https:\/\/pargikeskus.ee\/ru\/kauplused\/ivo-nikkolo\/#primaryimage","url":"https:\/\/pargikeskus.ee\/wp-content\/uploads\/2020\/11\/Ivo-Nikkolo-Logo.jpg","contentUrl":"https:\/\/pargikeskus.ee\/wp-content\/uploads\/2020\/11\/Ivo-Nikkolo-Logo.jpg"},{"@type":"BreadcrumbList","@id":"https:\/\/pargikeskus.ee\/ru\/kauplused\/ivo-nikkolo\/#breadcrumb","itemListElement":[{"@type":"ListItem","position":1,"name":"Home","item":"https:\/\/pargikeskus.ee\/ru\/"},{"@type":"ListItem","position":2,"name":"\u041c\u0430\u0433\u0430\u0437\u0438\u043d\u044b","item":"https:\/\/pargikeskus.ee\/ru\/kauplused\/"},{"@type":"ListItem","position":3,"name":"Ivo Nikkolo"}]},{"@type":"WebSite","@id":"https:\/\/pargikeskus.ee\/ru\/#website","url":"https:\/\/pargikeskus.ee\/ru\/","name":"Pargi Keskus","description":"","potentialAction":[{"@type":"SearchAction","target":{"@type":"EntryPoint","urlTemplate":"https:\/\/pargikeskus.ee\/ru\/?s={search_term_string}"},"query-input":{"@type":"PropertyValueSpecification","valueRequired":true,"valueName":"search_term_string"}}],"inLanguage":"ru-RU"}]}},"builder_content":"<img src=\"https:\/\/pargikeskus.ee\/wp-content\/uploads\/2020\/11\/Ivo-Nikkolo-Logo-250x31.jpg\" width=\"250\" height=\"31\" title=\"Ivo Nikkolo Logo\" alt=\"Ivo Nikkolo Logo\" srcset=\"https:\/\/pargikeskus.ee\/wp-content\/uploads\/2020\/11\/Ivo-Nikkolo-Logo-250x31.jpg 250w, https:\/\/pargikeskus.ee\/wp-content\/uploads\/2020\/11\/Ivo-Nikkolo-Logo.jpg 300w\" sizes=\"(max-width: 250px) 100vw, 250px\" \/>\n<h2>Avatud<\/h2> <p>E-L 10:00 \u2013 20:00<br \/>P 10:00 \u2013 19:00<\/p>\n<h2>Kontaktandmed<\/h2> <p><a href=\"tel:+3723322046\">+372 3322046<\/a><br><a href=\"mailto:Pargikeskus@ivonikkolo.com\">Pargikeskus@ivonikkolo.com<\/a><br><a href=\"http:\/\/www.ivonikkolo.com\">www.ivonikkolo.com<\/a><\/p> <p><a href=\"https:\/\/www.instagram.com\/ivonikkolo\/\" target=\"_blank\" rel=\"noopener\">Instagram<\/a><br><a href=\"https:\/\/www.facebook.com\/Ivonikkolo\" target=\"_blank\" rel=\"noopener\">Facebook<\/a><\/p>\n<h1>Ivo Nikkolo<\/h1> <p>Ivo Nikkolo esindab kaasaegset naiselikkust, v\u00f5imaldades r\u00f5ivaid ja aksessuaare muretult ajahetkest v\u00f5i s\u00fcndmusest s\u00f5ltumata kombineerida. Meie kauplusest leiab kaasaegne naine sundimatult naiselikku k\u00f5rgkvaliteedilist moodi, mis on \u00fchtaegu mugav ent unikaalne.<\/p> <p>Ivo Nikkolo kollektsioon on saanud inspiratsiooni naistest, nende eriilmelistest eludest ja mitmek\u00fclgsest v\u00e4limusest. Ivo Nikkolo loob v\u00f5imaluse olla muretult stiilne absoluutselt igas olukorras.<\/p> <p>J\u00f5hvi Pargi keskuse Ivo Nikkolo kauplusest leiab alati parima valiku k\u00e4esoleva hooaja kollektsioonist, kuid ka parimaid soodus-ja l\u00f5pum\u00fc\u00fcgipakkumisi varasemate hooaegade toodetele.<\/p>\n<h2>Asukoht<\/h2>\n<a href=\"https:\/\/pargikeskus.ee\/wp-content\/uploads\/2020\/11\/Monton.jpg\" target=\"_blank\">Link<\/a> \n <img src=\"https:\/\/pargikeskus.ee\/wp-content\/uploads\/2020\/11\/Monton.jpg\" title=\"Monton\" alt=\"Monton\" srcset=\"https:\/\/pargikeskus.ee\/wp-content\/uploads\/2020\/11\/Monton.jpg 1440w, https:\/\/pargikeskus.ee\/wp-content\/uploads\/2020\/11\/Monton-300x231.jpg 300w, https:\/\/pargikeskus.ee\/wp-content\/uploads\/2020\/11\/Monton-1024x787.jpg 1024w, https:\/\/pargikeskus.ee\/wp-content\/uploads\/2020\/11\/Monton-768x590.jpg 768w\" sizes=\"(max-width: 1440px) 100vw, 1440px\" \/>\n<p><\/p>\n<p>[campaign]<\/p>","_links":{"self":[{"href":"https:\/\/pargikeskus.ee\/ru\/wp-json\/wp\/v2\/pages\/1555","targetHints":{"allow":["GET"]}}],"collection":[{"href":"https:\/\/pargikeskus.ee\/ru\/wp-json\/wp\/v2\/pages"}],"about":[{"href":"https:\/\/pargikeskus.ee\/ru\/wp-json\/wp\/v2\/types\/page"}],"author":[{"embeddable":true,"href":"https:\/\/pargikeskus.ee\/ru\/wp-json\/wp\/v2\/users\/1"}],"replies":[{"embeddable":true,"href":"https:\/\/pargikeskus.ee\/ru\/wp-json\/wp\/v2\/comments?post=1555"}],"version-history":[{"count":11,"href":"https:\/\/pargikeskus.ee\/ru\/wp-json\/wp\/v2\/pages\/1555\/revisions"}],"predecessor-version":[{"id":9331,"href":"https:\/\/pargikeskus.ee\/ru\/wp-json\/wp\/v2\/pages\/1555\/revisions\/9331"}],"up":[{"embeddable":true,"href":"https:\/\/pargikeskus.ee\/ru\/wp-json\/wp\/v2\/pages\/1326"}],"wp:attachment":[{"href":"https:\/\/pargikeskus.ee\/ru\/wp-json\/wp\/v2\/media?parent=1555"}],"curies":[{"name":"wp","href":"https:\/\/api.w.org\/{rel}","templated":true}]}}