{"id":1528,"date":"2020-11-04T18:31:20","date_gmt":"2020-11-04T18:31:20","guid":{"rendered":"https:\/\/pargikeskus.ee\/kauplused\/kika\/"},"modified":"2024-09-17T08:57:11","modified_gmt":"2024-09-17T05:57:11","slug":"kika","status":"publish","type":"page","link":"https:\/\/pargikeskus.ee\/ru\/kauplused\/kika\/","title":{"rendered":"Kika"},"content":{"rendered":"<!--themify_builder_content-->\n<div id=\"themify_builder_content-1528\" data-postid=\"1528\" class=\"themify_builder_content themify_builder_content-1528 themify_builder tf_clear\">\n                    <div  data-css_id=\"vaqq964\" data-lazy=\"1\" class=\"module_row themify_builder_row fullwidth_row_container tb_vaqq964 tb_first tf_w\">\n            <span  class=\"builder_row_cover tf_abs\" data-lazy=\"1\"><\/span>            <div class=\"row_inner col_align_top tb_col_count_1 tf_box tf_rel\">\n                        <div  data-lazy=\"1\" class=\"module_column tb-column col-full tb_t2ft965 first\">\n                            <\/div>\n                        <\/div>\n        <\/div>\n                        <div  data-lazy=\"1\" class=\"module_row themify_builder_row tb_o2sl583 tf_w\">\n                        <div class=\"row_inner col_align_top tb_col_count_3 tf_box tf_rel\">\n                        <div  data-lazy=\"1\" class=\"module_column tb-column col4-1 tb_eakw585 first\">\n                    <!-- module image -->\n<div  class=\"module module-image tb_sioz771 image-top   tf_mw\" data-lazy=\"1\">\n        <div class=\"image-wrap tf_rel tf_mw\">\n            <img loading=\"lazy\" decoding=\"async\" src=\"https:\/\/pargikeskus.ee\/wp-content\/uploads\/2020\/11\/Kika-250x200.png\" width=\"250\" height=\"200\" class=\"wp-post-image wp-image-980\" title=\"Kika\" alt=\"Kika\" srcset=\"https:\/\/pargikeskus.ee\/wp-content\/uploads\/2020\/11\/Kika-250x200.png 250w, https:\/\/pargikeskus.ee\/wp-content\/uploads\/2020\/11\/Kika-300x240.png 300w, https:\/\/pargikeskus.ee\/wp-content\/uploads\/2020\/11\/Kika-768x615.png 768w, https:\/\/pargikeskus.ee\/wp-content\/uploads\/2020\/11\/Kika-150x120.png 150w, https:\/\/pargikeskus.ee\/wp-content\/uploads\/2020\/11\/Kika.png 1000w\" sizes=\"auto, (max-width: 250px) 100vw, 250px\" \/>    \n        <\/div>\n    <!-- \/image-wrap -->\n    \n        <\/div>\n<!-- \/module image --><!-- module text -->\n<div  class=\"module module-text tb_okrb801   \" data-lazy=\"1\">\n        <div  class=\"tb_text_wrap\">\n        <h2>Avatud<\/h2>\n<p>E-L 09:00 \u2013 20:00<br \/>P 09:00 \u2013 19:00<\/p>    <\/div>\n<\/div>\n<!-- \/module text --><!-- module text -->\n<div  class=\"module module-text tb_kigd663   \" data-lazy=\"1\">\n        <div  class=\"tb_text_wrap\">\n        <h2>Kontaktandmed<\/h2>\n<p><b>KIKA EE O\u00dc<\/b><\/p>\n<p><a href=\"tel:+3725254951\">+3725254951<\/a><br \/><a href=\"mailto:info@kika.ee\">info@kika.ee<\/a><br \/><a href=\"https:\/\/kika.ee\" target=\"_blank\" rel=\"noopener\">www.kika.ee<\/a><\/p>\n<p><a href=\"https:\/\/www.instagram.com\/kika.ee\/\" target=\"_blank\" rel=\"noopener\">Instagram<\/a><br \/><a href=\"https:\/\/www.facebook.com\/KIKA.Eesti\" target=\"_blank\" rel=\"noopener\">Facebook<\/a><\/p>    <\/div>\n<\/div>\n<!-- \/module text -->        <\/div>\n                    <div  data-lazy=\"1\" class=\"module_column tb-column col4-2 tb_vsql267\">\n                    <!-- module text -->\n<div  class=\"module module-text tb_1aer314   \" data-lazy=\"1\">\n        <div  class=\"tb_text_wrap\">\n        <h1>KIKA<\/h1>\n<p>KIKA \u2013 professionaalne hooldus igale lemmikloomale.<\/p>\n<p>Tegemist on lemmikloomapoodide ketiga, kus pakume lisaks toodetele juuksuriteenust ja \u00a0looduslike koostisosadega apteegitooteid, ning meie \u00a0ketti \u00fchendavad perev\u00e4\u00e4rtused ja armastus loomade vastu. KIKAs on igal lemmikloomaomanikul juurdep\u00e4\u00e4s mitte ainult laiale tootevalikule, vaid ka hoolivale ja professionaalsele n\u00f5uandele. Meil t\u00f6\u00f6tavad siin professionaalid ja loomalembesed spetsialistid.KIKA on ka maailmas h\u00e4sti tuntud kaubam\u00e4rkide, nagu NATURES PROTECTION,NATURES PROTECTION SUPERIOR CARE,NATURES PROTECTION LIFESTYLE,OAKS FARM,HIQ,ARATON,AMELUM,TAURO PRO LINE,MISOKO<\/p>\n<p>KIKA on s\u00f5bralik kaubam\u00e4rk lemmikloomadele ja nende omanikele.\u00a0<\/p>\n<p>Meie motoks on &#171;Tule n\u00f5u k\u00fcsima!&#187;<\/p>    <\/div>\n<\/div>\n<!-- \/module text -->        <\/div>\n                    <div  data-lazy=\"1\" class=\"module_column tb-column col4-1 tb_5dk8978 last\">\n                    <!-- module text -->\n<div  class=\"module module-text tb_yodt295   \" data-lazy=\"1\">\n        <div  class=\"tb_text_wrap\">\n        <h2>Asukoht<\/h2>    <\/div>\n<\/div>\n<!-- \/module text --><!-- module image pro -->\n<div  class=\"module module-pro-image tb_57uv26 filter-none effect-shine   tf_textc   entrance-effect-fadeIn\" data-lazy=\"1\" data-entrance-effect=\"fadeIn\" data-exit-effect=\"fadeOut\" >\n\t\n    <div class=\"image-pro-wrap tf_rel tf_overflow tf_inline_b\">\n\t\t\t\t\t<a class=\"image-pro-external themify_lightbox tf_abs tf_w tf_h\" href=\"https:\/\/pargikeskus.ee\/wp-content\/uploads\/2020\/11\/Kika.jpg\" ><span class=\"screen-reader-text\">Link<\/span><\/a>\n\t\t   \t\t<div class=\"image-pro-flip-box-wrap tf_rel tf_w tf_overflow\">\n\t\t\t<div class=\"image-pro-flip-box tf_rel\">\n\n\t\t\t\t<img loading=\"lazy\" decoding=\"async\" width=\"1440\" height=\"1107\" src=\"https:\/\/pargikeskus.ee\/wp-content\/uploads\/2020\/11\/Kika.jpg\" class=\"wp-post-image wp-image-1529\" title=\"Kika\" alt=\"Kika\" srcset=\"https:\/\/pargikeskus.ee\/wp-content\/uploads\/2020\/11\/Kika.jpg 1440w, https:\/\/pargikeskus.ee\/wp-content\/uploads\/2020\/11\/Kika-300x231.jpg 300w, https:\/\/pargikeskus.ee\/wp-content\/uploads\/2020\/11\/Kika-1024x787.jpg 1024w, https:\/\/pargikeskus.ee\/wp-content\/uploads\/2020\/11\/Kika-768x590.jpg 768w\" sizes=\"auto, (max-width: 1440px) 100vw, 1440px\" \/>\n\t\t\t\t\n\t\t\t<\/div>\n\t\t<\/div>\n\n    <\/div><!-- .image-pro-wrap -->\n\n\t\n\t\n\t<\/div><!-- \/module image pro --><!-- module text -->\n<div  class=\"module module-text tb_6zlg979   \" data-lazy=\"1\">\n        <div  class=\"tb_text_wrap\">\n        <p><span id=\"kampaania\"><\/span><\/p>\n    <\/div>\n<\/div>\n<!-- \/module text --><!-- module text -->\n<div  class=\"module module-text tb_rrkz189   \" data-lazy=\"1\">\n        <div  class=\"tb_text_wrap\">\n            <\/div>\n<\/div>\n<!-- \/module text -->        <\/div>\n                        <\/div>\n        <\/div>\n        <\/div>\n<!--\/themify_builder_content-->","protected":false},"excerpt":{"rendered":"<p>Avatud E-L 09:00 \u2013 20:00P 09:00 \u2013 19:00<\/p>\n","protected":false},"author":1,"featured_media":0,"parent":1326,"menu_order":0,"comment_status":"closed","ping_status":"closed","template":"","meta":{"footnotes":""},"class_list":["post-1528","page","type-page","status-publish","hentry","has-post-title","has-post-date","has-post-category","has-post-tag","has-post-comment","has-post-author",""],"yoast_head":"<!-- This site is optimized with the Yoast SEO plugin v27.2 - https:\/\/yoast.com\/product\/yoast-seo-wordpress\/ -->\n<title>Kika - Pargi Keskus<\/title>\n<meta name=\"description\" content=\"KIKA \u2013 professionaalne hooldus igale lemmikloomale.Tegemist on lemmikloomapoodide ketiga, kus pakume lisaks toodetele juuksuriteenust ja looduslike koostisosadega apteegitooteid, ning meie ketti \u00fchendavad perev\u00e4\u00e4rtused ja armastus loomade vastu. KIKAs on igal lemmikloomaomanikul juurdep\u00e4\u00e4s mitte ainult laiale tootevalikule, vaid ka hoolivale ja professionaalsele n\u00f5uandele. Meil t\u00f6\u00f6tavad siin professionaalid ja loomalembesed spetsialistid.KIKA on ka maailmas h\u00e4sti tuntud kaubam\u00e4rkide, nagu NATURES PROTECTION,NATURES PROTECTION SUPERIOR CARE,NATURES PROTECTION LIFESTYLE,OAKS FARM,HIQ,ARATON,AMELUM,TAURO PRO LINE,MISOKO KIKA on s\u00f5bralik kaubam\u00e4rk lemmikloomadele ja nende omanikele. Meie motoks on &quot;Tule n\u00f5u k\u00fcsima!&quot;\" \/>\n<meta name=\"robots\" content=\"index, follow, max-snippet:-1, max-image-preview:large, max-video-preview:-1\" \/>\n<link rel=\"canonical\" href=\"https:\/\/pargikeskus.ee\/ru\/kauplused\/kika\/\" \/>\n<meta property=\"og:locale\" content=\"ru_RU\" \/>\n<meta property=\"og:type\" content=\"article\" \/>\n<meta property=\"og:title\" content=\"Kika - Pargi Keskus\" \/>\n<meta property=\"og:description\" content=\"KIKA \u2013 professionaalne hooldus igale lemmikloomale.Tegemist on lemmikloomapoodide ketiga, kus pakume lisaks toodetele juuksuriteenust ja looduslike koostisosadega apteegitooteid, ning meie ketti \u00fchendavad perev\u00e4\u00e4rtused ja armastus loomade vastu. KIKAs on igal lemmikloomaomanikul juurdep\u00e4\u00e4s mitte ainult laiale tootevalikule, vaid ka hoolivale ja professionaalsele n\u00f5uandele. Meil t\u00f6\u00f6tavad siin professionaalid ja loomalembesed spetsialistid.KIKA on ka maailmas h\u00e4sti tuntud kaubam\u00e4rkide, nagu NATURES PROTECTION,NATURES PROTECTION SUPERIOR CARE,NATURES PROTECTION LIFESTYLE,OAKS FARM,HIQ,ARATON,AMELUM,TAURO PRO LINE,MISOKO KIKA on s\u00f5bralik kaubam\u00e4rk lemmikloomadele ja nende omanikele. Meie motoks on &quot;Tule n\u00f5u k\u00fcsima!&quot;\" \/>\n<meta property=\"og:url\" content=\"https:\/\/pargikeskus.ee\/ru\/kauplused\/kika\/\" \/>\n<meta property=\"og:site_name\" content=\"Pargi Keskus\" \/>\n<meta property=\"article:modified_time\" content=\"2024-09-17T05:57:11+00:00\" \/>\n<meta property=\"og:image\" content=\"https:\/\/pargikeskus.ee\/wp-content\/uploads\/2020\/11\/Kika-250x200.png\" \/>\n<meta name=\"twitter:card\" content=\"summary_large_image\" \/>\n<script type=\"application\/ld+json\" class=\"yoast-schema-graph\">{\"@context\":\"https:\/\/schema.org\",\"@graph\":[{\"@type\":\"WebPage\",\"@id\":\"https:\/\/pargikeskus.ee\/ru\/kauplused\/kika\/\",\"url\":\"https:\/\/pargikeskus.ee\/ru\/kauplused\/kika\/\",\"name\":\"Kika - Pargi Keskus\",\"isPartOf\":{\"@id\":\"https:\/\/pargikeskus.ee\/ru\/#website\"},\"primaryImageOfPage\":{\"@id\":\"https:\/\/pargikeskus.ee\/ru\/kauplused\/kika\/#primaryimage\"},\"image\":{\"@id\":\"https:\/\/pargikeskus.ee\/ru\/kauplused\/kika\/#primaryimage\"},\"thumbnailUrl\":\"https:\/\/pargikeskus.ee\/wp-content\/uploads\/2020\/11\/Kika-250x200.png\",\"datePublished\":\"2020-11-04T18:31:20+00:00\",\"dateModified\":\"2024-09-17T05:57:11+00:00\",\"description\":\"KIKA \u2013 professionaalne hooldus igale lemmikloomale.Tegemist on lemmikloomapoodide ketiga, kus pakume lisaks toodetele juuksuriteenust ja looduslike koostisosadega apteegitooteid, ning meie ketti \u00fchendavad perev\u00e4\u00e4rtused ja armastus loomade vastu. KIKAs on igal lemmikloomaomanikul juurdep\u00e4\u00e4s mitte ainult laiale tootevalikule, vaid ka hoolivale ja professionaalsele n\u00f5uandele. Meil t\u00f6\u00f6tavad siin professionaalid ja loomalembesed spetsialistid.KIKA on ka maailmas h\u00e4sti tuntud kaubam\u00e4rkide, nagu NATURES PROTECTION,NATURES PROTECTION SUPERIOR CARE,NATURES PROTECTION LIFESTYLE,OAKS FARM,HIQ,ARATON,AMELUM,TAURO PRO LINE,MISOKO KIKA on s\u00f5bralik kaubam\u00e4rk lemmikloomadele ja nende omanikele. Meie motoks on \\\"Tule n\u00f5u k\u00fcsima!\\\"\",\"breadcrumb\":{\"@id\":\"https:\/\/pargikeskus.ee\/ru\/kauplused\/kika\/#breadcrumb\"},\"inLanguage\":\"ru-RU\",\"potentialAction\":[{\"@type\":\"ReadAction\",\"target\":[\"https:\/\/pargikeskus.ee\/ru\/kauplused\/kika\/\"]}]},{\"@type\":\"ImageObject\",\"inLanguage\":\"ru-RU\",\"@id\":\"https:\/\/pargikeskus.ee\/ru\/kauplused\/kika\/#primaryimage\",\"url\":\"https:\/\/pargikeskus.ee\/wp-content\/uploads\/2020\/11\/Kika-250x200.png\",\"contentUrl\":\"https:\/\/pargikeskus.ee\/wp-content\/uploads\/2020\/11\/Kika-250x200.png\"},{\"@type\":\"BreadcrumbList\",\"@id\":\"https:\/\/pargikeskus.ee\/ru\/kauplused\/kika\/#breadcrumb\",\"itemListElement\":[{\"@type\":\"ListItem\",\"position\":1,\"name\":\"Home\",\"item\":\"https:\/\/pargikeskus.ee\/ru\/\"},{\"@type\":\"ListItem\",\"position\":2,\"name\":\"\u041c\u0430\u0433\u0430\u0437\u0438\u043d\u044b\",\"item\":\"https:\/\/pargikeskus.ee\/ru\/kauplused\/\"},{\"@type\":\"ListItem\",\"position\":3,\"name\":\"Kika\"}]},{\"@type\":\"WebSite\",\"@id\":\"https:\/\/pargikeskus.ee\/ru\/#website\",\"url\":\"https:\/\/pargikeskus.ee\/ru\/\",\"name\":\"Pargi Keskus\",\"description\":\"\",\"potentialAction\":[{\"@type\":\"SearchAction\",\"target\":{\"@type\":\"EntryPoint\",\"urlTemplate\":\"https:\/\/pargikeskus.ee\/ru\/?s={search_term_string}\"},\"query-input\":{\"@type\":\"PropertyValueSpecification\",\"valueRequired\":true,\"valueName\":\"search_term_string\"}}],\"inLanguage\":\"ru-RU\"}]}<\/script>\n<!-- \/ Yoast SEO plugin. -->","yoast_head_json":{"title":"Kika - Pargi Keskus","description":"KIKA \u2013 professionaalne hooldus igale lemmikloomale.Tegemist on lemmikloomapoodide ketiga, kus pakume lisaks toodetele juuksuriteenust ja looduslike koostisosadega apteegitooteid, ning meie ketti \u00fchendavad perev\u00e4\u00e4rtused ja armastus loomade vastu. KIKAs on igal lemmikloomaomanikul juurdep\u00e4\u00e4s mitte ainult laiale tootevalikule, vaid ka hoolivale ja professionaalsele n\u00f5uandele. Meil t\u00f6\u00f6tavad siin professionaalid ja loomalembesed spetsialistid.KIKA on ka maailmas h\u00e4sti tuntud kaubam\u00e4rkide, nagu NATURES PROTECTION,NATURES PROTECTION SUPERIOR CARE,NATURES PROTECTION LIFESTYLE,OAKS FARM,HIQ,ARATON,AMELUM,TAURO PRO LINE,MISOKO KIKA on s\u00f5bralik kaubam\u00e4rk lemmikloomadele ja nende omanikele. Meie motoks on \"Tule n\u00f5u k\u00fcsima!\"","robots":{"index":"index","follow":"follow","max-snippet":"max-snippet:-1","max-image-preview":"max-image-preview:large","max-video-preview":"max-video-preview:-1"},"canonical":"https:\/\/pargikeskus.ee\/ru\/kauplused\/kika\/","og_locale":"ru_RU","og_type":"article","og_title":"Kika - Pargi Keskus","og_description":"KIKA \u2013 professionaalne hooldus igale lemmikloomale.Tegemist on lemmikloomapoodide ketiga, kus pakume lisaks toodetele juuksuriteenust ja looduslike koostisosadega apteegitooteid, ning meie ketti \u00fchendavad perev\u00e4\u00e4rtused ja armastus loomade vastu. KIKAs on igal lemmikloomaomanikul juurdep\u00e4\u00e4s mitte ainult laiale tootevalikule, vaid ka hoolivale ja professionaalsele n\u00f5uandele. Meil t\u00f6\u00f6tavad siin professionaalid ja loomalembesed spetsialistid.KIKA on ka maailmas h\u00e4sti tuntud kaubam\u00e4rkide, nagu NATURES PROTECTION,NATURES PROTECTION SUPERIOR CARE,NATURES PROTECTION LIFESTYLE,OAKS FARM,HIQ,ARATON,AMELUM,TAURO PRO LINE,MISOKO KIKA on s\u00f5bralik kaubam\u00e4rk lemmikloomadele ja nende omanikele. Meie motoks on \"Tule n\u00f5u k\u00fcsima!\"","og_url":"https:\/\/pargikeskus.ee\/ru\/kauplused\/kika\/","og_site_name":"Pargi Keskus","article_modified_time":"2024-09-17T05:57:11+00:00","og_image":[{"url":"https:\/\/pargikeskus.ee\/wp-content\/uploads\/2020\/11\/Kika-250x200.png","type":"","width":"","height":""}],"twitter_card":"summary_large_image","schema":{"@context":"https:\/\/schema.org","@graph":[{"@type":"WebPage","@id":"https:\/\/pargikeskus.ee\/ru\/kauplused\/kika\/","url":"https:\/\/pargikeskus.ee\/ru\/kauplused\/kika\/","name":"Kika - Pargi Keskus","isPartOf":{"@id":"https:\/\/pargikeskus.ee\/ru\/#website"},"primaryImageOfPage":{"@id":"https:\/\/pargikeskus.ee\/ru\/kauplused\/kika\/#primaryimage"},"image":{"@id":"https:\/\/pargikeskus.ee\/ru\/kauplused\/kika\/#primaryimage"},"thumbnailUrl":"https:\/\/pargikeskus.ee\/wp-content\/uploads\/2020\/11\/Kika-250x200.png","datePublished":"2020-11-04T18:31:20+00:00","dateModified":"2024-09-17T05:57:11+00:00","description":"KIKA \u2013 professionaalne hooldus igale lemmikloomale.Tegemist on lemmikloomapoodide ketiga, kus pakume lisaks toodetele juuksuriteenust ja looduslike koostisosadega apteegitooteid, ning meie ketti \u00fchendavad perev\u00e4\u00e4rtused ja armastus loomade vastu. KIKAs on igal lemmikloomaomanikul juurdep\u00e4\u00e4s mitte ainult laiale tootevalikule, vaid ka hoolivale ja professionaalsele n\u00f5uandele. Meil t\u00f6\u00f6tavad siin professionaalid ja loomalembesed spetsialistid.KIKA on ka maailmas h\u00e4sti tuntud kaubam\u00e4rkide, nagu NATURES PROTECTION,NATURES PROTECTION SUPERIOR CARE,NATURES PROTECTION LIFESTYLE,OAKS FARM,HIQ,ARATON,AMELUM,TAURO PRO LINE,MISOKO KIKA on s\u00f5bralik kaubam\u00e4rk lemmikloomadele ja nende omanikele. Meie motoks on \"Tule n\u00f5u k\u00fcsima!\"","breadcrumb":{"@id":"https:\/\/pargikeskus.ee\/ru\/kauplused\/kika\/#breadcrumb"},"inLanguage":"ru-RU","potentialAction":[{"@type":"ReadAction","target":["https:\/\/pargikeskus.ee\/ru\/kauplused\/kika\/"]}]},{"@type":"ImageObject","inLanguage":"ru-RU","@id":"https:\/\/pargikeskus.ee\/ru\/kauplused\/kika\/#primaryimage","url":"https:\/\/pargikeskus.ee\/wp-content\/uploads\/2020\/11\/Kika-250x200.png","contentUrl":"https:\/\/pargikeskus.ee\/wp-content\/uploads\/2020\/11\/Kika-250x200.png"},{"@type":"BreadcrumbList","@id":"https:\/\/pargikeskus.ee\/ru\/kauplused\/kika\/#breadcrumb","itemListElement":[{"@type":"ListItem","position":1,"name":"Home","item":"https:\/\/pargikeskus.ee\/ru\/"},{"@type":"ListItem","position":2,"name":"\u041c\u0430\u0433\u0430\u0437\u0438\u043d\u044b","item":"https:\/\/pargikeskus.ee\/ru\/kauplused\/"},{"@type":"ListItem","position":3,"name":"Kika"}]},{"@type":"WebSite","@id":"https:\/\/pargikeskus.ee\/ru\/#website","url":"https:\/\/pargikeskus.ee\/ru\/","name":"Pargi Keskus","description":"","potentialAction":[{"@type":"SearchAction","target":{"@type":"EntryPoint","urlTemplate":"https:\/\/pargikeskus.ee\/ru\/?s={search_term_string}"},"query-input":{"@type":"PropertyValueSpecification","valueRequired":true,"valueName":"search_term_string"}}],"inLanguage":"ru-RU"}]}},"builder_content":"<img src=\"https:\/\/pargikeskus.ee\/wp-content\/uploads\/2020\/11\/Kika-250x200.png\" width=\"250\" height=\"200\" title=\"Kika\" alt=\"Kika\" srcset=\"https:\/\/pargikeskus.ee\/wp-content\/uploads\/2020\/11\/Kika-250x200.png 250w, https:\/\/pargikeskus.ee\/wp-content\/uploads\/2020\/11\/Kika-300x240.png 300w, https:\/\/pargikeskus.ee\/wp-content\/uploads\/2020\/11\/Kika-768x615.png 768w, https:\/\/pargikeskus.ee\/wp-content\/uploads\/2020\/11\/Kika-150x120.png 150w, https:\/\/pargikeskus.ee\/wp-content\/uploads\/2020\/11\/Kika.png 1000w\" sizes=\"(max-width: 250px) 100vw, 250px\" \/>\n<h2>Avatud<\/h2> <p>E-L 09:00 \u2013 20:00<br \/>P 09:00 \u2013 19:00<\/p>\n<h2>Kontaktandmed<\/h2> <p><b>KIKA EE O\u00dc<\/b><\/p> <p><a href=\"tel:+3725254951\">+3725254951<\/a><br \/><a href=\"mailto:info@kika.ee\">info@kika.ee<\/a><br \/><a href=\"https:\/\/kika.ee\" target=\"_blank\" rel=\"noopener\">www.kika.ee<\/a><\/p> <p><a href=\"https:\/\/www.instagram.com\/kika.ee\/\" target=\"_blank\" rel=\"noopener\">Instagram<\/a><br \/><a href=\"https:\/\/www.facebook.com\/KIKA.Eesti\" target=\"_blank\" rel=\"noopener\">Facebook<\/a><\/p>\n<h1>KIKA<\/h1> <p>KIKA \u2013 professionaalne hooldus igale lemmikloomale.<\/p> <p>Tegemist on lemmikloomapoodide ketiga, kus pakume lisaks toodetele juuksuriteenust ja \u00a0looduslike koostisosadega apteegitooteid, ning meie \u00a0ketti \u00fchendavad perev\u00e4\u00e4rtused ja armastus loomade vastu. KIKAs on igal lemmikloomaomanikul juurdep\u00e4\u00e4s mitte ainult laiale tootevalikule, vaid ka hoolivale ja professionaalsele n\u00f5uandele. Meil t\u00f6\u00f6tavad siin professionaalid ja loomalembesed spetsialistid.KIKA on ka maailmas h\u00e4sti tuntud kaubam\u00e4rkide, nagu NATURES PROTECTION,NATURES PROTECTION SUPERIOR CARE,NATURES PROTECTION LIFESTYLE,OAKS FARM,HIQ,ARATON,AMELUM,TAURO PRO LINE,MISOKO<\/p> <p>KIKA on s\u00f5bralik kaubam\u00e4rk lemmikloomadele ja nende omanikele.\u00a0<\/p> <p>Meie motoks on \"Tule n\u00f5u k\u00fcsima!\"<\/p>\n<h2>Asukoht<\/h2>\n<a href=\"https:\/\/pargikeskus.ee\/wp-content\/uploads\/2020\/11\/Kika.jpg\" >Link<\/a> \n <img src=\"https:\/\/pargikeskus.ee\/wp-content\/uploads\/2020\/11\/Kika.jpg\" title=\"Kika\" alt=\"Kika\" srcset=\"https:\/\/pargikeskus.ee\/wp-content\/uploads\/2020\/11\/Kika.jpg 1440w, https:\/\/pargikeskus.ee\/wp-content\/uploads\/2020\/11\/Kika-300x231.jpg 300w, https:\/\/pargikeskus.ee\/wp-content\/uploads\/2020\/11\/Kika-1024x787.jpg 1024w, https:\/\/pargikeskus.ee\/wp-content\/uploads\/2020\/11\/Kika-768x590.jpg 768w\" sizes=\"(max-width: 1440px) 100vw, 1440px\" \/>\n<p><\/p>\n<p>[campaign]<\/p>","_links":{"self":[{"href":"https:\/\/pargikeskus.ee\/ru\/wp-json\/wp\/v2\/pages\/1528","targetHints":{"allow":["GET"]}}],"collection":[{"href":"https:\/\/pargikeskus.ee\/ru\/wp-json\/wp\/v2\/pages"}],"about":[{"href":"https:\/\/pargikeskus.ee\/ru\/wp-json\/wp\/v2\/types\/page"}],"author":[{"embeddable":true,"href":"https:\/\/pargikeskus.ee\/ru\/wp-json\/wp\/v2\/users\/1"}],"replies":[{"embeddable":true,"href":"https:\/\/pargikeskus.ee\/ru\/wp-json\/wp\/v2\/comments?post=1528"}],"version-history":[{"count":8,"href":"https:\/\/pargikeskus.ee\/ru\/wp-json\/wp\/v2\/pages\/1528\/revisions"}],"predecessor-version":[{"id":9768,"href":"https:\/\/pargikeskus.ee\/ru\/wp-json\/wp\/v2\/pages\/1528\/revisions\/9768"}],"up":[{"embeddable":true,"href":"https:\/\/pargikeskus.ee\/ru\/wp-json\/wp\/v2\/pages\/1326"}],"wp:attachment":[{"href":"https:\/\/pargikeskus.ee\/ru\/wp-json\/wp\/v2\/media?parent=1528"}],"curies":[{"name":"wp","href":"https:\/\/api.w.org\/{rel}","templated":true}]}}