{"id":1466,"date":"2026-01-12T19:20:27","date_gmt":"2026-01-12T16:20:27","guid":{"rendered":"https:\/\/pargikeskus.ee\/kauplused\/goldtime\/"},"modified":"2026-01-12T19:21:10","modified_gmt":"2026-01-12T16:21:10","slug":"goldtime","status":"publish","type":"page","link":"https:\/\/pargikeskus.ee\/ru\/kauplused\/goldtime\/","title":{"rendered":"Goldtime"},"content":{"rendered":"<!--themify_builder_content-->\n<div id=\"themify_builder_content-1466\" data-postid=\"1466\" class=\"themify_builder_content themify_builder_content-1466 themify_builder tf_clear\">\n                    <div  data-css_id=\"vaqq964\" data-lazy=\"1\" class=\"module_row themify_builder_row fullwidth_row_container tb_vaqq964 tb_first tf_w\">\n            <span  class=\"builder_row_cover tf_abs\" data-lazy=\"1\"><\/span>            <div class=\"row_inner col_align_top tb_col_count_1 tf_box tf_rel\">\n                        <div  data-lazy=\"1\" class=\"module_column tb-column col-full tb_t2ft965 first\">\n                            <\/div>\n                        <\/div>\n        <\/div>\n                        <div  data-lazy=\"1\" class=\"module_row themify_builder_row tb_o2sl583 tf_w\">\n                        <div class=\"row_inner col_align_top tb_col_count_3 tf_box tf_rel\">\n                        <div  data-lazy=\"1\" class=\"module_column tb-column col4-1 tb_eakw585 first\">\n                    <!-- module image -->\n<div  class=\"module module-image tb_sioz771 image-top   tf_mw\" data-lazy=\"1\">\n        <div class=\"image-wrap tf_rel tf_mw\">\n            <img loading=\"lazy\" decoding=\"async\" src=\"https:\/\/pargikeskus.ee\/wp-content\/uploads\/2020\/11\/Goldtime-250x99.png\" width=\"250\" height=\"99\" class=\"wp-post-image wp-image-9323\" title=\"Goldtime\" alt=\"Goldtime\" srcset=\"https:\/\/pargikeskus.ee\/wp-content\/uploads\/2020\/11\/Goldtime-250x99.png 250w, https:\/\/pargikeskus.ee\/wp-content\/uploads\/2020\/11\/Goldtime-300x119.png 300w, https:\/\/pargikeskus.ee\/wp-content\/uploads\/2020\/11\/Goldtime-768x305.png 768w, https:\/\/pargikeskus.ee\/wp-content\/uploads\/2020\/11\/Goldtime.png 1000w\" sizes=\"auto, (max-width: 250px) 100vw, 250px\" \/>    \n        <\/div>\n    <!-- \/image-wrap -->\n    \n        <\/div>\n<!-- \/module image --><!-- module text -->\n<div  class=\"module module-text tb_okrb801   \" data-lazy=\"1\">\n        <div  class=\"tb_text_wrap\">\n        <h2>Avatud<\/h2>\n<p>E-L 10:00 \u2013 20:00<br \/>P 10:00 \u2013 19:00<\/p>    <\/div>\n<\/div>\n<!-- \/module text --><!-- module text -->\n<div  class=\"module module-text tb_kigd663   \" data-lazy=\"1\">\n        <div  class=\"tb_text_wrap\">\n        <h2>Kontaktandmed<\/h2>\n<p><a href=\"tel:+37258843949\">+372 58843949<\/a><br \/><a href=\"mailto:pargikeskus@goldtime.ee\">pargikeskus@goldtime.ee<\/a><br \/><a href=\"https:\/\/goldtime.ee\" target=\"_blank\" rel=\"noopener\">www.goldtime.ee<\/a><\/p>\n<p><a href=\"https:\/\/www.instagram.com\/goldtime_eesti\/\" target=\"_blank\" rel=\"noopener\">Instagram<\/a><br \/><a href=\"https:\/\/www.facebook.com\/goldtime.ee\/\" target=\"_blank\" rel=\"noopener\">Facebook<\/a><\/p>    <\/div>\n<\/div>\n<!-- \/module text -->        <\/div>\n                    <div  data-lazy=\"1\" class=\"module_column tb-column col4-2 tb_vsql267\">\n                    <!-- module text -->\n<div  class=\"module module-text tb_1aer314   \" data-lazy=\"1\">\n        <div  class=\"tb_text_wrap\">\n        <h1>Goldtime<\/h1>\n<p>Goldtime on Eesti suurim juveeli- ja kellakaupluste kett.<\/p>\n<p>Pakume rikkalikku valikut kuld-, h\u00f5be- ja moeehteid ning kvaliteetseid ja trendikaid k\u00e4ekelli tuntud kaubam\u00e4rkidelt. Meie m\u00fc\u00fcgipersonal on alati valmis teid n\u00f5ustama sobiliku ehte v\u00f5i kella valimisel, olgu see igap\u00e4evaseks kandmiseks, pidulikule \u00fcritusele, kingituseks l\u00e4hedasele v\u00f5i \u00e4ripartnerile. Tere tulemast!<\/p>\n<p>Goldtime paneb su s\u00e4rama!<\/p>    <\/div>\n<\/div>\n<!-- \/module text -->        <\/div>\n                    <div  data-lazy=\"1\" class=\"module_column tb-column col4-1 tb_3f5g68 last\">\n                    <!-- module text -->\n<div  class=\"module module-text tb_yodt295   \" data-lazy=\"1\">\n        <div  class=\"tb_text_wrap\">\n        <h2>Asukoht<\/h2>    <\/div>\n<\/div>\n<!-- \/module text --><!-- module image pro -->\n<div  class=\"module module-pro-image tb_57uv26 filter-none effect-shine   tf_textc   entrance-effect-fadeIn\" data-lazy=\"1\" data-entrance-effect=\"fadeIn\" data-exit-effect=\"fadeOut\" >\n\t\n    <div class=\"image-pro-wrap tf_rel tf_overflow tf_inline_b\">\n\t\t\t\t\t<a class=\"image-pro-external themify_lightbox tf_abs tf_w tf_h\" href=\"https:\/\/pargikeskus.ee\/wp-content\/uploads\/2020\/11\/Goldtime.jpg\" target=\"_blank\"><span class=\"screen-reader-text\">Link<\/span><\/a>\n\t\t   \t\t<div class=\"image-pro-flip-box-wrap tf_rel tf_w tf_overflow\">\n\t\t\t<div class=\"image-pro-flip-box tf_rel\">\n\n\t\t\t\t<img loading=\"lazy\" decoding=\"async\" width=\"1440\" height=\"1107\" src=\"https:\/\/pargikeskus.ee\/wp-content\/uploads\/2020\/11\/Goldtime.jpg\" class=\"wp-post-image wp-image-1467\" title=\"Goldtime\" alt=\"Goldtime\" srcset=\"https:\/\/pargikeskus.ee\/wp-content\/uploads\/2020\/11\/Goldtime.jpg 1440w, https:\/\/pargikeskus.ee\/wp-content\/uploads\/2020\/11\/Goldtime-300x231.jpg 300w, https:\/\/pargikeskus.ee\/wp-content\/uploads\/2020\/11\/Goldtime-1024x787.jpg 1024w, https:\/\/pargikeskus.ee\/wp-content\/uploads\/2020\/11\/Goldtime-768x590.jpg 768w\" sizes=\"auto, (max-width: 1440px) 100vw, 1440px\" \/>\n\t\t\t\t\n\t\t\t<\/div>\n\t\t<\/div>\n\n    <\/div><!-- .image-pro-wrap -->\n\n\t\n\t\n\t<\/div><!-- \/module image pro --><!-- module text -->\n<div  class=\"module module-text tb_kunv69   \" data-lazy=\"1\">\n        <div  class=\"tb_text_wrap\">\n        <p><span id=\"kampaania\"><\/span><\/p>\n    <\/div>\n<\/div>\n<!-- \/module text --><!-- module text -->\n<div  class=\"module module-text tb_sby6813   \" data-lazy=\"1\">\n        <div  class=\"tb_text_wrap\">\n            <\/div>\n<\/div>\n<!-- \/module text -->        <\/div>\n                        <\/div>\n        <\/div>\n        <\/div>\n<!--\/themify_builder_content-->","protected":false},"excerpt":{"rendered":"<p>Avatud E-L 10:00 \u2013 20:00P 10:00 \u2013 19:00<\/p>\n","protected":false},"author":1,"featured_media":0,"parent":1326,"menu_order":0,"comment_status":"closed","ping_status":"closed","template":"","meta":{"footnotes":""},"class_list":["post-1466","page","type-page","status-publish","hentry","has-post-title","has-post-date","has-post-category","has-post-tag","has-post-comment","has-post-author",""],"yoast_head":"<!-- This site is optimized with the Yoast SEO plugin v27.4 - https:\/\/yoast.com\/product\/yoast-seo-wordpress\/ -->\n<title>Goldtime Pargi Keskuses \u2013 ehted ja aksessuaarid J\u00f5hvis | Pargi Keskus<\/title>\n<meta name=\"description\" content=\"Goldtime Pargi Keskuses J\u00f5hvis pakub elegantseid ehteid, aksessuaare ja kingiideid. Tutvu valikuga ja leia t\u00e4iuslik ehe v\u00f5i kingitus mugavalt Pargi Keskuses!\" \/>\n<meta name=\"robots\" content=\"index, follow, max-snippet:-1, max-image-preview:large, max-video-preview:-1\" \/>\n<link rel=\"canonical\" href=\"https:\/\/pargikeskus.ee\/ru\/kauplused\/goldtime\/\" \/>\n<meta property=\"og:locale\" content=\"ru_RU\" \/>\n<meta property=\"og:type\" content=\"article\" \/>\n<meta property=\"og:title\" content=\"Goldtime Pargi Keskuses \u2013 ehted ja aksessuaarid J\u00f5hvis | Pargi Keskus\" \/>\n<meta property=\"og:description\" content=\"Goldtime Pargi Keskuses J\u00f5hvis pakub elegantseid ehteid, aksessuaare ja kingiideid. Tutvu valikuga ja leia t\u00e4iuslik ehe v\u00f5i kingitus mugavalt Pargi Keskuses!\" \/>\n<meta property=\"og:url\" content=\"https:\/\/pargikeskus.ee\/ru\/kauplused\/goldtime\/\" \/>\n<meta property=\"og:site_name\" content=\"Pargi Keskus\" \/>\n<meta property=\"article:modified_time\" content=\"2026-01-12T16:21:10+00:00\" \/>\n<meta property=\"og:image\" content=\"https:\/\/pargikeskus.ee\/wp-content\/uploads\/2020\/11\/Goldtime-250x99.png\" \/>\n<meta name=\"twitter:card\" content=\"summary_large_image\" \/>\n<script type=\"application\/ld+json\" class=\"yoast-schema-graph\">{\"@context\":\"https:\\\/\\\/schema.org\",\"@graph\":[{\"@type\":\"WebPage\",\"@id\":\"https:\\\/\\\/pargikeskus.ee\\\/ru\\\/kauplused\\\/goldtime\\\/\",\"url\":\"https:\\\/\\\/pargikeskus.ee\\\/ru\\\/kauplused\\\/goldtime\\\/\",\"name\":\"Goldtime Pargi Keskuses \u2013 ehted ja aksessuaarid J\u00f5hvis | Pargi Keskus\",\"isPartOf\":{\"@id\":\"https:\\\/\\\/pargikeskus.ee\\\/ru\\\/#website\"},\"primaryImageOfPage\":{\"@id\":\"https:\\\/\\\/pargikeskus.ee\\\/ru\\\/kauplused\\\/goldtime\\\/#primaryimage\"},\"image\":{\"@id\":\"https:\\\/\\\/pargikeskus.ee\\\/ru\\\/kauplused\\\/goldtime\\\/#primaryimage\"},\"thumbnailUrl\":\"https:\\\/\\\/pargikeskus.ee\\\/wp-content\\\/uploads\\\/2020\\\/11\\\/Goldtime-250x99.png\",\"datePublished\":\"2026-01-12T16:20:27+00:00\",\"dateModified\":\"2026-01-12T16:21:10+00:00\",\"description\":\"Goldtime Pargi Keskuses J\u00f5hvis pakub elegantseid ehteid, aksessuaare ja kingiideid. Tutvu valikuga ja leia t\u00e4iuslik ehe v\u00f5i kingitus mugavalt Pargi Keskuses!\",\"breadcrumb\":{\"@id\":\"https:\\\/\\\/pargikeskus.ee\\\/ru\\\/kauplused\\\/goldtime\\\/#breadcrumb\"},\"inLanguage\":\"ru-RU\",\"potentialAction\":[{\"@type\":\"ReadAction\",\"target\":[\"https:\\\/\\\/pargikeskus.ee\\\/ru\\\/kauplused\\\/goldtime\\\/\"]}]},{\"@type\":\"ImageObject\",\"inLanguage\":\"ru-RU\",\"@id\":\"https:\\\/\\\/pargikeskus.ee\\\/ru\\\/kauplused\\\/goldtime\\\/#primaryimage\",\"url\":\"https:\\\/\\\/pargikeskus.ee\\\/wp-content\\\/uploads\\\/2020\\\/11\\\/Goldtime-250x99.png\",\"contentUrl\":\"https:\\\/\\\/pargikeskus.ee\\\/wp-content\\\/uploads\\\/2020\\\/11\\\/Goldtime-250x99.png\"},{\"@type\":\"BreadcrumbList\",\"@id\":\"https:\\\/\\\/pargikeskus.ee\\\/ru\\\/kauplused\\\/goldtime\\\/#breadcrumb\",\"itemListElement\":[{\"@type\":\"ListItem\",\"position\":1,\"name\":\"Home\",\"item\":\"https:\\\/\\\/pargikeskus.ee\\\/ru\\\/\"},{\"@type\":\"ListItem\",\"position\":2,\"name\":\"\u041c\u0430\u0433\u0430\u0437\u0438\u043d\u044b\",\"item\":\"https:\\\/\\\/pargikeskus.ee\\\/ru\\\/kauplused\\\/\"},{\"@type\":\"ListItem\",\"position\":3,\"name\":\"Goldtime\"}]},{\"@type\":\"WebSite\",\"@id\":\"https:\\\/\\\/pargikeskus.ee\\\/ru\\\/#website\",\"url\":\"https:\\\/\\\/pargikeskus.ee\\\/ru\\\/\",\"name\":\"Pargi Keskus\",\"description\":\"\",\"potentialAction\":[{\"@type\":\"SearchAction\",\"target\":{\"@type\":\"EntryPoint\",\"urlTemplate\":\"https:\\\/\\\/pargikeskus.ee\\\/ru\\\/?s={search_term_string}\"},\"query-input\":{\"@type\":\"PropertyValueSpecification\",\"valueRequired\":true,\"valueName\":\"search_term_string\"}}],\"inLanguage\":\"ru-RU\"}]}<\/script>\n<!-- \/ Yoast SEO plugin. -->","yoast_head_json":{"title":"Goldtime Pargi Keskuses \u2013 ehted ja aksessuaarid J\u00f5hvis | Pargi Keskus","description":"Goldtime Pargi Keskuses J\u00f5hvis pakub elegantseid ehteid, aksessuaare ja kingiideid. Tutvu valikuga ja leia t\u00e4iuslik ehe v\u00f5i kingitus mugavalt Pargi Keskuses!","robots":{"index":"index","follow":"follow","max-snippet":"max-snippet:-1","max-image-preview":"max-image-preview:large","max-video-preview":"max-video-preview:-1"},"canonical":"https:\/\/pargikeskus.ee\/ru\/kauplused\/goldtime\/","og_locale":"ru_RU","og_type":"article","og_title":"Goldtime Pargi Keskuses \u2013 ehted ja aksessuaarid J\u00f5hvis | Pargi Keskus","og_description":"Goldtime Pargi Keskuses J\u00f5hvis pakub elegantseid ehteid, aksessuaare ja kingiideid. Tutvu valikuga ja leia t\u00e4iuslik ehe v\u00f5i kingitus mugavalt Pargi Keskuses!","og_url":"https:\/\/pargikeskus.ee\/ru\/kauplused\/goldtime\/","og_site_name":"Pargi Keskus","article_modified_time":"2026-01-12T16:21:10+00:00","og_image":[{"url":"https:\/\/pargikeskus.ee\/wp-content\/uploads\/2020\/11\/Goldtime-250x99.png","type":"","width":"","height":""}],"twitter_card":"summary_large_image","schema":{"@context":"https:\/\/schema.org","@graph":[{"@type":"WebPage","@id":"https:\/\/pargikeskus.ee\/ru\/kauplused\/goldtime\/","url":"https:\/\/pargikeskus.ee\/ru\/kauplused\/goldtime\/","name":"Goldtime Pargi Keskuses \u2013 ehted ja aksessuaarid J\u00f5hvis | Pargi Keskus","isPartOf":{"@id":"https:\/\/pargikeskus.ee\/ru\/#website"},"primaryImageOfPage":{"@id":"https:\/\/pargikeskus.ee\/ru\/kauplused\/goldtime\/#primaryimage"},"image":{"@id":"https:\/\/pargikeskus.ee\/ru\/kauplused\/goldtime\/#primaryimage"},"thumbnailUrl":"https:\/\/pargikeskus.ee\/wp-content\/uploads\/2020\/11\/Goldtime-250x99.png","datePublished":"2026-01-12T16:20:27+00:00","dateModified":"2026-01-12T16:21:10+00:00","description":"Goldtime Pargi Keskuses J\u00f5hvis pakub elegantseid ehteid, aksessuaare ja kingiideid. Tutvu valikuga ja leia t\u00e4iuslik ehe v\u00f5i kingitus mugavalt Pargi Keskuses!","breadcrumb":{"@id":"https:\/\/pargikeskus.ee\/ru\/kauplused\/goldtime\/#breadcrumb"},"inLanguage":"ru-RU","potentialAction":[{"@type":"ReadAction","target":["https:\/\/pargikeskus.ee\/ru\/kauplused\/goldtime\/"]}]},{"@type":"ImageObject","inLanguage":"ru-RU","@id":"https:\/\/pargikeskus.ee\/ru\/kauplused\/goldtime\/#primaryimage","url":"https:\/\/pargikeskus.ee\/wp-content\/uploads\/2020\/11\/Goldtime-250x99.png","contentUrl":"https:\/\/pargikeskus.ee\/wp-content\/uploads\/2020\/11\/Goldtime-250x99.png"},{"@type":"BreadcrumbList","@id":"https:\/\/pargikeskus.ee\/ru\/kauplused\/goldtime\/#breadcrumb","itemListElement":[{"@type":"ListItem","position":1,"name":"Home","item":"https:\/\/pargikeskus.ee\/ru\/"},{"@type":"ListItem","position":2,"name":"\u041c\u0430\u0433\u0430\u0437\u0438\u043d\u044b","item":"https:\/\/pargikeskus.ee\/ru\/kauplused\/"},{"@type":"ListItem","position":3,"name":"Goldtime"}]},{"@type":"WebSite","@id":"https:\/\/pargikeskus.ee\/ru\/#website","url":"https:\/\/pargikeskus.ee\/ru\/","name":"Pargi Keskus","description":"","potentialAction":[{"@type":"SearchAction","target":{"@type":"EntryPoint","urlTemplate":"https:\/\/pargikeskus.ee\/ru\/?s={search_term_string}"},"query-input":{"@type":"PropertyValueSpecification","valueRequired":true,"valueName":"search_term_string"}}],"inLanguage":"ru-RU"}]}},"builder_content":"<img src=\"https:\/\/pargikeskus.ee\/wp-content\/uploads\/2020\/11\/Goldtime-250x99.png\" width=\"250\" height=\"99\" title=\"Goldtime\" alt=\"Goldtime\" srcset=\"https:\/\/pargikeskus.ee\/wp-content\/uploads\/2020\/11\/Goldtime-250x99.png 250w, https:\/\/pargikeskus.ee\/wp-content\/uploads\/2020\/11\/Goldtime-300x119.png 300w, https:\/\/pargikeskus.ee\/wp-content\/uploads\/2020\/11\/Goldtime-768x305.png 768w, https:\/\/pargikeskus.ee\/wp-content\/uploads\/2020\/11\/Goldtime.png 1000w\" sizes=\"(max-width: 250px) 100vw, 250px\" \/>\n<h2>Avatud<\/h2> <p>E-L 10:00 \u2013 20:00<br \/>P 10:00 \u2013 19:00<\/p>\n<h2>Kontaktandmed<\/h2> <p><a href=\"tel:+37258843949\">+372 58843949<\/a><br \/><a href=\"mailto:pargikeskus@goldtime.ee\">pargikeskus@goldtime.ee<\/a><br \/><a href=\"https:\/\/goldtime.ee\" target=\"_blank\" rel=\"noopener\">www.goldtime.ee<\/a><\/p> <p><a href=\"https:\/\/www.instagram.com\/goldtime_eesti\/\" target=\"_blank\" rel=\"noopener\">Instagram<\/a><br \/><a href=\"https:\/\/www.facebook.com\/goldtime.ee\/\" target=\"_blank\" rel=\"noopener\">Facebook<\/a><\/p>\n<h1>Goldtime<\/h1> <p>Goldtime on Eesti suurim juveeli- ja kellakaupluste kett.<\/p> <p>Pakume rikkalikku valikut kuld-, h\u00f5be- ja moeehteid ning kvaliteetseid ja trendikaid k\u00e4ekelli tuntud kaubam\u00e4rkidelt. Meie m\u00fc\u00fcgipersonal on alati valmis teid n\u00f5ustama sobiliku ehte v\u00f5i kella valimisel, olgu see igap\u00e4evaseks kandmiseks, pidulikule \u00fcritusele, kingituseks l\u00e4hedasele v\u00f5i \u00e4ripartnerile. Tere tulemast!<\/p> <p>Goldtime paneb su s\u00e4rama!<\/p>\n<h2>Asukoht<\/h2>\n<a href=\"https:\/\/pargikeskus.ee\/wp-content\/uploads\/2020\/11\/Goldtime.jpg\" target=\"_blank\">Link<\/a> \n <img src=\"https:\/\/pargikeskus.ee\/wp-content\/uploads\/2020\/11\/Goldtime.jpg\" title=\"Goldtime\" alt=\"Goldtime\" srcset=\"https:\/\/pargikeskus.ee\/wp-content\/uploads\/2020\/11\/Goldtime.jpg 1440w, https:\/\/pargikeskus.ee\/wp-content\/uploads\/2020\/11\/Goldtime-300x231.jpg 300w, https:\/\/pargikeskus.ee\/wp-content\/uploads\/2020\/11\/Goldtime-1024x787.jpg 1024w, https:\/\/pargikeskus.ee\/wp-content\/uploads\/2020\/11\/Goldtime-768x590.jpg 768w\" sizes=\"(max-width: 1440px) 100vw, 1440px\" \/>\n<p><\/p>\n<p>[campaign]<\/p>","_links":{"self":[{"href":"https:\/\/pargikeskus.ee\/ru\/wp-json\/wp\/v2\/pages\/1466","targetHints":{"allow":["GET"]}}],"collection":[{"href":"https:\/\/pargikeskus.ee\/ru\/wp-json\/wp\/v2\/pages"}],"about":[{"href":"https:\/\/pargikeskus.ee\/ru\/wp-json\/wp\/v2\/types\/page"}],"author":[{"embeddable":true,"href":"https:\/\/pargikeskus.ee\/ru\/wp-json\/wp\/v2\/users\/1"}],"replies":[{"embeddable":true,"href":"https:\/\/pargikeskus.ee\/ru\/wp-json\/wp\/v2\/comments?post=1466"}],"version-history":[{"count":9,"href":"https:\/\/pargikeskus.ee\/ru\/wp-json\/wp\/v2\/pages\/1466\/revisions"}],"predecessor-version":[{"id":11503,"href":"https:\/\/pargikeskus.ee\/ru\/wp-json\/wp\/v2\/pages\/1466\/revisions\/11503"}],"up":[{"embeddable":true,"href":"https:\/\/pargikeskus.ee\/ru\/wp-json\/wp\/v2\/pages\/1326"}],"wp:attachment":[{"href":"https:\/\/pargikeskus.ee\/ru\/wp-json\/wp\/v2\/media?parent=1466"}],"curies":[{"name":"wp","href":"https:\/\/api.w.org\/{rel}","templated":true}]}}