{"id":1458,"date":"2020-11-05T12:02:35","date_gmt":"2020-11-05T12:02:35","guid":{"rendered":"https:\/\/pargikeskus.ee\/kauplused\/g4s\/"},"modified":"2024-08-09T11:38:22","modified_gmt":"2024-08-09T08:38:22","slug":"g4s","status":"publish","type":"page","link":"https:\/\/pargikeskus.ee\/ru\/kauplused\/g4s\/","title":{"rendered":"G4S"},"content":{"rendered":"<!--themify_builder_content-->\n<div id=\"themify_builder_content-1458\" data-postid=\"1458\" class=\"themify_builder_content themify_builder_content-1458 themify_builder tf_clear\">\n                    <div  data-css_id=\"vaqq964\" data-lazy=\"1\" class=\"module_row themify_builder_row fullwidth_row_container tb_vaqq964 tb_first tf_w\">\n            <span  class=\"builder_row_cover tf_abs\" data-lazy=\"1\"><\/span>            <div class=\"row_inner col_align_top tb_col_count_1 tf_box tf_rel\">\n                        <div  data-lazy=\"1\" class=\"module_column tb-column col-full tb_t2ft965 first\">\n                            <\/div>\n                        <\/div>\n        <\/div>\n                        <div  data-lazy=\"1\" class=\"module_row themify_builder_row tb_o2sl583 tf_w\">\n                        <div class=\"row_inner col_align_top tb_col_count_3 tf_box tf_rel\">\n                        <div  data-lazy=\"1\" class=\"module_column tb-column col4-1 tb_eakw585 first\">\n                    <!-- module image -->\n<div  class=\"module module-image tb_sioz771 image-top   tf_mw\" data-lazy=\"1\">\n        <div class=\"image-wrap tf_rel tf_mw\">\n            <img loading=\"lazy\" decoding=\"async\" src=\"https:\/\/pargikeskus.ee\/wp-content\/uploads\/2020\/11\/g4s-250x147.png\" width=\"250\" height=\"147\" class=\"wp-post-image wp-image-1097\" title=\"g4s\" alt=\"g4s\" srcset=\"https:\/\/pargikeskus.ee\/wp-content\/uploads\/2020\/11\/g4s-250x147.png 250w, https:\/\/pargikeskus.ee\/wp-content\/uploads\/2020\/11\/g4s-300x176.png 300w, https:\/\/pargikeskus.ee\/wp-content\/uploads\/2020\/11\/g4s-768x452.png 768w, https:\/\/pargikeskus.ee\/wp-content\/uploads\/2020\/11\/g4s-150x88.png 150w, https:\/\/pargikeskus.ee\/wp-content\/uploads\/2020\/11\/g4s.png 1000w\" sizes=\"auto, (max-width: 250px) 100vw, 250px\" \/>    \n        <\/div>\n    <!-- \/image-wrap -->\n    \n        <\/div>\n<!-- \/module image --><!-- module text -->\n<div  class=\"module module-text tb_okrb801   \" data-lazy=\"1\">\n        <div  class=\"tb_text_wrap\">\n        <h2>Avatud<\/h2>\n<p>E-R 08:00 \u2013 17:00<br \/>L-P Suletud<\/p>    <\/div>\n<\/div>\n<!-- \/module text --><!-- module text -->\n<div  class=\"module module-text tb_kigd663   \" data-lazy=\"1\">\n        <div  class=\"tb_text_wrap\">\n        <h2>Kontaktandmed<\/h2>\n<p><a href=\"https:\/\/g4s.ee\" target=\"_blank\" rel=\"noopener\">www.g4s.ee\/<\/a><\/p>    <\/div>\n<\/div>\n<!-- \/module text -->        <\/div>\n                    <div  data-lazy=\"1\" class=\"module_column tb-column col4-2 tb_vsql267\">\n                    <!-- module text -->\n<div  class=\"module module-text tb_1aer314   \" data-lazy=\"1\">\n        <div  class=\"tb_text_wrap\">\n        <h1>G4S<\/h1>\n<p>G4S on Eesti suurim turvaettev\u00f5te, mis pakub laia valikut teenuseid nii era- kui \u00e4rikliendile.<br \/>Meie juurest leiad endale sobiva valvelahenduse, olgu selleks siis suure tehasehoone<br \/>videovalve\u00a0 koos G4Si juhtimiskeskuse \u00f6\u00f6p\u00e4evaringse j\u00e4lgimisega v\u00f5i nutikas valveteenus Sinu<br \/>koju. Samuti leiame koos lahenduse, kui vajad turvameeskonda ettev\u00f5tet valvama v\u00f5i \u00fcritustele<br \/>turvalisust tagama. G4S pakub \u00e4rikliendile ka sularaha veo- ja\u00a0 t\u00f6\u00f6tlemise teenust. Meie<br \/>professionaalne meeskond on valmis Sind n\u00f5ustama ja leidma just Sinu soovidele ja<br \/>vajadustele vastava turvalahenduse siinsamas G4S J\u00f5hvi esinduses Pargi keskuse 1. korrusel.<\/p>    <\/div>\n<\/div>\n<!-- \/module text -->        <\/div>\n                    <div  data-lazy=\"1\" class=\"module_column tb-column col4-1 tb_5dk8978 last\">\n                    <!-- module text -->\n<div  class=\"module module-text tb_yodt295   \" data-lazy=\"1\">\n        <div  class=\"tb_text_wrap\">\n        <h2>Asukoht<\/h2>    <\/div>\n<\/div>\n<!-- \/module text --><!-- module image pro -->\n<div  class=\"module module-pro-image tb_57uv26 filter-none effect-shine   tf_textc   entrance-effect-fadeIn\" data-lazy=\"1\" data-entrance-effect=\"fadeIn\" data-exit-effect=\"fadeOut\" >\n\t\n    <div class=\"image-pro-wrap tf_rel tf_overflow tf_inline_b\">\n\t\t\t\t\t<a class=\"image-pro-external themify_lightbox tf_abs tf_w tf_h\" href=\"https:\/\/pargikeskus.ee\/wp-content\/uploads\/2020\/11\/G4S.jpg\" target=\"_blank\"><span class=\"screen-reader-text\">Link<\/span><\/a>\n\t\t   \t\t<div class=\"image-pro-flip-box-wrap tf_rel tf_w tf_overflow\">\n\t\t\t<div class=\"image-pro-flip-box tf_rel\">\n\n\t\t\t\t<img loading=\"lazy\" decoding=\"async\" width=\"1440\" height=\"1107\" src=\"https:\/\/pargikeskus.ee\/wp-content\/uploads\/2020\/11\/G4S.jpg\" class=\"wp-post-image wp-image-1459\" title=\"G4S\" alt=\"G4S\" srcset=\"https:\/\/pargikeskus.ee\/wp-content\/uploads\/2020\/11\/G4S.jpg 1440w, https:\/\/pargikeskus.ee\/wp-content\/uploads\/2020\/11\/G4S-300x231.jpg 300w, https:\/\/pargikeskus.ee\/wp-content\/uploads\/2020\/11\/G4S-1024x787.jpg 1024w, https:\/\/pargikeskus.ee\/wp-content\/uploads\/2020\/11\/G4S-768x590.jpg 768w\" sizes=\"auto, (max-width: 1440px) 100vw, 1440px\" \/>\n\t\t\t\t\n\t\t\t<\/div>\n\t\t<\/div>\n\n    <\/div><!-- .image-pro-wrap -->\n\n\t\n\t\n\t<\/div><!-- \/module image pro --><!-- module text -->\n<div  class=\"module module-text tb_6zlg979   \" data-lazy=\"1\">\n        <div  class=\"tb_text_wrap\">\n        <p><span id=\"kampaania\"><\/span><\/p>\n    <\/div>\n<\/div>\n<!-- \/module text --><!-- module text -->\n<div  class=\"module module-text tb_a7g7688   \" data-lazy=\"1\">\n        <div  class=\"tb_text_wrap\">\n            <\/div>\n<\/div>\n<!-- \/module text -->        <\/div>\n                        <\/div>\n        <\/div>\n        <\/div>\n<!--\/themify_builder_content-->","protected":false},"excerpt":{"rendered":"<p>Avatud E-R 08:00 \u2013 17:00L-P Suletud Kontaktandmed www.g4s.ee\/ G4S G4S on Eesti suurim turvaettev\u00f5te, mis pakub laia valikut teenuseid nii era- kui \u00e4rikliendile.Meie juurest leiad endale sobiva valvelahenduse, olgu selleks siis suure tehasehoonevideovalve\u00a0 koos G4Si juhtimiskeskuse \u00f6\u00f6p\u00e4evaringse j\u00e4lgimisega v\u00f5i nutikas valveteenus Sinukoju. Samuti leiame koos lahenduse, kui vajad turvameeskonda ettev\u00f5tet valvama v\u00f5i \u00fcritusteleturvalisust tagama. G4S [&hellip;]<\/p>\n","protected":false},"author":1,"featured_media":0,"parent":1326,"menu_order":0,"comment_status":"closed","ping_status":"closed","template":"","meta":{"footnotes":""},"class_list":["post-1458","page","type-page","status-publish","hentry","has-post-title","has-post-date","has-post-category","has-post-tag","has-post-comment","has-post-author",""],"yoast_head":"<!-- This site is optimized with the Yoast SEO plugin v27.2 - https:\/\/yoast.com\/product\/yoast-seo-wordpress\/ -->\n<title>G4S - Pargi Keskus<\/title>\n<meta name=\"robots\" content=\"index, follow, max-snippet:-1, max-image-preview:large, max-video-preview:-1\" \/>\n<link rel=\"canonical\" href=\"https:\/\/pargikeskus.ee\/ru\/kauplused\/g4s\/\" \/>\n<meta property=\"og:locale\" content=\"ru_RU\" \/>\n<meta property=\"og:type\" content=\"article\" \/>\n<meta property=\"og:title\" content=\"G4S - Pargi Keskus\" \/>\n<meta property=\"og:description\" content=\"Avatud E-R 08:00 \u2013 17:00L-P Suletud Kontaktandmed www.g4s.ee\/ G4S G4S on Eesti suurim turvaettev\u00f5te, mis pakub laia valikut teenuseid nii era- kui \u00e4rikliendile.Meie juurest leiad endale sobiva valvelahenduse, olgu selleks siis suure tehasehoonevideovalve\u00a0 koos G4Si juhtimiskeskuse \u00f6\u00f6p\u00e4evaringse j\u00e4lgimisega v\u00f5i nutikas valveteenus Sinukoju. Samuti leiame koos lahenduse, kui vajad turvameeskonda ettev\u00f5tet valvama v\u00f5i \u00fcritusteleturvalisust tagama. G4S [&hellip;]\" \/>\n<meta property=\"og:url\" content=\"https:\/\/pargikeskus.ee\/ru\/kauplused\/g4s\/\" \/>\n<meta property=\"og:site_name\" content=\"Pargi Keskus\" \/>\n<meta property=\"article:modified_time\" content=\"2024-08-09T08:38:22+00:00\" \/>\n<meta property=\"og:image\" content=\"https:\/\/pargikeskus.ee\/wp-content\/uploads\/2020\/11\/g4s-250x147.png\" \/>\n<meta name=\"twitter:card\" content=\"summary_large_image\" \/>\n<meta name=\"twitter:label1\" content=\"\u041f\u0440\u0438\u043c\u0435\u0440\u043d\u043e\u0435 \u0432\u0440\u0435\u043c\u044f \u0434\u043b\u044f \u0447\u0442\u0435\u043d\u0438\u044f\" \/>\n\t<meta name=\"twitter:data1\" content=\"1 \u043c\u0438\u043d\u0443\u0442\u0430\" \/>\n<script type=\"application\/ld+json\" class=\"yoast-schema-graph\">{\"@context\":\"https:\/\/schema.org\",\"@graph\":[{\"@type\":\"WebPage\",\"@id\":\"https:\/\/pargikeskus.ee\/ru\/kauplused\/g4s\/\",\"url\":\"https:\/\/pargikeskus.ee\/ru\/kauplused\/g4s\/\",\"name\":\"G4S - Pargi Keskus\",\"isPartOf\":{\"@id\":\"https:\/\/pargikeskus.ee\/ru\/#website\"},\"primaryImageOfPage\":{\"@id\":\"https:\/\/pargikeskus.ee\/ru\/kauplused\/g4s\/#primaryimage\"},\"image\":{\"@id\":\"https:\/\/pargikeskus.ee\/ru\/kauplused\/g4s\/#primaryimage\"},\"thumbnailUrl\":\"https:\/\/pargikeskus.ee\/wp-content\/uploads\/2020\/11\/g4s-250x147.png\",\"datePublished\":\"2020-11-05T12:02:35+00:00\",\"dateModified\":\"2024-08-09T08:38:22+00:00\",\"breadcrumb\":{\"@id\":\"https:\/\/pargikeskus.ee\/ru\/kauplused\/g4s\/#breadcrumb\"},\"inLanguage\":\"ru-RU\",\"potentialAction\":[{\"@type\":\"ReadAction\",\"target\":[\"https:\/\/pargikeskus.ee\/ru\/kauplused\/g4s\/\"]}]},{\"@type\":\"ImageObject\",\"inLanguage\":\"ru-RU\",\"@id\":\"https:\/\/pargikeskus.ee\/ru\/kauplused\/g4s\/#primaryimage\",\"url\":\"https:\/\/pargikeskus.ee\/wp-content\/uploads\/2020\/11\/g4s-250x147.png\",\"contentUrl\":\"https:\/\/pargikeskus.ee\/wp-content\/uploads\/2020\/11\/g4s-250x147.png\"},{\"@type\":\"BreadcrumbList\",\"@id\":\"https:\/\/pargikeskus.ee\/ru\/kauplused\/g4s\/#breadcrumb\",\"itemListElement\":[{\"@type\":\"ListItem\",\"position\":1,\"name\":\"Home\",\"item\":\"https:\/\/pargikeskus.ee\/ru\/\"},{\"@type\":\"ListItem\",\"position\":2,\"name\":\"\u041c\u0430\u0433\u0430\u0437\u0438\u043d\u044b\",\"item\":\"https:\/\/pargikeskus.ee\/ru\/kauplused\/\"},{\"@type\":\"ListItem\",\"position\":3,\"name\":\"G4S\"}]},{\"@type\":\"WebSite\",\"@id\":\"https:\/\/pargikeskus.ee\/ru\/#website\",\"url\":\"https:\/\/pargikeskus.ee\/ru\/\",\"name\":\"Pargi Keskus\",\"description\":\"\",\"potentialAction\":[{\"@type\":\"SearchAction\",\"target\":{\"@type\":\"EntryPoint\",\"urlTemplate\":\"https:\/\/pargikeskus.ee\/ru\/?s={search_term_string}\"},\"query-input\":{\"@type\":\"PropertyValueSpecification\",\"valueRequired\":true,\"valueName\":\"search_term_string\"}}],\"inLanguage\":\"ru-RU\"}]}<\/script>\n<!-- \/ Yoast SEO plugin. -->","yoast_head_json":{"title":"G4S - Pargi Keskus","robots":{"index":"index","follow":"follow","max-snippet":"max-snippet:-1","max-image-preview":"max-image-preview:large","max-video-preview":"max-video-preview:-1"},"canonical":"https:\/\/pargikeskus.ee\/ru\/kauplused\/g4s\/","og_locale":"ru_RU","og_type":"article","og_title":"G4S - Pargi Keskus","og_description":"Avatud E-R 08:00 \u2013 17:00L-P Suletud Kontaktandmed www.g4s.ee\/ G4S G4S on Eesti suurim turvaettev\u00f5te, mis pakub laia valikut teenuseid nii era- kui \u00e4rikliendile.Meie juurest leiad endale sobiva valvelahenduse, olgu selleks siis suure tehasehoonevideovalve\u00a0 koos G4Si juhtimiskeskuse \u00f6\u00f6p\u00e4evaringse j\u00e4lgimisega v\u00f5i nutikas valveteenus Sinukoju. Samuti leiame koos lahenduse, kui vajad turvameeskonda ettev\u00f5tet valvama v\u00f5i \u00fcritusteleturvalisust tagama. G4S [&hellip;]","og_url":"https:\/\/pargikeskus.ee\/ru\/kauplused\/g4s\/","og_site_name":"Pargi Keskus","article_modified_time":"2024-08-09T08:38:22+00:00","og_image":[{"url":"https:\/\/pargikeskus.ee\/wp-content\/uploads\/2020\/11\/g4s-250x147.png","type":"","width":"","height":""}],"twitter_card":"summary_large_image","twitter_misc":{"\u041f\u0440\u0438\u043c\u0435\u0440\u043d\u043e\u0435 \u0432\u0440\u0435\u043c\u044f \u0434\u043b\u044f \u0447\u0442\u0435\u043d\u0438\u044f":"1 \u043c\u0438\u043d\u0443\u0442\u0430"},"schema":{"@context":"https:\/\/schema.org","@graph":[{"@type":"WebPage","@id":"https:\/\/pargikeskus.ee\/ru\/kauplused\/g4s\/","url":"https:\/\/pargikeskus.ee\/ru\/kauplused\/g4s\/","name":"G4S - Pargi Keskus","isPartOf":{"@id":"https:\/\/pargikeskus.ee\/ru\/#website"},"primaryImageOfPage":{"@id":"https:\/\/pargikeskus.ee\/ru\/kauplused\/g4s\/#primaryimage"},"image":{"@id":"https:\/\/pargikeskus.ee\/ru\/kauplused\/g4s\/#primaryimage"},"thumbnailUrl":"https:\/\/pargikeskus.ee\/wp-content\/uploads\/2020\/11\/g4s-250x147.png","datePublished":"2020-11-05T12:02:35+00:00","dateModified":"2024-08-09T08:38:22+00:00","breadcrumb":{"@id":"https:\/\/pargikeskus.ee\/ru\/kauplused\/g4s\/#breadcrumb"},"inLanguage":"ru-RU","potentialAction":[{"@type":"ReadAction","target":["https:\/\/pargikeskus.ee\/ru\/kauplused\/g4s\/"]}]},{"@type":"ImageObject","inLanguage":"ru-RU","@id":"https:\/\/pargikeskus.ee\/ru\/kauplused\/g4s\/#primaryimage","url":"https:\/\/pargikeskus.ee\/wp-content\/uploads\/2020\/11\/g4s-250x147.png","contentUrl":"https:\/\/pargikeskus.ee\/wp-content\/uploads\/2020\/11\/g4s-250x147.png"},{"@type":"BreadcrumbList","@id":"https:\/\/pargikeskus.ee\/ru\/kauplused\/g4s\/#breadcrumb","itemListElement":[{"@type":"ListItem","position":1,"name":"Home","item":"https:\/\/pargikeskus.ee\/ru\/"},{"@type":"ListItem","position":2,"name":"\u041c\u0430\u0433\u0430\u0437\u0438\u043d\u044b","item":"https:\/\/pargikeskus.ee\/ru\/kauplused\/"},{"@type":"ListItem","position":3,"name":"G4S"}]},{"@type":"WebSite","@id":"https:\/\/pargikeskus.ee\/ru\/#website","url":"https:\/\/pargikeskus.ee\/ru\/","name":"Pargi Keskus","description":"","potentialAction":[{"@type":"SearchAction","target":{"@type":"EntryPoint","urlTemplate":"https:\/\/pargikeskus.ee\/ru\/?s={search_term_string}"},"query-input":{"@type":"PropertyValueSpecification","valueRequired":true,"valueName":"search_term_string"}}],"inLanguage":"ru-RU"}]}},"builder_content":"<img src=\"https:\/\/pargikeskus.ee\/wp-content\/uploads\/2020\/11\/g4s-250x147.png\" width=\"250\" height=\"147\" title=\"g4s\" alt=\"g4s\" srcset=\"https:\/\/pargikeskus.ee\/wp-content\/uploads\/2020\/11\/g4s-250x147.png 250w, https:\/\/pargikeskus.ee\/wp-content\/uploads\/2020\/11\/g4s-300x176.png 300w, https:\/\/pargikeskus.ee\/wp-content\/uploads\/2020\/11\/g4s-768x452.png 768w, https:\/\/pargikeskus.ee\/wp-content\/uploads\/2020\/11\/g4s-150x88.png 150w, https:\/\/pargikeskus.ee\/wp-content\/uploads\/2020\/11\/g4s.png 1000w\" sizes=\"(max-width: 250px) 100vw, 250px\" \/>\n<h2>Avatud<\/h2> <p>E-R 08:00 \u2013 17:00<br \/>L-P Suletud<\/p>\n<h2>Kontaktandmed<\/h2> <p><a href=\"https:\/\/g4s.ee\" target=\"_blank\" rel=\"noopener\">www.g4s.ee\/<\/a><\/p>\n<h1>G4S<\/h1> <p>G4S on Eesti suurim turvaettev\u00f5te, mis pakub laia valikut teenuseid nii era- kui \u00e4rikliendile.<br \/>Meie juurest leiad endale sobiva valvelahenduse, olgu selleks siis suure tehasehoone<br \/>videovalve\u00a0 koos G4Si juhtimiskeskuse \u00f6\u00f6p\u00e4evaringse j\u00e4lgimisega v\u00f5i nutikas valveteenus Sinu<br \/>koju. Samuti leiame koos lahenduse, kui vajad turvameeskonda ettev\u00f5tet valvama v\u00f5i \u00fcritustele<br \/>turvalisust tagama. G4S pakub \u00e4rikliendile ka sularaha veo- ja\u00a0 t\u00f6\u00f6tlemise teenust. Meie<br \/>professionaalne meeskond on valmis Sind n\u00f5ustama ja leidma just Sinu soovidele ja<br \/>vajadustele vastava turvalahenduse siinsamas G4S J\u00f5hvi esinduses Pargi keskuse 1. korrusel.<\/p>\n<h2>Asukoht<\/h2>\n<a href=\"https:\/\/pargikeskus.ee\/wp-content\/uploads\/2020\/11\/G4S.jpg\" target=\"_blank\">Link<\/a> \n <img src=\"https:\/\/pargikeskus.ee\/wp-content\/uploads\/2020\/11\/G4S.jpg\" title=\"G4S\" alt=\"G4S\" srcset=\"https:\/\/pargikeskus.ee\/wp-content\/uploads\/2020\/11\/G4S.jpg 1440w, https:\/\/pargikeskus.ee\/wp-content\/uploads\/2020\/11\/G4S-300x231.jpg 300w, https:\/\/pargikeskus.ee\/wp-content\/uploads\/2020\/11\/G4S-1024x787.jpg 1024w, https:\/\/pargikeskus.ee\/wp-content\/uploads\/2020\/11\/G4S-768x590.jpg 768w\" sizes=\"(max-width: 1440px) 100vw, 1440px\" \/>\n<p><\/p>\n<p>[campaign]<\/p>","_links":{"self":[{"href":"https:\/\/pargikeskus.ee\/ru\/wp-json\/wp\/v2\/pages\/1458","targetHints":{"allow":["GET"]}}],"collection":[{"href":"https:\/\/pargikeskus.ee\/ru\/wp-json\/wp\/v2\/pages"}],"about":[{"href":"https:\/\/pargikeskus.ee\/ru\/wp-json\/wp\/v2\/types\/page"}],"author":[{"embeddable":true,"href":"https:\/\/pargikeskus.ee\/ru\/wp-json\/wp\/v2\/users\/1"}],"replies":[{"embeddable":true,"href":"https:\/\/pargikeskus.ee\/ru\/wp-json\/wp\/v2\/comments?post=1458"}],"version-history":[{"count":6,"href":"https:\/\/pargikeskus.ee\/ru\/wp-json\/wp\/v2\/pages\/1458\/revisions"}],"predecessor-version":[{"id":9321,"href":"https:\/\/pargikeskus.ee\/ru\/wp-json\/wp\/v2\/pages\/1458\/revisions\/9321"}],"up":[{"embeddable":true,"href":"https:\/\/pargikeskus.ee\/ru\/wp-json\/wp\/v2\/pages\/1326"}],"wp:attachment":[{"href":"https:\/\/pargikeskus.ee\/ru\/wp-json\/wp\/v2\/media?parent=1458"}],"curies":[{"name":"wp","href":"https:\/\/api.w.org\/{rel}","templated":true}]}}