{"id":1432,"date":"2026-01-12T19:16:33","date_gmt":"2026-01-12T16:16:33","guid":{"rendered":"https:\/\/pargikeskus.ee\/kauplused\/elisa\/"},"modified":"2026-01-12T19:17:26","modified_gmt":"2026-01-12T16:17:26","slug":"elisa","status":"publish","type":"page","link":"https:\/\/pargikeskus.ee\/ru\/kauplused\/elisa\/","title":{"rendered":"Elisa"},"content":{"rendered":"<!--themify_builder_content-->\n<div id=\"themify_builder_content-1432\" data-postid=\"1432\" class=\"themify_builder_content themify_builder_content-1432 themify_builder tf_clear\">\n                    <div  data-css_id=\"vaqq964\" data-lazy=\"1\" class=\"module_row themify_builder_row fullwidth_row_container tb_vaqq964 tb_first tf_w\">\n            <span  class=\"builder_row_cover tf_abs\" data-lazy=\"1\"><\/span>            <div class=\"row_inner col_align_top tb_col_count_1 tf_box tf_rel\">\n                        <div  data-lazy=\"1\" class=\"module_column tb-column col-full tb_t2ft965 first\">\n                            <\/div>\n                        <\/div>\n        <\/div>\n                        <div  data-lazy=\"1\" class=\"module_row themify_builder_row tb_o2sl583 tf_w\">\n                        <div class=\"row_inner col_align_top tb_col_count_3 tf_box tf_rel\">\n                        <div  data-lazy=\"1\" class=\"module_column tb-column col4-1 tb_eakw585 first\">\n                    <!-- module image -->\n<div  class=\"module module-image tb_sioz771 image-top   tf_mw\" data-lazy=\"1\">\n        <div class=\"image-wrap tf_rel tf_mw\">\n            <img loading=\"lazy\" decoding=\"async\" src=\"https:\/\/pargikeskus.ee\/wp-content\/uploads\/2020\/11\/Elisa-250x97.png\" width=\"250\" height=\"97\" class=\"wp-post-image wp-image-9313\" title=\"Elisa\" alt=\"Elisa\" srcset=\"https:\/\/pargikeskus.ee\/wp-content\/uploads\/2020\/11\/Elisa-250x97.png 250w, https:\/\/pargikeskus.ee\/wp-content\/uploads\/2020\/11\/Elisa-300x117.png 300w, https:\/\/pargikeskus.ee\/wp-content\/uploads\/2020\/11\/Elisa-768x300.png 768w, https:\/\/pargikeskus.ee\/wp-content\/uploads\/2020\/11\/Elisa.png 1000w\" sizes=\"auto, (max-width: 250px) 100vw, 250px\" \/>    \n        <\/div>\n    <!-- \/image-wrap -->\n    \n        <\/div>\n<!-- \/module image --><!-- module text -->\n<div  class=\"module module-text tb_okrb801   \" data-lazy=\"1\">\n        <div  class=\"tb_text_wrap\">\n        <h2>Avatud<\/h2>\n<p>E-L 10:00 \u2013 20:00<br \/>P 10:00 \u2013 19:00<\/p>    <\/div>\n<\/div>\n<!-- \/module text --><!-- module text -->\n<div  class=\"module module-text tb_kigd663   \" data-lazy=\"1\">\n        <div  class=\"tb_text_wrap\">\n        <h2>Kontaktandmed<\/h2>\n<p>Erakliendile: <a href=\"tel:+3726600600\">6 600 600<\/a><br \/>E-P 07:00 &#8212; 23:00<\/p>\n<p>\u00c4rikliendile: <a href=\"tel:+3726600620\">6 600 620<\/a><br \/>E-R 08:30 &#8212; 18:00<\/p>\n<p>Seadme abi: <a href=\"tel:+3729001919\">900 1919<\/a><br \/>E-R 09:00 &#8212; 19:30<br \/>K\u00f5ne hind 0.5 \u20ac\/min<\/p>\n<p><a href=\"https:\/\/elisa.ee\" target=\"_blank\" rel=\"noopener\">www.elisa.ee<\/a><\/p>    <\/div>\n<\/div>\n<!-- \/module text -->        <\/div>\n                    <div  data-lazy=\"1\" class=\"module_column tb-column col4-2 tb_vsql267\">\n                    <!-- module text -->\n<div  class=\"module module-text tb_1aer314   \" data-lazy=\"1\">\n        <div  class=\"tb_text_wrap\">\n        <h1>Elisa<\/h1>\n<p>Elisa m\u00fc\u00fcgiesindusest saad k\u00f5ik, mida suhtlemiseks vajad: k\u00f5nepaketi ja interneti nii mobiili kui ka arvutisse ja muidugi k\u00f5ikv\u00f5imalikud lisateenused. M\u00fc\u00fcme suures valikus mobiiltelefone, tahvelarvuteid, lisavarustust ja seadmeid.<\/p>\n<p>Lisaks on Elisas n\u00fc\u00fcd saadaval elamuste rohked TV paketid ja telerid igale maitsele. Kui sinu majja kaablid ei ulatu, saad kasutada Elisa \u00fcle \u00f5hu levivat televisiooni ja internetti. Lihtne!<\/p>\n<p>Elisa toob p\u00f5neva meelelahutuse ja kiire interneti sinuni igal ajal, igal pool ja igal ekraanil. Tule Elisa esindusse ja vali oma elamus!<\/p>    <\/div>\n<\/div>\n<!-- \/module text -->        <\/div>\n                    <div  data-lazy=\"1\" class=\"module_column tb-column col4-1 tb_5dk8978 last\">\n                    <!-- module text -->\n<div  class=\"module module-text tb_yodt295   \" data-lazy=\"1\">\n        <div  class=\"tb_text_wrap\">\n        <h2>Asukoht<\/h2>    <\/div>\n<\/div>\n<!-- \/module text --><!-- module image pro -->\n<div  class=\"module module-pro-image tb_57uv26 filter-none effect-shine   tf_textc   entrance-effect-fadeIn\" data-lazy=\"1\" data-entrance-effect=\"fadeIn\" data-exit-effect=\"fadeOut\" >\n\t\n    <div class=\"image-pro-wrap tf_rel tf_overflow tf_inline_b\">\n\t\t\t\t\t<a class=\"image-pro-external themify_lightbox tf_abs tf_w tf_h\" href=\"https:\/\/pargikeskus.ee\/wp-content\/uploads\/2020\/11\/elisa.jpg\" target=\"_blank\"><span class=\"screen-reader-text\">Link<\/span><\/a>\n\t\t   \t\t<div class=\"image-pro-flip-box-wrap tf_rel tf_w tf_overflow\">\n\t\t\t<div class=\"image-pro-flip-box tf_rel\">\n\n\t\t\t\t<img loading=\"lazy\" decoding=\"async\" width=\"1440\" height=\"1107\" src=\"https:\/\/pargikeskus.ee\/wp-content\/uploads\/2020\/11\/elisa.jpg\" class=\"wp-post-image wp-image-1433\" title=\"elisa\" alt=\"elisa\" srcset=\"https:\/\/pargikeskus.ee\/wp-content\/uploads\/2020\/11\/elisa.jpg 1440w, https:\/\/pargikeskus.ee\/wp-content\/uploads\/2020\/11\/elisa-300x231.jpg 300w, https:\/\/pargikeskus.ee\/wp-content\/uploads\/2020\/11\/elisa-1024x787.jpg 1024w, https:\/\/pargikeskus.ee\/wp-content\/uploads\/2020\/11\/elisa-768x590.jpg 768w\" sizes=\"auto, (max-width: 1440px) 100vw, 1440px\" \/>\n\t\t\t\t\n\t\t\t<\/div>\n\t\t<\/div>\n\n    <\/div><!-- .image-pro-wrap -->\n\n\t\n\t\n\t<\/div><!-- \/module image pro --><!-- module text -->\n<div  class=\"module module-text tb_6zlg979   \" data-lazy=\"1\">\n        <div  class=\"tb_text_wrap\">\n        <p><span id=\"kampaania\"><\/span><\/p>\n    <\/div>\n<\/div>\n<!-- \/module text --><!-- module text -->\n<div  class=\"module module-text tb_7oum34   \" data-lazy=\"1\">\n        <div  class=\"tb_text_wrap\">\n            <\/div>\n<\/div>\n<!-- \/module text -->        <\/div>\n                        <\/div>\n        <\/div>\n        <\/div>\n<!--\/themify_builder_content-->","protected":false},"excerpt":{"rendered":"<p>Avatud E-L 10:00 \u2013 20:00P 10:00 \u2013 19:00<\/p>\n","protected":false},"author":1,"featured_media":0,"parent":1326,"menu_order":0,"comment_status":"closed","ping_status":"closed","template":"","meta":{"footnotes":""},"class_list":["post-1432","page","type-page","status-publish","hentry","has-post-title","has-post-date","has-post-category","has-post-tag","has-post-comment","has-post-author",""],"yoast_head":"<!-- This site is optimized with the Yoast SEO plugin v27.2 - https:\/\/yoast.com\/product\/yoast-seo-wordpress\/ -->\n<title>Elisa Pargi Keskuses \u2013 telekommunikatsioon ja nutiseadmed J\u00f5hvis | Pargi Keskus<\/title>\n<meta name=\"description\" content=\"Elisa Pargi Keskuses J\u00f5hvis pakub telekommunikatsiooni, nutiseadmeid ja teenuseid. Leia paketid, nutitelefonid ja professionaalne klienditugi mugavalt Pargi Keskuses.\" \/>\n<meta name=\"robots\" content=\"index, follow, max-snippet:-1, max-image-preview:large, max-video-preview:-1\" \/>\n<link rel=\"canonical\" href=\"https:\/\/pargikeskus.ee\/ru\/kauplused\/elisa\/\" \/>\n<meta property=\"og:locale\" content=\"ru_RU\" \/>\n<meta property=\"og:type\" content=\"article\" \/>\n<meta property=\"og:title\" content=\"Elisa Pargi Keskuses \u2013 telekommunikatsioon ja nutiseadmed J\u00f5hvis | Pargi Keskus\" \/>\n<meta property=\"og:description\" content=\"Elisa Pargi Keskuses J\u00f5hvis pakub telekommunikatsiooni, nutiseadmeid ja teenuseid. Leia paketid, nutitelefonid ja professionaalne klienditugi mugavalt Pargi Keskuses.\" \/>\n<meta property=\"og:url\" content=\"https:\/\/pargikeskus.ee\/ru\/kauplused\/elisa\/\" \/>\n<meta property=\"og:site_name\" content=\"Pargi Keskus\" \/>\n<meta property=\"article:modified_time\" content=\"2026-01-12T16:17:26+00:00\" \/>\n<meta property=\"og:image\" content=\"https:\/\/pargikeskus.ee\/wp-content\/uploads\/2020\/11\/Elisa-250x97.png\" \/>\n<meta name=\"twitter:card\" content=\"summary_large_image\" \/>\n<meta name=\"twitter:label1\" content=\"\u041f\u0440\u0438\u043c\u0435\u0440\u043d\u043e\u0435 \u0432\u0440\u0435\u043c\u044f \u0434\u043b\u044f \u0447\u0442\u0435\u043d\u0438\u044f\" \/>\n\t<meta name=\"twitter:data1\" content=\"1 \u043c\u0438\u043d\u0443\u0442\u0430\" \/>\n<script type=\"application\/ld+json\" class=\"yoast-schema-graph\">{\"@context\":\"https:\/\/schema.org\",\"@graph\":[{\"@type\":\"WebPage\",\"@id\":\"https:\/\/pargikeskus.ee\/ru\/kauplused\/elisa\/\",\"url\":\"https:\/\/pargikeskus.ee\/ru\/kauplused\/elisa\/\",\"name\":\"Elisa Pargi Keskuses \u2013 telekommunikatsioon ja nutiseadmed J\u00f5hvis | Pargi Keskus\",\"isPartOf\":{\"@id\":\"https:\/\/pargikeskus.ee\/ru\/#website\"},\"primaryImageOfPage\":{\"@id\":\"https:\/\/pargikeskus.ee\/ru\/kauplused\/elisa\/#primaryimage\"},\"image\":{\"@id\":\"https:\/\/pargikeskus.ee\/ru\/kauplused\/elisa\/#primaryimage\"},\"thumbnailUrl\":\"https:\/\/pargikeskus.ee\/wp-content\/uploads\/2020\/11\/Elisa-250x97.png\",\"datePublished\":\"2026-01-12T16:16:33+00:00\",\"dateModified\":\"2026-01-12T16:17:26+00:00\",\"description\":\"Elisa Pargi Keskuses J\u00f5hvis pakub telekommunikatsiooni, nutiseadmeid ja teenuseid. Leia paketid, nutitelefonid ja professionaalne klienditugi mugavalt Pargi Keskuses.\",\"breadcrumb\":{\"@id\":\"https:\/\/pargikeskus.ee\/ru\/kauplused\/elisa\/#breadcrumb\"},\"inLanguage\":\"ru-RU\",\"potentialAction\":[{\"@type\":\"ReadAction\",\"target\":[\"https:\/\/pargikeskus.ee\/ru\/kauplused\/elisa\/\"]}]},{\"@type\":\"ImageObject\",\"inLanguage\":\"ru-RU\",\"@id\":\"https:\/\/pargikeskus.ee\/ru\/kauplused\/elisa\/#primaryimage\",\"url\":\"https:\/\/pargikeskus.ee\/wp-content\/uploads\/2020\/11\/Elisa-250x97.png\",\"contentUrl\":\"https:\/\/pargikeskus.ee\/wp-content\/uploads\/2020\/11\/Elisa-250x97.png\"},{\"@type\":\"BreadcrumbList\",\"@id\":\"https:\/\/pargikeskus.ee\/ru\/kauplused\/elisa\/#breadcrumb\",\"itemListElement\":[{\"@type\":\"ListItem\",\"position\":1,\"name\":\"Home\",\"item\":\"https:\/\/pargikeskus.ee\/ru\/\"},{\"@type\":\"ListItem\",\"position\":2,\"name\":\"\u041c\u0430\u0433\u0430\u0437\u0438\u043d\u044b\",\"item\":\"https:\/\/pargikeskus.ee\/ru\/kauplused\/\"},{\"@type\":\"ListItem\",\"position\":3,\"name\":\"Elisa\"}]},{\"@type\":\"WebSite\",\"@id\":\"https:\/\/pargikeskus.ee\/ru\/#website\",\"url\":\"https:\/\/pargikeskus.ee\/ru\/\",\"name\":\"Pargi Keskus\",\"description\":\"\",\"potentialAction\":[{\"@type\":\"SearchAction\",\"target\":{\"@type\":\"EntryPoint\",\"urlTemplate\":\"https:\/\/pargikeskus.ee\/ru\/?s={search_term_string}\"},\"query-input\":{\"@type\":\"PropertyValueSpecification\",\"valueRequired\":true,\"valueName\":\"search_term_string\"}}],\"inLanguage\":\"ru-RU\"}]}<\/script>\n<!-- \/ Yoast SEO plugin. -->","yoast_head_json":{"title":"Elisa Pargi Keskuses \u2013 telekommunikatsioon ja nutiseadmed J\u00f5hvis | Pargi Keskus","description":"Elisa Pargi Keskuses J\u00f5hvis pakub telekommunikatsiooni, nutiseadmeid ja teenuseid. Leia paketid, nutitelefonid ja professionaalne klienditugi mugavalt Pargi Keskuses.","robots":{"index":"index","follow":"follow","max-snippet":"max-snippet:-1","max-image-preview":"max-image-preview:large","max-video-preview":"max-video-preview:-1"},"canonical":"https:\/\/pargikeskus.ee\/ru\/kauplused\/elisa\/","og_locale":"ru_RU","og_type":"article","og_title":"Elisa Pargi Keskuses \u2013 telekommunikatsioon ja nutiseadmed J\u00f5hvis | Pargi Keskus","og_description":"Elisa Pargi Keskuses J\u00f5hvis pakub telekommunikatsiooni, nutiseadmeid ja teenuseid. Leia paketid, nutitelefonid ja professionaalne klienditugi mugavalt Pargi Keskuses.","og_url":"https:\/\/pargikeskus.ee\/ru\/kauplused\/elisa\/","og_site_name":"Pargi Keskus","article_modified_time":"2026-01-12T16:17:26+00:00","og_image":[{"url":"https:\/\/pargikeskus.ee\/wp-content\/uploads\/2020\/11\/Elisa-250x97.png","type":"","width":"","height":""}],"twitter_card":"summary_large_image","twitter_misc":{"\u041f\u0440\u0438\u043c\u0435\u0440\u043d\u043e\u0435 \u0432\u0440\u0435\u043c\u044f \u0434\u043b\u044f \u0447\u0442\u0435\u043d\u0438\u044f":"1 \u043c\u0438\u043d\u0443\u0442\u0430"},"schema":{"@context":"https:\/\/schema.org","@graph":[{"@type":"WebPage","@id":"https:\/\/pargikeskus.ee\/ru\/kauplused\/elisa\/","url":"https:\/\/pargikeskus.ee\/ru\/kauplused\/elisa\/","name":"Elisa Pargi Keskuses \u2013 telekommunikatsioon ja nutiseadmed J\u00f5hvis | Pargi Keskus","isPartOf":{"@id":"https:\/\/pargikeskus.ee\/ru\/#website"},"primaryImageOfPage":{"@id":"https:\/\/pargikeskus.ee\/ru\/kauplused\/elisa\/#primaryimage"},"image":{"@id":"https:\/\/pargikeskus.ee\/ru\/kauplused\/elisa\/#primaryimage"},"thumbnailUrl":"https:\/\/pargikeskus.ee\/wp-content\/uploads\/2020\/11\/Elisa-250x97.png","datePublished":"2026-01-12T16:16:33+00:00","dateModified":"2026-01-12T16:17:26+00:00","description":"Elisa Pargi Keskuses J\u00f5hvis pakub telekommunikatsiooni, nutiseadmeid ja teenuseid. Leia paketid, nutitelefonid ja professionaalne klienditugi mugavalt Pargi Keskuses.","breadcrumb":{"@id":"https:\/\/pargikeskus.ee\/ru\/kauplused\/elisa\/#breadcrumb"},"inLanguage":"ru-RU","potentialAction":[{"@type":"ReadAction","target":["https:\/\/pargikeskus.ee\/ru\/kauplused\/elisa\/"]}]},{"@type":"ImageObject","inLanguage":"ru-RU","@id":"https:\/\/pargikeskus.ee\/ru\/kauplused\/elisa\/#primaryimage","url":"https:\/\/pargikeskus.ee\/wp-content\/uploads\/2020\/11\/Elisa-250x97.png","contentUrl":"https:\/\/pargikeskus.ee\/wp-content\/uploads\/2020\/11\/Elisa-250x97.png"},{"@type":"BreadcrumbList","@id":"https:\/\/pargikeskus.ee\/ru\/kauplused\/elisa\/#breadcrumb","itemListElement":[{"@type":"ListItem","position":1,"name":"Home","item":"https:\/\/pargikeskus.ee\/ru\/"},{"@type":"ListItem","position":2,"name":"\u041c\u0430\u0433\u0430\u0437\u0438\u043d\u044b","item":"https:\/\/pargikeskus.ee\/ru\/kauplused\/"},{"@type":"ListItem","position":3,"name":"Elisa"}]},{"@type":"WebSite","@id":"https:\/\/pargikeskus.ee\/ru\/#website","url":"https:\/\/pargikeskus.ee\/ru\/","name":"Pargi Keskus","description":"","potentialAction":[{"@type":"SearchAction","target":{"@type":"EntryPoint","urlTemplate":"https:\/\/pargikeskus.ee\/ru\/?s={search_term_string}"},"query-input":{"@type":"PropertyValueSpecification","valueRequired":true,"valueName":"search_term_string"}}],"inLanguage":"ru-RU"}]}},"builder_content":"<img src=\"https:\/\/pargikeskus.ee\/wp-content\/uploads\/2020\/11\/Elisa-250x97.png\" width=\"250\" height=\"97\" title=\"Elisa\" alt=\"Elisa\" srcset=\"https:\/\/pargikeskus.ee\/wp-content\/uploads\/2020\/11\/Elisa-250x97.png 250w, https:\/\/pargikeskus.ee\/wp-content\/uploads\/2020\/11\/Elisa-300x117.png 300w, https:\/\/pargikeskus.ee\/wp-content\/uploads\/2020\/11\/Elisa-768x300.png 768w, https:\/\/pargikeskus.ee\/wp-content\/uploads\/2020\/11\/Elisa.png 1000w\" sizes=\"(max-width: 250px) 100vw, 250px\" \/>\n<h2>Avatud<\/h2> <p>E-L 10:00 \u2013 20:00<br \/>P 10:00 \u2013 19:00<\/p>\n<h2>Kontaktandmed<\/h2> <p>Erakliendile: <a href=\"tel:+3726600600\">6 600 600<\/a><br \/>E-P 07:00 - 23:00<\/p> <p>\u00c4rikliendile: <a href=\"tel:+3726600620\">6 600 620<\/a><br \/>E-R 08:30 - 18:00<\/p> <p>Seadme abi: <a href=\"tel:+3729001919\">900 1919<\/a><br \/>E-R 09:00 - 19:30<br \/>K\u00f5ne hind 0.5 \u20ac\/min<\/p> <p><a href=\"https:\/\/elisa.ee\" target=\"_blank\" rel=\"noopener\">www.elisa.ee<\/a><\/p>\n<h1>Elisa<\/h1> <p>Elisa m\u00fc\u00fcgiesindusest saad k\u00f5ik, mida suhtlemiseks vajad: k\u00f5nepaketi ja interneti nii mobiili kui ka arvutisse ja muidugi k\u00f5ikv\u00f5imalikud lisateenused. M\u00fc\u00fcme suures valikus mobiiltelefone, tahvelarvuteid, lisavarustust ja seadmeid.<\/p> <p>Lisaks on Elisas n\u00fc\u00fcd saadaval elamuste rohked TV paketid ja telerid igale maitsele. Kui sinu majja kaablid ei ulatu, saad kasutada Elisa \u00fcle \u00f5hu levivat televisiooni ja internetti. Lihtne!<\/p> <p>Elisa toob p\u00f5neva meelelahutuse ja kiire interneti sinuni igal ajal, igal pool ja igal ekraanil. Tule Elisa esindusse ja vali oma elamus!<\/p>\n<h2>Asukoht<\/h2>\n<a href=\"https:\/\/pargikeskus.ee\/wp-content\/uploads\/2020\/11\/elisa.jpg\" target=\"_blank\">Link<\/a> \n <img src=\"https:\/\/pargikeskus.ee\/wp-content\/uploads\/2020\/11\/elisa.jpg\" title=\"elisa\" alt=\"elisa\" srcset=\"https:\/\/pargikeskus.ee\/wp-content\/uploads\/2020\/11\/elisa.jpg 1440w, https:\/\/pargikeskus.ee\/wp-content\/uploads\/2020\/11\/elisa-300x231.jpg 300w, https:\/\/pargikeskus.ee\/wp-content\/uploads\/2020\/11\/elisa-1024x787.jpg 1024w, https:\/\/pargikeskus.ee\/wp-content\/uploads\/2020\/11\/elisa-768x590.jpg 768w\" sizes=\"(max-width: 1440px) 100vw, 1440px\" \/>\n<p><\/p>\n<p>[campaign]<\/p>","_links":{"self":[{"href":"https:\/\/pargikeskus.ee\/ru\/wp-json\/wp\/v2\/pages\/1432","targetHints":{"allow":["GET"]}}],"collection":[{"href":"https:\/\/pargikeskus.ee\/ru\/wp-json\/wp\/v2\/pages"}],"about":[{"href":"https:\/\/pargikeskus.ee\/ru\/wp-json\/wp\/v2\/types\/page"}],"author":[{"embeddable":true,"href":"https:\/\/pargikeskus.ee\/ru\/wp-json\/wp\/v2\/users\/1"}],"replies":[{"embeddable":true,"href":"https:\/\/pargikeskus.ee\/ru\/wp-json\/wp\/v2\/comments?post=1432"}],"version-history":[{"count":8,"href":"https:\/\/pargikeskus.ee\/ru\/wp-json\/wp\/v2\/pages\/1432\/revisions"}],"predecessor-version":[{"id":11473,"href":"https:\/\/pargikeskus.ee\/ru\/wp-json\/wp\/v2\/pages\/1432\/revisions\/11473"}],"up":[{"embeddable":true,"href":"https:\/\/pargikeskus.ee\/ru\/wp-json\/wp\/v2\/pages\/1326"}],"wp:attachment":[{"href":"https:\/\/pargikeskus.ee\/ru\/wp-json\/wp\/v2\/media?parent=1432"}],"curies":[{"name":"wp","href":"https:\/\/api.w.org\/{rel}","templated":true}]}}