{"id":1417,"date":"2026-01-12T12:55:10","date_gmt":"2026-01-12T09:55:10","guid":{"rendered":"https:\/\/pargikeskus.ee\/kauplused\/denim-dream\/"},"modified":"2026-01-12T12:56:08","modified_gmt":"2026-01-12T09:56:08","slug":"denim-dream","status":"publish","type":"page","link":"https:\/\/pargikeskus.ee\/ru\/kauplused\/denim-dream\/","title":{"rendered":"Denim Dream"},"content":{"rendered":"<!--themify_builder_content-->\n<div id=\"themify_builder_content-1417\" data-postid=\"1417\" class=\"themify_builder_content themify_builder_content-1417 themify_builder tf_clear\">\n                    <div  data-css_id=\"vaqq964\" data-lazy=\"1\" class=\"module_row themify_builder_row fullwidth_row_container tb_vaqq964 tb_first tf_w\">\n            <span  class=\"builder_row_cover tf_abs\" data-lazy=\"1\"><\/span>            <div class=\"row_inner col_align_top tb_col_count_1 tf_box tf_rel\">\n                        <div  data-lazy=\"1\" class=\"module_column tb-column col-full tb_t2ft965 first\">\n                            <\/div>\n                        <\/div>\n        <\/div>\n                        <div  data-lazy=\"1\" class=\"module_row themify_builder_row tb_o2sl583 tf_w\">\n                        <div class=\"row_inner col_align_top tb_col_count_3 tf_box tf_rel\">\n                        <div  data-lazy=\"1\" class=\"module_column tb-column col4-1 tb_eakw585 first\">\n                    <!-- module image -->\n<div  class=\"module module-image tb_sioz771 image-top   tf_mw\" data-lazy=\"1\">\n        <div class=\"image-wrap tf_rel tf_mw\">\n            <img loading=\"lazy\" decoding=\"async\" src=\"https:\/\/pargikeskus.ee\/wp-content\/uploads\/2020\/11\/Denim-Dream-250x48.png\" width=\"250\" height=\"48\" class=\"wp-post-image wp-image-1421\" title=\"Denim-Dream\" alt=\"Denim-Dream\" srcset=\"https:\/\/pargikeskus.ee\/wp-content\/uploads\/2020\/11\/Denim-Dream-250x48.png 250w, https:\/\/pargikeskus.ee\/wp-content\/uploads\/2020\/11\/Denim-Dream-300x58.png 300w, https:\/\/pargikeskus.ee\/wp-content\/uploads\/2020\/11\/Denim-Dream-768x149.png 768w, https:\/\/pargikeskus.ee\/wp-content\/uploads\/2020\/11\/Denim-Dream-350x67.png 350w, https:\/\/pargikeskus.ee\/wp-content\/uploads\/2020\/11\/Denim-Dream.png 1000w\" sizes=\"auto, (max-width: 250px) 100vw, 250px\" \/>    \n        <\/div>\n    <!-- \/image-wrap -->\n    \n        <\/div>\n<!-- \/module image --><!-- module text -->\n<div  class=\"module module-text tb_okrb801   \" data-lazy=\"1\">\n        <div  class=\"tb_text_wrap\">\n        <h2>Avatud<\/h2>\n<p>E-L 10:00 \u2013 20:00<br \/>P 10:00 \u2013 19:00<\/p>    <\/div>\n<\/div>\n<!-- \/module text --><!-- module text -->\n<div  class=\"module module-text tb_kigd663   \" data-lazy=\"1\">\n        <div  class=\"tb_text_wrap\">\n        <h2>Kontaktandmed<\/h2>\n<p><a href=\"tel:+37255503280\">+372 55503280<\/a><br \/><a href=\"mailto:pargi.dd@denimdream.ee\">pargi.dd@denimdream.ee<\/a><br \/><a href=\"https:\/\/denimdream.com\" target=\"_blank\" rel=\"noopener\">www.denimdream.com<\/a><\/p>\n<p><a href=\"https:\/\/www.instagram.com\/denimdreamstores\/\" target=\"_blank\" rel=\"noopener\">Instagram<\/a><br \/><a href=\"https:\/\/www.facebook.com\/denimdream\" target=\"_blank\" rel=\"noopener\">Facebook<\/a><br \/><a href=\"https:\/\/www.youtube.com\/user\/DenimDreamStores\" target=\"_blank\" rel=\"noopener\">Youtube<\/a><\/p>    <\/div>\n<\/div>\n<!-- \/module text -->        <\/div>\n                    <div  data-lazy=\"1\" class=\"module_column tb-column col4-2 tb_vsql267\">\n                    <!-- module text -->\n<div  class=\"module module-text tb_1aer314   \" data-lazy=\"1\">\n        <div  class=\"tb_text_wrap\">\n        <h1>Denim Dream<\/h1>\n<p>Denim Dreami kauplustekett on tuntud mitmek\u00fclgse br\u00e4ndivaliku poolest terves Baltikumis, pakkudes klientidele nii maailmakuulsaid trendibr\u00e4nde kui ka klassikalisemaid moebr\u00e4nde, nagu Guess, Tommy Hilfiger, Pepe Jeans, Calvin Klein, Diesel, Mustang, Tom Tailor ja Lee Cooper. Meie eesm\u00e4rk on kliente r\u00f5\u00f5mustada, pakkudes neile unustamatuid moeelamusi ning suurep\u00e4rast personaalset teenindust, et muuta kogu ostuprotsess v\u00f5imalikult lihtsaks ning mugavaks. Kohtumiseni Denim Dreami kauplustes!<\/p>    <\/div>\n<\/div>\n<!-- \/module text -->        <\/div>\n                    <div  data-lazy=\"1\" class=\"module_column tb-column col4-1 tb_3f5g68 last\">\n                    <!-- module text -->\n<div  class=\"module module-text tb_yodt295   \" data-lazy=\"1\">\n        <div  class=\"tb_text_wrap\">\n        <h2>Asukoht<\/h2>    <\/div>\n<\/div>\n<!-- \/module text --><!-- module image pro -->\n<div  class=\"module module-pro-image tb_57uv26 filter-none effect-shine   tf_textc   entrance-effect-fadeIn\" data-lazy=\"1\" data-entrance-effect=\"fadeIn\" data-exit-effect=\"fadeOut\" >\n\t\n    <div class=\"image-pro-wrap tf_rel tf_overflow tf_inline_b\">\n\t\t\t\t\t<a class=\"image-pro-external themify_lightbox tf_abs tf_w tf_h\" href=\"https:\/\/pargikeskus.ee\/wp-content\/uploads\/2020\/11\/Denim-Dream.jpg\" target=\"_blank\"><span class=\"screen-reader-text\">Link<\/span><\/a>\n\t\t   \t\t<div class=\"image-pro-flip-box-wrap tf_rel tf_w tf_overflow\">\n\t\t\t<div class=\"image-pro-flip-box tf_rel\">\n\n\t\t\t\t<img loading=\"lazy\" decoding=\"async\" width=\"1440\" height=\"1107\" src=\"https:\/\/pargikeskus.ee\/wp-content\/uploads\/2020\/11\/Denim-Dream.jpg\" class=\"wp-post-image wp-image-508\" title=\"Denim-Dream\" alt=\"Denim-Dream\" srcset=\"https:\/\/pargikeskus.ee\/wp-content\/uploads\/2020\/11\/Denim-Dream.jpg 1440w, https:\/\/pargikeskus.ee\/wp-content\/uploads\/2020\/11\/Denim-Dream-300x231.jpg 300w, https:\/\/pargikeskus.ee\/wp-content\/uploads\/2020\/11\/Denim-Dream-1024x787.jpg 1024w, https:\/\/pargikeskus.ee\/wp-content\/uploads\/2020\/11\/Denim-Dream-768x590.jpg 768w\" sizes=\"auto, (max-width: 1440px) 100vw, 1440px\" \/>\n\t\t\t\t\n\t\t\t<\/div>\n\t\t<\/div>\n\n    <\/div><!-- .image-pro-wrap -->\n\n\t\n\t\n\t<\/div><!-- \/module image pro --><!-- module text -->\n<div  class=\"module module-text tb_kunv69   \" data-lazy=\"1\">\n        <div  class=\"tb_text_wrap\">\n        <p><span id=\"kampaania\"><\/span><\/p>\n    <\/div>\n<\/div>\n<!-- \/module text --><!-- module text -->\n<div  class=\"module module-text tb_wo2l263   \" data-lazy=\"1\">\n        <div  class=\"tb_text_wrap\">\n            <\/div>\n<\/div>\n<!-- \/module text -->        <\/div>\n                        <\/div>\n        <\/div>\n        <\/div>\n<!--\/themify_builder_content-->","protected":false},"excerpt":{"rendered":"<p>Avatud E-L 10:00 \u2013 20:00P 10:00 \u2013 19:00<\/p>\n","protected":false},"author":1,"featured_media":0,"parent":1326,"menu_order":0,"comment_status":"closed","ping_status":"closed","template":"","meta":{"footnotes":""},"class_list":["post-1417","page","type-page","status-publish","hentry","has-post-title","has-post-date","has-post-category","has-post-tag","has-post-comment","has-post-author",""],"yoast_head":"<!-- This site is optimized with the Yoast SEO plugin v27.2 - https:\/\/yoast.com\/product\/yoast-seo-wordpress\/ -->\n<title>Denim Dream Pargi Keskuses \u2013 Teksad, Jakid &amp; Trendikas Streetwear J\u00f5hvis | Pargi Keskus<\/title>\n<meta name=\"description\" content=\"Denim Dream Pargi Keskuses J\u00f5hvis pakub laia valikut teksaseid, jakke ja trendikat streetwear\u2019i nii meestele kui naistele. Tule ostlema Ida-Virumaal!\" \/>\n<meta name=\"robots\" content=\"index, follow, max-snippet:-1, max-image-preview:large, max-video-preview:-1\" \/>\n<link rel=\"canonical\" href=\"https:\/\/pargikeskus.ee\/ru\/kauplused\/denim-dream\/\" \/>\n<meta property=\"og:locale\" content=\"ru_RU\" \/>\n<meta property=\"og:type\" content=\"article\" \/>\n<meta property=\"og:title\" content=\"Denim Dream Pargi Keskuses \u2013 Teksad, Jakid &amp; Trendikas Streetwear J\u00f5hvis | Pargi Keskus\" \/>\n<meta property=\"og:description\" content=\"Denim Dream Pargi Keskuses J\u00f5hvis pakub laia valikut teksaseid, jakke ja trendikat streetwear\u2019i nii meestele kui naistele. Tule ostlema Ida-Virumaal!\" \/>\n<meta property=\"og:url\" content=\"https:\/\/pargikeskus.ee\/ru\/kauplused\/denim-dream\/\" \/>\n<meta property=\"og:site_name\" content=\"Pargi Keskus\" \/>\n<meta property=\"article:modified_time\" content=\"2026-01-12T09:56:08+00:00\" \/>\n<meta property=\"og:image\" content=\"https:\/\/pargikeskus.ee\/wp-content\/uploads\/2020\/11\/Denim-Dream-250x48.png\" \/>\n<meta name=\"twitter:card\" content=\"summary_large_image\" \/>\n<script type=\"application\/ld+json\" class=\"yoast-schema-graph\">{\"@context\":\"https:\/\/schema.org\",\"@graph\":[{\"@type\":\"WebPage\",\"@id\":\"https:\/\/pargikeskus.ee\/ru\/kauplused\/denim-dream\/\",\"url\":\"https:\/\/pargikeskus.ee\/ru\/kauplused\/denim-dream\/\",\"name\":\"Denim Dream Pargi Keskuses \u2013 Teksad, Jakid & Trendikas Streetwear J\u00f5hvis | Pargi Keskus\",\"isPartOf\":{\"@id\":\"https:\/\/pargikeskus.ee\/ru\/#website\"},\"primaryImageOfPage\":{\"@id\":\"https:\/\/pargikeskus.ee\/ru\/kauplused\/denim-dream\/#primaryimage\"},\"image\":{\"@id\":\"https:\/\/pargikeskus.ee\/ru\/kauplused\/denim-dream\/#primaryimage\"},\"thumbnailUrl\":\"https:\/\/pargikeskus.ee\/wp-content\/uploads\/2020\/11\/Denim-Dream-250x48.png\",\"datePublished\":\"2026-01-12T09:55:10+00:00\",\"dateModified\":\"2026-01-12T09:56:08+00:00\",\"description\":\"Denim Dream Pargi Keskuses J\u00f5hvis pakub laia valikut teksaseid, jakke ja trendikat streetwear\u2019i nii meestele kui naistele. Tule ostlema Ida-Virumaal!\",\"breadcrumb\":{\"@id\":\"https:\/\/pargikeskus.ee\/ru\/kauplused\/denim-dream\/#breadcrumb\"},\"inLanguage\":\"ru-RU\",\"potentialAction\":[{\"@type\":\"ReadAction\",\"target\":[\"https:\/\/pargikeskus.ee\/ru\/kauplused\/denim-dream\/\"]}]},{\"@type\":\"ImageObject\",\"inLanguage\":\"ru-RU\",\"@id\":\"https:\/\/pargikeskus.ee\/ru\/kauplused\/denim-dream\/#primaryimage\",\"url\":\"https:\/\/pargikeskus.ee\/wp-content\/uploads\/2020\/11\/Denim-Dream-250x48.png\",\"contentUrl\":\"https:\/\/pargikeskus.ee\/wp-content\/uploads\/2020\/11\/Denim-Dream-250x48.png\"},{\"@type\":\"BreadcrumbList\",\"@id\":\"https:\/\/pargikeskus.ee\/ru\/kauplused\/denim-dream\/#breadcrumb\",\"itemListElement\":[{\"@type\":\"ListItem\",\"position\":1,\"name\":\"Home\",\"item\":\"https:\/\/pargikeskus.ee\/ru\/\"},{\"@type\":\"ListItem\",\"position\":2,\"name\":\"\u041c\u0430\u0433\u0430\u0437\u0438\u043d\u044b\",\"item\":\"https:\/\/pargikeskus.ee\/ru\/kauplused\/\"},{\"@type\":\"ListItem\",\"position\":3,\"name\":\"Denim Dream\"}]},{\"@type\":\"WebSite\",\"@id\":\"https:\/\/pargikeskus.ee\/ru\/#website\",\"url\":\"https:\/\/pargikeskus.ee\/ru\/\",\"name\":\"Pargi Keskus\",\"description\":\"\",\"potentialAction\":[{\"@type\":\"SearchAction\",\"target\":{\"@type\":\"EntryPoint\",\"urlTemplate\":\"https:\/\/pargikeskus.ee\/ru\/?s={search_term_string}\"},\"query-input\":{\"@type\":\"PropertyValueSpecification\",\"valueRequired\":true,\"valueName\":\"search_term_string\"}}],\"inLanguage\":\"ru-RU\"}]}<\/script>\n<!-- \/ Yoast SEO plugin. -->","yoast_head_json":{"title":"Denim Dream Pargi Keskuses \u2013 Teksad, Jakid & Trendikas Streetwear J\u00f5hvis | Pargi Keskus","description":"Denim Dream Pargi Keskuses J\u00f5hvis pakub laia valikut teksaseid, jakke ja trendikat streetwear\u2019i nii meestele kui naistele. Tule ostlema Ida-Virumaal!","robots":{"index":"index","follow":"follow","max-snippet":"max-snippet:-1","max-image-preview":"max-image-preview:large","max-video-preview":"max-video-preview:-1"},"canonical":"https:\/\/pargikeskus.ee\/ru\/kauplused\/denim-dream\/","og_locale":"ru_RU","og_type":"article","og_title":"Denim Dream Pargi Keskuses \u2013 Teksad, Jakid & Trendikas Streetwear J\u00f5hvis | Pargi Keskus","og_description":"Denim Dream Pargi Keskuses J\u00f5hvis pakub laia valikut teksaseid, jakke ja trendikat streetwear\u2019i nii meestele kui naistele. Tule ostlema Ida-Virumaal!","og_url":"https:\/\/pargikeskus.ee\/ru\/kauplused\/denim-dream\/","og_site_name":"Pargi Keskus","article_modified_time":"2026-01-12T09:56:08+00:00","og_image":[{"url":"https:\/\/pargikeskus.ee\/wp-content\/uploads\/2020\/11\/Denim-Dream-250x48.png","type":"","width":"","height":""}],"twitter_card":"summary_large_image","schema":{"@context":"https:\/\/schema.org","@graph":[{"@type":"WebPage","@id":"https:\/\/pargikeskus.ee\/ru\/kauplused\/denim-dream\/","url":"https:\/\/pargikeskus.ee\/ru\/kauplused\/denim-dream\/","name":"Denim Dream Pargi Keskuses \u2013 Teksad, Jakid & Trendikas Streetwear J\u00f5hvis | Pargi Keskus","isPartOf":{"@id":"https:\/\/pargikeskus.ee\/ru\/#website"},"primaryImageOfPage":{"@id":"https:\/\/pargikeskus.ee\/ru\/kauplused\/denim-dream\/#primaryimage"},"image":{"@id":"https:\/\/pargikeskus.ee\/ru\/kauplused\/denim-dream\/#primaryimage"},"thumbnailUrl":"https:\/\/pargikeskus.ee\/wp-content\/uploads\/2020\/11\/Denim-Dream-250x48.png","datePublished":"2026-01-12T09:55:10+00:00","dateModified":"2026-01-12T09:56:08+00:00","description":"Denim Dream Pargi Keskuses J\u00f5hvis pakub laia valikut teksaseid, jakke ja trendikat streetwear\u2019i nii meestele kui naistele. Tule ostlema Ida-Virumaal!","breadcrumb":{"@id":"https:\/\/pargikeskus.ee\/ru\/kauplused\/denim-dream\/#breadcrumb"},"inLanguage":"ru-RU","potentialAction":[{"@type":"ReadAction","target":["https:\/\/pargikeskus.ee\/ru\/kauplused\/denim-dream\/"]}]},{"@type":"ImageObject","inLanguage":"ru-RU","@id":"https:\/\/pargikeskus.ee\/ru\/kauplused\/denim-dream\/#primaryimage","url":"https:\/\/pargikeskus.ee\/wp-content\/uploads\/2020\/11\/Denim-Dream-250x48.png","contentUrl":"https:\/\/pargikeskus.ee\/wp-content\/uploads\/2020\/11\/Denim-Dream-250x48.png"},{"@type":"BreadcrumbList","@id":"https:\/\/pargikeskus.ee\/ru\/kauplused\/denim-dream\/#breadcrumb","itemListElement":[{"@type":"ListItem","position":1,"name":"Home","item":"https:\/\/pargikeskus.ee\/ru\/"},{"@type":"ListItem","position":2,"name":"\u041c\u0430\u0433\u0430\u0437\u0438\u043d\u044b","item":"https:\/\/pargikeskus.ee\/ru\/kauplused\/"},{"@type":"ListItem","position":3,"name":"Denim Dream"}]},{"@type":"WebSite","@id":"https:\/\/pargikeskus.ee\/ru\/#website","url":"https:\/\/pargikeskus.ee\/ru\/","name":"Pargi Keskus","description":"","potentialAction":[{"@type":"SearchAction","target":{"@type":"EntryPoint","urlTemplate":"https:\/\/pargikeskus.ee\/ru\/?s={search_term_string}"},"query-input":{"@type":"PropertyValueSpecification","valueRequired":true,"valueName":"search_term_string"}}],"inLanguage":"ru-RU"}]}},"builder_content":"<img src=\"https:\/\/pargikeskus.ee\/wp-content\/uploads\/2020\/11\/Denim-Dream-250x48.png\" width=\"250\" height=\"48\" title=\"Denim-Dream\" alt=\"Denim-Dream\" srcset=\"https:\/\/pargikeskus.ee\/wp-content\/uploads\/2020\/11\/Denim-Dream-250x48.png 250w, https:\/\/pargikeskus.ee\/wp-content\/uploads\/2020\/11\/Denim-Dream-300x58.png 300w, https:\/\/pargikeskus.ee\/wp-content\/uploads\/2020\/11\/Denim-Dream-768x149.png 768w, https:\/\/pargikeskus.ee\/wp-content\/uploads\/2020\/11\/Denim-Dream-350x67.png 350w, https:\/\/pargikeskus.ee\/wp-content\/uploads\/2020\/11\/Denim-Dream.png 1000w\" sizes=\"(max-width: 250px) 100vw, 250px\" \/>\n<h2>Avatud<\/h2> <p>E-L 10:00 \u2013 20:00<br \/>P 10:00 \u2013 19:00<\/p>\n<h2>Kontaktandmed<\/h2> <p><a href=\"tel:+37255503280\">+372 55503280<\/a><br \/><a href=\"mailto:pargi.dd@denimdream.ee\">pargi.dd@denimdream.ee<\/a><br \/><a href=\"https:\/\/denimdream.com\" target=\"_blank\" rel=\"noopener\">www.denimdream.com<\/a><\/p> <p><a href=\"https:\/\/www.instagram.com\/denimdreamstores\/\" target=\"_blank\" rel=\"noopener\">Instagram<\/a><br \/><a href=\"https:\/\/www.facebook.com\/denimdream\" target=\"_blank\" rel=\"noopener\">Facebook<\/a><br \/><a href=\"https:\/\/www.youtube.com\/user\/DenimDreamStores\" target=\"_blank\" rel=\"noopener\">Youtube<\/a><\/p>\n<h1>Denim Dream<\/h1> <p>Denim Dreami kauplustekett on tuntud mitmek\u00fclgse br\u00e4ndivaliku poolest terves Baltikumis, pakkudes klientidele nii maailmakuulsaid trendibr\u00e4nde kui ka klassikalisemaid moebr\u00e4nde, nagu Guess, Tommy Hilfiger, Pepe Jeans, Calvin Klein, Diesel, Mustang, Tom Tailor ja Lee Cooper. Meie eesm\u00e4rk on kliente r\u00f5\u00f5mustada, pakkudes neile unustamatuid moeelamusi ning suurep\u00e4rast personaalset teenindust, et muuta kogu ostuprotsess v\u00f5imalikult lihtsaks ning mugavaks. Kohtumiseni Denim Dreami kauplustes!<\/p>\n<h2>Asukoht<\/h2>\n<a href=\"https:\/\/pargikeskus.ee\/wp-content\/uploads\/2020\/11\/Denim-Dream.jpg\" target=\"_blank\">Link<\/a> \n <img src=\"https:\/\/pargikeskus.ee\/wp-content\/uploads\/2020\/11\/Denim-Dream.jpg\" title=\"Denim-Dream\" alt=\"Denim-Dream\" srcset=\"https:\/\/pargikeskus.ee\/wp-content\/uploads\/2020\/11\/Denim-Dream.jpg 1440w, https:\/\/pargikeskus.ee\/wp-content\/uploads\/2020\/11\/Denim-Dream-300x231.jpg 300w, https:\/\/pargikeskus.ee\/wp-content\/uploads\/2020\/11\/Denim-Dream-1024x787.jpg 1024w, https:\/\/pargikeskus.ee\/wp-content\/uploads\/2020\/11\/Denim-Dream-768x590.jpg 768w\" sizes=\"(max-width: 1440px) 100vw, 1440px\" \/>\n<p><\/p>\n<p>[campaign]<\/p>","_links":{"self":[{"href":"https:\/\/pargikeskus.ee\/ru\/wp-json\/wp\/v2\/pages\/1417","targetHints":{"allow":["GET"]}}],"collection":[{"href":"https:\/\/pargikeskus.ee\/ru\/wp-json\/wp\/v2\/pages"}],"about":[{"href":"https:\/\/pargikeskus.ee\/ru\/wp-json\/wp\/v2\/types\/page"}],"author":[{"embeddable":true,"href":"https:\/\/pargikeskus.ee\/ru\/wp-json\/wp\/v2\/users\/1"}],"replies":[{"embeddable":true,"href":"https:\/\/pargikeskus.ee\/ru\/wp-json\/wp\/v2\/comments?post=1417"}],"version-history":[{"count":8,"href":"https:\/\/pargikeskus.ee\/ru\/wp-json\/wp\/v2\/pages\/1417\/revisions"}],"predecessor-version":[{"id":11253,"href":"https:\/\/pargikeskus.ee\/ru\/wp-json\/wp\/v2\/pages\/1417\/revisions\/11253"}],"up":[{"embeddable":true,"href":"https:\/\/pargikeskus.ee\/ru\/wp-json\/wp\/v2\/pages\/1326"}],"wp:attachment":[{"href":"https:\/\/pargikeskus.ee\/ru\/wp-json\/wp\/v2\/media?parent=1417"}],"curies":[{"name":"wp","href":"https:\/\/api.w.org\/{rel}","templated":true}]}}