{"id":1387,"date":"2026-01-12T16:11:21","date_gmt":"2026-01-12T13:11:21","guid":{"rendered":"https:\/\/pargikeskus.ee\/kauplused\/coop-maksimarket\/"},"modified":"2026-01-12T16:15:55","modified_gmt":"2026-01-12T13:15:55","slug":"coop-maksimarket","status":"publish","type":"page","link":"https:\/\/pargikeskus.ee\/ru\/kauplused\/coop-maksimarket\/","title":{"rendered":"Coop Maksimarket"},"content":{"rendered":"<!--themify_builder_content-->\n<div id=\"themify_builder_content-1387\" data-postid=\"1387\" class=\"themify_builder_content themify_builder_content-1387 themify_builder tf_clear\">\n                    <div  data-css_id=\"xsmm554\" data-lazy=\"1\" class=\"module_row themify_builder_row fullwidth_row_container tb_xsmm554 tb_first tf_w\">\n            <span  class=\"builder_row_cover tf_abs\" data-lazy=\"1\"><\/span>            <div class=\"row_inner col_align_top tb_col_count_1 tf_box tf_rel\">\n                        <div  data-lazy=\"1\" class=\"module_column tb-column col-full tb_z730556 first\">\n                            <\/div>\n                        <\/div>\n        <\/div>\n                        <div  data-lazy=\"1\" class=\"module_row themify_builder_row tb_30x4554 tf_w\">\n                        <div class=\"row_inner col_align_top tb_col_count_3 tf_box tf_rel\">\n                        <div  data-lazy=\"1\" class=\"module_column tb-column col4-1 tb_6aug564 first\">\n                    <!-- module image -->\n<div  class=\"module module-image tb_cusc564 image-top   tf_mw\" data-lazy=\"1\">\n        <div class=\"image-wrap tf_rel tf_mw\">\n            <img loading=\"lazy\" decoding=\"async\" src=\"https:\/\/pargikeskus.ee\/wp-content\/uploads\/2020\/10\/Coop-Maksimarket-250x35.png\" width=\"250\" height=\"35\" class=\"wp-post-image wp-image-126\" title=\"Coop-Maksimarket\" alt=\"Coop-Maksimarket\" srcset=\"https:\/\/pargikeskus.ee\/wp-content\/uploads\/2020\/10\/Coop-Maksimarket-250x35.png 250w, https:\/\/pargikeskus.ee\/wp-content\/uploads\/2020\/10\/Coop-Maksimarket-300x43.png 300w, https:\/\/pargikeskus.ee\/wp-content\/uploads\/2020\/10\/Coop-Maksimarket-768x110.png 768w, https:\/\/pargikeskus.ee\/wp-content\/uploads\/2020\/10\/Coop-Maksimarket-350x50.png 350w, https:\/\/pargikeskus.ee\/wp-content\/uploads\/2020\/10\/Coop-Maksimarket.png 1000w\" sizes=\"auto, (max-width: 250px) 100vw, 250px\" \/>    \n        <\/div>\n    <!-- \/image-wrap -->\n    \n        <\/div>\n<!-- \/module image --><!-- module text -->\n<div  class=\"module module-text tb_d6nf565   \" data-lazy=\"1\">\n        <div  class=\"tb_text_wrap\">\n        <h2>Avatud<\/h2>\n<p>E-P 8:00 \u2013 22:00<\/p>    <\/div>\n<\/div>\n<!-- \/module text --><!-- module text -->\n<div  class=\"module module-text tb_zxvu566   \" data-lazy=\"1\">\n        <div  class=\"tb_text_wrap\">\n        <h2>Kontaktandmed<\/h2>\n<p><a href=\"mailto:johvi.maksimarket@jarvaty.ee\">johvi.maksimarket@jarvaty.ee<\/a><br \/><a href=\"tel:+37253424100\">+372 53424100<\/a><br \/><a href=\"https:\/\/coop.ee\" target=\"_blank\" rel=\"noopener\">www.coop.ee<\/a><\/p>    <\/div>\n<\/div>\n<!-- \/module text --><!-- module text -->\n<div  class=\"module module-text tb_9sl2569   \" data-lazy=\"1\">\n        <div  class=\"tb_text_wrap\">\n        <h2>Asukoht<\/h2>    <\/div>\n<\/div>\n<!-- \/module text --><!-- module image pro -->\n<div  class=\"module module-pro-image tb_e0cy570 filter-none effect-shine   tf_textc   entrance-effect-fadeIn\" data-lazy=\"1\" data-entrance-effect=\"fadeIn\" data-exit-effect=\"fadeOut\" >\n\t\n    <div class=\"image-pro-wrap tf_rel tf_overflow tf_inline_b\">\n\t\t\t\t\t<a class=\"image-pro-external themify_lightbox tf_abs tf_w tf_h\" href=\"https:\/\/pargikeskus.ee\/wp-content\/uploads\/2020\/10\/COOP.jpg\" target=\"_blank\"><span class=\"screen-reader-text\">Link<\/span><\/a>\n\t\t   \t\t<div class=\"image-pro-flip-box-wrap tf_rel tf_w tf_overflow\">\n\t\t\t<div class=\"image-pro-flip-box tf_rel\">\n\n\t\t\t\t<img loading=\"lazy\" decoding=\"async\" width=\"1440\" height=\"1107\" src=\"https:\/\/pargikeskus.ee\/wp-content\/uploads\/2020\/10\/COOP.jpg\" class=\"wp-post-image wp-image-1391\" title=\"COOP\" alt=\"COOP\" srcset=\"https:\/\/pargikeskus.ee\/wp-content\/uploads\/2020\/10\/COOP.jpg 1440w, https:\/\/pargikeskus.ee\/wp-content\/uploads\/2020\/10\/COOP-300x231.jpg 300w, https:\/\/pargikeskus.ee\/wp-content\/uploads\/2020\/10\/COOP-1024x787.jpg 1024w, https:\/\/pargikeskus.ee\/wp-content\/uploads\/2020\/10\/COOP-768x590.jpg 768w\" sizes=\"auto, (max-width: 1440px) 100vw, 1440px\" \/>\n\t\t\t\t\n\t\t\t<\/div>\n\t\t<\/div>\n\n    <\/div><!-- .image-pro-wrap -->\n\n\t\n\t\n\t<\/div><!-- \/module image pro -->        <\/div>\n                    <div  data-lazy=\"1\" class=\"module_column tb-column col4-2 tb_ybyh567\">\n                    <!-- module text -->\n<div  class=\"module module-text tb_s54d567   \" data-lazy=\"1\">\n        <div  class=\"tb_text_wrap\">\n        <h1>Coop Maksimarket<\/h1>\n<p>Coop on suurim, pidevalt arenev Eesti tuntuim ja eelistatuim toidu- ja esmatarbekaupade kett. Selle nime all tegutseb 19 iseseisvat tarbijate \u00fchistut ja kesk\u00fchistu. Coop Eesti kuulub 100% Eesti tarbijatele ja on suurim p\u00fcsiklientide ja t\u00f6\u00f6tajatega kaubandusgrupp ning toidu \u2013 ja esmatarbekauba turuliider.<\/p>\n<p>J\u00e4rva Tarbijate \u00dchistul on 44 kauplust s. h. 5 Coop Maksimarket \u2013 h\u00fcpermarketit.<\/p>\n<p>Coop h\u00fcpermarket on igap\u00e4eva ja n\u00e4dalal\u00f5pu ostukoht kaubanduskeskuses, tagades igap\u00e4evakaupade ja \u2013 teenuste mugava k\u00e4ttesaadavuse \u00fchest kohast, kiirelt ja m\u00f5istliku hinnaga, kindlustades kohalikku elanikkonda parima kvaliteediga ja professionaalse teenindusega. P\u00f5hiline s\u00f5num kliendile:<\/p>\n<ul>\n<li>K\u00f5ik on arusaadav ja \u00fclevaatlik<\/li>\n<li>Mitmekesine ja huvitav valik<\/li>\n<li>Klient hoiab aega kokku<\/li>\n<li>Alati on midagi v\u00e4ga soodsalt igale sihtr\u00fchmale<\/li>\n<li>Kampaania kommunikatsioon on selge ja lihtne<\/li>\n<li>Kaup on alati v\u00e4rske<\/li>\n<li>Eelistame eestimaist tootjat<\/li>\n<li>Et paremini oma liikmeid ja kliente teenindada on suure panuse andnud S\u00e4\u00e4stukaart ja S\u00e4\u00e4stukaart<\/li>\n<li>Pluss, olles leidnud tarbijate seas suure poolehoiu.<\/li>\n<\/ul>    <\/div>\n<\/div>\n<!-- \/module text -->        <\/div>\n                    <div  data-lazy=\"1\" class=\"module_column tb-column col4-1 tb_60hr569 last\">\n                    <!-- module text -->\n<div  class=\"module module-text tb_r14n250   \" data-lazy=\"1\">\n        <div  class=\"tb_text_wrap\">\n            <\/div>\n<\/div>\n<!-- \/module text --><!-- module text -->\n<div  class=\"module module-text tb_9m4060   \" data-lazy=\"1\">\n        <div  class=\"tb_text_wrap\">\n            <\/div>\n<\/div>\n<!-- \/module text -->        <\/div>\n                        <\/div>\n        <\/div>\n        <\/div>\n<!--\/themify_builder_content-->","protected":false},"excerpt":{"rendered":"<p>Avatud E-P 8:00 \u2013 22:00<\/p>\n","protected":false},"author":1,"featured_media":0,"parent":1326,"menu_order":0,"comment_status":"closed","ping_status":"closed","template":"","meta":{"footnotes":""},"class_list":["post-1387","page","type-page","status-publish","hentry","has-post-title","has-post-date","has-post-category","has-post-tag","has-post-comment","has-post-author",""],"yoast_head":"<!-- This site is optimized with the Yoast SEO plugin v27.2 - https:\/\/yoast.com\/product\/yoast-seo-wordpress\/ -->\n<title>Coop Maksimarket Pargi Keskuses \u2013 v\u00e4rsked tooted ja igap\u00e4evakaubad J\u00f5hvis | Pargi Keskus<\/title>\n<meta name=\"description\" content=\"Coop Maksimarket Pargi Keskuses J\u00f5hvis pakub v\u00e4rskeid tooteid ja igap\u00e4evaseid kaupu mugavas ostukeskkonnas. Tule avasta lai valik toidukaupu ja igap\u00e4evakaubandust Ida-Virumaal!\" \/>\n<meta name=\"robots\" content=\"index, follow, max-snippet:-1, max-image-preview:large, max-video-preview:-1\" \/>\n<link rel=\"canonical\" href=\"https:\/\/pargikeskus.ee\/ru\/kauplused\/coop-maksimarket\/\" \/>\n<meta property=\"og:locale\" content=\"ru_RU\" \/>\n<meta property=\"og:type\" content=\"article\" \/>\n<meta property=\"og:title\" content=\"Coop Maksimarket Pargi Keskuses \u2013 v\u00e4rsked tooted ja igap\u00e4evakaubad J\u00f5hvis | Pargi Keskus\" \/>\n<meta property=\"og:description\" content=\"Coop Maksimarket Pargi Keskuses J\u00f5hvis pakub v\u00e4rskeid tooteid ja igap\u00e4evaseid kaupu mugavas ostukeskkonnas. Tule avasta lai valik toidukaupu ja igap\u00e4evakaubandust Ida-Virumaal!\" \/>\n<meta property=\"og:url\" content=\"https:\/\/pargikeskus.ee\/ru\/kauplused\/coop-maksimarket\/\" \/>\n<meta property=\"og:site_name\" content=\"Pargi Keskus\" \/>\n<meta property=\"article:modified_time\" content=\"2026-01-12T13:15:55+00:00\" \/>\n<meta property=\"og:image\" content=\"https:\/\/pargikeskus.ee\/wp-content\/uploads\/2020\/10\/Coop-Maksimarket-250x35.png\" \/>\n<meta name=\"twitter:card\" content=\"summary_large_image\" \/>\n<meta name=\"twitter:label1\" content=\"\u041f\u0440\u0438\u043c\u0435\u0440\u043d\u043e\u0435 \u0432\u0440\u0435\u043c\u044f \u0434\u043b\u044f \u0447\u0442\u0435\u043d\u0438\u044f\" \/>\n\t<meta name=\"twitter:data1\" content=\"1 \u043c\u0438\u043d\u0443\u0442\u0430\" \/>\n<script type=\"application\/ld+json\" class=\"yoast-schema-graph\">{\"@context\":\"https:\/\/schema.org\",\"@graph\":[{\"@type\":\"WebPage\",\"@id\":\"https:\/\/pargikeskus.ee\/ru\/kauplused\/coop-maksimarket\/\",\"url\":\"https:\/\/pargikeskus.ee\/ru\/kauplused\/coop-maksimarket\/\",\"name\":\"Coop Maksimarket Pargi Keskuses \u2013 v\u00e4rsked tooted ja igap\u00e4evakaubad J\u00f5hvis | Pargi Keskus\",\"isPartOf\":{\"@id\":\"https:\/\/pargikeskus.ee\/ru\/#website\"},\"primaryImageOfPage\":{\"@id\":\"https:\/\/pargikeskus.ee\/ru\/kauplused\/coop-maksimarket\/#primaryimage\"},\"image\":{\"@id\":\"https:\/\/pargikeskus.ee\/ru\/kauplused\/coop-maksimarket\/#primaryimage\"},\"thumbnailUrl\":\"https:\/\/pargikeskus.ee\/wp-content\/uploads\/2020\/10\/Coop-Maksimarket-250x35.png\",\"datePublished\":\"2026-01-12T13:11:21+00:00\",\"dateModified\":\"2026-01-12T13:15:55+00:00\",\"description\":\"Coop Maksimarket Pargi Keskuses J\u00f5hvis pakub v\u00e4rskeid tooteid ja igap\u00e4evaseid kaupu mugavas ostukeskkonnas. Tule avasta lai valik toidukaupu ja igap\u00e4evakaubandust Ida-Virumaal!\",\"breadcrumb\":{\"@id\":\"https:\/\/pargikeskus.ee\/ru\/kauplused\/coop-maksimarket\/#breadcrumb\"},\"inLanguage\":\"ru-RU\",\"potentialAction\":[{\"@type\":\"ReadAction\",\"target\":[\"https:\/\/pargikeskus.ee\/ru\/kauplused\/coop-maksimarket\/\"]}]},{\"@type\":\"ImageObject\",\"inLanguage\":\"ru-RU\",\"@id\":\"https:\/\/pargikeskus.ee\/ru\/kauplused\/coop-maksimarket\/#primaryimage\",\"url\":\"https:\/\/pargikeskus.ee\/wp-content\/uploads\/2020\/10\/Coop-Maksimarket-250x35.png\",\"contentUrl\":\"https:\/\/pargikeskus.ee\/wp-content\/uploads\/2020\/10\/Coop-Maksimarket-250x35.png\"},{\"@type\":\"BreadcrumbList\",\"@id\":\"https:\/\/pargikeskus.ee\/ru\/kauplused\/coop-maksimarket\/#breadcrumb\",\"itemListElement\":[{\"@type\":\"ListItem\",\"position\":1,\"name\":\"Home\",\"item\":\"https:\/\/pargikeskus.ee\/ru\/\"},{\"@type\":\"ListItem\",\"position\":2,\"name\":\"\u041c\u0430\u0433\u0430\u0437\u0438\u043d\u044b\",\"item\":\"https:\/\/pargikeskus.ee\/ru\/kauplused\/\"},{\"@type\":\"ListItem\",\"position\":3,\"name\":\"Coop Maksimarket\"}]},{\"@type\":\"WebSite\",\"@id\":\"https:\/\/pargikeskus.ee\/ru\/#website\",\"url\":\"https:\/\/pargikeskus.ee\/ru\/\",\"name\":\"Pargi Keskus\",\"description\":\"\",\"potentialAction\":[{\"@type\":\"SearchAction\",\"target\":{\"@type\":\"EntryPoint\",\"urlTemplate\":\"https:\/\/pargikeskus.ee\/ru\/?s={search_term_string}\"},\"query-input\":{\"@type\":\"PropertyValueSpecification\",\"valueRequired\":true,\"valueName\":\"search_term_string\"}}],\"inLanguage\":\"ru-RU\"}]}<\/script>\n<!-- \/ Yoast SEO plugin. -->","yoast_head_json":{"title":"Coop Maksimarket Pargi Keskuses \u2013 v\u00e4rsked tooted ja igap\u00e4evakaubad J\u00f5hvis | Pargi Keskus","description":"Coop Maksimarket Pargi Keskuses J\u00f5hvis pakub v\u00e4rskeid tooteid ja igap\u00e4evaseid kaupu mugavas ostukeskkonnas. Tule avasta lai valik toidukaupu ja igap\u00e4evakaubandust Ida-Virumaal!","robots":{"index":"index","follow":"follow","max-snippet":"max-snippet:-1","max-image-preview":"max-image-preview:large","max-video-preview":"max-video-preview:-1"},"canonical":"https:\/\/pargikeskus.ee\/ru\/kauplused\/coop-maksimarket\/","og_locale":"ru_RU","og_type":"article","og_title":"Coop Maksimarket Pargi Keskuses \u2013 v\u00e4rsked tooted ja igap\u00e4evakaubad J\u00f5hvis | Pargi Keskus","og_description":"Coop Maksimarket Pargi Keskuses J\u00f5hvis pakub v\u00e4rskeid tooteid ja igap\u00e4evaseid kaupu mugavas ostukeskkonnas. Tule avasta lai valik toidukaupu ja igap\u00e4evakaubandust Ida-Virumaal!","og_url":"https:\/\/pargikeskus.ee\/ru\/kauplused\/coop-maksimarket\/","og_site_name":"Pargi Keskus","article_modified_time":"2026-01-12T13:15:55+00:00","og_image":[{"url":"https:\/\/pargikeskus.ee\/wp-content\/uploads\/2020\/10\/Coop-Maksimarket-250x35.png","type":"","width":"","height":""}],"twitter_card":"summary_large_image","twitter_misc":{"\u041f\u0440\u0438\u043c\u0435\u0440\u043d\u043e\u0435 \u0432\u0440\u0435\u043c\u044f \u0434\u043b\u044f \u0447\u0442\u0435\u043d\u0438\u044f":"1 \u043c\u0438\u043d\u0443\u0442\u0430"},"schema":{"@context":"https:\/\/schema.org","@graph":[{"@type":"WebPage","@id":"https:\/\/pargikeskus.ee\/ru\/kauplused\/coop-maksimarket\/","url":"https:\/\/pargikeskus.ee\/ru\/kauplused\/coop-maksimarket\/","name":"Coop Maksimarket Pargi Keskuses \u2013 v\u00e4rsked tooted ja igap\u00e4evakaubad J\u00f5hvis | Pargi Keskus","isPartOf":{"@id":"https:\/\/pargikeskus.ee\/ru\/#website"},"primaryImageOfPage":{"@id":"https:\/\/pargikeskus.ee\/ru\/kauplused\/coop-maksimarket\/#primaryimage"},"image":{"@id":"https:\/\/pargikeskus.ee\/ru\/kauplused\/coop-maksimarket\/#primaryimage"},"thumbnailUrl":"https:\/\/pargikeskus.ee\/wp-content\/uploads\/2020\/10\/Coop-Maksimarket-250x35.png","datePublished":"2026-01-12T13:11:21+00:00","dateModified":"2026-01-12T13:15:55+00:00","description":"Coop Maksimarket Pargi Keskuses J\u00f5hvis pakub v\u00e4rskeid tooteid ja igap\u00e4evaseid kaupu mugavas ostukeskkonnas. Tule avasta lai valik toidukaupu ja igap\u00e4evakaubandust Ida-Virumaal!","breadcrumb":{"@id":"https:\/\/pargikeskus.ee\/ru\/kauplused\/coop-maksimarket\/#breadcrumb"},"inLanguage":"ru-RU","potentialAction":[{"@type":"ReadAction","target":["https:\/\/pargikeskus.ee\/ru\/kauplused\/coop-maksimarket\/"]}]},{"@type":"ImageObject","inLanguage":"ru-RU","@id":"https:\/\/pargikeskus.ee\/ru\/kauplused\/coop-maksimarket\/#primaryimage","url":"https:\/\/pargikeskus.ee\/wp-content\/uploads\/2020\/10\/Coop-Maksimarket-250x35.png","contentUrl":"https:\/\/pargikeskus.ee\/wp-content\/uploads\/2020\/10\/Coop-Maksimarket-250x35.png"},{"@type":"BreadcrumbList","@id":"https:\/\/pargikeskus.ee\/ru\/kauplused\/coop-maksimarket\/#breadcrumb","itemListElement":[{"@type":"ListItem","position":1,"name":"Home","item":"https:\/\/pargikeskus.ee\/ru\/"},{"@type":"ListItem","position":2,"name":"\u041c\u0430\u0433\u0430\u0437\u0438\u043d\u044b","item":"https:\/\/pargikeskus.ee\/ru\/kauplused\/"},{"@type":"ListItem","position":3,"name":"Coop Maksimarket"}]},{"@type":"WebSite","@id":"https:\/\/pargikeskus.ee\/ru\/#website","url":"https:\/\/pargikeskus.ee\/ru\/","name":"Pargi Keskus","description":"","potentialAction":[{"@type":"SearchAction","target":{"@type":"EntryPoint","urlTemplate":"https:\/\/pargikeskus.ee\/ru\/?s={search_term_string}"},"query-input":{"@type":"PropertyValueSpecification","valueRequired":true,"valueName":"search_term_string"}}],"inLanguage":"ru-RU"}]}},"builder_content":"<img src=\"https:\/\/pargikeskus.ee\/wp-content\/uploads\/2020\/10\/Coop-Maksimarket-250x35.png\" width=\"250\" height=\"35\" title=\"Coop-Maksimarket\" alt=\"Coop-Maksimarket\" srcset=\"https:\/\/pargikeskus.ee\/wp-content\/uploads\/2020\/10\/Coop-Maksimarket-250x35.png 250w, https:\/\/pargikeskus.ee\/wp-content\/uploads\/2020\/10\/Coop-Maksimarket-300x43.png 300w, https:\/\/pargikeskus.ee\/wp-content\/uploads\/2020\/10\/Coop-Maksimarket-768x110.png 768w, https:\/\/pargikeskus.ee\/wp-content\/uploads\/2020\/10\/Coop-Maksimarket-350x50.png 350w, https:\/\/pargikeskus.ee\/wp-content\/uploads\/2020\/10\/Coop-Maksimarket.png 1000w\" sizes=\"(max-width: 250px) 100vw, 250px\" \/>\n<h2>Avatud<\/h2> <p>E-P 8:00 \u2013 22:00<\/p>\n<h2>Kontaktandmed<\/h2> <p><a href=\"mailto:johvi.maksimarket@jarvaty.ee\">johvi.maksimarket@jarvaty.ee<\/a><br \/><a href=\"tel:+37253424100\">+372 53424100<\/a><br \/><a href=\"https:\/\/coop.ee\" target=\"_blank\" rel=\"noopener\">www.coop.ee<\/a><\/p>\n<h2>Asukoht<\/h2>\n<a href=\"https:\/\/pargikeskus.ee\/wp-content\/uploads\/2020\/10\/COOP.jpg\" target=\"_blank\">Link<\/a> \n <img src=\"https:\/\/pargikeskus.ee\/wp-content\/uploads\/2020\/10\/COOP.jpg\" title=\"COOP\" alt=\"COOP\" srcset=\"https:\/\/pargikeskus.ee\/wp-content\/uploads\/2020\/10\/COOP.jpg 1440w, https:\/\/pargikeskus.ee\/wp-content\/uploads\/2020\/10\/COOP-300x231.jpg 300w, https:\/\/pargikeskus.ee\/wp-content\/uploads\/2020\/10\/COOP-1024x787.jpg 1024w, https:\/\/pargikeskus.ee\/wp-content\/uploads\/2020\/10\/COOP-768x590.jpg 768w\" sizes=\"(max-width: 1440px) 100vw, 1440px\" \/>\n<h1>Coop Maksimarket<\/h1> <p>Coop on suurim, pidevalt arenev Eesti tuntuim ja eelistatuim toidu- ja esmatarbekaupade kett. Selle nime all tegutseb 19 iseseisvat tarbijate \u00fchistut ja kesk\u00fchistu. Coop Eesti kuulub 100% Eesti tarbijatele ja on suurim p\u00fcsiklientide ja t\u00f6\u00f6tajatega kaubandusgrupp ning toidu \u2013 ja esmatarbekauba turuliider.<\/p> <p>J\u00e4rva Tarbijate \u00dchistul on 44 kauplust s. h. 5 Coop Maksimarket \u2013 h\u00fcpermarketit.<\/p> <p>Coop h\u00fcpermarket on igap\u00e4eva ja n\u00e4dalal\u00f5pu ostukoht kaubanduskeskuses, tagades igap\u00e4evakaupade ja \u2013 teenuste mugava k\u00e4ttesaadavuse \u00fchest kohast, kiirelt ja m\u00f5istliku hinnaga, kindlustades kohalikku elanikkonda parima kvaliteediga ja professionaalse teenindusega. P\u00f5hiline s\u00f5num kliendile:<\/p> <ul> <li>K\u00f5ik on arusaadav ja \u00fclevaatlik<\/li> <li>Mitmekesine ja huvitav valik<\/li> <li>Klient hoiab aega kokku<\/li> <li>Alati on midagi v\u00e4ga soodsalt igale sihtr\u00fchmale<\/li> <li>Kampaania kommunikatsioon on selge ja lihtne<\/li> <li>Kaup on alati v\u00e4rske<\/li> <li>Eelistame eestimaist tootjat<\/li> <li>Et paremini oma liikmeid ja kliente teenindada on suure panuse andnud S\u00e4\u00e4stukaart ja S\u00e4\u00e4stukaart<\/li> <li>Pluss, olles leidnud tarbijate seas suure poolehoiu.<\/li> <\/ul>\n\n<p>[campaign]<\/p>","_links":{"self":[{"href":"https:\/\/pargikeskus.ee\/ru\/wp-json\/wp\/v2\/pages\/1387","targetHints":{"allow":["GET"]}}],"collection":[{"href":"https:\/\/pargikeskus.ee\/ru\/wp-json\/wp\/v2\/pages"}],"about":[{"href":"https:\/\/pargikeskus.ee\/ru\/wp-json\/wp\/v2\/types\/page"}],"author":[{"embeddable":true,"href":"https:\/\/pargikeskus.ee\/ru\/wp-json\/wp\/v2\/users\/1"}],"replies":[{"embeddable":true,"href":"https:\/\/pargikeskus.ee\/ru\/wp-json\/wp\/v2\/comments?post=1387"}],"version-history":[{"count":9,"href":"https:\/\/pargikeskus.ee\/ru\/wp-json\/wp\/v2\/pages\/1387\/revisions"}],"predecessor-version":[{"id":11348,"href":"https:\/\/pargikeskus.ee\/ru\/wp-json\/wp\/v2\/pages\/1387\/revisions\/11348"}],"up":[{"embeddable":true,"href":"https:\/\/pargikeskus.ee\/ru\/wp-json\/wp\/v2\/pages\/1326"}],"wp:attachment":[{"href":"https:\/\/pargikeskus.ee\/ru\/wp-json\/wp\/v2\/media?parent=1387"}],"curies":[{"name":"wp","href":"https:\/\/api.w.org\/{rel}","templated":true}]}}