{"id":1364,"date":"2020-11-05T07:21:07","date_gmt":"2020-11-05T07:21:07","guid":{"rendered":"https:\/\/pargikeskus.ee\/kauplused\/city-alko\/"},"modified":"2024-08-09T10:51:54","modified_gmt":"2024-08-09T07:51:54","slug":"city-alko","status":"publish","type":"page","link":"https:\/\/pargikeskus.ee\/ru\/kauplused\/city-alko\/","title":{"rendered":"City Alko"},"content":{"rendered":"<!--themify_builder_content-->\n<div id=\"themify_builder_content-1364\" data-postid=\"1364\" class=\"themify_builder_content themify_builder_content-1364 themify_builder tf_clear\">\n                    <div  data-css_id=\"vaqq964\" data-lazy=\"1\" class=\"module_row themify_builder_row fullwidth_row_container tb_vaqq964 tb_first tf_w\">\n            <span  class=\"builder_row_cover tf_abs\" data-lazy=\"1\"><\/span>            <div class=\"row_inner col_align_top tb_col_count_1 tf_box tf_rel\">\n                        <div  data-lazy=\"1\" class=\"module_column tb-column col-full tb_t2ft965 first\">\n                            <\/div>\n                        <\/div>\n        <\/div>\n                        <div  data-lazy=\"1\" class=\"module_row themify_builder_row tb_o2sl583 tf_w\">\n                        <div class=\"row_inner col_align_top tb_col_count_3 tf_box tf_rel\">\n                        <div  data-lazy=\"1\" class=\"module_column tb-column col4-1 tb_eakw585 first\">\n                    <!-- module image -->\n<div  class=\"module module-image tb_sioz771 image-top   tf_mw\" data-lazy=\"1\">\n        <div class=\"image-wrap tf_rel tf_mw\">\n            <img loading=\"lazy\" decoding=\"async\" src=\"https:\/\/pargikeskus.ee\/wp-content\/uploads\/2020\/11\/City-Alko-250x68.png\" width=\"250\" height=\"68\" class=\"wp-post-image wp-image-9303\" title=\"City Alko\" alt=\"City Alko\" srcset=\"https:\/\/pargikeskus.ee\/wp-content\/uploads\/2020\/11\/City-Alko-250x68.png 250w, https:\/\/pargikeskus.ee\/wp-content\/uploads\/2020\/11\/City-Alko-300x83.png 300w, https:\/\/pargikeskus.ee\/wp-content\/uploads\/2020\/11\/City-Alko-768x211.png 768w, https:\/\/pargikeskus.ee\/wp-content\/uploads\/2020\/11\/City-Alko-150x41.png 150w, https:\/\/pargikeskus.ee\/wp-content\/uploads\/2020\/11\/City-Alko.png 1000w\" sizes=\"auto, (max-width: 250px) 100vw, 250px\" \/>    \n        <\/div>\n    <!-- \/image-wrap -->\n    \n        <\/div>\n<!-- \/module image --><!-- module text -->\n<div  class=\"module module-text tb_okrb801   \" data-lazy=\"1\">\n        <div  class=\"tb_text_wrap\">\n        <h2>Avatud<\/h2>\n<p>E-P 10:00 \u2013 22:00<\/p>    <\/div>\n<\/div>\n<!-- \/module text --><!-- module text -->\n<div  class=\"module module-text tb_kigd663   \" data-lazy=\"1\">\n        <div  class=\"tb_text_wrap\">\n        <h2>Kontaktandmed<\/h2>\n<p><a href=\"tel:+37255567475\">+372 55567475<\/a><br \/><a href=\"mailto:cityalko.pargi@aldar.ee\">cityalko.pargi@aldar.ee<\/a><br \/><a href=\"https:\/\/cityalko.ee\" target=\"_blank\" rel=\"noopener\">www.cityalko.ee<\/a><\/p>\n<p><a href=\"https:\/\/www.facebook.com\/cityalkoeesti\/\" target=\"_blank\" rel=\"noopener\">Facebook<\/a><br \/><a href=\"https:\/\/www.instagram.com\/cityalko_arsenali\/\" target=\"_blank\" rel=\"noopener\">Instagram<\/a><\/p>    <\/div>\n<\/div>\n<!-- \/module text -->        <\/div>\n                    <div  data-lazy=\"1\" class=\"module_column tb-column col4-2 tb_vsql267\">\n                    <!-- module text -->\n<div  class=\"module module-text tb_1aer314   \" data-lazy=\"1\">\n        <div  class=\"tb_text_wrap\">\n        <h1>City Alko<\/h1>\n<p>CityAlko teab, et \u201cKvaliteet maitseb!\u201d. CityAlko eristub teistest alkoholikauplustest, pakkudes teadlikule kliendile alati kvaliteetset sortimenti. Meie tooted on valitud suure hoole ja armastusega, et tagada igale<br \/>kliendile kvaliteetne maitseelamus. Lisaks spetsiaalselt valitud toodetele, pakub CityAlko ostur\u00f5\u00f5mu meeldivas keskkonnas, mis on inspireeritud hubasest veinikeldrist. P\u00fc\u00fcame olla oma v\u00e4lisilmes diskreetsed ja teeninduses t\u00f5elised professionaalid.<\/p>\n<p>Oleme loonud ka oma kaubam\u00e4rgi, mille alt leiab kvaliteetsete p\u00e4hklite ja kuivatatud puuviljade segusid. Samuti leiab Kochi br\u00e4ndi alt erinevaid viinasid, lik\u00f6\u00f6re, \u00f5llesid, gl\u00f6gi ning vanilje- ja sokolaadij\u00e4\u00e4tist.<\/p>    <\/div>\n<\/div>\n<!-- \/module text -->        <\/div>\n                    <div  data-lazy=\"1\" class=\"module_column tb-column col4-1 tb_5dk8978 last\">\n                    <!-- module text -->\n<div  class=\"module module-text tb_yodt295   \" data-lazy=\"1\">\n        <div  class=\"tb_text_wrap\">\n        <h2>Asukoht<\/h2>    <\/div>\n<\/div>\n<!-- \/module text --><!-- module image pro -->\n<div  class=\"module module-pro-image tb_57uv26 filter-none effect-shine   tf_textc   entrance-effect-fadeIn\" data-lazy=\"1\" data-entrance-effect=\"fadeIn\" data-exit-effect=\"fadeOut\" >\n\t\n    <div class=\"image-pro-wrap tf_rel tf_overflow tf_inline_b\">\n\t\t\t\t\t<a class=\"image-pro-external themify_lightbox tf_abs tf_w tf_h\" href=\"https:\/\/pargikeskus.ee\/wp-content\/uploads\/2020\/11\/city-alko.jpg\" target=\"_blank\"><span class=\"screen-reader-text\">Link<\/span><\/a>\n\t\t   \t\t<div class=\"image-pro-flip-box-wrap tf_rel tf_w tf_overflow\">\n\t\t\t<div class=\"image-pro-flip-box tf_rel\">\n\n\t\t\t\t<img loading=\"lazy\" decoding=\"async\" width=\"1440\" height=\"1107\" src=\"https:\/\/pargikeskus.ee\/wp-content\/uploads\/2020\/11\/city-alko.jpg\" class=\"wp-post-image wp-image-1365\" title=\"city alko\" alt=\"city alko\" srcset=\"https:\/\/pargikeskus.ee\/wp-content\/uploads\/2020\/11\/city-alko.jpg 1440w, https:\/\/pargikeskus.ee\/wp-content\/uploads\/2020\/11\/city-alko-300x231.jpg 300w, https:\/\/pargikeskus.ee\/wp-content\/uploads\/2020\/11\/city-alko-1024x787.jpg 1024w, https:\/\/pargikeskus.ee\/wp-content\/uploads\/2020\/11\/city-alko-768x590.jpg 768w\" sizes=\"auto, (max-width: 1440px) 100vw, 1440px\" \/>\n\t\t\t\t\n\t\t\t<\/div>\n\t\t<\/div>\n\n    <\/div><!-- .image-pro-wrap -->\n\n\t\n\t\n\t<\/div><!-- \/module image pro --><!-- module text -->\n<div  class=\"module module-text tb_6zlg979   \" data-lazy=\"1\">\n        <div  class=\"tb_text_wrap\">\n        <p><span id=\"kampaania\"><\/span><\/p>\n    <\/div>\n<\/div>\n<!-- \/module text --><!-- module text -->\n<div  class=\"module module-text tb_bobo530   \" data-lazy=\"1\">\n        <div  class=\"tb_text_wrap\">\n            <\/div>\n<\/div>\n<!-- \/module text -->        <\/div>\n                        <\/div>\n        <\/div>\n        <\/div>\n<!--\/themify_builder_content-->","protected":false},"excerpt":{"rendered":"<p>Avatud E-P 10:00 \u2013 22:00 Kontaktandmed +372 55567475cityalko.pargi@aldar.eewww.cityalko.ee FacebookInstagram City Alko CityAlko teab, et \u201cKvaliteet maitseb!\u201d. CityAlko eristub teistest alkoholikauplustest, pakkudes teadlikule kliendile alati kvaliteetset sortimenti. Meie tooted on valitud suure hoole ja armastusega, et tagada igalekliendile kvaliteetne maitseelamus. Lisaks spetsiaalselt valitud toodetele, pakub CityAlko ostur\u00f5\u00f5mu meeldivas keskkonnas, mis on inspireeritud hubasest veinikeldrist. P\u00fc\u00fcame olla [&hellip;]<\/p>\n","protected":false},"author":1,"featured_media":0,"parent":1326,"menu_order":0,"comment_status":"closed","ping_status":"closed","template":"","meta":{"footnotes":""},"class_list":["post-1364","page","type-page","status-publish","hentry","has-post-title","has-post-date","has-post-category","has-post-tag","has-post-comment","has-post-author",""],"yoast_head":"<!-- This site is optimized with the Yoast SEO plugin v27.2 - https:\/\/yoast.com\/product\/yoast-seo-wordpress\/ -->\n<title>City Alko - Pargi Keskus<\/title>\n<meta name=\"robots\" content=\"index, follow, max-snippet:-1, max-image-preview:large, max-video-preview:-1\" \/>\n<link rel=\"canonical\" href=\"https:\/\/pargikeskus.ee\/ru\/kauplused\/city-alko\/\" \/>\n<meta property=\"og:locale\" content=\"ru_RU\" \/>\n<meta property=\"og:type\" content=\"article\" \/>\n<meta property=\"og:title\" content=\"City Alko - Pargi Keskus\" \/>\n<meta property=\"og:description\" content=\"Avatud E-P 10:00 \u2013 22:00 Kontaktandmed +372 55567475cityalko.pargi@aldar.eewww.cityalko.ee FacebookInstagram City Alko CityAlko teab, et \u201cKvaliteet maitseb!\u201d. CityAlko eristub teistest alkoholikauplustest, pakkudes teadlikule kliendile alati kvaliteetset sortimenti. Meie tooted on valitud suure hoole ja armastusega, et tagada igalekliendile kvaliteetne maitseelamus. Lisaks spetsiaalselt valitud toodetele, pakub CityAlko ostur\u00f5\u00f5mu meeldivas keskkonnas, mis on inspireeritud hubasest veinikeldrist. P\u00fc\u00fcame olla [&hellip;]\" \/>\n<meta property=\"og:url\" content=\"https:\/\/pargikeskus.ee\/ru\/kauplused\/city-alko\/\" \/>\n<meta property=\"og:site_name\" content=\"Pargi Keskus\" \/>\n<meta property=\"article:modified_time\" content=\"2024-08-09T07:51:54+00:00\" \/>\n<meta property=\"og:image\" content=\"https:\/\/pargikeskus.ee\/wp-content\/uploads\/2020\/11\/City-Alko-250x68.png\" \/>\n<meta name=\"twitter:card\" content=\"summary_large_image\" \/>\n<meta name=\"twitter:label1\" content=\"\u041f\u0440\u0438\u043c\u0435\u0440\u043d\u043e\u0435 \u0432\u0440\u0435\u043c\u044f \u0434\u043b\u044f \u0447\u0442\u0435\u043d\u0438\u044f\" \/>\n\t<meta name=\"twitter:data1\" content=\"1 \u043c\u0438\u043d\u0443\u0442\u0430\" \/>\n<script type=\"application\/ld+json\" class=\"yoast-schema-graph\">{\"@context\":\"https:\/\/schema.org\",\"@graph\":[{\"@type\":\"WebPage\",\"@id\":\"https:\/\/pargikeskus.ee\/ru\/kauplused\/city-alko\/\",\"url\":\"https:\/\/pargikeskus.ee\/ru\/kauplused\/city-alko\/\",\"name\":\"City Alko - Pargi Keskus\",\"isPartOf\":{\"@id\":\"https:\/\/pargikeskus.ee\/ru\/#website\"},\"primaryImageOfPage\":{\"@id\":\"https:\/\/pargikeskus.ee\/ru\/kauplused\/city-alko\/#primaryimage\"},\"image\":{\"@id\":\"https:\/\/pargikeskus.ee\/ru\/kauplused\/city-alko\/#primaryimage\"},\"thumbnailUrl\":\"https:\/\/pargikeskus.ee\/wp-content\/uploads\/2020\/11\/City-Alko-250x68.png\",\"datePublished\":\"2020-11-05T07:21:07+00:00\",\"dateModified\":\"2024-08-09T07:51:54+00:00\",\"breadcrumb\":{\"@id\":\"https:\/\/pargikeskus.ee\/ru\/kauplused\/city-alko\/#breadcrumb\"},\"inLanguage\":\"ru-RU\",\"potentialAction\":[{\"@type\":\"ReadAction\",\"target\":[\"https:\/\/pargikeskus.ee\/ru\/kauplused\/city-alko\/\"]}]},{\"@type\":\"ImageObject\",\"inLanguage\":\"ru-RU\",\"@id\":\"https:\/\/pargikeskus.ee\/ru\/kauplused\/city-alko\/#primaryimage\",\"url\":\"https:\/\/pargikeskus.ee\/wp-content\/uploads\/2020\/11\/City-Alko-250x68.png\",\"contentUrl\":\"https:\/\/pargikeskus.ee\/wp-content\/uploads\/2020\/11\/City-Alko-250x68.png\"},{\"@type\":\"BreadcrumbList\",\"@id\":\"https:\/\/pargikeskus.ee\/ru\/kauplused\/city-alko\/#breadcrumb\",\"itemListElement\":[{\"@type\":\"ListItem\",\"position\":1,\"name\":\"Home\",\"item\":\"https:\/\/pargikeskus.ee\/ru\/\"},{\"@type\":\"ListItem\",\"position\":2,\"name\":\"\u041c\u0430\u0433\u0430\u0437\u0438\u043d\u044b\",\"item\":\"https:\/\/pargikeskus.ee\/ru\/kauplused\/\"},{\"@type\":\"ListItem\",\"position\":3,\"name\":\"City Alko\"}]},{\"@type\":\"WebSite\",\"@id\":\"https:\/\/pargikeskus.ee\/ru\/#website\",\"url\":\"https:\/\/pargikeskus.ee\/ru\/\",\"name\":\"Pargi Keskus\",\"description\":\"\",\"potentialAction\":[{\"@type\":\"SearchAction\",\"target\":{\"@type\":\"EntryPoint\",\"urlTemplate\":\"https:\/\/pargikeskus.ee\/ru\/?s={search_term_string}\"},\"query-input\":{\"@type\":\"PropertyValueSpecification\",\"valueRequired\":true,\"valueName\":\"search_term_string\"}}],\"inLanguage\":\"ru-RU\"}]}<\/script>\n<!-- \/ Yoast SEO plugin. -->","yoast_head_json":{"title":"City Alko - Pargi Keskus","robots":{"index":"index","follow":"follow","max-snippet":"max-snippet:-1","max-image-preview":"max-image-preview:large","max-video-preview":"max-video-preview:-1"},"canonical":"https:\/\/pargikeskus.ee\/ru\/kauplused\/city-alko\/","og_locale":"ru_RU","og_type":"article","og_title":"City Alko - Pargi Keskus","og_description":"Avatud E-P 10:00 \u2013 22:00 Kontaktandmed +372 55567475cityalko.pargi@aldar.eewww.cityalko.ee FacebookInstagram City Alko CityAlko teab, et \u201cKvaliteet maitseb!\u201d. CityAlko eristub teistest alkoholikauplustest, pakkudes teadlikule kliendile alati kvaliteetset sortimenti. Meie tooted on valitud suure hoole ja armastusega, et tagada igalekliendile kvaliteetne maitseelamus. Lisaks spetsiaalselt valitud toodetele, pakub CityAlko ostur\u00f5\u00f5mu meeldivas keskkonnas, mis on inspireeritud hubasest veinikeldrist. P\u00fc\u00fcame olla [&hellip;]","og_url":"https:\/\/pargikeskus.ee\/ru\/kauplused\/city-alko\/","og_site_name":"Pargi Keskus","article_modified_time":"2024-08-09T07:51:54+00:00","og_image":[{"url":"https:\/\/pargikeskus.ee\/wp-content\/uploads\/2020\/11\/City-Alko-250x68.png","type":"","width":"","height":""}],"twitter_card":"summary_large_image","twitter_misc":{"\u041f\u0440\u0438\u043c\u0435\u0440\u043d\u043e\u0435 \u0432\u0440\u0435\u043c\u044f \u0434\u043b\u044f \u0447\u0442\u0435\u043d\u0438\u044f":"1 \u043c\u0438\u043d\u0443\u0442\u0430"},"schema":{"@context":"https:\/\/schema.org","@graph":[{"@type":"WebPage","@id":"https:\/\/pargikeskus.ee\/ru\/kauplused\/city-alko\/","url":"https:\/\/pargikeskus.ee\/ru\/kauplused\/city-alko\/","name":"City Alko - Pargi Keskus","isPartOf":{"@id":"https:\/\/pargikeskus.ee\/ru\/#website"},"primaryImageOfPage":{"@id":"https:\/\/pargikeskus.ee\/ru\/kauplused\/city-alko\/#primaryimage"},"image":{"@id":"https:\/\/pargikeskus.ee\/ru\/kauplused\/city-alko\/#primaryimage"},"thumbnailUrl":"https:\/\/pargikeskus.ee\/wp-content\/uploads\/2020\/11\/City-Alko-250x68.png","datePublished":"2020-11-05T07:21:07+00:00","dateModified":"2024-08-09T07:51:54+00:00","breadcrumb":{"@id":"https:\/\/pargikeskus.ee\/ru\/kauplused\/city-alko\/#breadcrumb"},"inLanguage":"ru-RU","potentialAction":[{"@type":"ReadAction","target":["https:\/\/pargikeskus.ee\/ru\/kauplused\/city-alko\/"]}]},{"@type":"ImageObject","inLanguage":"ru-RU","@id":"https:\/\/pargikeskus.ee\/ru\/kauplused\/city-alko\/#primaryimage","url":"https:\/\/pargikeskus.ee\/wp-content\/uploads\/2020\/11\/City-Alko-250x68.png","contentUrl":"https:\/\/pargikeskus.ee\/wp-content\/uploads\/2020\/11\/City-Alko-250x68.png"},{"@type":"BreadcrumbList","@id":"https:\/\/pargikeskus.ee\/ru\/kauplused\/city-alko\/#breadcrumb","itemListElement":[{"@type":"ListItem","position":1,"name":"Home","item":"https:\/\/pargikeskus.ee\/ru\/"},{"@type":"ListItem","position":2,"name":"\u041c\u0430\u0433\u0430\u0437\u0438\u043d\u044b","item":"https:\/\/pargikeskus.ee\/ru\/kauplused\/"},{"@type":"ListItem","position":3,"name":"City Alko"}]},{"@type":"WebSite","@id":"https:\/\/pargikeskus.ee\/ru\/#website","url":"https:\/\/pargikeskus.ee\/ru\/","name":"Pargi Keskus","description":"","potentialAction":[{"@type":"SearchAction","target":{"@type":"EntryPoint","urlTemplate":"https:\/\/pargikeskus.ee\/ru\/?s={search_term_string}"},"query-input":{"@type":"PropertyValueSpecification","valueRequired":true,"valueName":"search_term_string"}}],"inLanguage":"ru-RU"}]}},"builder_content":"<img src=\"https:\/\/pargikeskus.ee\/wp-content\/uploads\/2020\/11\/City-Alko-250x68.png\" width=\"250\" height=\"68\" title=\"City Alko\" alt=\"City Alko\" srcset=\"https:\/\/pargikeskus.ee\/wp-content\/uploads\/2020\/11\/City-Alko-250x68.png 250w, https:\/\/pargikeskus.ee\/wp-content\/uploads\/2020\/11\/City-Alko-300x83.png 300w, https:\/\/pargikeskus.ee\/wp-content\/uploads\/2020\/11\/City-Alko-768x211.png 768w, https:\/\/pargikeskus.ee\/wp-content\/uploads\/2020\/11\/City-Alko-150x41.png 150w, https:\/\/pargikeskus.ee\/wp-content\/uploads\/2020\/11\/City-Alko.png 1000w\" sizes=\"(max-width: 250px) 100vw, 250px\" \/>\n<h2>Avatud<\/h2> <p>E-P 10:00 \u2013 22:00<\/p>\n<h2>Kontaktandmed<\/h2> <p><a href=\"tel:+37255567475\">+372 55567475<\/a><br \/><a href=\"mailto:cityalko.pargi@aldar.ee\">cityalko.pargi@aldar.ee<\/a><br \/><a href=\"https:\/\/cityalko.ee\" target=\"_blank\" rel=\"noopener\">www.cityalko.ee<\/a><\/p> <p><a href=\"https:\/\/www.facebook.com\/cityalkoeesti\/\" target=\"_blank\" rel=\"noopener\">Facebook<\/a><br \/><a href=\"https:\/\/www.instagram.com\/cityalko_arsenali\/\" target=\"_blank\" rel=\"noopener\">Instagram<\/a><\/p>\n<h1>City Alko<\/h1> <p>CityAlko teab, et \u201cKvaliteet maitseb!\u201d. CityAlko eristub teistest alkoholikauplustest, pakkudes teadlikule kliendile alati kvaliteetset sortimenti. Meie tooted on valitud suure hoole ja armastusega, et tagada igale<br \/>kliendile kvaliteetne maitseelamus. Lisaks spetsiaalselt valitud toodetele, pakub CityAlko ostur\u00f5\u00f5mu meeldivas keskkonnas, mis on inspireeritud hubasest veinikeldrist. P\u00fc\u00fcame olla oma v\u00e4lisilmes diskreetsed ja teeninduses t\u00f5elised professionaalid.<\/p> <p>Oleme loonud ka oma kaubam\u00e4rgi, mille alt leiab kvaliteetsete p\u00e4hklite ja kuivatatud puuviljade segusid. Samuti leiab Kochi br\u00e4ndi alt erinevaid viinasid, lik\u00f6\u00f6re, \u00f5llesid, gl\u00f6gi ning vanilje- ja sokolaadij\u00e4\u00e4tist.<\/p>\n<h2>Asukoht<\/h2>\n<a href=\"https:\/\/pargikeskus.ee\/wp-content\/uploads\/2020\/11\/city-alko.jpg\" target=\"_blank\">Link<\/a> \n <img src=\"https:\/\/pargikeskus.ee\/wp-content\/uploads\/2020\/11\/city-alko.jpg\" title=\"city alko\" alt=\"city alko\" srcset=\"https:\/\/pargikeskus.ee\/wp-content\/uploads\/2020\/11\/city-alko.jpg 1440w, https:\/\/pargikeskus.ee\/wp-content\/uploads\/2020\/11\/city-alko-300x231.jpg 300w, https:\/\/pargikeskus.ee\/wp-content\/uploads\/2020\/11\/city-alko-1024x787.jpg 1024w, https:\/\/pargikeskus.ee\/wp-content\/uploads\/2020\/11\/city-alko-768x590.jpg 768w\" sizes=\"(max-width: 1440px) 100vw, 1440px\" \/>\n<p><\/p>\n<p>[campaign]<\/p>","_links":{"self":[{"href":"https:\/\/pargikeskus.ee\/ru\/wp-json\/wp\/v2\/pages\/1364","targetHints":{"allow":["GET"]}}],"collection":[{"href":"https:\/\/pargikeskus.ee\/ru\/wp-json\/wp\/v2\/pages"}],"about":[{"href":"https:\/\/pargikeskus.ee\/ru\/wp-json\/wp\/v2\/types\/page"}],"author":[{"embeddable":true,"href":"https:\/\/pargikeskus.ee\/ru\/wp-json\/wp\/v2\/users\/1"}],"replies":[{"embeddable":true,"href":"https:\/\/pargikeskus.ee\/ru\/wp-json\/wp\/v2\/comments?post=1364"}],"version-history":[{"count":4,"href":"https:\/\/pargikeskus.ee\/ru\/wp-json\/wp\/v2\/pages\/1364\/revisions"}],"predecessor-version":[{"id":9304,"href":"https:\/\/pargikeskus.ee\/ru\/wp-json\/wp\/v2\/pages\/1364\/revisions\/9304"}],"up":[{"embeddable":true,"href":"https:\/\/pargikeskus.ee\/ru\/wp-json\/wp\/v2\/pages\/1326"}],"wp:attachment":[{"href":"https:\/\/pargikeskus.ee\/ru\/wp-json\/wp\/v2\/media?parent=1364"}],"curies":[{"name":"wp","href":"https:\/\/api.w.org\/{rel}","templated":true}]}}