{"id":1357,"date":"2026-01-12T19:18:38","date_gmt":"2026-01-12T16:18:38","guid":{"rendered":"https:\/\/pargikeskus.ee\/kauplused\/apotheka\/"},"modified":"2026-01-12T19:19:16","modified_gmt":"2026-01-12T16:19:16","slug":"apotheka","status":"publish","type":"page","link":"https:\/\/pargikeskus.ee\/ru\/kauplused\/apotheka\/","title":{"rendered":"Apotheka"},"content":{"rendered":"<!--themify_builder_content-->\n<div id=\"themify_builder_content-1357\" data-postid=\"1357\" class=\"themify_builder_content themify_builder_content-1357 themify_builder tf_clear\">\n                    <div  data-css_id=\"vaqq964\" data-lazy=\"1\" class=\"module_row themify_builder_row fullwidth_row_container tb_vaqq964 tb_first tf_w\">\n            <span  class=\"builder_row_cover tf_abs\" data-lazy=\"1\"><\/span>            <div class=\"row_inner col_align_top tb_col_count_1 tf_box tf_rel\">\n                        <div  data-lazy=\"1\" class=\"module_column tb-column col-full tb_t2ft965 first\">\n                            <\/div>\n                        <\/div>\n        <\/div>\n                        <div  data-lazy=\"1\" class=\"module_row themify_builder_row tb_o2sl583 tf_w\">\n                        <div class=\"row_inner col_align_top tb_col_count_3 tf_box tf_rel\">\n                        <div  data-lazy=\"1\" class=\"module_column tb-column col4-1 tb_eakw585 first\">\n                    <!-- module image -->\n<div  class=\"module module-image tb_sioz771 image-top   tf_mw\" data-lazy=\"1\">\n        <div class=\"image-wrap tf_rel tf_mw\">\n            <img loading=\"lazy\" decoding=\"async\" src=\"https:\/\/pargikeskus.ee\/wp-content\/uploads\/2020\/11\/Apotheka-250x49.png\" width=\"250\" height=\"49\" class=\"wp-post-image wp-image-11477\" title=\"Apotheka\" alt=\"Apotheka\" srcset=\"https:\/\/pargikeskus.ee\/wp-content\/uploads\/2020\/11\/Apotheka-250x49.png 250w, https:\/\/pargikeskus.ee\/wp-content\/uploads\/2020\/11\/Apotheka-300x59.png 300w, https:\/\/pargikeskus.ee\/wp-content\/uploads\/2020\/11\/Apotheka-768x151.png 768w, https:\/\/pargikeskus.ee\/wp-content\/uploads\/2020\/11\/Apotheka.png 1000w\" sizes=\"auto, (max-width: 250px) 100vw, 250px\" \/>    \n        <\/div>\n    <!-- \/image-wrap -->\n    \n        <\/div>\n<!-- \/module image --><!-- module text -->\n<div  class=\"module module-text tb_okrb801   \" data-lazy=\"1\">\n        <div  class=\"tb_text_wrap\">\n        <h2>Avatud<\/h2>\n<p>E-L 10:00 \u2013 19:00<br \/>P 10:00 \u2013 18:00<\/p>    <\/div>\n<\/div>\n<!-- \/module text --><!-- module text -->\n<div  class=\"module module-text tb_kigd663   \" data-lazy=\"1\">\n        <div  class=\"tb_text_wrap\">\n        <h2>Kontaktandmed<\/h2>\n<p><a href=\"tel:+3723544004\">+372 354 4004<\/a><br \/><a href=\"https:\/\/apotheka.ee\" target=\"_blank\" rel=\"noopener\">www.apotheka.ee<\/a><\/p>\n<p><a href=\"https:\/\/www.instagram.com\/apotheka_apteegid\/\" target=\"_blank\" rel=\"noopener\">Instagram<\/a><br \/><a href=\"https:\/\/www.facebook.com\/Apotheka\" target=\"_blank\" rel=\"noopener\">Facebook<\/a><\/p>    <\/div>\n<\/div>\n<!-- \/module text -->        <\/div>\n                    <div  data-lazy=\"1\" class=\"module_column tb-column col4-2 tb_vsql267\">\n                    <!-- module text -->\n<div  class=\"module module-text tb_1aer314   \" data-lazy=\"1\">\n        <div  class=\"tb_text_wrap\">\n        <h1>Apotheka<\/h1>\n<p>Apotheka apteegis on saadaval lai valik tervise- ja ilutooteid ning ravimeid. Apteegis on igalkuul paljud tooted Apotheka kliendikaardiga eriti hea hinnaga. Lisaks on v\u00f5imalik apteegis m\u00e4\u00e4rata veresuhkrut ja verelipiidide taset.<\/p>\n<p>T\u00e4psem info:<br \/><a href=\"https:\/\/www.apotheka.ee\/apteegid\/pargi-keskuse-apteek\" target=\"_blank\" rel=\"noopener\">https:\/\/www.apotheka.ee\/apteegid\/pargi-keskuse-apteek<\/a><br \/>Apotheka kliendiks saad hakata tasuta apteegis kohapeal v\u00f5i internetis:<br \/><a href=\"https:\/\/www.apotheka.ee\/kliendikaart\" target=\"_blank\" rel=\"noopener\">www.apotheka.ee\/kliendikaart<\/a><\/p>\n<p>Apothekaga oled heades k\u00e4tes!<\/p>    <\/div>\n<\/div>\n<!-- \/module text -->        <\/div>\n                    <div  data-lazy=\"1\" class=\"module_column tb-column col4-1 tb_3f5g68 last\">\n                    <!-- module text -->\n<div  class=\"module module-text tb_yodt295   \" data-lazy=\"1\">\n        <div  class=\"tb_text_wrap\">\n        <h2>Asukoht<\/h2>    <\/div>\n<\/div>\n<!-- \/module text --><!-- module image pro -->\n<div  class=\"module module-pro-image tb_57uv26 filter-none effect-shine   tf_textc   entrance-effect-fadeIn\" data-lazy=\"1\" data-entrance-effect=\"fadeIn\" data-exit-effect=\"fadeOut\" >\n\t\n    <div class=\"image-pro-wrap tf_rel tf_overflow tf_inline_b\">\n\t\t\t\t\t<a class=\"image-pro-external themify_lightbox tf_abs tf_w tf_h\" href=\"https:\/\/pargikeskus.ee\/wp-content\/uploads\/2020\/11\/Denim-Dream.jpg\" target=\"_blank\"><span class=\"screen-reader-text\">Link<\/span><\/a>\n\t\t   \t\t<div class=\"image-pro-flip-box-wrap tf_rel tf_w tf_overflow\">\n\t\t\t<div class=\"image-pro-flip-box tf_rel\">\n\n\t\t\t\t<img loading=\"lazy\" decoding=\"async\" width=\"1440\" height=\"1107\" src=\"https:\/\/pargikeskus.ee\/wp-content\/uploads\/2020\/11\/Apotheka.jpg\" class=\"wp-post-image wp-image-1358\" title=\"Apotheka\" alt=\"Apotheka\" srcset=\"https:\/\/pargikeskus.ee\/wp-content\/uploads\/2020\/11\/Apotheka.jpg 1440w, https:\/\/pargikeskus.ee\/wp-content\/uploads\/2020\/11\/Apotheka-300x231.jpg 300w, https:\/\/pargikeskus.ee\/wp-content\/uploads\/2020\/11\/Apotheka-1024x787.jpg 1024w, https:\/\/pargikeskus.ee\/wp-content\/uploads\/2020\/11\/Apotheka-768x590.jpg 768w\" sizes=\"auto, (max-width: 1440px) 100vw, 1440px\" \/>\n\t\t\t\t\n\t\t\t<\/div>\n\t\t<\/div>\n\n    <\/div><!-- .image-pro-wrap -->\n\n\t\n\t\n\t<\/div><!-- \/module image pro --><!-- module text -->\n<div  class=\"module module-text tb_kunv69   \" data-lazy=\"1\">\n        <div  class=\"tb_text_wrap\">\n        <p><span id=\"kampaania\"><\/span><\/p>\n    <\/div>\n<\/div>\n<!-- \/module text --><!-- module text -->\n<div  class=\"module module-text tb_y34p2   \" data-lazy=\"1\">\n        <div  class=\"tb_text_wrap\">\n            <\/div>\n<\/div>\n<!-- \/module text -->        <\/div>\n                        <\/div>\n        <\/div>\n        <\/div>\n<!--\/themify_builder_content-->","protected":false},"excerpt":{"rendered":"<p>Avatud E-L 10:00 \u2013 19:00P 10:00 \u2013 18:00<\/p>\n","protected":false},"author":1,"featured_media":0,"parent":1326,"menu_order":0,"comment_status":"closed","ping_status":"closed","template":"","meta":{"footnotes":""},"class_list":["post-1357","page","type-page","status-publish","hentry","has-post-title","has-post-date","has-post-category","has-post-tag","has-post-comment","has-post-author",""],"yoast_head":"<!-- This site is optimized with the Yoast SEO plugin v27.2 - https:\/\/yoast.com\/product\/yoast-seo-wordpress\/ -->\n<title>Apotheka Pargi Keskuses \u2013 apteek ja tervisetooted J\u00f5hvis | Pargi Keskus<\/title>\n<meta name=\"description\" content=\"Apotheka Pargi Keskuses J\u00f5hvis pakub apteegi teenuseid, retseptiravimeid ja laia valikut tervisetooteid. Kvaliteetne n\u00f5ustamine ja tooted mugavalt Pargi Keskuses!\" \/>\n<meta name=\"robots\" content=\"index, follow, max-snippet:-1, max-image-preview:large, max-video-preview:-1\" \/>\n<link rel=\"canonical\" href=\"https:\/\/pargikeskus.ee\/ru\/kauplused\/apotheka\/\" \/>\n<meta property=\"og:locale\" content=\"ru_RU\" \/>\n<meta property=\"og:type\" content=\"article\" \/>\n<meta property=\"og:title\" content=\"Apotheka Pargi Keskuses \u2013 apteek ja tervisetooted J\u00f5hvis | Pargi Keskus\" \/>\n<meta property=\"og:description\" content=\"Apotheka Pargi Keskuses J\u00f5hvis pakub apteegi teenuseid, retseptiravimeid ja laia valikut tervisetooteid. Kvaliteetne n\u00f5ustamine ja tooted mugavalt Pargi Keskuses!\" \/>\n<meta property=\"og:url\" content=\"https:\/\/pargikeskus.ee\/ru\/kauplused\/apotheka\/\" \/>\n<meta property=\"og:site_name\" content=\"Pargi Keskus\" \/>\n<meta property=\"article:modified_time\" content=\"2026-01-12T16:19:16+00:00\" \/>\n<meta property=\"og:image\" content=\"https:\/\/pargikeskus.ee\/wp-content\/uploads\/2020\/11\/Apotheka-250x49.png\" \/>\n<meta name=\"twitter:card\" content=\"summary_large_image\" \/>\n<script type=\"application\/ld+json\" class=\"yoast-schema-graph\">{\"@context\":\"https:\/\/schema.org\",\"@graph\":[{\"@type\":\"WebPage\",\"@id\":\"https:\/\/pargikeskus.ee\/ru\/kauplused\/apotheka\/\",\"url\":\"https:\/\/pargikeskus.ee\/ru\/kauplused\/apotheka\/\",\"name\":\"Apotheka Pargi Keskuses \u2013 apteek ja tervisetooted J\u00f5hvis | Pargi Keskus\",\"isPartOf\":{\"@id\":\"https:\/\/pargikeskus.ee\/ru\/#website\"},\"primaryImageOfPage\":{\"@id\":\"https:\/\/pargikeskus.ee\/ru\/kauplused\/apotheka\/#primaryimage\"},\"image\":{\"@id\":\"https:\/\/pargikeskus.ee\/ru\/kauplused\/apotheka\/#primaryimage\"},\"thumbnailUrl\":\"https:\/\/pargikeskus.ee\/wp-content\/uploads\/2020\/11\/Apotheka-250x49.png\",\"datePublished\":\"2026-01-12T16:18:38+00:00\",\"dateModified\":\"2026-01-12T16:19:16+00:00\",\"description\":\"Apotheka Pargi Keskuses J\u00f5hvis pakub apteegi teenuseid, retseptiravimeid ja laia valikut tervisetooteid. Kvaliteetne n\u00f5ustamine ja tooted mugavalt Pargi Keskuses!\",\"breadcrumb\":{\"@id\":\"https:\/\/pargikeskus.ee\/ru\/kauplused\/apotheka\/#breadcrumb\"},\"inLanguage\":\"ru-RU\",\"potentialAction\":[{\"@type\":\"ReadAction\",\"target\":[\"https:\/\/pargikeskus.ee\/ru\/kauplused\/apotheka\/\"]}]},{\"@type\":\"ImageObject\",\"inLanguage\":\"ru-RU\",\"@id\":\"https:\/\/pargikeskus.ee\/ru\/kauplused\/apotheka\/#primaryimage\",\"url\":\"https:\/\/pargikeskus.ee\/wp-content\/uploads\/2020\/11\/Apotheka-250x49.png\",\"contentUrl\":\"https:\/\/pargikeskus.ee\/wp-content\/uploads\/2020\/11\/Apotheka-250x49.png\"},{\"@type\":\"BreadcrumbList\",\"@id\":\"https:\/\/pargikeskus.ee\/ru\/kauplused\/apotheka\/#breadcrumb\",\"itemListElement\":[{\"@type\":\"ListItem\",\"position\":1,\"name\":\"Home\",\"item\":\"https:\/\/pargikeskus.ee\/ru\/\"},{\"@type\":\"ListItem\",\"position\":2,\"name\":\"\u041c\u0430\u0433\u0430\u0437\u0438\u043d\u044b\",\"item\":\"https:\/\/pargikeskus.ee\/ru\/kauplused\/\"},{\"@type\":\"ListItem\",\"position\":3,\"name\":\"Apotheka\"}]},{\"@type\":\"WebSite\",\"@id\":\"https:\/\/pargikeskus.ee\/ru\/#website\",\"url\":\"https:\/\/pargikeskus.ee\/ru\/\",\"name\":\"Pargi Keskus\",\"description\":\"\",\"potentialAction\":[{\"@type\":\"SearchAction\",\"target\":{\"@type\":\"EntryPoint\",\"urlTemplate\":\"https:\/\/pargikeskus.ee\/ru\/?s={search_term_string}\"},\"query-input\":{\"@type\":\"PropertyValueSpecification\",\"valueRequired\":true,\"valueName\":\"search_term_string\"}}],\"inLanguage\":\"ru-RU\"}]}<\/script>\n<!-- \/ Yoast SEO plugin. -->","yoast_head_json":{"title":"Apotheka Pargi Keskuses \u2013 apteek ja tervisetooted J\u00f5hvis | Pargi Keskus","description":"Apotheka Pargi Keskuses J\u00f5hvis pakub apteegi teenuseid, retseptiravimeid ja laia valikut tervisetooteid. Kvaliteetne n\u00f5ustamine ja tooted mugavalt Pargi Keskuses!","robots":{"index":"index","follow":"follow","max-snippet":"max-snippet:-1","max-image-preview":"max-image-preview:large","max-video-preview":"max-video-preview:-1"},"canonical":"https:\/\/pargikeskus.ee\/ru\/kauplused\/apotheka\/","og_locale":"ru_RU","og_type":"article","og_title":"Apotheka Pargi Keskuses \u2013 apteek ja tervisetooted J\u00f5hvis | Pargi Keskus","og_description":"Apotheka Pargi Keskuses J\u00f5hvis pakub apteegi teenuseid, retseptiravimeid ja laia valikut tervisetooteid. Kvaliteetne n\u00f5ustamine ja tooted mugavalt Pargi Keskuses!","og_url":"https:\/\/pargikeskus.ee\/ru\/kauplused\/apotheka\/","og_site_name":"Pargi Keskus","article_modified_time":"2026-01-12T16:19:16+00:00","og_image":[{"url":"https:\/\/pargikeskus.ee\/wp-content\/uploads\/2020\/11\/Apotheka-250x49.png","type":"","width":"","height":""}],"twitter_card":"summary_large_image","schema":{"@context":"https:\/\/schema.org","@graph":[{"@type":"WebPage","@id":"https:\/\/pargikeskus.ee\/ru\/kauplused\/apotheka\/","url":"https:\/\/pargikeskus.ee\/ru\/kauplused\/apotheka\/","name":"Apotheka Pargi Keskuses \u2013 apteek ja tervisetooted J\u00f5hvis | Pargi Keskus","isPartOf":{"@id":"https:\/\/pargikeskus.ee\/ru\/#website"},"primaryImageOfPage":{"@id":"https:\/\/pargikeskus.ee\/ru\/kauplused\/apotheka\/#primaryimage"},"image":{"@id":"https:\/\/pargikeskus.ee\/ru\/kauplused\/apotheka\/#primaryimage"},"thumbnailUrl":"https:\/\/pargikeskus.ee\/wp-content\/uploads\/2020\/11\/Apotheka-250x49.png","datePublished":"2026-01-12T16:18:38+00:00","dateModified":"2026-01-12T16:19:16+00:00","description":"Apotheka Pargi Keskuses J\u00f5hvis pakub apteegi teenuseid, retseptiravimeid ja laia valikut tervisetooteid. Kvaliteetne n\u00f5ustamine ja tooted mugavalt Pargi Keskuses!","breadcrumb":{"@id":"https:\/\/pargikeskus.ee\/ru\/kauplused\/apotheka\/#breadcrumb"},"inLanguage":"ru-RU","potentialAction":[{"@type":"ReadAction","target":["https:\/\/pargikeskus.ee\/ru\/kauplused\/apotheka\/"]}]},{"@type":"ImageObject","inLanguage":"ru-RU","@id":"https:\/\/pargikeskus.ee\/ru\/kauplused\/apotheka\/#primaryimage","url":"https:\/\/pargikeskus.ee\/wp-content\/uploads\/2020\/11\/Apotheka-250x49.png","contentUrl":"https:\/\/pargikeskus.ee\/wp-content\/uploads\/2020\/11\/Apotheka-250x49.png"},{"@type":"BreadcrumbList","@id":"https:\/\/pargikeskus.ee\/ru\/kauplused\/apotheka\/#breadcrumb","itemListElement":[{"@type":"ListItem","position":1,"name":"Home","item":"https:\/\/pargikeskus.ee\/ru\/"},{"@type":"ListItem","position":2,"name":"\u041c\u0430\u0433\u0430\u0437\u0438\u043d\u044b","item":"https:\/\/pargikeskus.ee\/ru\/kauplused\/"},{"@type":"ListItem","position":3,"name":"Apotheka"}]},{"@type":"WebSite","@id":"https:\/\/pargikeskus.ee\/ru\/#website","url":"https:\/\/pargikeskus.ee\/ru\/","name":"Pargi Keskus","description":"","potentialAction":[{"@type":"SearchAction","target":{"@type":"EntryPoint","urlTemplate":"https:\/\/pargikeskus.ee\/ru\/?s={search_term_string}"},"query-input":{"@type":"PropertyValueSpecification","valueRequired":true,"valueName":"search_term_string"}}],"inLanguage":"ru-RU"}]}},"builder_content":"<img src=\"https:\/\/pargikeskus.ee\/wp-content\/uploads\/2020\/11\/Apotheka-250x49.png\" width=\"250\" height=\"49\" title=\"Apotheka\" alt=\"Apotheka\" srcset=\"https:\/\/pargikeskus.ee\/wp-content\/uploads\/2020\/11\/Apotheka-250x49.png 250w, https:\/\/pargikeskus.ee\/wp-content\/uploads\/2020\/11\/Apotheka-300x59.png 300w, https:\/\/pargikeskus.ee\/wp-content\/uploads\/2020\/11\/Apotheka-768x151.png 768w, https:\/\/pargikeskus.ee\/wp-content\/uploads\/2020\/11\/Apotheka.png 1000w\" sizes=\"(max-width: 250px) 100vw, 250px\" \/>\n<h2>Avatud<\/h2> <p>E-L 10:00 \u2013 19:00<br \/>P 10:00 \u2013 18:00<\/p>\n<h2>Kontaktandmed<\/h2> <p><a href=\"tel:+3723544004\">+372 354 4004<\/a><br \/><a href=\"https:\/\/apotheka.ee\" target=\"_blank\" rel=\"noopener\">www.apotheka.ee<\/a><\/p> <p><a href=\"https:\/\/www.instagram.com\/apotheka_apteegid\/\" target=\"_blank\" rel=\"noopener\">Instagram<\/a><br \/><a href=\"https:\/\/www.facebook.com\/Apotheka\" target=\"_blank\" rel=\"noopener\">Facebook<\/a><\/p>\n<h1>Apotheka<\/h1> <p>Apotheka apteegis on saadaval lai valik tervise- ja ilutooteid ning ravimeid. Apteegis on igalkuul paljud tooted Apotheka kliendikaardiga eriti hea hinnaga. Lisaks on v\u00f5imalik apteegis m\u00e4\u00e4rata veresuhkrut ja verelipiidide taset.<\/p> <p>T\u00e4psem info:<br \/><a href=\"https:\/\/www.apotheka.ee\/apteegid\/pargi-keskuse-apteek\" target=\"_blank\" rel=\"noopener\">https:\/\/www.apotheka.ee\/apteegid\/pargi-keskuse-apteek<\/a><br \/>Apotheka kliendiks saad hakata tasuta apteegis kohapeal v\u00f5i internetis:<br \/><a href=\"https:\/\/www.apotheka.ee\/kliendikaart\" target=\"_blank\" rel=\"noopener\">www.apotheka.ee\/kliendikaart<\/a><\/p> <p>Apothekaga oled heades k\u00e4tes!<\/p>\n<h2>Asukoht<\/h2>\n<a href=\"https:\/\/pargikeskus.ee\/wp-content\/uploads\/2020\/11\/Denim-Dream.jpg\" target=\"_blank\">Link<\/a> \n <img src=\"https:\/\/pargikeskus.ee\/wp-content\/uploads\/2020\/11\/Apotheka.jpg\" title=\"Apotheka\" alt=\"Apotheka\" srcset=\"https:\/\/pargikeskus.ee\/wp-content\/uploads\/2020\/11\/Apotheka.jpg 1440w, https:\/\/pargikeskus.ee\/wp-content\/uploads\/2020\/11\/Apotheka-300x231.jpg 300w, https:\/\/pargikeskus.ee\/wp-content\/uploads\/2020\/11\/Apotheka-1024x787.jpg 1024w, https:\/\/pargikeskus.ee\/wp-content\/uploads\/2020\/11\/Apotheka-768x590.jpg 768w\" sizes=\"(max-width: 1440px) 100vw, 1440px\" \/>\n<p><\/p>\n<p>[campaign]<\/p>","_links":{"self":[{"href":"https:\/\/pargikeskus.ee\/ru\/wp-json\/wp\/v2\/pages\/1357","targetHints":{"allow":["GET"]}}],"collection":[{"href":"https:\/\/pargikeskus.ee\/ru\/wp-json\/wp\/v2\/pages"}],"about":[{"href":"https:\/\/pargikeskus.ee\/ru\/wp-json\/wp\/v2\/types\/page"}],"author":[{"embeddable":true,"href":"https:\/\/pargikeskus.ee\/ru\/wp-json\/wp\/v2\/users\/1"}],"replies":[{"embeddable":true,"href":"https:\/\/pargikeskus.ee\/ru\/wp-json\/wp\/v2\/comments?post=1357"}],"version-history":[{"count":11,"href":"https:\/\/pargikeskus.ee\/ru\/wp-json\/wp\/v2\/pages\/1357\/revisions"}],"predecessor-version":[{"id":11488,"href":"https:\/\/pargikeskus.ee\/ru\/wp-json\/wp\/v2\/pages\/1357\/revisions\/11488"}],"up":[{"embeddable":true,"href":"https:\/\/pargikeskus.ee\/ru\/wp-json\/wp\/v2\/pages\/1326"}],"wp:attachment":[{"href":"https:\/\/pargikeskus.ee\/ru\/wp-json\/wp\/v2\/media?parent=1357"}],"curies":[{"name":"wp","href":"https:\/\/api.w.org\/{rel}","templated":true}]}}