{"id":11781,"date":"2026-04-01T15:30:35","date_gmt":"2026-04-01T12:30:35","guid":{"rendered":"https:\/\/pargikeskus.ee\/?page_id=11781"},"modified":"2026-04-01T15:31:04","modified_gmt":"2026-04-01T12:31:04","slug":"lady-collection","status":"publish","type":"page","link":"https:\/\/pargikeskus.ee\/ru\/kauplused\/lady-collection\/","title":{"rendered":"Lady Collection"},"content":{"rendered":"<!--themify_builder_content-->\n<div id=\"themify_builder_content-11781\" data-postid=\"11781\" class=\"themify_builder_content themify_builder_content-11781 themify_builder tf_clear\">\n                    <div  data-css_id=\"cxqz897\" data-lazy=\"1\" class=\"module_row themify_builder_row fullwidth_row_container tb_cxqz897 tb_first tf_w\">\n            <span  class=\"builder_row_cover tf_abs\" data-lazy=\"1\"><\/span>            <div class=\"row_inner col_align_top tb_col_count_1 tf_box tf_rel\">\n                        <div  data-lazy=\"1\" class=\"module_column tb-column col-full tb_xcus897 first\">\n                            <\/div>\n                        <\/div>\n        <\/div>\n                        <div  data-lazy=\"1\" class=\"module_row themify_builder_row tb_qv9o155 tf_w\">\n                        <div class=\"row_inner col_align_top tb_col_count_3 tf_box tf_rel\">\n                        <div  data-lazy=\"1\" class=\"module_column tb-column col4-1 tb_a56c155 first\">\n                    <!-- module image -->\n<div  class=\"module module-image tb_h2xq155 image-top   tf_mw\" data-lazy=\"1\">\n        <div class=\"image-wrap tf_rel tf_mw\">\n            <img loading=\"lazy\" decoding=\"async\" src=\"https:\/\/pargikeskus.ee\/wp-content\/uploads\/2026\/04\/LADY-COLLECTION-1024x394-250x96.png\" width=\"250\" height=\"96\" class=\"wp-post-image wp-image-11801\" title=\"LADY COLLECTION\" alt=\"LADY COLLECTION\" srcset=\"https:\/\/pargikeskus.ee\/wp-content\/uploads\/2026\/04\/LADY-COLLECTION-1024x394-250x96.png 250w, https:\/\/pargikeskus.ee\/wp-content\/uploads\/2026\/04\/LADY-COLLECTION-300x116.png 300w, https:\/\/pargikeskus.ee\/wp-content\/uploads\/2026\/04\/LADY-COLLECTION-1024x394.png 1024w, https:\/\/pargikeskus.ee\/wp-content\/uploads\/2026\/04\/LADY-COLLECTION-768x296.png 768w, https:\/\/pargikeskus.ee\/wp-content\/uploads\/2026\/04\/LADY-COLLECTION-1536x591.png 1536w, https:\/\/pargikeskus.ee\/wp-content\/uploads\/2026\/04\/LADY-COLLECTION-2048x789.png 2048w, https:\/\/pargikeskus.ee\/wp-content\/uploads\/2026\/04\/LADY-COLLECTION-1024x394-150x57.png 150w\" sizes=\"auto, (max-width: 250px) 100vw, 250px\" \/>    \n        <\/div>\n    <!-- \/image-wrap -->\n    \n        <\/div>\n<!-- \/module image --><!-- module text -->\n<div  class=\"module module-text tb_y8gk155   \" data-lazy=\"1\">\n        <div  class=\"tb_text_wrap\">\n        <h2>Kontaktandmed<\/h2>\n<p><a href=\"mailto:suvijekat@gmail.com\">suvijekat@gmail.com<\/a><br \/><a href=\"tel:53542469\">53542469<\/a><\/p>    <\/div>\n<\/div>\n<!-- \/module text -->        <\/div>\n                    <div  data-lazy=\"1\" class=\"module_column tb-column col4-2 tb_gwuh155\">\n                    <!-- module text -->\n<div  class=\"module module-text tb_lgoe155   \" data-lazy=\"1\">\n        <div  class=\"tb_text_wrap\">\n        <h1>Lady Collection<\/h1>\n<p>Lady Collection Pargi Keskuses- moodsad r\u00f5ivad, mis on kohandatud t\u00e4nap\u00e4eva naise vajadustele.<\/p>\n<p>Meie kollektsioon \u00e4ratab ellu mitmesuguseid ideid Teie kuvandi ja elus\u00fcndmuste jaoks.<\/p>\n<p>\u00a0\u00a0\u00a0 -T\u00e4htp\u00e4evad, pulmad, aastap\u00e4evad.<\/p>\n<p>\u00a0\u00a0 \u00a0-T\u00f6\u00f6, kontor, kool, puhkus.<\/p>\n<p>Suur valik \u00fcler\u00f5ivaid igaks aastaajaks.<\/p>    <\/div>\n<\/div>\n<!-- \/module text -->        <\/div>\n                    <div  data-lazy=\"1\" class=\"module_column tb-column col4-1 tb_2xu4155 last\">\n                    <!-- module text -->\n<div  class=\"module module-text tb_f82z155   \" data-lazy=\"1\">\n        <div  class=\"tb_text_wrap\">\n        <h2>Asukoht<\/h2>    <\/div>\n<\/div>\n<!-- \/module text --><!-- module image pro -->\n<div  class=\"module module-pro-image tb_rllm155 filter- effect-shine   tf_textc   entrance-effect-fadeIn\" data-lazy=\"1\" data-entrance-effect=\"fadeIn\" data-exit-effect=\"fadeOut\" >\n\t\n    <div class=\"image-pro-wrap tf_rel tf_overflow tf_inline_b\">\n\t\t\t\t\t<a class=\"image-pro-external themify_lightbox tf_abs tf_w tf_h\" href=\"https:\/\/pargikeskus.ee\/wp-content\/uploads\/2020\/11\/top-shop.jpg\" ><span class=\"screen-reader-text\">Link<\/span><\/a>\n\t\t   \t\t<div class=\"image-pro-flip-box-wrap tf_rel tf_w tf_overflow\">\n\t\t\t<div class=\"image-pro-flip-box tf_rel\">\n\n\t\t\t\t<img loading=\"lazy\" decoding=\"async\" width=\"1440\" height=\"1107\" src=\"https:\/\/pargikeskus.ee\/wp-content\/uploads\/2020\/11\/top-shop.jpg\" class=\"wp-post-image wp-image-1664\" title=\"top shop\" alt=\"top shop\" srcset=\"https:\/\/pargikeskus.ee\/wp-content\/uploads\/2020\/11\/top-shop.jpg 1440w, https:\/\/pargikeskus.ee\/wp-content\/uploads\/2020\/11\/top-shop-300x231.jpg 300w, https:\/\/pargikeskus.ee\/wp-content\/uploads\/2020\/11\/top-shop-1024x787.jpg 1024w, https:\/\/pargikeskus.ee\/wp-content\/uploads\/2020\/11\/top-shop-768x590.jpg 768w\" sizes=\"auto, (max-width: 1440px) 100vw, 1440px\" \/>\n\t\t\t\t\n\t\t\t<\/div>\n\t\t<\/div>\n\n    <\/div><!-- .image-pro-wrap -->\n\n\t\n\t\n\t<\/div><!-- \/module image pro --><!-- module text -->\n<div  class=\"module module-text tb_mjip155   \" data-lazy=\"1\">\n        <div  class=\"tb_text_wrap\">\n        <p><span id=\"kampaania\"><\/span><\/p>\n    <\/div>\n<\/div>\n<!-- \/module text --><!-- module text -->\n<div  class=\"module module-text tb_50jq155   \" data-lazy=\"1\">\n        <div  class=\"tb_text_wrap\">\n            <\/div>\n<\/div>\n<!-- \/module text -->        <\/div>\n                        <\/div>\n        <\/div>\n        <\/div>\n<!--\/themify_builder_content-->","protected":false},"excerpt":{"rendered":"<p>Kontaktandmed suvijekat@gmail.com53542469<\/p>\n","protected":false},"author":1,"featured_media":0,"parent":1326,"menu_order":0,"comment_status":"closed","ping_status":"closed","template":"","meta":{"footnotes":""},"class_list":["post-11781","page","type-page","status-publish","hentry","has-post-title","has-post-date","has-post-category","has-post-tag","has-post-comment","has-post-author",""],"yoast_head":"<!-- This site is optimized with the Yoast SEO plugin v27.2 - https:\/\/yoast.com\/product\/yoast-seo-wordpress\/ -->\n<title>Lady Collection Pargi Keskuses \u2013 kinokogemus ja filmid J\u00f5hvis | Pargi Keskus<\/title>\n<meta name=\"description\" content=\"Apollo Kino Pargi Keskuses J\u00f5hvis pakub kaasaegset kinokogemust, uusimaid filme ja mugavat vaatamiskohta otse Pargi Keskuses. Tule naudi elamusi koos pere v\u00f5i s\u00f5pradega!\" \/>\n<meta name=\"robots\" content=\"index, follow, max-snippet:-1, max-image-preview:large, max-video-preview:-1\" \/>\n<link rel=\"canonical\" href=\"https:\/\/pargikeskus.ee\/ru\/kauplused\/lady-collection\/\" \/>\n<meta property=\"og:locale\" content=\"ru_RU\" \/>\n<meta property=\"og:type\" content=\"article\" \/>\n<meta property=\"og:title\" content=\"Lady Collection Pargi Keskuses \u2013 kinokogemus ja filmid J\u00f5hvis | Pargi Keskus\" \/>\n<meta property=\"og:description\" content=\"Apollo Kino Pargi Keskuses J\u00f5hvis pakub kaasaegset kinokogemust, uusimaid filme ja mugavat vaatamiskohta otse Pargi Keskuses. Tule naudi elamusi koos pere v\u00f5i s\u00f5pradega!\" \/>\n<meta property=\"og:url\" content=\"https:\/\/pargikeskus.ee\/ru\/kauplused\/lady-collection\/\" \/>\n<meta property=\"og:site_name\" content=\"Pargi Keskus\" \/>\n<meta property=\"article:modified_time\" content=\"2026-04-01T12:31:04+00:00\" \/>\n<meta property=\"og:image\" content=\"https:\/\/pargikeskus.ee\/wp-content\/uploads\/2026\/04\/LADY-COLLECTION-1024x394-250x96.png\" \/>\n<meta name=\"twitter:card\" content=\"summary_large_image\" \/>\n<meta name=\"twitter:label1\" content=\"\u041f\u0440\u0438\u043c\u0435\u0440\u043d\u043e\u0435 \u0432\u0440\u0435\u043c\u044f \u0434\u043b\u044f \u0447\u0442\u0435\u043d\u0438\u044f\" \/>\n\t<meta name=\"twitter:data1\" content=\"3 \u043c\u0438\u043d\u0443\u0442\u044b\" \/>\n<script type=\"application\/ld+json\" class=\"yoast-schema-graph\">{\"@context\":\"https:\/\/schema.org\",\"@graph\":[{\"@type\":\"WebPage\",\"@id\":\"https:\/\/pargikeskus.ee\/ru\/kauplused\/lady-collection\/\",\"url\":\"https:\/\/pargikeskus.ee\/ru\/kauplused\/lady-collection\/\",\"name\":\"Lady Collection Pargi Keskuses \u2013 kinokogemus ja filmid J\u00f5hvis | Pargi Keskus\",\"isPartOf\":{\"@id\":\"https:\/\/pargikeskus.ee\/ru\/#website\"},\"primaryImageOfPage\":{\"@id\":\"https:\/\/pargikeskus.ee\/ru\/kauplused\/lady-collection\/#primaryimage\"},\"image\":{\"@id\":\"https:\/\/pargikeskus.ee\/ru\/kauplused\/lady-collection\/#primaryimage\"},\"thumbnailUrl\":\"https:\/\/pargikeskus.ee\/wp-content\/uploads\/2026\/04\/LADY-COLLECTION-1024x394-250x96.png\",\"datePublished\":\"2026-04-01T12:30:35+00:00\",\"dateModified\":\"2026-04-01T12:31:04+00:00\",\"description\":\"Apollo Kino Pargi Keskuses J\u00f5hvis pakub kaasaegset kinokogemust, uusimaid filme ja mugavat vaatamiskohta otse Pargi Keskuses. Tule naudi elamusi koos pere v\u00f5i s\u00f5pradega!\",\"breadcrumb\":{\"@id\":\"https:\/\/pargikeskus.ee\/ru\/kauplused\/lady-collection\/#breadcrumb\"},\"inLanguage\":\"ru-RU\",\"potentialAction\":[{\"@type\":\"ReadAction\",\"target\":[\"https:\/\/pargikeskus.ee\/ru\/kauplused\/lady-collection\/\"]}]},{\"@type\":\"ImageObject\",\"inLanguage\":\"ru-RU\",\"@id\":\"https:\/\/pargikeskus.ee\/ru\/kauplused\/lady-collection\/#primaryimage\",\"url\":\"https:\/\/pargikeskus.ee\/wp-content\/uploads\/2026\/04\/LADY-COLLECTION-1024x394-250x96.png\",\"contentUrl\":\"https:\/\/pargikeskus.ee\/wp-content\/uploads\/2026\/04\/LADY-COLLECTION-1024x394-250x96.png\"},{\"@type\":\"BreadcrumbList\",\"@id\":\"https:\/\/pargikeskus.ee\/ru\/kauplused\/lady-collection\/#breadcrumb\",\"itemListElement\":[{\"@type\":\"ListItem\",\"position\":1,\"name\":\"Home\",\"item\":\"https:\/\/pargikeskus.ee\/ru\/\"},{\"@type\":\"ListItem\",\"position\":2,\"name\":\"\u041c\u0430\u0433\u0430\u0437\u0438\u043d\u044b\",\"item\":\"https:\/\/pargikeskus.ee\/ru\/kauplused\/\"},{\"@type\":\"ListItem\",\"position\":3,\"name\":\"Lady Collection\"}]},{\"@type\":\"WebSite\",\"@id\":\"https:\/\/pargikeskus.ee\/ru\/#website\",\"url\":\"https:\/\/pargikeskus.ee\/ru\/\",\"name\":\"Pargi Keskus\",\"description\":\"\",\"potentialAction\":[{\"@type\":\"SearchAction\",\"target\":{\"@type\":\"EntryPoint\",\"urlTemplate\":\"https:\/\/pargikeskus.ee\/ru\/?s={search_term_string}\"},\"query-input\":{\"@type\":\"PropertyValueSpecification\",\"valueRequired\":true,\"valueName\":\"search_term_string\"}}],\"inLanguage\":\"ru-RU\"}]}<\/script>\n<!-- \/ Yoast SEO plugin. -->","yoast_head_json":{"title":"Lady Collection Pargi Keskuses \u2013 kinokogemus ja filmid J\u00f5hvis | Pargi Keskus","description":"Apollo Kino Pargi Keskuses J\u00f5hvis pakub kaasaegset kinokogemust, uusimaid filme ja mugavat vaatamiskohta otse Pargi Keskuses. Tule naudi elamusi koos pere v\u00f5i s\u00f5pradega!","robots":{"index":"index","follow":"follow","max-snippet":"max-snippet:-1","max-image-preview":"max-image-preview:large","max-video-preview":"max-video-preview:-1"},"canonical":"https:\/\/pargikeskus.ee\/ru\/kauplused\/lady-collection\/","og_locale":"ru_RU","og_type":"article","og_title":"Lady Collection Pargi Keskuses \u2013 kinokogemus ja filmid J\u00f5hvis | Pargi Keskus","og_description":"Apollo Kino Pargi Keskuses J\u00f5hvis pakub kaasaegset kinokogemust, uusimaid filme ja mugavat vaatamiskohta otse Pargi Keskuses. Tule naudi elamusi koos pere v\u00f5i s\u00f5pradega!","og_url":"https:\/\/pargikeskus.ee\/ru\/kauplused\/lady-collection\/","og_site_name":"Pargi Keskus","article_modified_time":"2026-04-01T12:31:04+00:00","og_image":[{"url":"https:\/\/pargikeskus.ee\/wp-content\/uploads\/2026\/04\/LADY-COLLECTION-1024x394-250x96.png","type":"","width":"","height":""}],"twitter_card":"summary_large_image","twitter_misc":{"\u041f\u0440\u0438\u043c\u0435\u0440\u043d\u043e\u0435 \u0432\u0440\u0435\u043c\u044f \u0434\u043b\u044f \u0447\u0442\u0435\u043d\u0438\u044f":"3 \u043c\u0438\u043d\u0443\u0442\u044b"},"schema":{"@context":"https:\/\/schema.org","@graph":[{"@type":"WebPage","@id":"https:\/\/pargikeskus.ee\/ru\/kauplused\/lady-collection\/","url":"https:\/\/pargikeskus.ee\/ru\/kauplused\/lady-collection\/","name":"Lady Collection Pargi Keskuses \u2013 kinokogemus ja filmid J\u00f5hvis | Pargi Keskus","isPartOf":{"@id":"https:\/\/pargikeskus.ee\/ru\/#website"},"primaryImageOfPage":{"@id":"https:\/\/pargikeskus.ee\/ru\/kauplused\/lady-collection\/#primaryimage"},"image":{"@id":"https:\/\/pargikeskus.ee\/ru\/kauplused\/lady-collection\/#primaryimage"},"thumbnailUrl":"https:\/\/pargikeskus.ee\/wp-content\/uploads\/2026\/04\/LADY-COLLECTION-1024x394-250x96.png","datePublished":"2026-04-01T12:30:35+00:00","dateModified":"2026-04-01T12:31:04+00:00","description":"Apollo Kino Pargi Keskuses J\u00f5hvis pakub kaasaegset kinokogemust, uusimaid filme ja mugavat vaatamiskohta otse Pargi Keskuses. Tule naudi elamusi koos pere v\u00f5i s\u00f5pradega!","breadcrumb":{"@id":"https:\/\/pargikeskus.ee\/ru\/kauplused\/lady-collection\/#breadcrumb"},"inLanguage":"ru-RU","potentialAction":[{"@type":"ReadAction","target":["https:\/\/pargikeskus.ee\/ru\/kauplused\/lady-collection\/"]}]},{"@type":"ImageObject","inLanguage":"ru-RU","@id":"https:\/\/pargikeskus.ee\/ru\/kauplused\/lady-collection\/#primaryimage","url":"https:\/\/pargikeskus.ee\/wp-content\/uploads\/2026\/04\/LADY-COLLECTION-1024x394-250x96.png","contentUrl":"https:\/\/pargikeskus.ee\/wp-content\/uploads\/2026\/04\/LADY-COLLECTION-1024x394-250x96.png"},{"@type":"BreadcrumbList","@id":"https:\/\/pargikeskus.ee\/ru\/kauplused\/lady-collection\/#breadcrumb","itemListElement":[{"@type":"ListItem","position":1,"name":"Home","item":"https:\/\/pargikeskus.ee\/ru\/"},{"@type":"ListItem","position":2,"name":"\u041c\u0430\u0433\u0430\u0437\u0438\u043d\u044b","item":"https:\/\/pargikeskus.ee\/ru\/kauplused\/"},{"@type":"ListItem","position":3,"name":"Lady Collection"}]},{"@type":"WebSite","@id":"https:\/\/pargikeskus.ee\/ru\/#website","url":"https:\/\/pargikeskus.ee\/ru\/","name":"Pargi Keskus","description":"","potentialAction":[{"@type":"SearchAction","target":{"@type":"EntryPoint","urlTemplate":"https:\/\/pargikeskus.ee\/ru\/?s={search_term_string}"},"query-input":{"@type":"PropertyValueSpecification","valueRequired":true,"valueName":"search_term_string"}}],"inLanguage":"ru-RU"}]}},"builder_content":"<img src=\"https:\/\/pargikeskus.ee\/wp-content\/uploads\/2026\/04\/LADY-COLLECTION-1024x394-250x96.png\" width=\"250\" height=\"96\" title=\"LADY COLLECTION\" alt=\"LADY COLLECTION\" srcset=\"https:\/\/pargikeskus.ee\/wp-content\/uploads\/2026\/04\/LADY-COLLECTION-1024x394-250x96.png 250w, https:\/\/pargikeskus.ee\/wp-content\/uploads\/2026\/04\/LADY-COLLECTION-300x116.png 300w, https:\/\/pargikeskus.ee\/wp-content\/uploads\/2026\/04\/LADY-COLLECTION-1024x394.png 1024w, https:\/\/pargikeskus.ee\/wp-content\/uploads\/2026\/04\/LADY-COLLECTION-768x296.png 768w, https:\/\/pargikeskus.ee\/wp-content\/uploads\/2026\/04\/LADY-COLLECTION-1536x591.png 1536w, https:\/\/pargikeskus.ee\/wp-content\/uploads\/2026\/04\/LADY-COLLECTION-2048x789.png 2048w, https:\/\/pargikeskus.ee\/wp-content\/uploads\/2026\/04\/LADY-COLLECTION-1024x394-150x57.png 150w\" sizes=\"(max-width: 250px) 100vw, 250px\" \/>\n<h2>Kontaktandmed<\/h2> <p><a href=\"mailto:suvijekat@gmail.com\">suvijekat@gmail.com<\/a><br \/><a href=\"tel:53542469\">53542469<\/a><\/p>\n<h1>Lady Collection<\/h1> <p>Lady Collection Pargi Keskuses- moodsad r\u00f5ivad, mis on kohandatud t\u00e4nap\u00e4eva naise vajadustele.<\/p> <p>Meie kollektsioon \u00e4ratab ellu mitmesuguseid ideid Teie kuvandi ja elus\u00fcndmuste jaoks.<\/p> <p>\u00a0\u00a0\u00a0 -T\u00e4htp\u00e4evad, pulmad, aastap\u00e4evad.<\/p> <p>\u00a0\u00a0 \u00a0-T\u00f6\u00f6, kontor, kool, puhkus.<\/p> <p>Suur valik \u00fcler\u00f5ivaid igaks aastaajaks.<\/p>\n<h2>Asukoht<\/h2>\n<a href=\"https:\/\/pargikeskus.ee\/wp-content\/uploads\/2020\/11\/top-shop.jpg\" >Link<\/a> \n <img src=\"https:\/\/pargikeskus.ee\/wp-content\/uploads\/2020\/11\/top-shop.jpg\" title=\"top shop\" alt=\"top shop\" srcset=\"https:\/\/pargikeskus.ee\/wp-content\/uploads\/2020\/11\/top-shop.jpg 1440w, https:\/\/pargikeskus.ee\/wp-content\/uploads\/2020\/11\/top-shop-300x231.jpg 300w, https:\/\/pargikeskus.ee\/wp-content\/uploads\/2020\/11\/top-shop-1024x787.jpg 1024w, https:\/\/pargikeskus.ee\/wp-content\/uploads\/2020\/11\/top-shop-768x590.jpg 768w\" sizes=\"(max-width: 1440px) 100vw, 1440px\" \/>\n<p><\/p>\n<p>[campaign]<\/p>","_links":{"self":[{"href":"https:\/\/pargikeskus.ee\/ru\/wp-json\/wp\/v2\/pages\/11781","targetHints":{"allow":["GET"]}}],"collection":[{"href":"https:\/\/pargikeskus.ee\/ru\/wp-json\/wp\/v2\/pages"}],"about":[{"href":"https:\/\/pargikeskus.ee\/ru\/wp-json\/wp\/v2\/types\/page"}],"author":[{"embeddable":true,"href":"https:\/\/pargikeskus.ee\/ru\/wp-json\/wp\/v2\/users\/1"}],"replies":[{"embeddable":true,"href":"https:\/\/pargikeskus.ee\/ru\/wp-json\/wp\/v2\/comments?post=11781"}],"version-history":[{"count":6,"href":"https:\/\/pargikeskus.ee\/ru\/wp-json\/wp\/v2\/pages\/11781\/revisions"}],"predecessor-version":[{"id":11805,"href":"https:\/\/pargikeskus.ee\/ru\/wp-json\/wp\/v2\/pages\/11781\/revisions\/11805"}],"up":[{"embeddable":true,"href":"https:\/\/pargikeskus.ee\/ru\/wp-json\/wp\/v2\/pages\/1326"}],"wp:attachment":[{"href":"https:\/\/pargikeskus.ee\/ru\/wp-json\/wp\/v2\/media?parent=11781"}],"curies":[{"name":"wp","href":"https:\/\/api.w.org\/{rel}","templated":true}]}}