{"id":11664,"date":"2026-02-10T13:47:05","date_gmt":"2026-02-10T10:47:05","guid":{"rendered":"https:\/\/pargikeskus.ee\/?page_id=11664"},"modified":"2026-02-16T12:03:08","modified_gmt":"2026-02-16T09:03:08","slug":"apollo-kino-2","status":"publish","type":"page","link":"https:\/\/pargikeskus.ee\/ru\/kauplused\/apollo-kino-2\/","title":{"rendered":"xPARK"},"content":{"rendered":"<!--themify_builder_content-->\n<div id=\"themify_builder_content-11664\" data-postid=\"11664\" class=\"themify_builder_content themify_builder_content-11664 themify_builder tf_clear\">\n                    <div  data-css_id=\"skti566\" data-lazy=\"1\" class=\"module_row themify_builder_row fullwidth_row_container tb_skti566 tb_first tf_w\">\n            <span  class=\"builder_row_cover tf_abs\" data-lazy=\"1\"><\/span>            <div class=\"row_inner col_align_top tb_col_count_1 tf_box tf_rel\">\n                        <div  data-lazy=\"1\" class=\"module_column tb-column col-full tb_2sin566 first\">\n                            <\/div>\n                        <\/div>\n        <\/div>\n                        <div  data-lazy=\"1\" class=\"module_row themify_builder_row tb_jpm0652 tf_w\">\n                        <div class=\"row_inner col_align_top tb_col_count_3 tf_box tf_rel\">\n                        <div  data-lazy=\"1\" class=\"module_column tb-column col4-1 tb_79q6652 first\">\n                    <!-- module image -->\n<div  class=\"module module-image tb_9zhk652 image-top   tf_mw\" data-lazy=\"1\">\n        <div class=\"image-wrap tf_rel tf_mw\">\n            <img loading=\"lazy\" decoding=\"async\" src=\"https:\/\/pargikeskus.ee\/wp-content\/uploads\/2026\/02\/xPARK-250x175.png\" width=\"250\" height=\"175\" class=\"wp-post-image wp-image-11683\" title=\"xPARK\" alt=\"xPARK\" srcset=\"https:\/\/pargikeskus.ee\/wp-content\/uploads\/2026\/02\/xPARK-250x175.png 250w, https:\/\/pargikeskus.ee\/wp-content\/uploads\/2026\/02\/xPARK-300x211.png 300w, https:\/\/pargikeskus.ee\/wp-content\/uploads\/2026\/02\/xPARK-150x105.png 150w, https:\/\/pargikeskus.ee\/wp-content\/uploads\/2026\/02\/xPARK.png 600w\" sizes=\"auto, (max-width: 250px) 100vw, 250px\" \/>    \n        <\/div>\n    <!-- \/image-wrap -->\n    \n        <\/div>\n<!-- \/module image --><!-- module text -->\n<div  class=\"module module-text tb_bnw3652   \" data-lazy=\"1\">\n        <div  class=\"tb_text_wrap\">\n        <h2>Avatud<\/h2>\n<p>Avatud iga p\u00e4ev 10.00-20.00<\/p>    <\/div>\n<\/div>\n<!-- \/module text --><!-- module text -->\n<div  class=\"module module-text tb_xr63652   \" data-lazy=\"1\">\n        <div  class=\"tb_text_wrap\">\n        <h2>Kontaktandmed<\/h2>\n<p><a href=\"tel:+3725655506\">+372 565 5506<\/a><br \/><a href=\"mailto:info@xpark.ee\">info@xpark.ee<\/a><\/p>\n<p><a href=\"http:\/\/www.xpark.ee\" target=\"_blank\" rel=\"noopener\">www.xpark.ee<\/a><br \/><a href=\"https:\/\/www.facebook.com\/profile.php?id=61585814866425\" target=\"_blank\" rel=\"noopener\">Facebook<\/a><\/p>    <\/div>\n<\/div>\n<!-- \/module text -->        <\/div>\n                    <div  data-lazy=\"1\" class=\"module_column tb-column col4-2 tb_fi17652\">\n                    <!-- module text -->\n<div  class=\"module module-text tb_iaqt652   \" data-lazy=\"1\">\n        <div  class=\"tb_text_wrap\">\n        <h1>xPARK<\/h1>\n<p>Tere tulemast k\u00f5ige \u00e4gedamasse laste m\u00e4ngukeskusesse Pargi Keskuses \u2013 xPARK!<\/p>\n<p>xPARK ootab lapsi t\u00e4iesti uude ja ainulaadsesse m\u00e4ngukeskusesse, kus iga samm on oman\u00e4oline seiklus! See ei ole lihtsalt m\u00e4ngutuba \u2013 see on fantaasia-, m\u00e4ngu- ja r\u00f5\u00f5muparadiis!<\/p>\n<p>Meie m\u00e4ngukeskuse s\u00fcdameks on suur 3-tasandiline ronila, mis pakub lusti igale julgele seiklejale. Lisaks ootab lapsi ainulaadne interaktiivne takistusrada, kus saab proovile panna osavuse, kiiruse ja nutikuse \u2013 m\u00e4ngides!<\/p>\n<p>K\u00f5ige v\u00e4iksematele k\u00fclalistele on loodud turvaline ja armas eraldi m\u00e4ngunurk, kus vanemad ja lapsed saavad areneda k\u00e4sik\u00e4es.<\/p>\n<p>Meie ainulaadne teemapark on koht, kus lapsed saavad kehastuda p\u00e4riselu kangelasteks \u2013 olgu selleks politseinik, kiirabit\u00f6\u00f6taja v\u00f5i m\u00f5ni muu t\u00e4htis tegelane. Rollim\u00e4ng arendab kujutlusv\u00f5imet, julgust ja koost\u00f6\u00f6d \u2013 ja mis peamine \u2013 see on lihtsalt \u00fcli\u00e4ge!<\/p>\n<p>M\u00e4ngukeskuses on 2 hubast ja eraldi s\u00fcnnip\u00e4evatuba, kus on suurep\u00e4rane v\u00f5imalus pidada meeldej\u00e4\u00e4vaid laste s\u00fcnnip\u00e4evi.<\/p>\n<p>Tule ja lase lastel sukelduda maailma, kus iga p\u00e4ev on pidu ja iga m\u00e4ng on seiklus! \ud83c\udf89<\/p>    <\/div>\n<\/div>\n<!-- \/module text -->        <\/div>\n                    <div  data-lazy=\"1\" class=\"module_column tb-column col4-1 tb_frz0652 last\">\n                    <!-- module text -->\n<div  class=\"module module-text tb_t51w652   \" data-lazy=\"1\">\n        <div  class=\"tb_text_wrap\">\n        <h2>Asukoht<\/h2>    <\/div>\n<\/div>\n<!-- \/module text --><!-- module image pro -->\n<div  class=\"module module-pro-image tb_miu2652 filter- effect-shine   tf_textc   entrance-effect-fadeIn\" data-lazy=\"1\" data-entrance-effect=\"fadeIn\" data-exit-effect=\"fadeOut\" >\n\t\n    <div class=\"image-pro-wrap tf_rel tf_overflow tf_inline_b\">\n\t\t\t\t\t<a class=\"image-pro-external themify_lightbox tf_abs tf_w tf_h\" href=\"https:\/\/pargikeskus.ee\/wp-content\/uploads\/2026\/02\/xPARK-map.jpg\" ><span class=\"screen-reader-text\">Link<\/span><\/a>\n\t\t   \t\t<div class=\"image-pro-flip-box-wrap tf_rel tf_w tf_overflow\">\n\t\t\t<div class=\"image-pro-flip-box tf_rel\">\n\n\t\t\t\t<img loading=\"lazy\" decoding=\"async\" width=\"1440\" height=\"1107\" src=\"https:\/\/pargikeskus.ee\/wp-content\/uploads\/2026\/02\/xPARK-map.jpg\" class=\"wp-post-image wp-image-11726\" title=\"xPARK-map\" alt=\"xPARK-map\" srcset=\"https:\/\/pargikeskus.ee\/wp-content\/uploads\/2026\/02\/xPARK-map.jpg 1440w, https:\/\/pargikeskus.ee\/wp-content\/uploads\/2026\/02\/xPARK-map-300x231.jpg 300w, https:\/\/pargikeskus.ee\/wp-content\/uploads\/2026\/02\/xPARK-map-1024x787.jpg 1024w, https:\/\/pargikeskus.ee\/wp-content\/uploads\/2026\/02\/xPARK-map-768x590.jpg 768w\" sizes=\"auto, (max-width: 1440px) 100vw, 1440px\" \/>\n\t\t\t\t\n\t\t\t<\/div>\n\t\t<\/div>\n\n    <\/div><!-- .image-pro-wrap -->\n\n\t\n\t\n\t<\/div><!-- \/module image pro --><!-- module text -->\n<div  class=\"module module-text tb_4is7652   \" data-lazy=\"1\">\n        <div  class=\"tb_text_wrap\">\n        <p><span id=\"kampaania\"><\/span><\/p>\n    <\/div>\n<\/div>\n<!-- \/module text --><!-- module text -->\n<div  class=\"module module-text tb_he3v652   \" data-lazy=\"1\">\n        <div  class=\"tb_text_wrap\">\n            <\/div>\n<\/div>\n<!-- \/module text -->        <\/div>\n                        <\/div>\n        <\/div>\n        <\/div>\n<!--\/themify_builder_content-->","protected":false},"excerpt":{"rendered":"<p>Avatud Avatud iga p\u00e4ev 10.00-20.00<\/p>\n","protected":false},"author":1,"featured_media":0,"parent":1326,"menu_order":0,"comment_status":"closed","ping_status":"closed","template":"","meta":{"footnotes":""},"class_list":["post-11664","page","type-page","status-publish","hentry","has-post-title","has-post-date","has-post-category","has-post-tag","has-post-comment","has-post-author",""],"yoast_head":"<!-- This site is optimized with the Yoast SEO plugin v27.2 - https:\/\/yoast.com\/product\/yoast-seo-wordpress\/ -->\n<title>xPARK Pargi Keskuses \u2013 kinokogemus ja filmid J\u00f5hvis | Pargi Keskus<\/title>\n<meta name=\"description\" content=\"Apollo Kino Pargi Keskuses J\u00f5hvis pakub kaasaegset kinokogemust, uusimaid filme ja mugavat vaatamiskohta otse Pargi Keskuses. Tule naudi elamusi koos pere v\u00f5i s\u00f5pradega!\" \/>\n<meta name=\"robots\" content=\"index, follow, max-snippet:-1, max-image-preview:large, max-video-preview:-1\" \/>\n<link rel=\"canonical\" href=\"https:\/\/pargikeskus.ee\/ru\/kauplused\/apollo-kino-2\/\" \/>\n<meta property=\"og:locale\" content=\"ru_RU\" \/>\n<meta property=\"og:type\" content=\"article\" \/>\n<meta property=\"og:title\" content=\"xPARK Pargi Keskuses \u2013 kinokogemus ja filmid J\u00f5hvis | Pargi Keskus\" \/>\n<meta property=\"og:description\" content=\"Apollo Kino Pargi Keskuses J\u00f5hvis pakub kaasaegset kinokogemust, uusimaid filme ja mugavat vaatamiskohta otse Pargi Keskuses. Tule naudi elamusi koos pere v\u00f5i s\u00f5pradega!\" \/>\n<meta property=\"og:url\" content=\"https:\/\/pargikeskus.ee\/ru\/kauplused\/apollo-kino-2\/\" \/>\n<meta property=\"og:site_name\" content=\"Pargi Keskus\" \/>\n<meta property=\"article:modified_time\" content=\"2026-02-16T09:03:08+00:00\" \/>\n<meta property=\"og:image\" content=\"https:\/\/pargikeskus.ee\/wp-content\/uploads\/2026\/02\/xPARK.png\" \/>\n\t<meta property=\"og:image:width\" content=\"600\" \/>\n\t<meta property=\"og:image:height\" content=\"422\" \/>\n\t<meta property=\"og:image:type\" content=\"image\/png\" \/>\n<meta name=\"twitter:card\" content=\"summary_large_image\" \/>\n<meta name=\"twitter:label1\" content=\"\u041f\u0440\u0438\u043c\u0435\u0440\u043d\u043e\u0435 \u0432\u0440\u0435\u043c\u044f \u0434\u043b\u044f \u0447\u0442\u0435\u043d\u0438\u044f\" \/>\n\t<meta name=\"twitter:data1\" content=\"3 \u043c\u0438\u043d\u0443\u0442\u044b\" \/>\n<script type=\"application\/ld+json\" class=\"yoast-schema-graph\">{\"@context\":\"https:\/\/schema.org\",\"@graph\":[{\"@type\":\"WebPage\",\"@id\":\"https:\/\/pargikeskus.ee\/ru\/kauplused\/apollo-kino-2\/\",\"url\":\"https:\/\/pargikeskus.ee\/ru\/kauplused\/apollo-kino-2\/\",\"name\":\"xPARK Pargi Keskuses \u2013 kinokogemus ja filmid J\u00f5hvis | Pargi Keskus\",\"isPartOf\":{\"@id\":\"https:\/\/pargikeskus.ee\/ru\/#website\"},\"primaryImageOfPage\":{\"@id\":\"https:\/\/pargikeskus.ee\/ru\/kauplused\/apollo-kino-2\/#primaryimage\"},\"image\":{\"@id\":\"https:\/\/pargikeskus.ee\/ru\/kauplused\/apollo-kino-2\/#primaryimage\"},\"thumbnailUrl\":\"https:\/\/pargikeskus.ee\/wp-content\/uploads\/2026\/02\/xPARK-250x175.png\",\"datePublished\":\"2026-02-10T10:47:05+00:00\",\"dateModified\":\"2026-02-16T09:03:08+00:00\",\"description\":\"Apollo Kino Pargi Keskuses J\u00f5hvis pakub kaasaegset kinokogemust, uusimaid filme ja mugavat vaatamiskohta otse Pargi Keskuses. Tule naudi elamusi koos pere v\u00f5i s\u00f5pradega!\",\"breadcrumb\":{\"@id\":\"https:\/\/pargikeskus.ee\/ru\/kauplused\/apollo-kino-2\/#breadcrumb\"},\"inLanguage\":\"ru-RU\",\"potentialAction\":[{\"@type\":\"ReadAction\",\"target\":[\"https:\/\/pargikeskus.ee\/ru\/kauplused\/apollo-kino-2\/\"]}]},{\"@type\":\"ImageObject\",\"inLanguage\":\"ru-RU\",\"@id\":\"https:\/\/pargikeskus.ee\/ru\/kauplused\/apollo-kino-2\/#primaryimage\",\"url\":\"https:\/\/pargikeskus.ee\/wp-content\/uploads\/2026\/02\/xPARK-250x175.png\",\"contentUrl\":\"https:\/\/pargikeskus.ee\/wp-content\/uploads\/2026\/02\/xPARK-250x175.png\"},{\"@type\":\"BreadcrumbList\",\"@id\":\"https:\/\/pargikeskus.ee\/ru\/kauplused\/apollo-kino-2\/#breadcrumb\",\"itemListElement\":[{\"@type\":\"ListItem\",\"position\":1,\"name\":\"Home\",\"item\":\"https:\/\/pargikeskus.ee\/ru\/\"},{\"@type\":\"ListItem\",\"position\":2,\"name\":\"\u041c\u0430\u0433\u0430\u0437\u0438\u043d\u044b\",\"item\":\"https:\/\/pargikeskus.ee\/ru\/kauplused\/\"},{\"@type\":\"ListItem\",\"position\":3,\"name\":\"xPARK\"}]},{\"@type\":\"WebSite\",\"@id\":\"https:\/\/pargikeskus.ee\/ru\/#website\",\"url\":\"https:\/\/pargikeskus.ee\/ru\/\",\"name\":\"Pargi Keskus\",\"description\":\"\",\"potentialAction\":[{\"@type\":\"SearchAction\",\"target\":{\"@type\":\"EntryPoint\",\"urlTemplate\":\"https:\/\/pargikeskus.ee\/ru\/?s={search_term_string}\"},\"query-input\":{\"@type\":\"PropertyValueSpecification\",\"valueRequired\":true,\"valueName\":\"search_term_string\"}}],\"inLanguage\":\"ru-RU\"}]}<\/script>\n<!-- \/ Yoast SEO plugin. -->","yoast_head_json":{"title":"xPARK Pargi Keskuses \u2013 kinokogemus ja filmid J\u00f5hvis | Pargi Keskus","description":"Apollo Kino Pargi Keskuses J\u00f5hvis pakub kaasaegset kinokogemust, uusimaid filme ja mugavat vaatamiskohta otse Pargi Keskuses. Tule naudi elamusi koos pere v\u00f5i s\u00f5pradega!","robots":{"index":"index","follow":"follow","max-snippet":"max-snippet:-1","max-image-preview":"max-image-preview:large","max-video-preview":"max-video-preview:-1"},"canonical":"https:\/\/pargikeskus.ee\/ru\/kauplused\/apollo-kino-2\/","og_locale":"ru_RU","og_type":"article","og_title":"xPARK Pargi Keskuses \u2013 kinokogemus ja filmid J\u00f5hvis | Pargi Keskus","og_description":"Apollo Kino Pargi Keskuses J\u00f5hvis pakub kaasaegset kinokogemust, uusimaid filme ja mugavat vaatamiskohta otse Pargi Keskuses. Tule naudi elamusi koos pere v\u00f5i s\u00f5pradega!","og_url":"https:\/\/pargikeskus.ee\/ru\/kauplused\/apollo-kino-2\/","og_site_name":"Pargi Keskus","article_modified_time":"2026-02-16T09:03:08+00:00","og_image":[{"width":600,"height":422,"url":"https:\/\/pargikeskus.ee\/wp-content\/uploads\/2026\/02\/xPARK.png","type":"image\/png"}],"twitter_card":"summary_large_image","twitter_misc":{"\u041f\u0440\u0438\u043c\u0435\u0440\u043d\u043e\u0435 \u0432\u0440\u0435\u043c\u044f \u0434\u043b\u044f \u0447\u0442\u0435\u043d\u0438\u044f":"3 \u043c\u0438\u043d\u0443\u0442\u044b"},"schema":{"@context":"https:\/\/schema.org","@graph":[{"@type":"WebPage","@id":"https:\/\/pargikeskus.ee\/ru\/kauplused\/apollo-kino-2\/","url":"https:\/\/pargikeskus.ee\/ru\/kauplused\/apollo-kino-2\/","name":"xPARK Pargi Keskuses \u2013 kinokogemus ja filmid J\u00f5hvis | Pargi Keskus","isPartOf":{"@id":"https:\/\/pargikeskus.ee\/ru\/#website"},"primaryImageOfPage":{"@id":"https:\/\/pargikeskus.ee\/ru\/kauplused\/apollo-kino-2\/#primaryimage"},"image":{"@id":"https:\/\/pargikeskus.ee\/ru\/kauplused\/apollo-kino-2\/#primaryimage"},"thumbnailUrl":"https:\/\/pargikeskus.ee\/wp-content\/uploads\/2026\/02\/xPARK-250x175.png","datePublished":"2026-02-10T10:47:05+00:00","dateModified":"2026-02-16T09:03:08+00:00","description":"Apollo Kino Pargi Keskuses J\u00f5hvis pakub kaasaegset kinokogemust, uusimaid filme ja mugavat vaatamiskohta otse Pargi Keskuses. Tule naudi elamusi koos pere v\u00f5i s\u00f5pradega!","breadcrumb":{"@id":"https:\/\/pargikeskus.ee\/ru\/kauplused\/apollo-kino-2\/#breadcrumb"},"inLanguage":"ru-RU","potentialAction":[{"@type":"ReadAction","target":["https:\/\/pargikeskus.ee\/ru\/kauplused\/apollo-kino-2\/"]}]},{"@type":"ImageObject","inLanguage":"ru-RU","@id":"https:\/\/pargikeskus.ee\/ru\/kauplused\/apollo-kino-2\/#primaryimage","url":"https:\/\/pargikeskus.ee\/wp-content\/uploads\/2026\/02\/xPARK-250x175.png","contentUrl":"https:\/\/pargikeskus.ee\/wp-content\/uploads\/2026\/02\/xPARK-250x175.png"},{"@type":"BreadcrumbList","@id":"https:\/\/pargikeskus.ee\/ru\/kauplused\/apollo-kino-2\/#breadcrumb","itemListElement":[{"@type":"ListItem","position":1,"name":"Home","item":"https:\/\/pargikeskus.ee\/ru\/"},{"@type":"ListItem","position":2,"name":"\u041c\u0430\u0433\u0430\u0437\u0438\u043d\u044b","item":"https:\/\/pargikeskus.ee\/ru\/kauplused\/"},{"@type":"ListItem","position":3,"name":"xPARK"}]},{"@type":"WebSite","@id":"https:\/\/pargikeskus.ee\/ru\/#website","url":"https:\/\/pargikeskus.ee\/ru\/","name":"Pargi Keskus","description":"","potentialAction":[{"@type":"SearchAction","target":{"@type":"EntryPoint","urlTemplate":"https:\/\/pargikeskus.ee\/ru\/?s={search_term_string}"},"query-input":{"@type":"PropertyValueSpecification","valueRequired":true,"valueName":"search_term_string"}}],"inLanguage":"ru-RU"}]}},"builder_content":"<img src=\"https:\/\/pargikeskus.ee\/wp-content\/uploads\/2026\/02\/xPARK-250x175.png\" width=\"250\" height=\"175\" title=\"xPARK\" alt=\"xPARK\" srcset=\"https:\/\/pargikeskus.ee\/wp-content\/uploads\/2026\/02\/xPARK-250x175.png 250w, https:\/\/pargikeskus.ee\/wp-content\/uploads\/2026\/02\/xPARK-300x211.png 300w, https:\/\/pargikeskus.ee\/wp-content\/uploads\/2026\/02\/xPARK-150x105.png 150w, https:\/\/pargikeskus.ee\/wp-content\/uploads\/2026\/02\/xPARK.png 600w\" sizes=\"(max-width: 250px) 100vw, 250px\" \/>\n<h2>Avatud<\/h2> <p>Avatud iga p\u00e4ev 10.00-20.00<\/p>\n<h2>Kontaktandmed<\/h2> <p><a href=\"tel:+3725655506\">+372 565 5506<\/a><br \/><a href=\"mailto:info@xpark.ee\">info@xpark.ee<\/a><\/p> <p><a href=\"http:\/\/www.xpark.ee\" target=\"_blank\" rel=\"noopener\">www.xpark.ee<\/a><br \/><a href=\"https:\/\/www.facebook.com\/profile.php?id=61585814866425\" target=\"_blank\" rel=\"noopener\">Facebook<\/a><\/p>\n<h1>xPARK<\/h1> <p>Tere tulemast k\u00f5ige \u00e4gedamasse laste m\u00e4ngukeskusesse Pargi Keskuses \u2013 xPARK!<\/p> <p>xPARK ootab lapsi t\u00e4iesti uude ja ainulaadsesse m\u00e4ngukeskusesse, kus iga samm on oman\u00e4oline seiklus! See ei ole lihtsalt m\u00e4ngutuba \u2013 see on fantaasia-, m\u00e4ngu- ja r\u00f5\u00f5muparadiis!<\/p> <p>Meie m\u00e4ngukeskuse s\u00fcdameks on suur 3-tasandiline ronila, mis pakub lusti igale julgele seiklejale. Lisaks ootab lapsi ainulaadne interaktiivne takistusrada, kus saab proovile panna osavuse, kiiruse ja nutikuse \u2013 m\u00e4ngides!<\/p> <p>K\u00f5ige v\u00e4iksematele k\u00fclalistele on loodud turvaline ja armas eraldi m\u00e4ngunurk, kus vanemad ja lapsed saavad areneda k\u00e4sik\u00e4es.<\/p> <p>Meie ainulaadne teemapark on koht, kus lapsed saavad kehastuda p\u00e4riselu kangelasteks \u2013 olgu selleks politseinik, kiirabit\u00f6\u00f6taja v\u00f5i m\u00f5ni muu t\u00e4htis tegelane. Rollim\u00e4ng arendab kujutlusv\u00f5imet, julgust ja koost\u00f6\u00f6d \u2013 ja mis peamine \u2013 see on lihtsalt \u00fcli\u00e4ge!<\/p> <p>M\u00e4ngukeskuses on 2 hubast ja eraldi s\u00fcnnip\u00e4evatuba, kus on suurep\u00e4rane v\u00f5imalus pidada meeldej\u00e4\u00e4vaid laste s\u00fcnnip\u00e4evi.<\/p> <p>Tule ja lase lastel sukelduda maailma, kus iga p\u00e4ev on pidu ja iga m\u00e4ng on seiklus! \ud83c\udf89<\/p>\n<h2>Asukoht<\/h2>\n<a href=\"https:\/\/pargikeskus.ee\/wp-content\/uploads\/2026\/02\/xPARK-map.jpg\" >Link<\/a> \n <img src=\"https:\/\/pargikeskus.ee\/wp-content\/uploads\/2026\/02\/xPARK-map.jpg\" title=\"xPARK-map\" alt=\"xPARK-map\" srcset=\"https:\/\/pargikeskus.ee\/wp-content\/uploads\/2026\/02\/xPARK-map.jpg 1440w, https:\/\/pargikeskus.ee\/wp-content\/uploads\/2026\/02\/xPARK-map-300x231.jpg 300w, https:\/\/pargikeskus.ee\/wp-content\/uploads\/2026\/02\/xPARK-map-1024x787.jpg 1024w, https:\/\/pargikeskus.ee\/wp-content\/uploads\/2026\/02\/xPARK-map-768x590.jpg 768w\" sizes=\"(max-width: 1440px) 100vw, 1440px\" \/>\n<p><\/p>\n<p>[campaign]<\/p>","_links":{"self":[{"href":"https:\/\/pargikeskus.ee\/ru\/wp-json\/wp\/v2\/pages\/11664","targetHints":{"allow":["GET"]}}],"collection":[{"href":"https:\/\/pargikeskus.ee\/ru\/wp-json\/wp\/v2\/pages"}],"about":[{"href":"https:\/\/pargikeskus.ee\/ru\/wp-json\/wp\/v2\/types\/page"}],"author":[{"embeddable":true,"href":"https:\/\/pargikeskus.ee\/ru\/wp-json\/wp\/v2\/users\/1"}],"replies":[{"embeddable":true,"href":"https:\/\/pargikeskus.ee\/ru\/wp-json\/wp\/v2\/comments?post=11664"}],"version-history":[{"count":8,"href":"https:\/\/pargikeskus.ee\/ru\/wp-json\/wp\/v2\/pages\/11664\/revisions"}],"predecessor-version":[{"id":11730,"href":"https:\/\/pargikeskus.ee\/ru\/wp-json\/wp\/v2\/pages\/11664\/revisions\/11730"}],"up":[{"embeddable":true,"href":"https:\/\/pargikeskus.ee\/ru\/wp-json\/wp\/v2\/pages\/1326"}],"wp:attachment":[{"href":"https:\/\/pargikeskus.ee\/ru\/wp-json\/wp\/v2\/media?parent=11664"}],"curies":[{"name":"wp","href":"https:\/\/api.w.org\/{rel}","templated":true}]}}