{"id":9387,"date":"2026-01-12T19:05:06","date_gmt":"2026-01-12T16:05:06","guid":{"rendered":"https:\/\/pargikeskus.ee\/kauplused\/tom-tailor\/"},"modified":"2026-01-12T19:05:47","modified_gmt":"2026-01-12T16:05:47","slug":"tom-tailor","status":"publish","type":"page","link":"https:\/\/pargikeskus.ee\/en\/kauplused\/tom-tailor\/","title":{"rendered":"Tom Tailor"},"content":{"rendered":"<!--themify_builder_content-->\n<div id=\"themify_builder_content-9387\" data-postid=\"9387\" class=\"themify_builder_content themify_builder_content-9387 themify_builder tf_clear\">\n                    <div  data-css_id=\"uhd8736\" data-lazy=\"1\" class=\"module_row themify_builder_row fullwidth_row_container tb_uhd8736 tb_first tf_w\">\n            <span  class=\"builder_row_cover tf_abs\" data-lazy=\"1\"><\/span>            <div class=\"row_inner col_align_top tb_col_count_1 tf_box tf_rel\">\n                        <div  data-lazy=\"1\" class=\"module_column tb-column col-full tb_18aa736 first\">\n                            <\/div>\n                        <\/div>\n        <\/div>\n                        <div  data-lazy=\"1\" class=\"module_row themify_builder_row tb_8bvu911 tf_w\">\n                        <div class=\"row_inner col_align_top tb_col_count_3 tf_box tf_rel\">\n                        <div  data-lazy=\"1\" class=\"module_column tb-column col4-1 tb_080a912 first\">\n                    <!-- module image -->\n<div  class=\"module module-image tb_lnrk912 image-top   tf_mw\" data-lazy=\"1\">\n        <div class=\"image-wrap tf_rel tf_mw\">\n            <img loading=\"lazy\" decoding=\"async\" src=\"https:\/\/pargikeskus.ee\/wp-content\/uploads\/2023\/01\/TOM-TAILOR-LOGO-NEW-1024x159-250x38.jpg\" width=\"250\" height=\"38\" class=\"wp-post-image wp-image-8269\" title=\"TOM-TAILOR-LOGO-NEW\" alt=\"TOM-TAILOR-LOGO-NEW\" srcset=\"https:\/\/pargikeskus.ee\/wp-content\/uploads\/2023\/01\/TOM-TAILOR-LOGO-NEW-1024x159-250x38.jpg 250w, https:\/\/pargikeskus.ee\/wp-content\/uploads\/2023\/01\/TOM-TAILOR-LOGO-NEW-300x47.jpg 300w, https:\/\/pargikeskus.ee\/wp-content\/uploads\/2023\/01\/TOM-TAILOR-LOGO-NEW-1024x159.jpg 1024w, https:\/\/pargikeskus.ee\/wp-content\/uploads\/2023\/01\/TOM-TAILOR-LOGO-NEW-768x119.jpg 768w, https:\/\/pargikeskus.ee\/wp-content\/uploads\/2023\/01\/TOM-TAILOR-LOGO-NEW-1024x159-150x23.jpg 150w, https:\/\/pargikeskus.ee\/wp-content\/uploads\/2023\/01\/TOM-TAILOR-LOGO-NEW.jpg 1080w\" sizes=\"auto, (max-width: 250px) 100vw, 250px\" \/>    \n        <\/div>\n    <!-- \/image-wrap -->\n    \n        <\/div>\n<!-- \/module image --><!-- module text -->\n<div  class=\"module module-text tb_a3fq913   \" data-lazy=\"1\">\n        <div  class=\"tb_text_wrap\">\n        <h2>Avatud<\/h2>\n<p>E-L 10:00 \u2013 20:00<br \/>P 10:00 \u2013 19:00<\/p>    <\/div>\n<\/div>\n<!-- \/module text --><!-- module text -->\n<div  class=\"module module-text tb_cnky913   \" data-lazy=\"1\">\n        <div  class=\"tb_text_wrap\">\n        <h2>Kontaktandmed<\/h2>\n<p><a href=\"tel:+37255593490\">+372 55593490<\/a><br \/><a href=\"mailto:pargi.tt@denimdream.ee\" target=\"_blank\" rel=\"noopener\">pargi.tt@denimdream.ee<\/a><\/p>\n<p><a href=\"https:\/\/www.instagram.com\/tomtailor_official\/\" target=\"_blank\" rel=\"noopener\">Instagram<\/a><br \/><a href=\"https:\/\/www.facebook.com\/TOMTAILOR\" target=\"_blank\" rel=\"noopener\">Facebook<\/a><\/p>    <\/div>\n<\/div>\n<!-- \/module text -->        <\/div>\n                    <div  data-lazy=\"1\" class=\"module_column tb-column col4-2 tb_1m9m913\">\n                    <!-- module text -->\n<div  class=\"module module-text tb_p28o913   \" data-lazy=\"1\">\n        <div  class=\"tb_text_wrap\">\n        <h1>Tom Tailor<\/h1><p>Tom Tailor br\u00e4nd on loodud 1962.aastal Hamburgis. Ettev\u00f5te on hetkel \u00fcks kiiremini kasvavaid br\u00e4nde Saksamaal, mis on n\u00fc\u00fcdseks juba laienenud \u00fcle kogu maailma.\u00a0Tom Tailor on elustiili br\u00e4nd, mis pakub uusi moetrende ja kvaliteetseid tooteid nii meestele kui naistele.\u00a0Lisaks r\u00f5ivastele leiab kauplusest jalan\u00f5usid, kotte, v\u00f6\u00f6sid, sokke ning meeste pesu.<\/p>    <\/div>\n<\/div>\n<!-- \/module text -->        <\/div>\n                    <div  data-lazy=\"1\" class=\"module_column tb-column col4-1 tb_e2mv913 last\">\n                    <!-- module text -->\n<div  class=\"module module-text tb_n690913   \" data-lazy=\"1\">\n        <div  class=\"tb_text_wrap\">\n        <h2>Asukoht<\/h2>    <\/div>\n<\/div>\n<!-- \/module text --><!-- module image pro -->\n<div  class=\"module module-pro-image tb_hf2u913 filter-none effect-shine   tf_textc   entrance-effect-fadeIn\" data-lazy=\"1\" data-entrance-effect=\"fadeIn\" data-exit-effect=\"fadeOut\" >\n\t\n    <div class=\"image-pro-wrap tf_rel tf_overflow tf_inline_b\">\n\t\t\t\t\t<a class=\"image-pro-external themify_lightbox tf_abs tf_w tf_h\" href=\"https:\/\/pargikeskus.ee\/wp-content\/uploads\/2023\/01\/Tom-Tailor.jpg\" target=\"_blank\"><span class=\"screen-reader-text\">Link<\/span><\/a>\n\t\t   \t\t<div class=\"image-pro-flip-box-wrap tf_rel tf_w tf_overflow\">\n\t\t\t<div class=\"image-pro-flip-box tf_rel\">\n\n\t\t\t\t<img loading=\"lazy\" decoding=\"async\" width=\"1440\" height=\"1107\" src=\"https:\/\/pargikeskus.ee\/wp-content\/uploads\/2023\/01\/Tom-Tailor.jpg\" class=\"wp-post-image wp-image-8251\" title=\"Tom-Tailor\" alt=\"Tom-Tailor\" srcset=\"https:\/\/pargikeskus.ee\/wp-content\/uploads\/2023\/01\/Tom-Tailor.jpg 1440w, https:\/\/pargikeskus.ee\/wp-content\/uploads\/2023\/01\/Tom-Tailor-300x231.jpg 300w, https:\/\/pargikeskus.ee\/wp-content\/uploads\/2023\/01\/Tom-Tailor-1024x787.jpg 1024w, https:\/\/pargikeskus.ee\/wp-content\/uploads\/2023\/01\/Tom-Tailor-768x590.jpg 768w\" sizes=\"auto, (max-width: 1440px) 100vw, 1440px\" \/>\n\t\t\t\t\n\t\t\t<\/div>\n\t\t<\/div>\n\n    <\/div><!-- .image-pro-wrap -->\n\n\t\n\t\n\t<\/div><!-- \/module image pro --><!-- module text -->\n<div  class=\"module module-text tb_orie913   \" data-lazy=\"1\">\n        <div  class=\"tb_text_wrap\">\n        <p><span id=\"kampaania\"><\/span><\/p>\n    <\/div>\n<\/div>\n<!-- \/module text --><!-- module text -->\n<div  class=\"module module-text tb_u8wx914   \" data-lazy=\"1\">\n        <div  class=\"tb_text_wrap\">\n            <\/div>\n<\/div>\n<!-- \/module text -->        <\/div>\n                        <\/div>\n        <\/div>\n        <\/div>\n<!--\/themify_builder_content-->","protected":false},"excerpt":{"rendered":"<p>Avatud E-L 10:00 \u2013 20:00P 10:00 \u2013 19:00<\/p>\n","protected":false},"author":1,"featured_media":0,"parent":1702,"menu_order":0,"comment_status":"closed","ping_status":"closed","template":"","meta":{"footnotes":""},"class_list":["post-9387","page","type-page","status-publish","hentry","has-post-title","has-post-date","has-post-category","has-post-tag","has-post-comment","has-post-author",""],"yoast_head":"<!-- This site is optimized with the Yoast SEO plugin v27.4 - https:\/\/yoast.com\/product\/yoast-seo-wordpress\/ -->\n<title>Tom Tailor Pargi Keskuses \u2013 naiste ja meeste mood J\u00f5hvis | Pargi Keskus<\/title>\n<meta name=\"description\" content=\"Tom Tailor Pargi Keskuses J\u00f5hvis pakub mitmekesist naiste ja meeste moodi ning stiilseid r\u00f5ivaid igap\u00e4eva ja erilisemateks hetkeks. Tutvu valikuga Ida-Virumaal!\" \/>\n<meta name=\"robots\" content=\"index, follow, max-snippet:-1, max-image-preview:large, max-video-preview:-1\" \/>\n<link rel=\"canonical\" href=\"https:\/\/pargikeskus.ee\/en\/kauplused\/tom-tailor\/\" \/>\n<meta property=\"og:locale\" content=\"en_US\" \/>\n<meta property=\"og:type\" content=\"article\" \/>\n<meta property=\"og:title\" content=\"Tom Tailor Pargi Keskuses \u2013 naiste ja meeste mood J\u00f5hvis | Pargi Keskus\" \/>\n<meta property=\"og:description\" content=\"Tom Tailor Pargi Keskuses J\u00f5hvis pakub mitmekesist naiste ja meeste moodi ning stiilseid r\u00f5ivaid igap\u00e4eva ja erilisemateks hetkeks. Tutvu valikuga Ida-Virumaal!\" \/>\n<meta property=\"og:url\" content=\"https:\/\/pargikeskus.ee\/en\/kauplused\/tom-tailor\/\" \/>\n<meta property=\"og:site_name\" content=\"Pargi Keskus\" \/>\n<meta property=\"article:modified_time\" content=\"2026-01-12T16:05:47+00:00\" \/>\n<meta property=\"og:image\" content=\"https:\/\/pargikeskus.ee\/wp-content\/uploads\/2023\/01\/TOM-TAILOR-LOGO-NEW-1024x159-250x38.jpg\" \/>\n<meta name=\"twitter:card\" content=\"summary_large_image\" \/>\n<script type=\"application\/ld+json\" class=\"yoast-schema-graph\">{\"@context\":\"https:\\\/\\\/schema.org\",\"@graph\":[{\"@type\":\"WebPage\",\"@id\":\"https:\\\/\\\/pargikeskus.ee\\\/en\\\/kauplused\\\/tom-tailor\\\/\",\"url\":\"https:\\\/\\\/pargikeskus.ee\\\/en\\\/kauplused\\\/tom-tailor\\\/\",\"name\":\"Tom Tailor Pargi Keskuses \u2013 naiste ja meeste mood J\u00f5hvis | Pargi Keskus\",\"isPartOf\":{\"@id\":\"https:\\\/\\\/pargikeskus.ee\\\/ru\\\/#website\"},\"primaryImageOfPage\":{\"@id\":\"https:\\\/\\\/pargikeskus.ee\\\/en\\\/kauplused\\\/tom-tailor\\\/#primaryimage\"},\"image\":{\"@id\":\"https:\\\/\\\/pargikeskus.ee\\\/en\\\/kauplused\\\/tom-tailor\\\/#primaryimage\"},\"thumbnailUrl\":\"https:\\\/\\\/pargikeskus.ee\\\/wp-content\\\/uploads\\\/2023\\\/01\\\/TOM-TAILOR-LOGO-NEW-1024x159-250x38.jpg\",\"datePublished\":\"2026-01-12T16:05:06+00:00\",\"dateModified\":\"2026-01-12T16:05:47+00:00\",\"description\":\"Tom Tailor Pargi Keskuses J\u00f5hvis pakub mitmekesist naiste ja meeste moodi ning stiilseid r\u00f5ivaid igap\u00e4eva ja erilisemateks hetkeks. Tutvu valikuga Ida-Virumaal!\",\"breadcrumb\":{\"@id\":\"https:\\\/\\\/pargikeskus.ee\\\/en\\\/kauplused\\\/tom-tailor\\\/#breadcrumb\"},\"inLanguage\":\"en-US\",\"potentialAction\":[{\"@type\":\"ReadAction\",\"target\":[\"https:\\\/\\\/pargikeskus.ee\\\/en\\\/kauplused\\\/tom-tailor\\\/\"]}]},{\"@type\":\"ImageObject\",\"inLanguage\":\"en-US\",\"@id\":\"https:\\\/\\\/pargikeskus.ee\\\/en\\\/kauplused\\\/tom-tailor\\\/#primaryimage\",\"url\":\"https:\\\/\\\/pargikeskus.ee\\\/wp-content\\\/uploads\\\/2023\\\/01\\\/TOM-TAILOR-LOGO-NEW-1024x159-250x38.jpg\",\"contentUrl\":\"https:\\\/\\\/pargikeskus.ee\\\/wp-content\\\/uploads\\\/2023\\\/01\\\/TOM-TAILOR-LOGO-NEW-1024x159-250x38.jpg\"},{\"@type\":\"BreadcrumbList\",\"@id\":\"https:\\\/\\\/pargikeskus.ee\\\/en\\\/kauplused\\\/tom-tailor\\\/#breadcrumb\",\"itemListElement\":[{\"@type\":\"ListItem\",\"position\":1,\"name\":\"Home\",\"item\":\"https:\\\/\\\/pargikeskus.ee\\\/en\\\/\"},{\"@type\":\"ListItem\",\"position\":2,\"name\":\"Shops\",\"item\":\"https:\\\/\\\/pargikeskus.ee\\\/en\\\/kauplused\\\/\"},{\"@type\":\"ListItem\",\"position\":3,\"name\":\"Tom Tailor\"}]},{\"@type\":\"WebSite\",\"@id\":\"https:\\\/\\\/pargikeskus.ee\\\/ru\\\/#website\",\"url\":\"https:\\\/\\\/pargikeskus.ee\\\/ru\\\/\",\"name\":\"Pargi Keskus\",\"description\":\"\",\"potentialAction\":[{\"@type\":\"SearchAction\",\"target\":{\"@type\":\"EntryPoint\",\"urlTemplate\":\"https:\\\/\\\/pargikeskus.ee\\\/ru\\\/?s={search_term_string}\"},\"query-input\":{\"@type\":\"PropertyValueSpecification\",\"valueRequired\":true,\"valueName\":\"search_term_string\"}}],\"inLanguage\":\"en-US\"}]}<\/script>\n<!-- \/ Yoast SEO plugin. -->","yoast_head_json":{"title":"Tom Tailor Pargi Keskuses \u2013 naiste ja meeste mood J\u00f5hvis | Pargi Keskus","description":"Tom Tailor Pargi Keskuses J\u00f5hvis pakub mitmekesist naiste ja meeste moodi ning stiilseid r\u00f5ivaid igap\u00e4eva ja erilisemateks hetkeks. Tutvu valikuga Ida-Virumaal!","robots":{"index":"index","follow":"follow","max-snippet":"max-snippet:-1","max-image-preview":"max-image-preview:large","max-video-preview":"max-video-preview:-1"},"canonical":"https:\/\/pargikeskus.ee\/en\/kauplused\/tom-tailor\/","og_locale":"en_US","og_type":"article","og_title":"Tom Tailor Pargi Keskuses \u2013 naiste ja meeste mood J\u00f5hvis | Pargi Keskus","og_description":"Tom Tailor Pargi Keskuses J\u00f5hvis pakub mitmekesist naiste ja meeste moodi ning stiilseid r\u00f5ivaid igap\u00e4eva ja erilisemateks hetkeks. Tutvu valikuga Ida-Virumaal!","og_url":"https:\/\/pargikeskus.ee\/en\/kauplused\/tom-tailor\/","og_site_name":"Pargi Keskus","article_modified_time":"2026-01-12T16:05:47+00:00","og_image":[{"url":"https:\/\/pargikeskus.ee\/wp-content\/uploads\/2023\/01\/TOM-TAILOR-LOGO-NEW-1024x159-250x38.jpg","type":"","width":"","height":""}],"twitter_card":"summary_large_image","schema":{"@context":"https:\/\/schema.org","@graph":[{"@type":"WebPage","@id":"https:\/\/pargikeskus.ee\/en\/kauplused\/tom-tailor\/","url":"https:\/\/pargikeskus.ee\/en\/kauplused\/tom-tailor\/","name":"Tom Tailor Pargi Keskuses \u2013 naiste ja meeste mood J\u00f5hvis | Pargi Keskus","isPartOf":{"@id":"https:\/\/pargikeskus.ee\/ru\/#website"},"primaryImageOfPage":{"@id":"https:\/\/pargikeskus.ee\/en\/kauplused\/tom-tailor\/#primaryimage"},"image":{"@id":"https:\/\/pargikeskus.ee\/en\/kauplused\/tom-tailor\/#primaryimage"},"thumbnailUrl":"https:\/\/pargikeskus.ee\/wp-content\/uploads\/2023\/01\/TOM-TAILOR-LOGO-NEW-1024x159-250x38.jpg","datePublished":"2026-01-12T16:05:06+00:00","dateModified":"2026-01-12T16:05:47+00:00","description":"Tom Tailor Pargi Keskuses J\u00f5hvis pakub mitmekesist naiste ja meeste moodi ning stiilseid r\u00f5ivaid igap\u00e4eva ja erilisemateks hetkeks. Tutvu valikuga Ida-Virumaal!","breadcrumb":{"@id":"https:\/\/pargikeskus.ee\/en\/kauplused\/tom-tailor\/#breadcrumb"},"inLanguage":"en-US","potentialAction":[{"@type":"ReadAction","target":["https:\/\/pargikeskus.ee\/en\/kauplused\/tom-tailor\/"]}]},{"@type":"ImageObject","inLanguage":"en-US","@id":"https:\/\/pargikeskus.ee\/en\/kauplused\/tom-tailor\/#primaryimage","url":"https:\/\/pargikeskus.ee\/wp-content\/uploads\/2023\/01\/TOM-TAILOR-LOGO-NEW-1024x159-250x38.jpg","contentUrl":"https:\/\/pargikeskus.ee\/wp-content\/uploads\/2023\/01\/TOM-TAILOR-LOGO-NEW-1024x159-250x38.jpg"},{"@type":"BreadcrumbList","@id":"https:\/\/pargikeskus.ee\/en\/kauplused\/tom-tailor\/#breadcrumb","itemListElement":[{"@type":"ListItem","position":1,"name":"Home","item":"https:\/\/pargikeskus.ee\/en\/"},{"@type":"ListItem","position":2,"name":"Shops","item":"https:\/\/pargikeskus.ee\/en\/kauplused\/"},{"@type":"ListItem","position":3,"name":"Tom Tailor"}]},{"@type":"WebSite","@id":"https:\/\/pargikeskus.ee\/ru\/#website","url":"https:\/\/pargikeskus.ee\/ru\/","name":"Pargi Keskus","description":"","potentialAction":[{"@type":"SearchAction","target":{"@type":"EntryPoint","urlTemplate":"https:\/\/pargikeskus.ee\/ru\/?s={search_term_string}"},"query-input":{"@type":"PropertyValueSpecification","valueRequired":true,"valueName":"search_term_string"}}],"inLanguage":"en-US"}]}},"builder_content":"<img src=\"https:\/\/pargikeskus.ee\/wp-content\/uploads\/2023\/01\/TOM-TAILOR-LOGO-NEW-1024x159-250x38.jpg\" width=\"250\" height=\"38\" title=\"TOM-TAILOR-LOGO-NEW\" alt=\"TOM-TAILOR-LOGO-NEW\" srcset=\"https:\/\/pargikeskus.ee\/wp-content\/uploads\/2023\/01\/TOM-TAILOR-LOGO-NEW-1024x159-250x38.jpg 250w, https:\/\/pargikeskus.ee\/wp-content\/uploads\/2023\/01\/TOM-TAILOR-LOGO-NEW-300x47.jpg 300w, https:\/\/pargikeskus.ee\/wp-content\/uploads\/2023\/01\/TOM-TAILOR-LOGO-NEW-1024x159.jpg 1024w, https:\/\/pargikeskus.ee\/wp-content\/uploads\/2023\/01\/TOM-TAILOR-LOGO-NEW-768x119.jpg 768w, https:\/\/pargikeskus.ee\/wp-content\/uploads\/2023\/01\/TOM-TAILOR-LOGO-NEW-1024x159-150x23.jpg 150w, https:\/\/pargikeskus.ee\/wp-content\/uploads\/2023\/01\/TOM-TAILOR-LOGO-NEW.jpg 1080w\" sizes=\"(max-width: 250px) 100vw, 250px\" \/>\n<h2>Avatud<\/h2> <p>E-L 10:00 \u2013 20:00<br \/>P 10:00 \u2013 19:00<\/p>\n<h2>Kontaktandmed<\/h2> <p><a href=\"tel:+37255593490\">+372 55593490<\/a><br \/><a href=\"mailto:pargi.tt@denimdream.ee\" target=\"_blank\" rel=\"noopener\">pargi.tt@denimdream.ee<\/a><\/p> <p><a href=\"https:\/\/www.instagram.com\/tomtailor_official\/\" target=\"_blank\" rel=\"noopener\">Instagram<\/a><br \/><a href=\"https:\/\/www.facebook.com\/TOMTAILOR\" target=\"_blank\" rel=\"noopener\">Facebook<\/a><\/p>\n<h1>Tom Tailor<\/h1><p>Tom Tailor br\u00e4nd on loodud 1962.aastal Hamburgis. Ettev\u00f5te on hetkel \u00fcks kiiremini kasvavaid br\u00e4nde Saksamaal, mis on n\u00fc\u00fcdseks juba laienenud \u00fcle kogu maailma.\u00a0Tom Tailor on elustiili br\u00e4nd, mis pakub uusi moetrende ja kvaliteetseid tooteid nii meestele kui naistele.\u00a0Lisaks r\u00f5ivastele leiab kauplusest jalan\u00f5usid, kotte, v\u00f6\u00f6sid, sokke ning meeste pesu.<\/p>\n<h2>Asukoht<\/h2>\n<a href=\"https:\/\/pargikeskus.ee\/wp-content\/uploads\/2023\/01\/Tom-Tailor.jpg\" target=\"_blank\">Link<\/a> \n <img src=\"https:\/\/pargikeskus.ee\/wp-content\/uploads\/2023\/01\/Tom-Tailor.jpg\" title=\"Tom-Tailor\" alt=\"Tom-Tailor\" srcset=\"https:\/\/pargikeskus.ee\/wp-content\/uploads\/2023\/01\/Tom-Tailor.jpg 1440w, https:\/\/pargikeskus.ee\/wp-content\/uploads\/2023\/01\/Tom-Tailor-300x231.jpg 300w, https:\/\/pargikeskus.ee\/wp-content\/uploads\/2023\/01\/Tom-Tailor-1024x787.jpg 1024w, https:\/\/pargikeskus.ee\/wp-content\/uploads\/2023\/01\/Tom-Tailor-768x590.jpg 768w\" sizes=\"(max-width: 1440px) 100vw, 1440px\" \/>\n<p><\/p>\n<p>[campaign]<\/p>","_links":{"self":[{"href":"https:\/\/pargikeskus.ee\/en\/wp-json\/wp\/v2\/pages\/9387","targetHints":{"allow":["GET"]}}],"collection":[{"href":"https:\/\/pargikeskus.ee\/en\/wp-json\/wp\/v2\/pages"}],"about":[{"href":"https:\/\/pargikeskus.ee\/en\/wp-json\/wp\/v2\/types\/page"}],"author":[{"embeddable":true,"href":"https:\/\/pargikeskus.ee\/en\/wp-json\/wp\/v2\/users\/1"}],"replies":[{"embeddable":true,"href":"https:\/\/pargikeskus.ee\/en\/wp-json\/wp\/v2\/comments?post=9387"}],"version-history":[{"count":3,"href":"https:\/\/pargikeskus.ee\/en\/wp-json\/wp\/v2\/pages\/9387\/revisions"}],"predecessor-version":[{"id":11402,"href":"https:\/\/pargikeskus.ee\/en\/wp-json\/wp\/v2\/pages\/9387\/revisions\/11402"}],"up":[{"embeddable":true,"href":"https:\/\/pargikeskus.ee\/en\/wp-json\/wp\/v2\/pages\/1702"}],"wp:attachment":[{"href":"https:\/\/pargikeskus.ee\/en\/wp-json\/wp\/v2\/media?parent=9387"}],"curies":[{"name":"wp","href":"https:\/\/api.w.org\/{rel}","templated":true}]}}