{"id":9383,"date":"2021-08-09T10:16:21","date_gmt":"2021-08-09T10:16:21","guid":{"rendered":"https:\/\/pargikeskus.ee\/kauplused\/ivari-kellaari\/"},"modified":"2024-08-09T11:46:45","modified_gmt":"2024-08-09T08:46:45","slug":"ivari-kellaari","status":"publish","type":"page","link":"https:\/\/pargikeskus.ee\/en\/kauplused\/ivari-kellaari\/","title":{"rendered":"Ivari kella\u00e4ri"},"content":{"rendered":"<!--themify_builder_content-->\n<div id=\"themify_builder_content-9383\" data-postid=\"9383\" class=\"themify_builder_content themify_builder_content-9383 themify_builder tf_clear\">\n                    <div  data-css_id=\"k0do292\" data-lazy=\"1\" class=\"module_row themify_builder_row fullwidth_row_container tb_k0do292 tb_first tf_w\">\n            <span  class=\"builder_row_cover tf_abs\" data-lazy=\"1\"><\/span>            <div class=\"row_inner col_align_top tb_col_count_1 tf_box tf_rel\">\n                        <div  data-lazy=\"1\" class=\"module_column tb-column col-full tb_j4jf295 first\">\n                            <\/div>\n                        <\/div>\n        <\/div>\n                        <div  data-lazy=\"1\" class=\"module_row themify_builder_row tb_6pgx292 tf_w\">\n                        <div class=\"row_inner col_align_top tb_col_count_3 tf_box tf_rel\">\n                        <div  data-lazy=\"1\" class=\"module_column tb-column col4-1 tb_o82v298 first\">\n                    <!-- module image -->\n<div  class=\"module module-image tb_rv17299 image-top   tf_mw\" data-lazy=\"1\">\n        <div class=\"image-wrap tf_rel tf_mw\">\n            <img loading=\"lazy\" decoding=\"async\" src=\"https:\/\/pargikeskus.ee\/wp-content\/uploads\/2021\/08\/logo-1024x617-250x150.png\" width=\"250\" height=\"150\" class=\"wp-post-image wp-image-4701\" title=\"logo\" alt=\"logo\" srcset=\"https:\/\/pargikeskus.ee\/wp-content\/uploads\/2021\/08\/logo-1024x617-250x150.png 250w, https:\/\/pargikeskus.ee\/wp-content\/uploads\/2021\/08\/logo-300x181.png 300w, https:\/\/pargikeskus.ee\/wp-content\/uploads\/2021\/08\/logo-1024x617.png 1024w, https:\/\/pargikeskus.ee\/wp-content\/uploads\/2021\/08\/logo-768x462.png 768w, https:\/\/pargikeskus.ee\/wp-content\/uploads\/2021\/08\/logo-1536x925.png 1536w, https:\/\/pargikeskus.ee\/wp-content\/uploads\/2021\/08\/logo-1024x617-150x90.png 150w, https:\/\/pargikeskus.ee\/wp-content\/uploads\/2021\/08\/logo.png 1596w\" sizes=\"auto, (max-width: 250px) 100vw, 250px\" \/>    \n        <\/div>\n    <!-- \/image-wrap -->\n    \n        <\/div>\n<!-- \/module image --><!-- module text -->\n<div  class=\"module module-text tb_87o0303   \" data-lazy=\"1\">\n        <div  class=\"tb_text_wrap\">\n        <h2>Avatud<\/h2>\n<p>E-R 10:00 \u2013 19:00<br \/>L 10:00 \u2013 18:00<br \/>P Suletud<\/p>    <\/div>\n<\/div>\n<!-- \/module text --><!-- module text -->\n<div  class=\"module module-text tb_n17o306   \" data-lazy=\"1\">\n        <div  class=\"tb_text_wrap\">\n        <h2>Kontaktandmed<\/h2>\n<p><a href=\"tel:+3725289909\">+372 5289909<\/a><br \/><a href=\"https:\/\/ivarikella\u00e4ri.ee\" target=\"_blank\" rel=\"noopener\">https:\/\/ivarikella\u00e4ri.ee<\/a><br \/><a href=\"mailto:ivar.viljaste@gmail.com\">ivar.viljaste@gmail.com<\/a><\/p>    <\/div>\n<\/div>\n<!-- \/module text -->        <\/div>\n                    <div  data-lazy=\"1\" class=\"module_column tb-column col4-2 tb_7kl2312\">\n                    <!-- module text -->\n<div  class=\"module module-text tb_gxfb314   \" data-lazy=\"1\">\n        <div  class=\"tb_text_wrap\">\n        <h1>Ivari kella\u00e4ri<\/h1><p>O\u00dc Ivari Kella\u00e4ri- kogemus aastast 1990.<\/p><p>Tegeleme k\u00e4ekellade, seinakellade, lauakellade, \u00e4ratuskellade m\u00fc\u00fcgi, hoolduse ja parandusega. Kellarihmade, kellakettide\u00a0vahetus ja parajaks tegemine.<\/p><p>Patareide vahetus.<\/p><p>Br\u00e4ndid mida hetkel m\u00fc\u00fcme on:<\/p><p>QQ, Casio, Lorus,Romanson, Lee Cooper, Timex, Citizen, Elite, Apella, Kolber, Moschino, RG, Roccobarocco, Seiko, Telesonic, Rhythm, Hermle, Pearl, Braun, Atlanta<\/p>    <\/div>\n<\/div>\n<!-- \/module text -->        <\/div>\n                    <div  data-lazy=\"1\" class=\"module_column tb-column col4-1 tb_5as8316 last\">\n                    <!-- module text -->\n<div  class=\"module module-text tb_fn1z317   \" data-lazy=\"1\">\n        <div  class=\"tb_text_wrap\">\n        <h2>Asukoht<\/h2>    <\/div>\n<\/div>\n<!-- \/module text --><!-- module image pro -->\n<div  class=\"module module-pro-image tb_w3n3318 filter-none effect-shine   tf_textc   entrance-effect-fadeIn\" data-lazy=\"1\" data-entrance-effect=\"fadeIn\" data-exit-effect=\"fadeOut\" >\n\t\n    <div class=\"image-pro-wrap tf_rel tf_overflow tf_inline_b\">\n\t\t\t\t\t<a class=\"image-pro-external themify_lightbox tf_abs tf_w tf_h\" href=\"https:\/\/pargikeskus.ee\/wp-content\/uploads\/2021\/08\/Ivari-Kellaari.jpg\" target=\"_blank\"><span class=\"screen-reader-text\">Link<\/span><\/a>\n\t\t   \t\t<div class=\"image-pro-flip-box-wrap tf_rel tf_w tf_overflow\">\n\t\t\t<div class=\"image-pro-flip-box tf_rel\">\n\n\t\t\t\t<img loading=\"lazy\" decoding=\"async\" width=\"1440\" height=\"1107\" src=\"https:\/\/pargikeskus.ee\/wp-content\/uploads\/2021\/08\/Ivari-Kellaari.jpg\" class=\"wp-post-image wp-image-4696\" title=\"Ivari Kella\u00e4ri\" alt=\"Ivari Kella\u00e4ri\" srcset=\"https:\/\/pargikeskus.ee\/wp-content\/uploads\/2021\/08\/Ivari-Kellaari.jpg 1440w, https:\/\/pargikeskus.ee\/wp-content\/uploads\/2021\/08\/Ivari-Kellaari-300x231.jpg 300w, https:\/\/pargikeskus.ee\/wp-content\/uploads\/2021\/08\/Ivari-Kellaari-1024x787.jpg 1024w, https:\/\/pargikeskus.ee\/wp-content\/uploads\/2021\/08\/Ivari-Kellaari-768x590.jpg 768w\" sizes=\"auto, (max-width: 1440px) 100vw, 1440px\" \/>\n\t\t\t\t\n\t\t\t<\/div>\n\t\t<\/div>\n\n    <\/div><!-- .image-pro-wrap -->\n\n\t\n\t\n\t<\/div><!-- \/module image pro --><!-- module text -->\n<div  class=\"module module-text tb_cyqq319   \" data-lazy=\"1\">\n        <div  class=\"tb_text_wrap\">\n        <br \/>\n    <\/div>\n<\/div>\n<!-- \/module text --><!-- module text -->\n<div  class=\"module module-text tb_ftz9402   \" data-lazy=\"1\">\n        <div  class=\"tb_text_wrap\">\n            <\/div>\n<\/div>\n<!-- \/module text -->        <\/div>\n                        <\/div>\n        <\/div>\n        <\/div>\n<!--\/themify_builder_content-->","protected":false},"excerpt":{"rendered":"<p>Avatud E-R 10:00 \u2013 19:00L 10:00 \u2013 18:00P Suletud Kontaktandmed +372 5289909https:\/\/ivarikella\u00e4ri.eeivar.viljaste@gmail.com Ivari kella\u00e4ri O\u00dc Ivari Kella\u00e4ri- kogemus aastast 1990. Tegeleme k\u00e4ekellade, seinakellade, lauakellade, \u00e4ratuskellade m\u00fc\u00fcgi, hoolduse ja parandusega. Kellarihmade, kellakettide\u00a0vahetus ja parajaks tegemine. Patareide vahetus. Br\u00e4ndid mida hetkel m\u00fc\u00fcme on: QQ, Casio, Lorus,Romanson, Lee Cooper, Timex, Citizen, Elite, Apella, Kolber, Moschino, RG, Roccobarocco, Seiko, [&hellip;]<\/p>\n","protected":false},"author":1,"featured_media":0,"parent":1702,"menu_order":0,"comment_status":"closed","ping_status":"closed","template":"","meta":{"footnotes":""},"class_list":["post-9383","page","type-page","status-publish","hentry","has-post-title","has-post-date","has-post-category","has-post-tag","has-post-comment","has-post-author",""],"yoast_head":"<!-- This site is optimized with the Yoast SEO plugin v27.4 - https:\/\/yoast.com\/product\/yoast-seo-wordpress\/ -->\n<title>Ivari kella\u00e4ri - Pargi Keskus<\/title>\n<meta name=\"robots\" content=\"index, follow, max-snippet:-1, max-image-preview:large, max-video-preview:-1\" \/>\n<link rel=\"canonical\" href=\"https:\/\/pargikeskus.ee\/en\/kauplused\/ivari-kellaari\/\" \/>\n<meta property=\"og:locale\" content=\"en_US\" \/>\n<meta property=\"og:type\" content=\"article\" \/>\n<meta property=\"og:title\" content=\"Ivari kella\u00e4ri - Pargi Keskus\" \/>\n<meta property=\"og:description\" content=\"Avatud E-R 10:00 \u2013 19:00L 10:00 \u2013 18:00P Suletud Kontaktandmed +372 5289909https:\/\/ivarikella\u00e4ri.eeivar.viljaste@gmail.com Ivari kella\u00e4ri O\u00dc Ivari Kella\u00e4ri- kogemus aastast 1990. Tegeleme k\u00e4ekellade, seinakellade, lauakellade, \u00e4ratuskellade m\u00fc\u00fcgi, hoolduse ja parandusega. Kellarihmade, kellakettide\u00a0vahetus ja parajaks tegemine. Patareide vahetus. Br\u00e4ndid mida hetkel m\u00fc\u00fcme on: QQ, Casio, Lorus,Romanson, Lee Cooper, Timex, Citizen, Elite, Apella, Kolber, Moschino, RG, Roccobarocco, Seiko, [&hellip;]\" \/>\n<meta property=\"og:url\" content=\"https:\/\/pargikeskus.ee\/en\/kauplused\/ivari-kellaari\/\" \/>\n<meta property=\"og:site_name\" content=\"Pargi Keskus\" \/>\n<meta property=\"article:modified_time\" content=\"2024-08-09T08:46:45+00:00\" \/>\n<meta property=\"og:image\" content=\"https:\/\/pargikeskus.ee\/wp-content\/uploads\/2021\/08\/logo-1024x617-250x150.png\" \/>\n<meta name=\"twitter:card\" content=\"summary_large_image\" \/>\n<script type=\"application\/ld+json\" class=\"yoast-schema-graph\">{\"@context\":\"https:\\\/\\\/schema.org\",\"@graph\":[{\"@type\":\"WebPage\",\"@id\":\"https:\\\/\\\/pargikeskus.ee\\\/en\\\/kauplused\\\/ivari-kellaari\\\/\",\"url\":\"https:\\\/\\\/pargikeskus.ee\\\/en\\\/kauplused\\\/ivari-kellaari\\\/\",\"name\":\"Ivari kella\u00e4ri - Pargi Keskus\",\"isPartOf\":{\"@id\":\"https:\\\/\\\/pargikeskus.ee\\\/ru\\\/#website\"},\"primaryImageOfPage\":{\"@id\":\"https:\\\/\\\/pargikeskus.ee\\\/en\\\/kauplused\\\/ivari-kellaari\\\/#primaryimage\"},\"image\":{\"@id\":\"https:\\\/\\\/pargikeskus.ee\\\/en\\\/kauplused\\\/ivari-kellaari\\\/#primaryimage\"},\"thumbnailUrl\":\"https:\\\/\\\/pargikeskus.ee\\\/wp-content\\\/uploads\\\/2021\\\/08\\\/logo-1024x617-250x150.png\",\"datePublished\":\"2021-08-09T10:16:21+00:00\",\"dateModified\":\"2024-08-09T08:46:45+00:00\",\"breadcrumb\":{\"@id\":\"https:\\\/\\\/pargikeskus.ee\\\/en\\\/kauplused\\\/ivari-kellaari\\\/#breadcrumb\"},\"inLanguage\":\"en-US\",\"potentialAction\":[{\"@type\":\"ReadAction\",\"target\":[\"https:\\\/\\\/pargikeskus.ee\\\/en\\\/kauplused\\\/ivari-kellaari\\\/\"]}]},{\"@type\":\"ImageObject\",\"inLanguage\":\"en-US\",\"@id\":\"https:\\\/\\\/pargikeskus.ee\\\/en\\\/kauplused\\\/ivari-kellaari\\\/#primaryimage\",\"url\":\"https:\\\/\\\/pargikeskus.ee\\\/wp-content\\\/uploads\\\/2021\\\/08\\\/logo-1024x617-250x150.png\",\"contentUrl\":\"https:\\\/\\\/pargikeskus.ee\\\/wp-content\\\/uploads\\\/2021\\\/08\\\/logo-1024x617-250x150.png\"},{\"@type\":\"BreadcrumbList\",\"@id\":\"https:\\\/\\\/pargikeskus.ee\\\/en\\\/kauplused\\\/ivari-kellaari\\\/#breadcrumb\",\"itemListElement\":[{\"@type\":\"ListItem\",\"position\":1,\"name\":\"Home\",\"item\":\"https:\\\/\\\/pargikeskus.ee\\\/en\\\/\"},{\"@type\":\"ListItem\",\"position\":2,\"name\":\"Shops\",\"item\":\"https:\\\/\\\/pargikeskus.ee\\\/en\\\/kauplused\\\/\"},{\"@type\":\"ListItem\",\"position\":3,\"name\":\"Ivari kella\u00e4ri\"}]},{\"@type\":\"WebSite\",\"@id\":\"https:\\\/\\\/pargikeskus.ee\\\/ru\\\/#website\",\"url\":\"https:\\\/\\\/pargikeskus.ee\\\/ru\\\/\",\"name\":\"Pargi Keskus\",\"description\":\"\",\"potentialAction\":[{\"@type\":\"SearchAction\",\"target\":{\"@type\":\"EntryPoint\",\"urlTemplate\":\"https:\\\/\\\/pargikeskus.ee\\\/ru\\\/?s={search_term_string}\"},\"query-input\":{\"@type\":\"PropertyValueSpecification\",\"valueRequired\":true,\"valueName\":\"search_term_string\"}}],\"inLanguage\":\"en-US\"}]}<\/script>\n<!-- \/ Yoast SEO plugin. -->","yoast_head_json":{"title":"Ivari kella\u00e4ri - Pargi Keskus","robots":{"index":"index","follow":"follow","max-snippet":"max-snippet:-1","max-image-preview":"max-image-preview:large","max-video-preview":"max-video-preview:-1"},"canonical":"https:\/\/pargikeskus.ee\/en\/kauplused\/ivari-kellaari\/","og_locale":"en_US","og_type":"article","og_title":"Ivari kella\u00e4ri - Pargi Keskus","og_description":"Avatud E-R 10:00 \u2013 19:00L 10:00 \u2013 18:00P Suletud Kontaktandmed +372 5289909https:\/\/ivarikella\u00e4ri.eeivar.viljaste@gmail.com Ivari kella\u00e4ri O\u00dc Ivari Kella\u00e4ri- kogemus aastast 1990. Tegeleme k\u00e4ekellade, seinakellade, lauakellade, \u00e4ratuskellade m\u00fc\u00fcgi, hoolduse ja parandusega. Kellarihmade, kellakettide\u00a0vahetus ja parajaks tegemine. Patareide vahetus. Br\u00e4ndid mida hetkel m\u00fc\u00fcme on: QQ, Casio, Lorus,Romanson, Lee Cooper, Timex, Citizen, Elite, Apella, Kolber, Moschino, RG, Roccobarocco, Seiko, [&hellip;]","og_url":"https:\/\/pargikeskus.ee\/en\/kauplused\/ivari-kellaari\/","og_site_name":"Pargi Keskus","article_modified_time":"2024-08-09T08:46:45+00:00","og_image":[{"url":"https:\/\/pargikeskus.ee\/wp-content\/uploads\/2021\/08\/logo-1024x617-250x150.png","type":"","width":"","height":""}],"twitter_card":"summary_large_image","schema":{"@context":"https:\/\/schema.org","@graph":[{"@type":"WebPage","@id":"https:\/\/pargikeskus.ee\/en\/kauplused\/ivari-kellaari\/","url":"https:\/\/pargikeskus.ee\/en\/kauplused\/ivari-kellaari\/","name":"Ivari kella\u00e4ri - Pargi Keskus","isPartOf":{"@id":"https:\/\/pargikeskus.ee\/ru\/#website"},"primaryImageOfPage":{"@id":"https:\/\/pargikeskus.ee\/en\/kauplused\/ivari-kellaari\/#primaryimage"},"image":{"@id":"https:\/\/pargikeskus.ee\/en\/kauplused\/ivari-kellaari\/#primaryimage"},"thumbnailUrl":"https:\/\/pargikeskus.ee\/wp-content\/uploads\/2021\/08\/logo-1024x617-250x150.png","datePublished":"2021-08-09T10:16:21+00:00","dateModified":"2024-08-09T08:46:45+00:00","breadcrumb":{"@id":"https:\/\/pargikeskus.ee\/en\/kauplused\/ivari-kellaari\/#breadcrumb"},"inLanguage":"en-US","potentialAction":[{"@type":"ReadAction","target":["https:\/\/pargikeskus.ee\/en\/kauplused\/ivari-kellaari\/"]}]},{"@type":"ImageObject","inLanguage":"en-US","@id":"https:\/\/pargikeskus.ee\/en\/kauplused\/ivari-kellaari\/#primaryimage","url":"https:\/\/pargikeskus.ee\/wp-content\/uploads\/2021\/08\/logo-1024x617-250x150.png","contentUrl":"https:\/\/pargikeskus.ee\/wp-content\/uploads\/2021\/08\/logo-1024x617-250x150.png"},{"@type":"BreadcrumbList","@id":"https:\/\/pargikeskus.ee\/en\/kauplused\/ivari-kellaari\/#breadcrumb","itemListElement":[{"@type":"ListItem","position":1,"name":"Home","item":"https:\/\/pargikeskus.ee\/en\/"},{"@type":"ListItem","position":2,"name":"Shops","item":"https:\/\/pargikeskus.ee\/en\/kauplused\/"},{"@type":"ListItem","position":3,"name":"Ivari kella\u00e4ri"}]},{"@type":"WebSite","@id":"https:\/\/pargikeskus.ee\/ru\/#website","url":"https:\/\/pargikeskus.ee\/ru\/","name":"Pargi Keskus","description":"","potentialAction":[{"@type":"SearchAction","target":{"@type":"EntryPoint","urlTemplate":"https:\/\/pargikeskus.ee\/ru\/?s={search_term_string}"},"query-input":{"@type":"PropertyValueSpecification","valueRequired":true,"valueName":"search_term_string"}}],"inLanguage":"en-US"}]}},"builder_content":"<img src=\"https:\/\/pargikeskus.ee\/wp-content\/uploads\/2021\/08\/logo-1024x617-250x150.png\" width=\"250\" height=\"150\" title=\"logo\" alt=\"logo\" srcset=\"https:\/\/pargikeskus.ee\/wp-content\/uploads\/2021\/08\/logo-1024x617-250x150.png 250w, https:\/\/pargikeskus.ee\/wp-content\/uploads\/2021\/08\/logo-300x181.png 300w, https:\/\/pargikeskus.ee\/wp-content\/uploads\/2021\/08\/logo-1024x617.png 1024w, https:\/\/pargikeskus.ee\/wp-content\/uploads\/2021\/08\/logo-768x462.png 768w, https:\/\/pargikeskus.ee\/wp-content\/uploads\/2021\/08\/logo-1536x925.png 1536w, https:\/\/pargikeskus.ee\/wp-content\/uploads\/2021\/08\/logo-1024x617-150x90.png 150w, https:\/\/pargikeskus.ee\/wp-content\/uploads\/2021\/08\/logo.png 1596w\" sizes=\"(max-width: 250px) 100vw, 250px\" \/>\n<h2>Avatud<\/h2> <p>E-R 10:00 \u2013 19:00<br \/>L 10:00 \u2013 18:00<br \/>P Suletud<\/p>\n<h2>Kontaktandmed<\/h2> <p><a href=\"tel:+3725289909\">+372 5289909<\/a><br \/><a href=\"https:\/\/ivarikella\u00e4ri.ee\" target=\"_blank\" rel=\"noopener\">https:\/\/ivarikella\u00e4ri.ee<\/a><br \/><a href=\"mailto:ivar.viljaste@gmail.com\">ivar.viljaste@gmail.com<\/a><\/p>\n<h1>Ivari kella\u00e4ri<\/h1><p>O\u00dc Ivari Kella\u00e4ri- kogemus aastast 1990.<\/p><p>Tegeleme k\u00e4ekellade, seinakellade, lauakellade, \u00e4ratuskellade m\u00fc\u00fcgi, hoolduse ja parandusega. Kellarihmade, kellakettide\u00a0vahetus ja parajaks tegemine.<\/p><p>Patareide vahetus.<\/p><p>Br\u00e4ndid mida hetkel m\u00fc\u00fcme on:<\/p><p>QQ, Casio, Lorus,Romanson, Lee Cooper, Timex, Citizen, Elite, Apella, Kolber, Moschino, RG, Roccobarocco, Seiko, Telesonic, Rhythm, Hermle, Pearl, Braun, Atlanta<\/p>\n<h2>Asukoht<\/h2>\n<a href=\"https:\/\/pargikeskus.ee\/wp-content\/uploads\/2021\/08\/Ivari-Kellaari.jpg\" target=\"_blank\">Link<\/a> \n <img src=\"https:\/\/pargikeskus.ee\/wp-content\/uploads\/2021\/08\/Ivari-Kellaari.jpg\" title=\"Ivari Kella\u00e4ri\" alt=\"Ivari Kella\u00e4ri\" srcset=\"https:\/\/pargikeskus.ee\/wp-content\/uploads\/2021\/08\/Ivari-Kellaari.jpg 1440w, https:\/\/pargikeskus.ee\/wp-content\/uploads\/2021\/08\/Ivari-Kellaari-300x231.jpg 300w, https:\/\/pargikeskus.ee\/wp-content\/uploads\/2021\/08\/Ivari-Kellaari-1024x787.jpg 1024w, https:\/\/pargikeskus.ee\/wp-content\/uploads\/2021\/08\/Ivari-Kellaari-768x590.jpg 768w\" sizes=\"(max-width: 1440px) 100vw, 1440px\" \/>\n<br \/>\n<p>[campaign]<\/p>","_links":{"self":[{"href":"https:\/\/pargikeskus.ee\/en\/wp-json\/wp\/v2\/pages\/9383","targetHints":{"allow":["GET"]}}],"collection":[{"href":"https:\/\/pargikeskus.ee\/en\/wp-json\/wp\/v2\/pages"}],"about":[{"href":"https:\/\/pargikeskus.ee\/en\/wp-json\/wp\/v2\/types\/page"}],"author":[{"embeddable":true,"href":"https:\/\/pargikeskus.ee\/en\/wp-json\/wp\/v2\/users\/1"}],"replies":[{"embeddable":true,"href":"https:\/\/pargikeskus.ee\/en\/wp-json\/wp\/v2\/comments?post=9383"}],"version-history":[{"count":1,"href":"https:\/\/pargikeskus.ee\/en\/wp-json\/wp\/v2\/pages\/9383\/revisions"}],"predecessor-version":[{"id":9418,"href":"https:\/\/pargikeskus.ee\/en\/wp-json\/wp\/v2\/pages\/9383\/revisions\/9418"}],"up":[{"embeddable":true,"href":"https:\/\/pargikeskus.ee\/en\/wp-json\/wp\/v2\/pages\/1702"}],"wp:attachment":[{"href":"https:\/\/pargikeskus.ee\/en\/wp-json\/wp\/v2\/media?parent=9383"}],"curies":[{"name":"wp","href":"https:\/\/api.w.org\/{rel}","templated":true}]}}