{"id":2107,"date":"2026-01-12T18:56:44","date_gmt":"2026-01-12T15:56:44","guid":{"rendered":"https:\/\/pargikeskus.ee\/kauplused\/uuskasutuskeskus\/"},"modified":"2026-01-12T18:57:35","modified_gmt":"2026-01-12T15:57:35","slug":"uuskasutuskeskus","status":"publish","type":"page","link":"https:\/\/pargikeskus.ee\/en\/kauplused\/uuskasutuskeskus\/","title":{"rendered":"Uuskasutuskeskus"},"content":{"rendered":"<!--themify_builder_content-->\n<div id=\"themify_builder_content-2107\" data-postid=\"2107\" class=\"themify_builder_content themify_builder_content-2107 themify_builder tf_clear\">\n                    <div  data-css_id=\"vaqq964\" data-lazy=\"1\" class=\"module_row themify_builder_row fullwidth_row_container tb_vaqq964 tb_first tf_w\">\n            <span  class=\"builder_row_cover tf_abs\" data-lazy=\"1\"><\/span>            <div class=\"row_inner col_align_top tb_col_count_1 tf_box tf_rel\">\n                        <div  data-lazy=\"1\" class=\"module_column tb-column col-full tb_t2ft965 first\">\n                            <\/div>\n                        <\/div>\n        <\/div>\n                        <div  data-lazy=\"1\" class=\"module_row themify_builder_row tb_o2sl583 tf_w\">\n                        <div class=\"row_inner col_align_top tb_col_count_3 tf_box tf_rel\">\n                        <div  data-lazy=\"1\" class=\"module_column tb-column col4-1 tb_eakw585 first\">\n                    <!-- module image -->\n<div  class=\"module module-image tb_sioz771 image-top   tf_mw\" data-lazy=\"1\">\n        <div class=\"image-wrap tf_rel tf_mw\">\n            <img loading=\"lazy\" decoding=\"async\" src=\"https:\/\/pargikeskus.ee\/wp-content\/uploads\/2020\/11\/Uuskasutuskeskus-792x1024-113x150.png\" width=\"113\" height=\"150\" class=\"wp-post-image wp-image-9472\" title=\"Uuskasutuskeskus\" alt=\"Uuskasutuskeskus\">    \n        <\/div>\n    <!-- \/image-wrap -->\n    \n        <\/div>\n<!-- \/module image --><!-- module text -->\n<div  class=\"module module-text tb_okrb801   \" data-lazy=\"1\">\n        <div  class=\"tb_text_wrap\">\n        <h2>Avatud<\/h2>\n<p>E-R 10:00 \u2013 18:00<br \/>L 10:00 \u2013 16:00<br \/>P Suletud<\/p>    <\/div>\n<\/div>\n<!-- \/module text --><!-- module text -->\n<div  class=\"module module-text tb_kigd663   \" data-lazy=\"1\">\n        <div  class=\"tb_text_wrap\">\n        <h2>Kontaktandmed<\/h2>\n<p><a href=\"tel:+37255594548\">+372 55594548<\/a><br \/><a href=\"mailto:johvi@uuskasutus.ee\">johvi@uuskasutus.ee<\/a><br \/><a href=\"https:\/\/uuskasutus.ee\/\" target=\"_blank\" rel=\"noopener\">Koduleht<\/a><\/p>\n<p><a href=\"https:\/\/www.instagram.com\/uuskasutuskeskus\/\" target=\"_blank\" rel=\"noopener\">Instagram<\/a><br \/><a href=\"https:\/\/www.facebook.com\/uuskasutus\" target=\"_blank\" rel=\"noopener\">Facebook<\/a><\/p>    <\/div>\n<\/div>\n<!-- \/module text -->        <\/div>\n                    <div  data-lazy=\"1\" class=\"module_column tb-column col4-2 tb_vsql267\">\n                    <!-- module text -->\n<div  class=\"module module-text tb_1aer314   \" data-lazy=\"1\">\n        <div  class=\"tb_text_wrap\">\n        <h1>Uuskasutuskeskus<\/h1>\n<p>J\u00f5hvi Uuskasutuskeskusest leiab mitmesuguseid heas korras teise ringi esemeid, alates riietest ja jalatsitest kuni kodusisustuse ja v\u00e4iketehnikani. Kaupluses on esindatud k\u00f5ik tootekategooriad, v\u00e4lja arvatud m\u00f6\u00f6bel. Kaubavalik uueneb iga kuu alguses. Kuu viimasel kolmel p\u00e4eval kostitame k\u00fclastajaid alla-soodusp\u00e4evadega.<\/p>\n<p>Uuskasutuskeskusesse saab kaupluse lahtiolekuaegadel \u00e4ra tuua kodus liigseks muutunud, kuid j\u00e4tkuvalt korralikke asju: puhtaid ja terveid riideid, jalatseid, aksessuaare, kotte, sisustusesemeid, kodutekstiile, spordi- ja hobitarbeid, v\u00e4iketehnikat jms. Liigseks muutunud asjad saab j\u00e4tta kohe kaupluse ukse juurde annetusalale. Leiame uuele ringile antud asjadele uue ja t\u00e4nuliku omaniku meie kaupluste ja koost\u00f6\u00f6partnerite kaudu.<\/p>\n<p>Uuskasutuskeskus MT\u00dc on loodud aastal 2004 ning keskusel on \u00fcle Eesti kokku 17 kauplust, lisaks e-pood aadressil pood.uuskasutus.ee.<\/p>    <\/div>\n<\/div>\n<!-- \/module text -->        <\/div>\n                    <div  data-lazy=\"1\" class=\"module_column tb-column col4-1 tb_3f5g68 last\">\n                    <!-- module text -->\n<div  class=\"module module-text tb_yodt295   \" data-lazy=\"1\">\n        <div  class=\"tb_text_wrap\">\n        <h2>Asukoht<\/h2>    <\/div>\n<\/div>\n<!-- \/module text --><!-- module image pro -->\n<div  class=\"module module-pro-image tb_57uv26 filter-none effect-shine   tf_textc   entrance-effect-fadeIn\" data-lazy=\"1\" data-entrance-effect=\"fadeIn\" data-exit-effect=\"fadeOut\" >\n\t\n    <div class=\"image-pro-wrap tf_rel tf_overflow tf_inline_b\">\n\t\t\t\t\t<a class=\"image-pro-external themify_lightbox tf_abs tf_w tf_h\" href=\"https:\/\/pargikeskus.ee\/wp-content\/uploads\/2020\/11\/Uuskasutuskeskus-1.jpg\" target=\"_blank\"><span class=\"screen-reader-text\">Link<\/span><\/a>\n\t\t   \t\t<div class=\"image-pro-flip-box-wrap tf_rel tf_w tf_overflow\">\n\t\t\t<div class=\"image-pro-flip-box tf_rel\">\n\n\t\t\t\t<img loading=\"lazy\" decoding=\"async\" width=\"1440\" height=\"1107\" src=\"https:\/\/pargikeskus.ee\/wp-content\/uploads\/2020\/11\/Uuskasutuskeskus-1.jpg\" class=\"wp-post-image wp-image-871\" title=\"Uuskasutuskeskus\" alt=\"Uuskasutuskeskus\" srcset=\"https:\/\/pargikeskus.ee\/wp-content\/uploads\/2020\/11\/Uuskasutuskeskus-1.jpg 1440w, https:\/\/pargikeskus.ee\/wp-content\/uploads\/2020\/11\/Uuskasutuskeskus-1-300x231.jpg 300w, https:\/\/pargikeskus.ee\/wp-content\/uploads\/2020\/11\/Uuskasutuskeskus-1-1024x787.jpg 1024w, https:\/\/pargikeskus.ee\/wp-content\/uploads\/2020\/11\/Uuskasutuskeskus-1-768x590.jpg 768w\" sizes=\"auto, (max-width: 1440px) 100vw, 1440px\" \/>\n\t\t\t\t\n\t\t\t<\/div>\n\t\t<\/div>\n\n    <\/div><!-- .image-pro-wrap -->\n\n\t\n\t\n\t<\/div><!-- \/module image pro --><!-- module text -->\n<div  class=\"module module-text tb_kunv69   \" data-lazy=\"1\">\n        <div  class=\"tb_text_wrap\">\n        <p><span id=\"kampaania\"><\/span><\/p>\n    <\/div>\n<\/div>\n<!-- \/module text --><!-- module text -->\n<div  class=\"module module-text tb_cedx991   \" data-lazy=\"1\">\n        <div  class=\"tb_text_wrap\">\n            <\/div>\n<\/div>\n<!-- \/module text -->        <\/div>\n                        <\/div>\n        <\/div>\n        <\/div>\n<!--\/themify_builder_content-->","protected":false},"excerpt":{"rendered":"<p>Avatud E-R 10:00 \u2013 18:00L 10:00 \u2013 16:00P Suletud<\/p>\n","protected":false},"author":1,"featured_media":0,"parent":1702,"menu_order":0,"comment_status":"closed","ping_status":"closed","template":"","meta":{"footnotes":""},"class_list":["post-2107","page","type-page","status-publish","hentry","has-post-title","has-post-date","has-post-category","has-post-tag","has-post-comment","has-post-author",""],"yoast_head":"<!-- This site is optimized with the Yoast SEO plugin v27.4 - https:\/\/yoast.com\/product\/yoast-seo-wordpress\/ -->\n<title>Uuskasutuskeskus J\u00f5hvis \u2013 taaskasutus, odavad riided ja esemed | Pargi Keskus<\/title>\n<meta name=\"description\" content=\"Uuskasutuskeskus Pargi Keskuses J\u00f5hvis on ideaalne koht taaskasutuseks-s\u00f5bralikele ostlejatele. Leia odavad riided, esemed ja unikaalsed leiud mugavalt Pargi Keskuses!\" \/>\n<meta name=\"robots\" content=\"index, follow, max-snippet:-1, max-image-preview:large, max-video-preview:-1\" \/>\n<link rel=\"canonical\" href=\"https:\/\/pargikeskus.ee\/en\/kauplused\/uuskasutuskeskus\/\" \/>\n<meta property=\"og:locale\" content=\"en_US\" \/>\n<meta property=\"og:type\" content=\"article\" \/>\n<meta property=\"og:title\" content=\"Uuskasutuskeskus J\u00f5hvis \u2013 taaskasutus, odavad riided ja esemed | Pargi Keskus\" \/>\n<meta property=\"og:description\" content=\"Uuskasutuskeskus Pargi Keskuses J\u00f5hvis on ideaalne koht taaskasutuseks-s\u00f5bralikele ostlejatele. Leia odavad riided, esemed ja unikaalsed leiud mugavalt Pargi Keskuses!\" \/>\n<meta property=\"og:url\" content=\"https:\/\/pargikeskus.ee\/en\/kauplused\/uuskasutuskeskus\/\" \/>\n<meta property=\"og:site_name\" content=\"Pargi Keskus\" \/>\n<meta property=\"article:modified_time\" content=\"2026-01-12T15:57:35+00:00\" \/>\n<meta property=\"og:image\" content=\"https:\/\/pargikeskus.ee\/wp-content\/uploads\/2020\/11\/Uuskasutuskeskus-792x1024-113x150.png\" \/>\n<meta name=\"twitter:card\" content=\"summary_large_image\" \/>\n<script type=\"application\/ld+json\" class=\"yoast-schema-graph\">{\"@context\":\"https:\\\/\\\/schema.org\",\"@graph\":[{\"@type\":\"WebPage\",\"@id\":\"https:\\\/\\\/pargikeskus.ee\\\/en\\\/kauplused\\\/uuskasutuskeskus\\\/\",\"url\":\"https:\\\/\\\/pargikeskus.ee\\\/en\\\/kauplused\\\/uuskasutuskeskus\\\/\",\"name\":\"Uuskasutuskeskus J\u00f5hvis \u2013 taaskasutus, odavad riided ja esemed | Pargi Keskus\",\"isPartOf\":{\"@id\":\"https:\\\/\\\/pargikeskus.ee\\\/ru\\\/#website\"},\"primaryImageOfPage\":{\"@id\":\"https:\\\/\\\/pargikeskus.ee\\\/en\\\/kauplused\\\/uuskasutuskeskus\\\/#primaryimage\"},\"image\":{\"@id\":\"https:\\\/\\\/pargikeskus.ee\\\/en\\\/kauplused\\\/uuskasutuskeskus\\\/#primaryimage\"},\"thumbnailUrl\":\"https:\\\/\\\/pargikeskus.ee\\\/wp-content\\\/uploads\\\/2020\\\/11\\\/Uuskasutuskeskus-792x1024-113x150.png\",\"datePublished\":\"2026-01-12T15:56:44+00:00\",\"dateModified\":\"2026-01-12T15:57:35+00:00\",\"description\":\"Uuskasutuskeskus Pargi Keskuses J\u00f5hvis on ideaalne koht taaskasutuseks-s\u00f5bralikele ostlejatele. Leia odavad riided, esemed ja unikaalsed leiud mugavalt Pargi Keskuses!\",\"breadcrumb\":{\"@id\":\"https:\\\/\\\/pargikeskus.ee\\\/en\\\/kauplused\\\/uuskasutuskeskus\\\/#breadcrumb\"},\"inLanguage\":\"en-US\",\"potentialAction\":[{\"@type\":\"ReadAction\",\"target\":[\"https:\\\/\\\/pargikeskus.ee\\\/en\\\/kauplused\\\/uuskasutuskeskus\\\/\"]}]},{\"@type\":\"ImageObject\",\"inLanguage\":\"en-US\",\"@id\":\"https:\\\/\\\/pargikeskus.ee\\\/en\\\/kauplused\\\/uuskasutuskeskus\\\/#primaryimage\",\"url\":\"https:\\\/\\\/pargikeskus.ee\\\/wp-content\\\/uploads\\\/2020\\\/11\\\/Uuskasutuskeskus-792x1024-113x150.png\",\"contentUrl\":\"https:\\\/\\\/pargikeskus.ee\\\/wp-content\\\/uploads\\\/2020\\\/11\\\/Uuskasutuskeskus-792x1024-113x150.png\"},{\"@type\":\"BreadcrumbList\",\"@id\":\"https:\\\/\\\/pargikeskus.ee\\\/en\\\/kauplused\\\/uuskasutuskeskus\\\/#breadcrumb\",\"itemListElement\":[{\"@type\":\"ListItem\",\"position\":1,\"name\":\"Home\",\"item\":\"https:\\\/\\\/pargikeskus.ee\\\/en\\\/\"},{\"@type\":\"ListItem\",\"position\":2,\"name\":\"Shops\",\"item\":\"https:\\\/\\\/pargikeskus.ee\\\/en\\\/kauplused\\\/\"},{\"@type\":\"ListItem\",\"position\":3,\"name\":\"Uuskasutuskeskus\"}]},{\"@type\":\"WebSite\",\"@id\":\"https:\\\/\\\/pargikeskus.ee\\\/ru\\\/#website\",\"url\":\"https:\\\/\\\/pargikeskus.ee\\\/ru\\\/\",\"name\":\"Pargi Keskus\",\"description\":\"\",\"potentialAction\":[{\"@type\":\"SearchAction\",\"target\":{\"@type\":\"EntryPoint\",\"urlTemplate\":\"https:\\\/\\\/pargikeskus.ee\\\/ru\\\/?s={search_term_string}\"},\"query-input\":{\"@type\":\"PropertyValueSpecification\",\"valueRequired\":true,\"valueName\":\"search_term_string\"}}],\"inLanguage\":\"en-US\"}]}<\/script>\n<!-- \/ Yoast SEO plugin. -->","yoast_head_json":{"title":"Uuskasutuskeskus J\u00f5hvis \u2013 taaskasutus, odavad riided ja esemed | Pargi Keskus","description":"Uuskasutuskeskus Pargi Keskuses J\u00f5hvis on ideaalne koht taaskasutuseks-s\u00f5bralikele ostlejatele. Leia odavad riided, esemed ja unikaalsed leiud mugavalt Pargi Keskuses!","robots":{"index":"index","follow":"follow","max-snippet":"max-snippet:-1","max-image-preview":"max-image-preview:large","max-video-preview":"max-video-preview:-1"},"canonical":"https:\/\/pargikeskus.ee\/en\/kauplused\/uuskasutuskeskus\/","og_locale":"en_US","og_type":"article","og_title":"Uuskasutuskeskus J\u00f5hvis \u2013 taaskasutus, odavad riided ja esemed | Pargi Keskus","og_description":"Uuskasutuskeskus Pargi Keskuses J\u00f5hvis on ideaalne koht taaskasutuseks-s\u00f5bralikele ostlejatele. Leia odavad riided, esemed ja unikaalsed leiud mugavalt Pargi Keskuses!","og_url":"https:\/\/pargikeskus.ee\/en\/kauplused\/uuskasutuskeskus\/","og_site_name":"Pargi Keskus","article_modified_time":"2026-01-12T15:57:35+00:00","og_image":[{"url":"https:\/\/pargikeskus.ee\/wp-content\/uploads\/2020\/11\/Uuskasutuskeskus-792x1024-113x150.png","type":"","width":"","height":""}],"twitter_card":"summary_large_image","schema":{"@context":"https:\/\/schema.org","@graph":[{"@type":"WebPage","@id":"https:\/\/pargikeskus.ee\/en\/kauplused\/uuskasutuskeskus\/","url":"https:\/\/pargikeskus.ee\/en\/kauplused\/uuskasutuskeskus\/","name":"Uuskasutuskeskus J\u00f5hvis \u2013 taaskasutus, odavad riided ja esemed | Pargi Keskus","isPartOf":{"@id":"https:\/\/pargikeskus.ee\/ru\/#website"},"primaryImageOfPage":{"@id":"https:\/\/pargikeskus.ee\/en\/kauplused\/uuskasutuskeskus\/#primaryimage"},"image":{"@id":"https:\/\/pargikeskus.ee\/en\/kauplused\/uuskasutuskeskus\/#primaryimage"},"thumbnailUrl":"https:\/\/pargikeskus.ee\/wp-content\/uploads\/2020\/11\/Uuskasutuskeskus-792x1024-113x150.png","datePublished":"2026-01-12T15:56:44+00:00","dateModified":"2026-01-12T15:57:35+00:00","description":"Uuskasutuskeskus Pargi Keskuses J\u00f5hvis on ideaalne koht taaskasutuseks-s\u00f5bralikele ostlejatele. Leia odavad riided, esemed ja unikaalsed leiud mugavalt Pargi Keskuses!","breadcrumb":{"@id":"https:\/\/pargikeskus.ee\/en\/kauplused\/uuskasutuskeskus\/#breadcrumb"},"inLanguage":"en-US","potentialAction":[{"@type":"ReadAction","target":["https:\/\/pargikeskus.ee\/en\/kauplused\/uuskasutuskeskus\/"]}]},{"@type":"ImageObject","inLanguage":"en-US","@id":"https:\/\/pargikeskus.ee\/en\/kauplused\/uuskasutuskeskus\/#primaryimage","url":"https:\/\/pargikeskus.ee\/wp-content\/uploads\/2020\/11\/Uuskasutuskeskus-792x1024-113x150.png","contentUrl":"https:\/\/pargikeskus.ee\/wp-content\/uploads\/2020\/11\/Uuskasutuskeskus-792x1024-113x150.png"},{"@type":"BreadcrumbList","@id":"https:\/\/pargikeskus.ee\/en\/kauplused\/uuskasutuskeskus\/#breadcrumb","itemListElement":[{"@type":"ListItem","position":1,"name":"Home","item":"https:\/\/pargikeskus.ee\/en\/"},{"@type":"ListItem","position":2,"name":"Shops","item":"https:\/\/pargikeskus.ee\/en\/kauplused\/"},{"@type":"ListItem","position":3,"name":"Uuskasutuskeskus"}]},{"@type":"WebSite","@id":"https:\/\/pargikeskus.ee\/ru\/#website","url":"https:\/\/pargikeskus.ee\/ru\/","name":"Pargi Keskus","description":"","potentialAction":[{"@type":"SearchAction","target":{"@type":"EntryPoint","urlTemplate":"https:\/\/pargikeskus.ee\/ru\/?s={search_term_string}"},"query-input":{"@type":"PropertyValueSpecification","valueRequired":true,"valueName":"search_term_string"}}],"inLanguage":"en-US"}]}},"builder_content":"<img src=\"https:\/\/pargikeskus.ee\/wp-content\/uploads\/2020\/11\/Uuskasutuskeskus-792x1024-113x150.png\" width=\"113\" height=\"150\" title=\"Uuskasutuskeskus\" alt=\"Uuskasutuskeskus\">\n<h2>Avatud<\/h2> <p>E-R 10:00 \u2013 18:00<br \/>L 10:00 \u2013 16:00<br \/>P Suletud<\/p>\n<h2>Kontaktandmed<\/h2> <p><a href=\"tel:+37255594548\">+372 55594548<\/a><br \/><a href=\"mailto:johvi@uuskasutus.ee\">johvi@uuskasutus.ee<\/a><br \/><a href=\"https:\/\/uuskasutus.ee\/\" target=\"_blank\" rel=\"noopener\">Koduleht<\/a><\/p> <p><a href=\"https:\/\/www.instagram.com\/uuskasutuskeskus\/\" target=\"_blank\" rel=\"noopener\">Instagram<\/a><br \/><a href=\"https:\/\/www.facebook.com\/uuskasutus\" target=\"_blank\" rel=\"noopener\">Facebook<\/a><\/p>\n<h1>Uuskasutuskeskus<\/h1> <p>J\u00f5hvi Uuskasutuskeskusest leiab mitmesuguseid heas korras teise ringi esemeid, alates riietest ja jalatsitest kuni kodusisustuse ja v\u00e4iketehnikani. Kaupluses on esindatud k\u00f5ik tootekategooriad, v\u00e4lja arvatud m\u00f6\u00f6bel. Kaubavalik uueneb iga kuu alguses. Kuu viimasel kolmel p\u00e4eval kostitame k\u00fclastajaid alla-soodusp\u00e4evadega.<\/p> <p>Uuskasutuskeskusesse saab kaupluse lahtiolekuaegadel \u00e4ra tuua kodus liigseks muutunud, kuid j\u00e4tkuvalt korralikke asju: puhtaid ja terveid riideid, jalatseid, aksessuaare, kotte, sisustusesemeid, kodutekstiile, spordi- ja hobitarbeid, v\u00e4iketehnikat jms. Liigseks muutunud asjad saab j\u00e4tta kohe kaupluse ukse juurde annetusalale. Leiame uuele ringile antud asjadele uue ja t\u00e4nuliku omaniku meie kaupluste ja koost\u00f6\u00f6partnerite kaudu.<\/p> <p>Uuskasutuskeskus MT\u00dc on loodud aastal 2004 ning keskusel on \u00fcle Eesti kokku 17 kauplust, lisaks e-pood aadressil pood.uuskasutus.ee.<\/p>\n<h2>Asukoht<\/h2>\n<a href=\"https:\/\/pargikeskus.ee\/wp-content\/uploads\/2020\/11\/Uuskasutuskeskus-1.jpg\" target=\"_blank\">Link<\/a> \n <img src=\"https:\/\/pargikeskus.ee\/wp-content\/uploads\/2020\/11\/Uuskasutuskeskus-1.jpg\" title=\"Uuskasutuskeskus\" alt=\"Uuskasutuskeskus\" srcset=\"https:\/\/pargikeskus.ee\/wp-content\/uploads\/2020\/11\/Uuskasutuskeskus-1.jpg 1440w, https:\/\/pargikeskus.ee\/wp-content\/uploads\/2020\/11\/Uuskasutuskeskus-1-300x231.jpg 300w, https:\/\/pargikeskus.ee\/wp-content\/uploads\/2020\/11\/Uuskasutuskeskus-1-1024x787.jpg 1024w, https:\/\/pargikeskus.ee\/wp-content\/uploads\/2020\/11\/Uuskasutuskeskus-1-768x590.jpg 768w\" sizes=\"(max-width: 1440px) 100vw, 1440px\" \/>\n<p><\/p>\n<p>[campaign]<\/p>","_links":{"self":[{"href":"https:\/\/pargikeskus.ee\/en\/wp-json\/wp\/v2\/pages\/2107","targetHints":{"allow":["GET"]}}],"collection":[{"href":"https:\/\/pargikeskus.ee\/en\/wp-json\/wp\/v2\/pages"}],"about":[{"href":"https:\/\/pargikeskus.ee\/en\/wp-json\/wp\/v2\/types\/page"}],"author":[{"embeddable":true,"href":"https:\/\/pargikeskus.ee\/en\/wp-json\/wp\/v2\/users\/1"}],"replies":[{"embeddable":true,"href":"https:\/\/pargikeskus.ee\/en\/wp-json\/wp\/v2\/comments?post=2107"}],"version-history":[{"count":6,"href":"https:\/\/pargikeskus.ee\/en\/wp-json\/wp\/v2\/pages\/2107\/revisions"}],"predecessor-version":[{"id":11362,"href":"https:\/\/pargikeskus.ee\/en\/wp-json\/wp\/v2\/pages\/2107\/revisions\/11362"}],"up":[{"embeddable":true,"href":"https:\/\/pargikeskus.ee\/en\/wp-json\/wp\/v2\/pages\/1702"}],"wp:attachment":[{"href":"https:\/\/pargikeskus.ee\/en\/wp-json\/wp\/v2\/media?parent=2107"}],"curies":[{"name":"wp","href":"https:\/\/api.w.org\/{rel}","templated":true}]}}