{"id":2054,"date":"2020-11-05T12:14:08","date_gmt":"2020-11-05T12:14:08","guid":{"rendered":"https:\/\/pargikeskus.ee\/kauplused\/rikets-lilled\/"},"modified":"2024-08-09T11:49:15","modified_gmt":"2024-08-09T08:49:15","slug":"rikets-lilled","status":"publish","type":"page","link":"https:\/\/pargikeskus.ee\/en\/kauplused\/rikets-lilled\/","title":{"rendered":"Rikets Lilled"},"content":{"rendered":"<!--themify_builder_content-->\n<div id=\"themify_builder_content-2054\" data-postid=\"2054\" class=\"themify_builder_content themify_builder_content-2054 themify_builder tf_clear\">\n                    <div  data-css_id=\"vaqq964\" data-lazy=\"1\" class=\"module_row themify_builder_row fullwidth_row_container tb_vaqq964 tb_first tf_w\">\n            <span  class=\"builder_row_cover tf_abs\" data-lazy=\"1\"><\/span>            <div class=\"row_inner col_align_top tb_col_count_1 tf_box tf_rel\">\n                        <div  data-lazy=\"1\" class=\"module_column tb-column col-full tb_t2ft965 first\">\n                            <\/div>\n                        <\/div>\n        <\/div>\n                        <div  data-lazy=\"1\" class=\"module_row themify_builder_row tb_o2sl583 tf_w\">\n                        <div class=\"row_inner col_align_top tb_col_count_3 tf_box tf_rel\">\n                        <div  data-lazy=\"1\" class=\"module_column tb-column col4-1 tb_eakw585 first\">\n                    <!-- module image -->\n<div  class=\"module module-image tb_sioz771 image-top   tf_mw\" data-lazy=\"1\">\n        <div class=\"image-wrap tf_rel tf_mw\">\n            <img loading=\"lazy\" decoding=\"async\" src=\"https:\/\/pargikeskus.ee\/wp-content\/uploads\/2024\/04\/Screenshot-2024-04-19-at-11.49.51-1024x257-250x62.png\" width=\"250\" height=\"62\" class=\"wp-post-image wp-image-9046\" title=\"Screenshot 2024-04-19 at 11.49.51\" alt=\"Screenshot 2024-04-19 at 11.49.51\" srcset=\"https:\/\/pargikeskus.ee\/wp-content\/uploads\/2024\/04\/Screenshot-2024-04-19-at-11.49.51-1024x257-250x62.png 250w, https:\/\/pargikeskus.ee\/wp-content\/uploads\/2024\/04\/Screenshot-2024-04-19-at-11.49.51-300x75.png 300w, https:\/\/pargikeskus.ee\/wp-content\/uploads\/2024\/04\/Screenshot-2024-04-19-at-11.49.51-1024x257.png 1024w, https:\/\/pargikeskus.ee\/wp-content\/uploads\/2024\/04\/Screenshot-2024-04-19-at-11.49.51-768x193.png 768w, https:\/\/pargikeskus.ee\/wp-content\/uploads\/2024\/04\/Screenshot-2024-04-19-at-11.49.51-1536x385.png 1536w, https:\/\/pargikeskus.ee\/wp-content\/uploads\/2024\/04\/Screenshot-2024-04-19-at-11.49.51-2048x514.png 2048w, https:\/\/pargikeskus.ee\/wp-content\/uploads\/2024\/04\/Screenshot-2024-04-19-at-11.49.51-1024x257-150x37.png 150w\" sizes=\"auto, (max-width: 250px) 100vw, 250px\" \/>    \n        <\/div>\n    <!-- \/image-wrap -->\n    \n        <\/div>\n<!-- \/module image --><!-- module text -->\n<div  class=\"module module-text tb_okrb801   \" data-lazy=\"1\">\n        <div  class=\"tb_text_wrap\">\n        <h2>Avatud<\/h2>\n<p>E-L 10:00 \u2013 20:00<br \/>P 10:00 \u2013 19:00<\/p>    <\/div>\n<\/div>\n<!-- \/module text --><!-- module text -->\n<div  class=\"module module-text tb_kigd663   \" data-lazy=\"1\">\n        <div  class=\"tb_text_wrap\">\n        <h2>Kontaktandmed<\/h2>\n<p><a href=\"tel:+37258534803\">+372 58534803<\/a><br \/><a href=\"mailto:riketslilled@rikets.ee\">riketslilled@rikets.ee<\/a><br \/><a href=\"https:\/\/rikets.ee\" target=\"_blank\" rel=\"noopener\">https:\/\/rikets.ee<\/a><\/p>\n<p><a href=\"https:\/\/www.instagram.com\/rikets.lilled\/\" target=\"_blank\" rel=\"noopener\">Instagram<\/a><br \/><a href=\"https:\/\/www.facebook.com\/rikets.ee\/\" target=\"_blank\" rel=\"noopener\">Facebook<\/a><\/p>    <\/div>\n<\/div>\n<!-- \/module text -->        <\/div>\n                    <div  data-lazy=\"1\" class=\"module_column tb-column col4-2 tb_vsql267\">\n                    <!-- module text -->\n<div  class=\"module module-text tb_1aer314   \" data-lazy=\"1\">\n        <div  class=\"tb_text_wrap\">\n        <h1>Rikets Lilled<\/h1>\n<p>Riketsi lillekauplus pakub nii kodumaist kui ka tunnustatud lillekasvatajate mitmekesist l\u00f5ike- ja potilille valikut.<\/p>\n<p>Tipptasemel floristid annavad professionaalset n\u00f5u ja valmistavad kauneid ning kaasaegseid lilleseadeid, -kimpe igaks s\u00fcndmuseks. Valmistame ka dekoratsioone ja lavakaunistusi konverentsidele, seminaridele, \u00fcritustele, kohtumistele. Olenevalt \u00fcrituse ja ruumi suurusest pakume terviklahendust sise- ja v\u00e4lisruumide kaunistamisel lilledega. Samuti on v\u00f5imalik kasutada floraalset sisekujundust, sisehaljastust ning vajadusel ka taimede hilisemat hooldust.<\/p>\n<p>Lisaks pakume lillekulleri teenust \u00fcle Eesti ja kohapeal pakketeenust. <br \/>T\u00e4psem info aadressil www.rikets.ee.<\/p>    <\/div>\n<\/div>\n<!-- \/module text -->        <\/div>\n                    <div  data-lazy=\"1\" class=\"module_column tb-column col4-1 tb_5dk8978 last\">\n                    <!-- module text -->\n<div  class=\"module module-text tb_yodt295   \" data-lazy=\"1\">\n        <div  class=\"tb_text_wrap\">\n        <h2>Asukoht<\/h2>    <\/div>\n<\/div>\n<!-- \/module text --><!-- module image pro -->\n<div  class=\"module module-pro-image tb_57uv26 filter-none effect-shine   tf_textc   entrance-effect-fadeIn\" data-lazy=\"1\" data-entrance-effect=\"fadeIn\" data-exit-effect=\"fadeOut\" >\n\t\n    <div class=\"image-pro-wrap tf_rel tf_overflow tf_inline_b\">\n\t\t\t\t\t<a class=\"image-pro-external themify_lightbox tf_abs tf_w tf_h\" href=\"https:\/\/pargikeskus.ee\/wp-content\/uploads\/2020\/11\/Rikets-Lilled.jpg\" ><span class=\"screen-reader-text\">Link<\/span><\/a>\n\t\t   \t\t<div class=\"image-pro-flip-box-wrap tf_rel tf_w tf_overflow\">\n\t\t\t<div class=\"image-pro-flip-box tf_rel\">\n\n\t\t\t\t<img loading=\"lazy\" decoding=\"async\" width=\"1440\" height=\"1107\" src=\"https:\/\/pargikeskus.ee\/wp-content\/uploads\/2020\/11\/Rikets-Lilled.jpg\" class=\"wp-post-image wp-image-2055\" title=\"Rikets Lilled\" alt=\"Rikets Lilled\" srcset=\"https:\/\/pargikeskus.ee\/wp-content\/uploads\/2020\/11\/Rikets-Lilled.jpg 1440w, https:\/\/pargikeskus.ee\/wp-content\/uploads\/2020\/11\/Rikets-Lilled-300x231.jpg 300w, https:\/\/pargikeskus.ee\/wp-content\/uploads\/2020\/11\/Rikets-Lilled-1024x787.jpg 1024w, https:\/\/pargikeskus.ee\/wp-content\/uploads\/2020\/11\/Rikets-Lilled-768x590.jpg 768w\" sizes=\"auto, (max-width: 1440px) 100vw, 1440px\" \/>\n\t\t\t\t\n\t\t\t<\/div>\n\t\t<\/div>\n\n    <\/div><!-- .image-pro-wrap -->\n\n\t\n\t\n\t<\/div><!-- \/module image pro --><!-- module text -->\n<div  class=\"module module-text tb_6zlg979   \" data-lazy=\"1\">\n        <div  class=\"tb_text_wrap\">\n        <p><span id=\"kampaania\"><\/span><\/p>\n    <\/div>\n<\/div>\n<!-- \/module text --><!-- module text -->\n<div  class=\"module module-text tb_yh5l186   \" data-lazy=\"1\">\n        <div  class=\"tb_text_wrap\">\n            <\/div>\n<\/div>\n<!-- \/module text -->        <\/div>\n                        <\/div>\n        <\/div>\n        <\/div>\n<!--\/themify_builder_content-->","protected":false},"excerpt":{"rendered":"<p>Avatud E-L 10:00 \u2013 20:00P 10:00 \u2013 19:00<\/p>\n","protected":false},"author":1,"featured_media":0,"parent":1702,"menu_order":0,"comment_status":"closed","ping_status":"closed","template":"","meta":{"footnotes":""},"class_list":["post-2054","page","type-page","status-publish","hentry","has-post-title","has-post-date","has-post-category","has-post-tag","has-post-comment","has-post-author",""],"yoast_head":"<!-- This site is optimized with the Yoast SEO plugin v27.4 - https:\/\/yoast.com\/product\/yoast-seo-wordpress\/ -->\n<title>Rikets Lilled - Pargi Keskus<\/title>\n<meta name=\"robots\" content=\"index, follow, max-snippet:-1, max-image-preview:large, max-video-preview:-1\" \/>\n<link rel=\"canonical\" href=\"https:\/\/pargikeskus.ee\/en\/kauplused\/rikets-lilled\/\" \/>\n<meta property=\"og:locale\" content=\"en_US\" \/>\n<meta property=\"og:type\" content=\"article\" \/>\n<meta property=\"og:title\" content=\"Rikets Lilled - Pargi Keskus\" \/>\n<meta property=\"og:description\" content=\"Avatud E-L 10:00 \u2013 20:00P 10:00 \u2013 19:00\" \/>\n<meta property=\"og:url\" content=\"https:\/\/pargikeskus.ee\/en\/kauplused\/rikets-lilled\/\" \/>\n<meta property=\"og:site_name\" content=\"Pargi Keskus\" \/>\n<meta property=\"article:modified_time\" content=\"2024-08-09T08:49:15+00:00\" \/>\n<meta property=\"og:image\" content=\"https:\/\/pargikeskus.ee\/wp-content\/uploads\/2024\/04\/Screenshot-2024-04-19-at-11.49.51-1024x257-250x62.png\" \/>\n<meta name=\"twitter:card\" content=\"summary_large_image\" \/>\n<script type=\"application\/ld+json\" class=\"yoast-schema-graph\">{\"@context\":\"https:\\\/\\\/schema.org\",\"@graph\":[{\"@type\":\"WebPage\",\"@id\":\"https:\\\/\\\/pargikeskus.ee\\\/en\\\/kauplused\\\/rikets-lilled\\\/\",\"url\":\"https:\\\/\\\/pargikeskus.ee\\\/en\\\/kauplused\\\/rikets-lilled\\\/\",\"name\":\"Rikets Lilled - Pargi Keskus\",\"isPartOf\":{\"@id\":\"https:\\\/\\\/pargikeskus.ee\\\/ru\\\/#website\"},\"primaryImageOfPage\":{\"@id\":\"https:\\\/\\\/pargikeskus.ee\\\/en\\\/kauplused\\\/rikets-lilled\\\/#primaryimage\"},\"image\":{\"@id\":\"https:\\\/\\\/pargikeskus.ee\\\/en\\\/kauplused\\\/rikets-lilled\\\/#primaryimage\"},\"thumbnailUrl\":\"https:\\\/\\\/pargikeskus.ee\\\/wp-content\\\/uploads\\\/2024\\\/04\\\/Screenshot-2024-04-19-at-11.49.51-1024x257-250x62.png\",\"datePublished\":\"2020-11-05T12:14:08+00:00\",\"dateModified\":\"2024-08-09T08:49:15+00:00\",\"breadcrumb\":{\"@id\":\"https:\\\/\\\/pargikeskus.ee\\\/en\\\/kauplused\\\/rikets-lilled\\\/#breadcrumb\"},\"inLanguage\":\"en-US\",\"potentialAction\":[{\"@type\":\"ReadAction\",\"target\":[\"https:\\\/\\\/pargikeskus.ee\\\/en\\\/kauplused\\\/rikets-lilled\\\/\"]}]},{\"@type\":\"ImageObject\",\"inLanguage\":\"en-US\",\"@id\":\"https:\\\/\\\/pargikeskus.ee\\\/en\\\/kauplused\\\/rikets-lilled\\\/#primaryimage\",\"url\":\"https:\\\/\\\/pargikeskus.ee\\\/wp-content\\\/uploads\\\/2024\\\/04\\\/Screenshot-2024-04-19-at-11.49.51-1024x257-250x62.png\",\"contentUrl\":\"https:\\\/\\\/pargikeskus.ee\\\/wp-content\\\/uploads\\\/2024\\\/04\\\/Screenshot-2024-04-19-at-11.49.51-1024x257-250x62.png\"},{\"@type\":\"BreadcrumbList\",\"@id\":\"https:\\\/\\\/pargikeskus.ee\\\/en\\\/kauplused\\\/rikets-lilled\\\/#breadcrumb\",\"itemListElement\":[{\"@type\":\"ListItem\",\"position\":1,\"name\":\"Home\",\"item\":\"https:\\\/\\\/pargikeskus.ee\\\/en\\\/\"},{\"@type\":\"ListItem\",\"position\":2,\"name\":\"Shops\",\"item\":\"https:\\\/\\\/pargikeskus.ee\\\/en\\\/kauplused\\\/\"},{\"@type\":\"ListItem\",\"position\":3,\"name\":\"Rikets Lilled\"}]},{\"@type\":\"WebSite\",\"@id\":\"https:\\\/\\\/pargikeskus.ee\\\/ru\\\/#website\",\"url\":\"https:\\\/\\\/pargikeskus.ee\\\/ru\\\/\",\"name\":\"Pargi Keskus\",\"description\":\"\",\"potentialAction\":[{\"@type\":\"SearchAction\",\"target\":{\"@type\":\"EntryPoint\",\"urlTemplate\":\"https:\\\/\\\/pargikeskus.ee\\\/ru\\\/?s={search_term_string}\"},\"query-input\":{\"@type\":\"PropertyValueSpecification\",\"valueRequired\":true,\"valueName\":\"search_term_string\"}}],\"inLanguage\":\"en-US\"}]}<\/script>\n<!-- \/ Yoast SEO plugin. -->","yoast_head_json":{"title":"Rikets Lilled - Pargi Keskus","robots":{"index":"index","follow":"follow","max-snippet":"max-snippet:-1","max-image-preview":"max-image-preview:large","max-video-preview":"max-video-preview:-1"},"canonical":"https:\/\/pargikeskus.ee\/en\/kauplused\/rikets-lilled\/","og_locale":"en_US","og_type":"article","og_title":"Rikets Lilled - Pargi Keskus","og_description":"Avatud E-L 10:00 \u2013 20:00P 10:00 \u2013 19:00","og_url":"https:\/\/pargikeskus.ee\/en\/kauplused\/rikets-lilled\/","og_site_name":"Pargi Keskus","article_modified_time":"2024-08-09T08:49:15+00:00","og_image":[{"url":"https:\/\/pargikeskus.ee\/wp-content\/uploads\/2024\/04\/Screenshot-2024-04-19-at-11.49.51-1024x257-250x62.png","type":"","width":"","height":""}],"twitter_card":"summary_large_image","schema":{"@context":"https:\/\/schema.org","@graph":[{"@type":"WebPage","@id":"https:\/\/pargikeskus.ee\/en\/kauplused\/rikets-lilled\/","url":"https:\/\/pargikeskus.ee\/en\/kauplused\/rikets-lilled\/","name":"Rikets Lilled - Pargi Keskus","isPartOf":{"@id":"https:\/\/pargikeskus.ee\/ru\/#website"},"primaryImageOfPage":{"@id":"https:\/\/pargikeskus.ee\/en\/kauplused\/rikets-lilled\/#primaryimage"},"image":{"@id":"https:\/\/pargikeskus.ee\/en\/kauplused\/rikets-lilled\/#primaryimage"},"thumbnailUrl":"https:\/\/pargikeskus.ee\/wp-content\/uploads\/2024\/04\/Screenshot-2024-04-19-at-11.49.51-1024x257-250x62.png","datePublished":"2020-11-05T12:14:08+00:00","dateModified":"2024-08-09T08:49:15+00:00","breadcrumb":{"@id":"https:\/\/pargikeskus.ee\/en\/kauplused\/rikets-lilled\/#breadcrumb"},"inLanguage":"en-US","potentialAction":[{"@type":"ReadAction","target":["https:\/\/pargikeskus.ee\/en\/kauplused\/rikets-lilled\/"]}]},{"@type":"ImageObject","inLanguage":"en-US","@id":"https:\/\/pargikeskus.ee\/en\/kauplused\/rikets-lilled\/#primaryimage","url":"https:\/\/pargikeskus.ee\/wp-content\/uploads\/2024\/04\/Screenshot-2024-04-19-at-11.49.51-1024x257-250x62.png","contentUrl":"https:\/\/pargikeskus.ee\/wp-content\/uploads\/2024\/04\/Screenshot-2024-04-19-at-11.49.51-1024x257-250x62.png"},{"@type":"BreadcrumbList","@id":"https:\/\/pargikeskus.ee\/en\/kauplused\/rikets-lilled\/#breadcrumb","itemListElement":[{"@type":"ListItem","position":1,"name":"Home","item":"https:\/\/pargikeskus.ee\/en\/"},{"@type":"ListItem","position":2,"name":"Shops","item":"https:\/\/pargikeskus.ee\/en\/kauplused\/"},{"@type":"ListItem","position":3,"name":"Rikets Lilled"}]},{"@type":"WebSite","@id":"https:\/\/pargikeskus.ee\/ru\/#website","url":"https:\/\/pargikeskus.ee\/ru\/","name":"Pargi Keskus","description":"","potentialAction":[{"@type":"SearchAction","target":{"@type":"EntryPoint","urlTemplate":"https:\/\/pargikeskus.ee\/ru\/?s={search_term_string}"},"query-input":{"@type":"PropertyValueSpecification","valueRequired":true,"valueName":"search_term_string"}}],"inLanguage":"en-US"}]}},"builder_content":"<img src=\"https:\/\/pargikeskus.ee\/wp-content\/uploads\/2024\/04\/Screenshot-2024-04-19-at-11.49.51-1024x257-250x62.png\" width=\"250\" height=\"62\" title=\"Screenshot 2024-04-19 at 11.49.51\" alt=\"Screenshot 2024-04-19 at 11.49.51\" srcset=\"https:\/\/pargikeskus.ee\/wp-content\/uploads\/2024\/04\/Screenshot-2024-04-19-at-11.49.51-1024x257-250x62.png 250w, https:\/\/pargikeskus.ee\/wp-content\/uploads\/2024\/04\/Screenshot-2024-04-19-at-11.49.51-300x75.png 300w, https:\/\/pargikeskus.ee\/wp-content\/uploads\/2024\/04\/Screenshot-2024-04-19-at-11.49.51-1024x257.png 1024w, https:\/\/pargikeskus.ee\/wp-content\/uploads\/2024\/04\/Screenshot-2024-04-19-at-11.49.51-768x193.png 768w, https:\/\/pargikeskus.ee\/wp-content\/uploads\/2024\/04\/Screenshot-2024-04-19-at-11.49.51-1536x385.png 1536w, https:\/\/pargikeskus.ee\/wp-content\/uploads\/2024\/04\/Screenshot-2024-04-19-at-11.49.51-2048x514.png 2048w, https:\/\/pargikeskus.ee\/wp-content\/uploads\/2024\/04\/Screenshot-2024-04-19-at-11.49.51-1024x257-150x37.png 150w\" sizes=\"(max-width: 250px) 100vw, 250px\" \/>\n<h2>Avatud<\/h2> <p>E-L 10:00 \u2013 20:00<br \/>P 10:00 \u2013 19:00<\/p>\n<h2>Kontaktandmed<\/h2> <p><a href=\"tel:+37258534803\">+372 58534803<\/a><br \/><a href=\"mailto:riketslilled@rikets.ee\">riketslilled@rikets.ee<\/a><br \/><a href=\"https:\/\/rikets.ee\" target=\"_blank\" rel=\"noopener\">https:\/\/rikets.ee<\/a><\/p> <p><a href=\"https:\/\/www.instagram.com\/rikets.lilled\/\" target=\"_blank\" rel=\"noopener\">Instagram<\/a><br \/><a href=\"https:\/\/www.facebook.com\/rikets.ee\/\" target=\"_blank\" rel=\"noopener\">Facebook<\/a><\/p>\n<h1>Rikets Lilled<\/h1> <p>Riketsi lillekauplus pakub nii kodumaist kui ka tunnustatud lillekasvatajate mitmekesist l\u00f5ike- ja potilille valikut.<\/p> <p>Tipptasemel floristid annavad professionaalset n\u00f5u ja valmistavad kauneid ning kaasaegseid lilleseadeid, -kimpe igaks s\u00fcndmuseks. Valmistame ka dekoratsioone ja lavakaunistusi konverentsidele, seminaridele, \u00fcritustele, kohtumistele. Olenevalt \u00fcrituse ja ruumi suurusest pakume terviklahendust sise- ja v\u00e4lisruumide kaunistamisel lilledega. Samuti on v\u00f5imalik kasutada floraalset sisekujundust, sisehaljastust ning vajadusel ka taimede hilisemat hooldust.<\/p> <p>Lisaks pakume lillekulleri teenust \u00fcle Eesti ja kohapeal pakketeenust. <br \/>T\u00e4psem info aadressil www.rikets.ee.<\/p>\n<h2>Asukoht<\/h2>\n<a href=\"https:\/\/pargikeskus.ee\/wp-content\/uploads\/2020\/11\/Rikets-Lilled.jpg\" >Link<\/a> \n <img src=\"https:\/\/pargikeskus.ee\/wp-content\/uploads\/2020\/11\/Rikets-Lilled.jpg\" title=\"Rikets Lilled\" alt=\"Rikets Lilled\" srcset=\"https:\/\/pargikeskus.ee\/wp-content\/uploads\/2020\/11\/Rikets-Lilled.jpg 1440w, https:\/\/pargikeskus.ee\/wp-content\/uploads\/2020\/11\/Rikets-Lilled-300x231.jpg 300w, https:\/\/pargikeskus.ee\/wp-content\/uploads\/2020\/11\/Rikets-Lilled-1024x787.jpg 1024w, https:\/\/pargikeskus.ee\/wp-content\/uploads\/2020\/11\/Rikets-Lilled-768x590.jpg 768w\" sizes=\"(max-width: 1440px) 100vw, 1440px\" \/>\n<p><\/p>\n<p>[campaign]<\/p>","_links":{"self":[{"href":"https:\/\/pargikeskus.ee\/en\/wp-json\/wp\/v2\/pages\/2054","targetHints":{"allow":["GET"]}}],"collection":[{"href":"https:\/\/pargikeskus.ee\/en\/wp-json\/wp\/v2\/pages"}],"about":[{"href":"https:\/\/pargikeskus.ee\/en\/wp-json\/wp\/v2\/types\/page"}],"author":[{"embeddable":true,"href":"https:\/\/pargikeskus.ee\/en\/wp-json\/wp\/v2\/users\/1"}],"replies":[{"embeddable":true,"href":"https:\/\/pargikeskus.ee\/en\/wp-json\/wp\/v2\/comments?post=2054"}],"version-history":[{"count":3,"href":"https:\/\/pargikeskus.ee\/en\/wp-json\/wp\/v2\/pages\/2054\/revisions"}],"predecessor-version":[{"id":9458,"href":"https:\/\/pargikeskus.ee\/en\/wp-json\/wp\/v2\/pages\/2054\/revisions\/9458"}],"up":[{"embeddable":true,"href":"https:\/\/pargikeskus.ee\/en\/wp-json\/wp\/v2\/pages\/1702"}],"wp:attachment":[{"href":"https:\/\/pargikeskus.ee\/en\/wp-json\/wp\/v2\/media?parent=2054"}],"curies":[{"name":"wp","href":"https:\/\/api.w.org\/{rel}","templated":true}]}}