{"id":2047,"date":"2020-11-05T10:49:36","date_gmt":"2020-11-05T10:49:36","guid":{"rendered":"https:\/\/pargikeskus.ee\/kauplused\/resto-park\/"},"modified":"2024-08-09T11:49:12","modified_gmt":"2024-08-09T08:49:12","slug":"resto-park","status":"publish","type":"page","link":"https:\/\/pargikeskus.ee\/en\/kauplused\/resto-park\/","title":{"rendered":"Resto Park"},"content":{"rendered":"<!--themify_builder_content-->\n<div id=\"themify_builder_content-2047\" data-postid=\"2047\" class=\"themify_builder_content themify_builder_content-2047 themify_builder tf_clear\">\n                    <div  data-css_id=\"vaqq964\" data-lazy=\"1\" class=\"module_row themify_builder_row fullwidth_row_container tb_vaqq964 tb_first tf_w\">\n            <span  class=\"builder_row_cover tf_abs\" data-lazy=\"1\"><\/span>            <div class=\"row_inner col_align_top tb_col_count_1 tf_box tf_rel\">\n                        <div  data-lazy=\"1\" class=\"module_column tb-column col-full tb_t2ft965 first\">\n                            <\/div>\n                        <\/div>\n        <\/div>\n                        <div  data-lazy=\"1\" class=\"module_row themify_builder_row tb_o2sl583 tf_w\">\n                        <div class=\"row_inner col_align_top tb_col_count_3 tf_box tf_rel\">\n                        <div  data-lazy=\"1\" class=\"module_column tb-column col4-1 tb_eakw585 first\">\n                    <!-- module image -->\n<div  class=\"module module-image tb_sioz771 image-top   tf_mw\" data-lazy=\"1\">\n        <div class=\"image-wrap tf_rel tf_mw\">\n            <img loading=\"lazy\" decoding=\"async\" src=\"https:\/\/pargikeskus.ee\/wp-content\/uploads\/2020\/11\/Resto-park-250x171.png\" width=\"250\" height=\"171\" class=\"wp-post-image wp-image-1064\" title=\"Resto-park\" alt=\"Resto-park\" srcset=\"https:\/\/pargikeskus.ee\/wp-content\/uploads\/2020\/11\/Resto-park-250x171.png 250w, https:\/\/pargikeskus.ee\/wp-content\/uploads\/2020\/11\/Resto-park-300x206.png 300w, https:\/\/pargikeskus.ee\/wp-content\/uploads\/2020\/11\/Resto-park-768x526.png 768w, https:\/\/pargikeskus.ee\/wp-content\/uploads\/2020\/11\/Resto-park-150x102.png 150w, https:\/\/pargikeskus.ee\/wp-content\/uploads\/2020\/11\/Resto-park.png 1000w\" sizes=\"auto, (max-width: 250px) 100vw, 250px\" \/>    \n        <\/div>\n    <!-- \/image-wrap -->\n    \n        <\/div>\n<!-- \/module image --><!-- module text -->\n<div  class=\"module module-text tb_okrb801   \" data-lazy=\"1\">\n        <div  class=\"tb_text_wrap\">\n        <h2>Avatud<\/h2>\n<p><strong>E-L 10:00 \u2013 20:00<br \/>P 10:00 \u2013 19:00<\/strong><\/p>    <\/div>\n<\/div>\n<!-- \/module text --><!-- module text -->\n<div  class=\"module module-text tb_kigd663   \" data-lazy=\"1\">\n        <div  class=\"tb_text_wrap\">\n        <h2>Kontaktandmed<\/h2>\n<p><a href=\"tel:+3727400031\">+372 5170492<\/a><br \/><a href=\"mailto:info@restopark.ee\">info@restopark.ee<\/a><br \/><a href=\"https:\/\/restopark.ee\" target=\"_blank\" rel=\"noopener\">www.restopark.ee<\/a><\/p>    <\/div>\n<\/div>\n<!-- \/module text -->        <\/div>\n                    <div  data-lazy=\"1\" class=\"module_column tb-column col4-2 tb_vsql267\">\n                    <!-- module text -->\n<div  class=\"module module-text tb_1aer314   \" data-lazy=\"1\">\n        <div  class=\"tb_text_wrap\">\n        <h1>Resto Park<\/h1>\n<p>Resto Park on ainulaadne BBQ ja grillrestoran Ida-Virumaal pakkudes madalal kuumusel k\u00fcpsetatud liha, h\u00f5rgutavaid grillroogasid, maitsvaid burgereid, tervislikke salateid, v\u00e4rskelt pressitud mahla ja \u00fclimaitsvaid magustoite.<\/p>\n<p>Suur r\u00f5hk restoranis on ehtsal tulel \u2013 paljud road grillitakse otse s\u00fcte kohal. Restorani k\u00f6\u00f6gis on ainulaadne Ole Hickory BBQ ahi Ameerikast, millel valmib liha madalal kuumusel.<\/p>\n<p>Populaarseimad toidud Pargis on lihaveise marmorsteik, searibi, rebitud siga, Signature burger, plangul\u00f5he, gumbo supp, \u0160i jne.\u00a0Lisaks suurep\u00e4rasele k\u00f6\u00f6gile ja parimale toidule pakub Resto Park meeldivat milj\u00f6\u00f6d, s\u00f5bralikku teenindust ja maitseelamust.<\/p>    <\/div>\n<\/div>\n<!-- \/module text -->        <\/div>\n                    <div  data-lazy=\"1\" class=\"module_column tb-column col4-1 tb_5dk8978 last\">\n                    <!-- module text -->\n<div  class=\"module module-text tb_yodt295   \" data-lazy=\"1\">\n        <div  class=\"tb_text_wrap\">\n        <h2>Asukoht<\/h2>    <\/div>\n<\/div>\n<!-- \/module text --><!-- module image pro -->\n<div  class=\"module module-pro-image tb_57uv26 filter-none effect-shine   tf_textc   entrance-effect-fadeIn\" data-lazy=\"1\" data-entrance-effect=\"fadeIn\" data-exit-effect=\"fadeOut\" >\n\t\n    <div class=\"image-pro-wrap tf_rel tf_overflow tf_inline_b\">\n\t\t\t\t\t<a class=\"image-pro-external themify_lightbox tf_abs tf_w tf_h\" href=\"https:\/\/pargikeskus.ee\/wp-content\/uploads\/2020\/11\/Resto-park.jpg\" target=\"_blank\"><span class=\"screen-reader-text\">Link<\/span><\/a>\n\t\t   \t\t<div class=\"image-pro-flip-box-wrap tf_rel tf_w tf_overflow\">\n\t\t\t<div class=\"image-pro-flip-box tf_rel\">\n\n\t\t\t\t<img loading=\"lazy\" decoding=\"async\" width=\"1440\" height=\"1107\" src=\"https:\/\/pargikeskus.ee\/wp-content\/uploads\/2020\/11\/Resto-park.jpg\" class=\"wp-post-image wp-image-2048\" title=\"Resto park\" alt=\"Resto park\" srcset=\"https:\/\/pargikeskus.ee\/wp-content\/uploads\/2020\/11\/Resto-park.jpg 1440w, https:\/\/pargikeskus.ee\/wp-content\/uploads\/2020\/11\/Resto-park-300x231.jpg 300w, https:\/\/pargikeskus.ee\/wp-content\/uploads\/2020\/11\/Resto-park-1024x787.jpg 1024w, https:\/\/pargikeskus.ee\/wp-content\/uploads\/2020\/11\/Resto-park-768x590.jpg 768w\" sizes=\"auto, (max-width: 1440px) 100vw, 1440px\" \/>\n\t\t\t\t\n\t\t\t<\/div>\n\t\t<\/div>\n\n    <\/div><!-- .image-pro-wrap -->\n\n\t\n\t\n\t<\/div><!-- \/module image pro --><!-- module text -->\n<div  class=\"module module-text tb_6zlg979   \" data-lazy=\"1\">\n        <div  class=\"tb_text_wrap\">\n        <p><span id=\"kampaania\"><\/span><\/p>\n    <\/div>\n<\/div>\n<!-- \/module text --><!-- module text -->\n<div  class=\"module module-text tb_l61x171   \" data-lazy=\"1\">\n        <div  class=\"tb_text_wrap\">\n            <\/div>\n<\/div>\n<!-- \/module text -->        <\/div>\n                        <\/div>\n        <\/div>\n        <\/div>\n<!--\/themify_builder_content-->","protected":false},"excerpt":{"rendered":"<p>Avatud E-L 10:00 \u2013 20:00P 10:00 \u2013 19:00 Kontaktandmed +372 5170492info@restopark.eewww.restopark.ee Resto Park Resto Park on ainulaadne BBQ ja grillrestoran Ida-Virumaal pakkudes madalal kuumusel k\u00fcpsetatud liha, h\u00f5rgutavaid grillroogasid, maitsvaid burgereid, tervislikke salateid, v\u00e4rskelt pressitud mahla ja \u00fclimaitsvaid magustoite. Suur r\u00f5hk restoranis on ehtsal tulel \u2013 paljud road grillitakse otse s\u00fcte kohal. Restorani k\u00f6\u00f6gis on ainulaadne [&hellip;]<\/p>\n","protected":false},"author":1,"featured_media":0,"parent":1702,"menu_order":0,"comment_status":"closed","ping_status":"closed","template":"","meta":{"footnotes":""},"class_list":["post-2047","page","type-page","status-publish","hentry","has-post-title","has-post-date","has-post-category","has-post-tag","has-post-comment","has-post-author",""],"yoast_head":"<!-- This site is optimized with the Yoast SEO plugin v27.4 - https:\/\/yoast.com\/product\/yoast-seo-wordpress\/ -->\n<title>Resto Park - Pargi Keskus<\/title>\n<meta name=\"robots\" content=\"index, follow, max-snippet:-1, max-image-preview:large, max-video-preview:-1\" \/>\n<link rel=\"canonical\" href=\"https:\/\/pargikeskus.ee\/en\/kauplused\/resto-park\/\" \/>\n<meta property=\"og:locale\" content=\"en_US\" \/>\n<meta property=\"og:type\" content=\"article\" \/>\n<meta property=\"og:title\" content=\"Resto Park - Pargi Keskus\" \/>\n<meta property=\"og:description\" content=\"Avatud E-L 10:00 \u2013 20:00P 10:00 \u2013 19:00 Kontaktandmed +372 5170492info@restopark.eewww.restopark.ee Resto Park Resto Park on ainulaadne BBQ ja grillrestoran Ida-Virumaal pakkudes madalal kuumusel k\u00fcpsetatud liha, h\u00f5rgutavaid grillroogasid, maitsvaid burgereid, tervislikke salateid, v\u00e4rskelt pressitud mahla ja \u00fclimaitsvaid magustoite. Suur r\u00f5hk restoranis on ehtsal tulel \u2013 paljud road grillitakse otse s\u00fcte kohal. Restorani k\u00f6\u00f6gis on ainulaadne [&hellip;]\" \/>\n<meta property=\"og:url\" content=\"https:\/\/pargikeskus.ee\/en\/kauplused\/resto-park\/\" \/>\n<meta property=\"og:site_name\" content=\"Pargi Keskus\" \/>\n<meta property=\"article:modified_time\" content=\"2024-08-09T08:49:12+00:00\" \/>\n<meta property=\"og:image\" content=\"https:\/\/pargikeskus.ee\/wp-content\/uploads\/2020\/11\/Resto-park-250x171.png\" \/>\n<meta name=\"twitter:card\" content=\"summary_large_image\" \/>\n<meta name=\"twitter:label1\" content=\"Est. reading time\" \/>\n\t<meta name=\"twitter:data1\" content=\"1 minute\" \/>\n<script type=\"application\/ld+json\" class=\"yoast-schema-graph\">{\"@context\":\"https:\\\/\\\/schema.org\",\"@graph\":[{\"@type\":\"WebPage\",\"@id\":\"https:\\\/\\\/pargikeskus.ee\\\/en\\\/kauplused\\\/resto-park\\\/\",\"url\":\"https:\\\/\\\/pargikeskus.ee\\\/en\\\/kauplused\\\/resto-park\\\/\",\"name\":\"Resto Park - Pargi Keskus\",\"isPartOf\":{\"@id\":\"https:\\\/\\\/pargikeskus.ee\\\/ru\\\/#website\"},\"primaryImageOfPage\":{\"@id\":\"https:\\\/\\\/pargikeskus.ee\\\/en\\\/kauplused\\\/resto-park\\\/#primaryimage\"},\"image\":{\"@id\":\"https:\\\/\\\/pargikeskus.ee\\\/en\\\/kauplused\\\/resto-park\\\/#primaryimage\"},\"thumbnailUrl\":\"https:\\\/\\\/pargikeskus.ee\\\/wp-content\\\/uploads\\\/2020\\\/11\\\/Resto-park-250x171.png\",\"datePublished\":\"2020-11-05T10:49:36+00:00\",\"dateModified\":\"2024-08-09T08:49:12+00:00\",\"breadcrumb\":{\"@id\":\"https:\\\/\\\/pargikeskus.ee\\\/en\\\/kauplused\\\/resto-park\\\/#breadcrumb\"},\"inLanguage\":\"en-US\",\"potentialAction\":[{\"@type\":\"ReadAction\",\"target\":[\"https:\\\/\\\/pargikeskus.ee\\\/en\\\/kauplused\\\/resto-park\\\/\"]}]},{\"@type\":\"ImageObject\",\"inLanguage\":\"en-US\",\"@id\":\"https:\\\/\\\/pargikeskus.ee\\\/en\\\/kauplused\\\/resto-park\\\/#primaryimage\",\"url\":\"https:\\\/\\\/pargikeskus.ee\\\/wp-content\\\/uploads\\\/2020\\\/11\\\/Resto-park-250x171.png\",\"contentUrl\":\"https:\\\/\\\/pargikeskus.ee\\\/wp-content\\\/uploads\\\/2020\\\/11\\\/Resto-park-250x171.png\"},{\"@type\":\"BreadcrumbList\",\"@id\":\"https:\\\/\\\/pargikeskus.ee\\\/en\\\/kauplused\\\/resto-park\\\/#breadcrumb\",\"itemListElement\":[{\"@type\":\"ListItem\",\"position\":1,\"name\":\"Home\",\"item\":\"https:\\\/\\\/pargikeskus.ee\\\/en\\\/\"},{\"@type\":\"ListItem\",\"position\":2,\"name\":\"Shops\",\"item\":\"https:\\\/\\\/pargikeskus.ee\\\/en\\\/kauplused\\\/\"},{\"@type\":\"ListItem\",\"position\":3,\"name\":\"Resto Park\"}]},{\"@type\":\"WebSite\",\"@id\":\"https:\\\/\\\/pargikeskus.ee\\\/ru\\\/#website\",\"url\":\"https:\\\/\\\/pargikeskus.ee\\\/ru\\\/\",\"name\":\"Pargi Keskus\",\"description\":\"\",\"potentialAction\":[{\"@type\":\"SearchAction\",\"target\":{\"@type\":\"EntryPoint\",\"urlTemplate\":\"https:\\\/\\\/pargikeskus.ee\\\/ru\\\/?s={search_term_string}\"},\"query-input\":{\"@type\":\"PropertyValueSpecification\",\"valueRequired\":true,\"valueName\":\"search_term_string\"}}],\"inLanguage\":\"en-US\"}]}<\/script>\n<!-- \/ Yoast SEO plugin. -->","yoast_head_json":{"title":"Resto Park - Pargi Keskus","robots":{"index":"index","follow":"follow","max-snippet":"max-snippet:-1","max-image-preview":"max-image-preview:large","max-video-preview":"max-video-preview:-1"},"canonical":"https:\/\/pargikeskus.ee\/en\/kauplused\/resto-park\/","og_locale":"en_US","og_type":"article","og_title":"Resto Park - Pargi Keskus","og_description":"Avatud E-L 10:00 \u2013 20:00P 10:00 \u2013 19:00 Kontaktandmed +372 5170492info@restopark.eewww.restopark.ee Resto Park Resto Park on ainulaadne BBQ ja grillrestoran Ida-Virumaal pakkudes madalal kuumusel k\u00fcpsetatud liha, h\u00f5rgutavaid grillroogasid, maitsvaid burgereid, tervislikke salateid, v\u00e4rskelt pressitud mahla ja \u00fclimaitsvaid magustoite. Suur r\u00f5hk restoranis on ehtsal tulel \u2013 paljud road grillitakse otse s\u00fcte kohal. Restorani k\u00f6\u00f6gis on ainulaadne [&hellip;]","og_url":"https:\/\/pargikeskus.ee\/en\/kauplused\/resto-park\/","og_site_name":"Pargi Keskus","article_modified_time":"2024-08-09T08:49:12+00:00","og_image":[{"url":"https:\/\/pargikeskus.ee\/wp-content\/uploads\/2020\/11\/Resto-park-250x171.png","type":"","width":"","height":""}],"twitter_card":"summary_large_image","twitter_misc":{"Est. reading time":"1 minute"},"schema":{"@context":"https:\/\/schema.org","@graph":[{"@type":"WebPage","@id":"https:\/\/pargikeskus.ee\/en\/kauplused\/resto-park\/","url":"https:\/\/pargikeskus.ee\/en\/kauplused\/resto-park\/","name":"Resto Park - Pargi Keskus","isPartOf":{"@id":"https:\/\/pargikeskus.ee\/ru\/#website"},"primaryImageOfPage":{"@id":"https:\/\/pargikeskus.ee\/en\/kauplused\/resto-park\/#primaryimage"},"image":{"@id":"https:\/\/pargikeskus.ee\/en\/kauplused\/resto-park\/#primaryimage"},"thumbnailUrl":"https:\/\/pargikeskus.ee\/wp-content\/uploads\/2020\/11\/Resto-park-250x171.png","datePublished":"2020-11-05T10:49:36+00:00","dateModified":"2024-08-09T08:49:12+00:00","breadcrumb":{"@id":"https:\/\/pargikeskus.ee\/en\/kauplused\/resto-park\/#breadcrumb"},"inLanguage":"en-US","potentialAction":[{"@type":"ReadAction","target":["https:\/\/pargikeskus.ee\/en\/kauplused\/resto-park\/"]}]},{"@type":"ImageObject","inLanguage":"en-US","@id":"https:\/\/pargikeskus.ee\/en\/kauplused\/resto-park\/#primaryimage","url":"https:\/\/pargikeskus.ee\/wp-content\/uploads\/2020\/11\/Resto-park-250x171.png","contentUrl":"https:\/\/pargikeskus.ee\/wp-content\/uploads\/2020\/11\/Resto-park-250x171.png"},{"@type":"BreadcrumbList","@id":"https:\/\/pargikeskus.ee\/en\/kauplused\/resto-park\/#breadcrumb","itemListElement":[{"@type":"ListItem","position":1,"name":"Home","item":"https:\/\/pargikeskus.ee\/en\/"},{"@type":"ListItem","position":2,"name":"Shops","item":"https:\/\/pargikeskus.ee\/en\/kauplused\/"},{"@type":"ListItem","position":3,"name":"Resto Park"}]},{"@type":"WebSite","@id":"https:\/\/pargikeskus.ee\/ru\/#website","url":"https:\/\/pargikeskus.ee\/ru\/","name":"Pargi Keskus","description":"","potentialAction":[{"@type":"SearchAction","target":{"@type":"EntryPoint","urlTemplate":"https:\/\/pargikeskus.ee\/ru\/?s={search_term_string}"},"query-input":{"@type":"PropertyValueSpecification","valueRequired":true,"valueName":"search_term_string"}}],"inLanguage":"en-US"}]}},"builder_content":"<img src=\"https:\/\/pargikeskus.ee\/wp-content\/uploads\/2020\/11\/Resto-park-250x171.png\" width=\"250\" height=\"171\" title=\"Resto-park\" alt=\"Resto-park\" srcset=\"https:\/\/pargikeskus.ee\/wp-content\/uploads\/2020\/11\/Resto-park-250x171.png 250w, https:\/\/pargikeskus.ee\/wp-content\/uploads\/2020\/11\/Resto-park-300x206.png 300w, https:\/\/pargikeskus.ee\/wp-content\/uploads\/2020\/11\/Resto-park-768x526.png 768w, https:\/\/pargikeskus.ee\/wp-content\/uploads\/2020\/11\/Resto-park-150x102.png 150w, https:\/\/pargikeskus.ee\/wp-content\/uploads\/2020\/11\/Resto-park.png 1000w\" sizes=\"(max-width: 250px) 100vw, 250px\" \/>\n<h2>Avatud<\/h2> <p><strong>E-L 10:00 \u2013 20:00<br \/>P 10:00 \u2013 19:00<\/strong><\/p>\n<h2>Kontaktandmed<\/h2> <p><a href=\"tel:+3727400031\">+372 5170492<\/a><br \/><a href=\"mailto:info@restopark.ee\">info@restopark.ee<\/a><br \/><a href=\"https:\/\/restopark.ee\" target=\"_blank\" rel=\"noopener\">www.restopark.ee<\/a><\/p>\n<h1>Resto Park<\/h1> <p>Resto Park on ainulaadne BBQ ja grillrestoran Ida-Virumaal pakkudes madalal kuumusel k\u00fcpsetatud liha, h\u00f5rgutavaid grillroogasid, maitsvaid burgereid, tervislikke salateid, v\u00e4rskelt pressitud mahla ja \u00fclimaitsvaid magustoite.<\/p> <p>Suur r\u00f5hk restoranis on ehtsal tulel \u2013 paljud road grillitakse otse s\u00fcte kohal. Restorani k\u00f6\u00f6gis on ainulaadne Ole Hickory BBQ ahi Ameerikast, millel valmib liha madalal kuumusel.<\/p> <p>Populaarseimad toidud Pargis on lihaveise marmorsteik, searibi, rebitud siga, Signature burger, plangul\u00f5he, gumbo supp, \u0160i jne.\u00a0Lisaks suurep\u00e4rasele k\u00f6\u00f6gile ja parimale toidule pakub Resto Park meeldivat milj\u00f6\u00f6d, s\u00f5bralikku teenindust ja maitseelamust.<\/p>\n<h2>Asukoht<\/h2>\n<a href=\"https:\/\/pargikeskus.ee\/wp-content\/uploads\/2020\/11\/Resto-park.jpg\" target=\"_blank\">Link<\/a> \n <img src=\"https:\/\/pargikeskus.ee\/wp-content\/uploads\/2020\/11\/Resto-park.jpg\" title=\"Resto park\" alt=\"Resto park\" srcset=\"https:\/\/pargikeskus.ee\/wp-content\/uploads\/2020\/11\/Resto-park.jpg 1440w, https:\/\/pargikeskus.ee\/wp-content\/uploads\/2020\/11\/Resto-park-300x231.jpg 300w, https:\/\/pargikeskus.ee\/wp-content\/uploads\/2020\/11\/Resto-park-1024x787.jpg 1024w, https:\/\/pargikeskus.ee\/wp-content\/uploads\/2020\/11\/Resto-park-768x590.jpg 768w\" sizes=\"(max-width: 1440px) 100vw, 1440px\" \/>\n<p><\/p>\n<p>[campaign]<\/p>","_links":{"self":[{"href":"https:\/\/pargikeskus.ee\/en\/wp-json\/wp\/v2\/pages\/2047","targetHints":{"allow":["GET"]}}],"collection":[{"href":"https:\/\/pargikeskus.ee\/en\/wp-json\/wp\/v2\/pages"}],"about":[{"href":"https:\/\/pargikeskus.ee\/en\/wp-json\/wp\/v2\/types\/page"}],"author":[{"embeddable":true,"href":"https:\/\/pargikeskus.ee\/en\/wp-json\/wp\/v2\/users\/1"}],"replies":[{"embeddable":true,"href":"https:\/\/pargikeskus.ee\/en\/wp-json\/wp\/v2\/comments?post=2047"}],"version-history":[{"count":3,"href":"https:\/\/pargikeskus.ee\/en\/wp-json\/wp\/v2\/pages\/2047\/revisions"}],"predecessor-version":[{"id":9455,"href":"https:\/\/pargikeskus.ee\/en\/wp-json\/wp\/v2\/pages\/2047\/revisions\/9455"}],"up":[{"embeddable":true,"href":"https:\/\/pargikeskus.ee\/en\/wp-json\/wp\/v2\/pages\/1702"}],"wp:attachment":[{"href":"https:\/\/pargikeskus.ee\/en\/wp-json\/wp\/v2\/media?parent=2047"}],"curies":[{"name":"wp","href":"https:\/\/api.w.org\/{rel}","templated":true}]}}