{"id":2025,"date":"2026-01-12T19:01:00","date_gmt":"2026-01-12T16:01:00","guid":{"rendered":"https:\/\/pargikeskus.ee\/kauplused\/rademar\/"},"modified":"2026-01-12T19:01:53","modified_gmt":"2026-01-12T16:01:53","slug":"rademar","status":"publish","type":"page","link":"https:\/\/pargikeskus.ee\/en\/kauplused\/rademar\/","title":{"rendered":"Rademar"},"content":{"rendered":"<!--themify_builder_content-->\n<div id=\"themify_builder_content-2025\" data-postid=\"2025\" class=\"themify_builder_content themify_builder_content-2025 themify_builder tf_clear\">\n                    <div  data-css_id=\"vaqq964\" data-lazy=\"1\" class=\"module_row themify_builder_row fullwidth_row_container tb_vaqq964 tb_first tf_w\">\n            <span  class=\"builder_row_cover tf_abs\" data-lazy=\"1\"><\/span>            <div class=\"row_inner col_align_top tb_col_count_1 tf_box tf_rel\">\n                        <div  data-lazy=\"1\" class=\"module_column tb-column col-full tb_t2ft965 first\">\n                            <\/div>\n                        <\/div>\n        <\/div>\n                        <div  data-lazy=\"1\" class=\"module_row themify_builder_row tb_o2sl583 tf_w\">\n                        <div class=\"row_inner col_align_top tb_col_count_3 tf_box tf_rel\">\n                        <div  data-lazy=\"1\" class=\"module_column tb-column col4-1 tb_eakw585 first\">\n                    <!-- module image -->\n<div  class=\"module module-image tb_sioz771 image-top   tf_mw\" data-lazy=\"1\">\n        <div class=\"image-wrap tf_rel tf_mw\">\n            <img loading=\"lazy\" decoding=\"async\" src=\"https:\/\/pargikeskus.ee\/wp-content\/uploads\/2025\/04\/Rademar_Logo_color_w500-250x50.png\" width=\"250\" height=\"50\" class=\"wp-post-image wp-image-10541\" title=\"Rademar_Logo_color_w500\" alt=\"Rademar_Logo_color_w500\" srcset=\"https:\/\/pargikeskus.ee\/wp-content\/uploads\/2025\/04\/Rademar_Logo_color_w500-250x50.png 250w, https:\/\/pargikeskus.ee\/wp-content\/uploads\/2025\/04\/Rademar_Logo_color_w500-300x61.png 300w, https:\/\/pargikeskus.ee\/wp-content\/uploads\/2025\/04\/Rademar_Logo_color_w500.png 500w\" sizes=\"auto, (max-width: 250px) 100vw, 250px\" \/>    \n        <\/div>\n    <!-- \/image-wrap -->\n    \n        <\/div>\n<!-- \/module image --><!-- module text -->\n<div  class=\"module module-text tb_okrb801   \" data-lazy=\"1\">\n        <div  class=\"tb_text_wrap\">\n        <h2>Avatud<\/h2>\n<p>E-L 10:00 \u2013 20:00<br \/>P 10:00 \u2013 19:00<\/p>    <\/div>\n<\/div>\n<!-- \/module text --><!-- module text -->\n<div  class=\"module module-text tb_kigd663   \" data-lazy=\"1\">\n        <div  class=\"tb_text_wrap\">\n        <h2>Kontaktandmed<\/h2>\n<p><a href=\"tel:+3723358600\">+372 335 8600<\/a><br \/><a href=\"mailto:johvi@rademar.ee\">johvi@rademar.ee<\/a><br \/><a href=\"https:\/\/rademar.ee\/\" target=\"_blank\" rel=\"noopener\">www.rademar.ee<\/a><\/p>\n<p><a href=\"https:\/\/www.instagram.com\/rademar.ee\/\" target=\"_blank\" rel=\"noopener\">Instagram<\/a><br \/><a href=\"https:\/\/www.facebook.com\/rademar.ee\/\" target=\"_blank\" rel=\"noopener\">Facebook<\/a><br \/><a href=\"https:\/\/www.youtube.com\/channel\/UCpUC4V_ziIkiqs8glZqo9uQ\" target=\"_blank\" rel=\"noopener\">Youtube<\/a><\/p>    <\/div>\n<\/div>\n<!-- \/module text -->        <\/div>\n                    <div  data-lazy=\"1\" class=\"module_column tb-column col4-2 tb_vsql267\">\n                    <!-- module text -->\n<div  class=\"module module-text tb_1aer314   \" data-lazy=\"1\">\n        <div  class=\"tb_text_wrap\">\n        <h1>Rademar<\/h1>\n<p>Rademari spordi- ja vabaajakauplused pakuvad laia toodete valikut, soodsaid hindu ja suurep\u00e4rast teenindust!<\/p>\n<p><br \/>Meie valikus on tooted maailma juhtivatelt br\u00e4ndidelt nagu Nike, Puma, New Balance, adidas, Columbia, Icepeak, Whistler, Champion, Bj\u00f6rn Borg, Asics, Endurance, Athlecia, Virtus, Speedo ning paljudelt teistelt tuntud kaubam\u00e4rkidelt.\u00a0Juba \u00fcle 30 aasta on Rademar olnud inspireeriv kaaslane Eesti inimestele, olles p\u00fchendunud mitte ainult kvaliteetsete spordi- ja vabaajakaupade pakkumisele, vaid ka tervisliku eluviisi edendamisele ja innustamisele.<\/p>\n<p>Tutvu valikuga e-poes:\u00a0<a href=\"http:\/\/www.rademar.ee\/\" target=\"_blank\" rel=\"noopener\" data-saferedirecturl=\"https:\/\/www.google.com\/url?q=http:\/\/www.rademar.ee&amp;source=gmail&amp;ust=1572689921673000&amp;usg=AFQjCNFDIDcwCtTKGCSH-PbLa43XTZ-TcA\">www.rademar.ee<\/a><\/p>    <\/div>\n<\/div>\n<!-- \/module text -->        <\/div>\n                    <div  data-lazy=\"1\" class=\"module_column tb-column col4-1 tb_5dk8978 last\">\n                    <!-- module text -->\n<div  class=\"module module-text tb_yodt295   \" data-lazy=\"1\">\n        <div  class=\"tb_text_wrap\">\n        <h2>Asukoht<\/h2>    <\/div>\n<\/div>\n<!-- \/module text --><!-- module image pro -->\n<div  class=\"module module-pro-image tb_57uv26 filter-none effect-shine   tf_textc   entrance-effect-fadeIn\" data-lazy=\"1\" data-entrance-effect=\"fadeIn\" data-exit-effect=\"fadeOut\" >\n\t\n    <div class=\"image-pro-wrap tf_rel tf_overflow tf_inline_b\">\n\t\t\t\t\t<a class=\"image-pro-external themify_lightbox tf_abs tf_w tf_h\" href=\"https:\/\/pargikeskus.ee\/wp-content\/uploads\/2020\/11\/Rademar.jpg\" ><span class=\"screen-reader-text\">Link<\/span><\/a>\n\t\t   \t\t<div class=\"image-pro-flip-box-wrap tf_rel tf_w tf_overflow\">\n\t\t\t<div class=\"image-pro-flip-box tf_rel\">\n\n\t\t\t\t<img loading=\"lazy\" decoding=\"async\" width=\"1440\" height=\"1107\" src=\"https:\/\/pargikeskus.ee\/wp-content\/uploads\/2020\/11\/Rademar.jpg\" class=\"wp-post-image wp-image-2026\" title=\"Rademar\" alt=\"Rademar\" srcset=\"https:\/\/pargikeskus.ee\/wp-content\/uploads\/2020\/11\/Rademar.jpg 1440w, https:\/\/pargikeskus.ee\/wp-content\/uploads\/2020\/11\/Rademar-300x231.jpg 300w, https:\/\/pargikeskus.ee\/wp-content\/uploads\/2020\/11\/Rademar-1024x787.jpg 1024w, https:\/\/pargikeskus.ee\/wp-content\/uploads\/2020\/11\/Rademar-768x590.jpg 768w\" sizes=\"auto, (max-width: 1440px) 100vw, 1440px\" \/>\n\t\t\t\t\n\t\t\t<\/div>\n\t\t<\/div>\n\n    <\/div><!-- .image-pro-wrap -->\n\n\t\n\t\n\t<\/div><!-- \/module image pro --><!-- module text -->\n<div  class=\"module module-text tb_6zlg979   \" data-lazy=\"1\">\n        <div  class=\"tb_text_wrap\">\n        <p><span id=\"kampaania\"><\/span><\/p>\n    <\/div>\n<\/div>\n<!-- \/module text --><!-- module text -->\n<div  class=\"module module-text tb_zut789   \" data-lazy=\"1\">\n        <div  class=\"tb_text_wrap\">\n            <\/div>\n<\/div>\n<!-- \/module text -->        <\/div>\n                        <\/div>\n        <\/div>\n        <\/div>\n<!--\/themify_builder_content-->","protected":false},"excerpt":{"rendered":"<p>Avatud E-L 10:00 \u2013 20:00P 10:00 \u2013 19:00<\/p>\n","protected":false},"author":1,"featured_media":0,"parent":1702,"menu_order":0,"comment_status":"closed","ping_status":"closed","template":"","meta":{"footnotes":""},"class_list":["post-2025","page","type-page","status-publish","hentry","has-post-title","has-post-date","has-post-category","has-post-tag","has-post-comment","has-post-author",""],"yoast_head":"<!-- This site is optimized with the Yoast SEO plugin v27.2 - https:\/\/yoast.com\/product\/yoast-seo-wordpress\/ -->\n<title>Rademar Pargi Keskuses \u2013 spordikaubad ja spordiriided J\u00f5hvis | Pargi Keskus<\/title>\n<meta name=\"description\" content=\"Rademar Pargi Keskuses J\u00f5hvis on \u00fcks Eesti suurimaid spordikaupade m\u00fc\u00fcjaid. Lai valik spordiriideid, jalan\u00f5usid ja varustust aktiivseks eluviisiks.\" \/>\n<meta name=\"robots\" content=\"index, follow, max-snippet:-1, max-image-preview:large, max-video-preview:-1\" \/>\n<link rel=\"canonical\" href=\"https:\/\/pargikeskus.ee\/en\/kauplused\/rademar\/\" \/>\n<meta property=\"og:locale\" content=\"en_US\" \/>\n<meta property=\"og:type\" content=\"article\" \/>\n<meta property=\"og:title\" content=\"Rademar Pargi Keskuses \u2013 spordikaubad ja spordiriided J\u00f5hvis | Pargi Keskus\" \/>\n<meta property=\"og:description\" content=\"Rademar Pargi Keskuses J\u00f5hvis on \u00fcks Eesti suurimaid spordikaupade m\u00fc\u00fcjaid. Lai valik spordiriideid, jalan\u00f5usid ja varustust aktiivseks eluviisiks.\" \/>\n<meta property=\"og:url\" content=\"https:\/\/pargikeskus.ee\/en\/kauplused\/rademar\/\" \/>\n<meta property=\"og:site_name\" content=\"Pargi Keskus\" \/>\n<meta property=\"article:modified_time\" content=\"2026-01-12T16:01:53+00:00\" \/>\n<meta property=\"og:image\" content=\"https:\/\/pargikeskus.ee\/wp-content\/uploads\/2025\/04\/Rademar_Logo_color_w500-250x50.png\" \/>\n<meta name=\"twitter:card\" content=\"summary_large_image\" \/>\n<meta name=\"twitter:label1\" content=\"Est. reading time\" \/>\n\t<meta name=\"twitter:data1\" content=\"1 minute\" \/>\n<script type=\"application\/ld+json\" class=\"yoast-schema-graph\">{\"@context\":\"https:\/\/schema.org\",\"@graph\":[{\"@type\":\"WebPage\",\"@id\":\"https:\/\/pargikeskus.ee\/en\/kauplused\/rademar\/\",\"url\":\"https:\/\/pargikeskus.ee\/en\/kauplused\/rademar\/\",\"name\":\"Rademar Pargi Keskuses \u2013 spordikaubad ja spordiriided J\u00f5hvis | Pargi Keskus\",\"isPartOf\":{\"@id\":\"https:\/\/pargikeskus.ee\/ru\/#website\"},\"primaryImageOfPage\":{\"@id\":\"https:\/\/pargikeskus.ee\/en\/kauplused\/rademar\/#primaryimage\"},\"image\":{\"@id\":\"https:\/\/pargikeskus.ee\/en\/kauplused\/rademar\/#primaryimage\"},\"thumbnailUrl\":\"https:\/\/pargikeskus.ee\/wp-content\/uploads\/2025\/04\/Rademar_Logo_color_w500-250x50.png\",\"datePublished\":\"2026-01-12T16:01:00+00:00\",\"dateModified\":\"2026-01-12T16:01:53+00:00\",\"description\":\"Rademar Pargi Keskuses J\u00f5hvis on \u00fcks Eesti suurimaid spordikaupade m\u00fc\u00fcjaid. Lai valik spordiriideid, jalan\u00f5usid ja varustust aktiivseks eluviisiks.\",\"breadcrumb\":{\"@id\":\"https:\/\/pargikeskus.ee\/en\/kauplused\/rademar\/#breadcrumb\"},\"inLanguage\":\"en-US\",\"potentialAction\":[{\"@type\":\"ReadAction\",\"target\":[\"https:\/\/pargikeskus.ee\/en\/kauplused\/rademar\/\"]}]},{\"@type\":\"ImageObject\",\"inLanguage\":\"en-US\",\"@id\":\"https:\/\/pargikeskus.ee\/en\/kauplused\/rademar\/#primaryimage\",\"url\":\"https:\/\/pargikeskus.ee\/wp-content\/uploads\/2025\/04\/Rademar_Logo_color_w500-250x50.png\",\"contentUrl\":\"https:\/\/pargikeskus.ee\/wp-content\/uploads\/2025\/04\/Rademar_Logo_color_w500-250x50.png\"},{\"@type\":\"BreadcrumbList\",\"@id\":\"https:\/\/pargikeskus.ee\/en\/kauplused\/rademar\/#breadcrumb\",\"itemListElement\":[{\"@type\":\"ListItem\",\"position\":1,\"name\":\"Home\",\"item\":\"https:\/\/pargikeskus.ee\/en\/\"},{\"@type\":\"ListItem\",\"position\":2,\"name\":\"Shops\",\"item\":\"https:\/\/pargikeskus.ee\/en\/kauplused\/\"},{\"@type\":\"ListItem\",\"position\":3,\"name\":\"Rademar\"}]},{\"@type\":\"WebSite\",\"@id\":\"https:\/\/pargikeskus.ee\/ru\/#website\",\"url\":\"https:\/\/pargikeskus.ee\/ru\/\",\"name\":\"Pargi Keskus\",\"description\":\"\",\"potentialAction\":[{\"@type\":\"SearchAction\",\"target\":{\"@type\":\"EntryPoint\",\"urlTemplate\":\"https:\/\/pargikeskus.ee\/ru\/?s={search_term_string}\"},\"query-input\":{\"@type\":\"PropertyValueSpecification\",\"valueRequired\":true,\"valueName\":\"search_term_string\"}}],\"inLanguage\":\"en-US\"}]}<\/script>\n<!-- \/ Yoast SEO plugin. -->","yoast_head_json":{"title":"Rademar Pargi Keskuses \u2013 spordikaubad ja spordiriided J\u00f5hvis | Pargi Keskus","description":"Rademar Pargi Keskuses J\u00f5hvis on \u00fcks Eesti suurimaid spordikaupade m\u00fc\u00fcjaid. Lai valik spordiriideid, jalan\u00f5usid ja varustust aktiivseks eluviisiks.","robots":{"index":"index","follow":"follow","max-snippet":"max-snippet:-1","max-image-preview":"max-image-preview:large","max-video-preview":"max-video-preview:-1"},"canonical":"https:\/\/pargikeskus.ee\/en\/kauplused\/rademar\/","og_locale":"en_US","og_type":"article","og_title":"Rademar Pargi Keskuses \u2013 spordikaubad ja spordiriided J\u00f5hvis | Pargi Keskus","og_description":"Rademar Pargi Keskuses J\u00f5hvis on \u00fcks Eesti suurimaid spordikaupade m\u00fc\u00fcjaid. Lai valik spordiriideid, jalan\u00f5usid ja varustust aktiivseks eluviisiks.","og_url":"https:\/\/pargikeskus.ee\/en\/kauplused\/rademar\/","og_site_name":"Pargi Keskus","article_modified_time":"2026-01-12T16:01:53+00:00","og_image":[{"url":"https:\/\/pargikeskus.ee\/wp-content\/uploads\/2025\/04\/Rademar_Logo_color_w500-250x50.png","type":"","width":"","height":""}],"twitter_card":"summary_large_image","twitter_misc":{"Est. reading time":"1 minute"},"schema":{"@context":"https:\/\/schema.org","@graph":[{"@type":"WebPage","@id":"https:\/\/pargikeskus.ee\/en\/kauplused\/rademar\/","url":"https:\/\/pargikeskus.ee\/en\/kauplused\/rademar\/","name":"Rademar Pargi Keskuses \u2013 spordikaubad ja spordiriided J\u00f5hvis | Pargi Keskus","isPartOf":{"@id":"https:\/\/pargikeskus.ee\/ru\/#website"},"primaryImageOfPage":{"@id":"https:\/\/pargikeskus.ee\/en\/kauplused\/rademar\/#primaryimage"},"image":{"@id":"https:\/\/pargikeskus.ee\/en\/kauplused\/rademar\/#primaryimage"},"thumbnailUrl":"https:\/\/pargikeskus.ee\/wp-content\/uploads\/2025\/04\/Rademar_Logo_color_w500-250x50.png","datePublished":"2026-01-12T16:01:00+00:00","dateModified":"2026-01-12T16:01:53+00:00","description":"Rademar Pargi Keskuses J\u00f5hvis on \u00fcks Eesti suurimaid spordikaupade m\u00fc\u00fcjaid. Lai valik spordiriideid, jalan\u00f5usid ja varustust aktiivseks eluviisiks.","breadcrumb":{"@id":"https:\/\/pargikeskus.ee\/en\/kauplused\/rademar\/#breadcrumb"},"inLanguage":"en-US","potentialAction":[{"@type":"ReadAction","target":["https:\/\/pargikeskus.ee\/en\/kauplused\/rademar\/"]}]},{"@type":"ImageObject","inLanguage":"en-US","@id":"https:\/\/pargikeskus.ee\/en\/kauplused\/rademar\/#primaryimage","url":"https:\/\/pargikeskus.ee\/wp-content\/uploads\/2025\/04\/Rademar_Logo_color_w500-250x50.png","contentUrl":"https:\/\/pargikeskus.ee\/wp-content\/uploads\/2025\/04\/Rademar_Logo_color_w500-250x50.png"},{"@type":"BreadcrumbList","@id":"https:\/\/pargikeskus.ee\/en\/kauplused\/rademar\/#breadcrumb","itemListElement":[{"@type":"ListItem","position":1,"name":"Home","item":"https:\/\/pargikeskus.ee\/en\/"},{"@type":"ListItem","position":2,"name":"Shops","item":"https:\/\/pargikeskus.ee\/en\/kauplused\/"},{"@type":"ListItem","position":3,"name":"Rademar"}]},{"@type":"WebSite","@id":"https:\/\/pargikeskus.ee\/ru\/#website","url":"https:\/\/pargikeskus.ee\/ru\/","name":"Pargi Keskus","description":"","potentialAction":[{"@type":"SearchAction","target":{"@type":"EntryPoint","urlTemplate":"https:\/\/pargikeskus.ee\/ru\/?s={search_term_string}"},"query-input":{"@type":"PropertyValueSpecification","valueRequired":true,"valueName":"search_term_string"}}],"inLanguage":"en-US"}]}},"builder_content":"<img src=\"https:\/\/pargikeskus.ee\/wp-content\/uploads\/2025\/04\/Rademar_Logo_color_w500-250x50.png\" width=\"250\" height=\"50\" title=\"Rademar_Logo_color_w500\" alt=\"Rademar_Logo_color_w500\" srcset=\"https:\/\/pargikeskus.ee\/wp-content\/uploads\/2025\/04\/Rademar_Logo_color_w500-250x50.png 250w, https:\/\/pargikeskus.ee\/wp-content\/uploads\/2025\/04\/Rademar_Logo_color_w500-300x61.png 300w, https:\/\/pargikeskus.ee\/wp-content\/uploads\/2025\/04\/Rademar_Logo_color_w500.png 500w\" sizes=\"(max-width: 250px) 100vw, 250px\" \/>\n<h2>Avatud<\/h2> <p>E-L 10:00 \u2013 20:00<br \/>P 10:00 \u2013 19:00<\/p>\n<h2>Kontaktandmed<\/h2> <p><a href=\"tel:+3723358600\">+372 335 8600<\/a><br \/><a href=\"mailto:johvi@rademar.ee\">johvi@rademar.ee<\/a><br \/><a href=\"https:\/\/rademar.ee\/\" target=\"_blank\" rel=\"noopener\">www.rademar.ee<\/a><\/p> <p><a href=\"https:\/\/www.instagram.com\/rademar.ee\/\" target=\"_blank\" rel=\"noopener\">Instagram<\/a><br \/><a href=\"https:\/\/www.facebook.com\/rademar.ee\/\" target=\"_blank\" rel=\"noopener\">Facebook<\/a><br \/><a href=\"https:\/\/www.youtube.com\/channel\/UCpUC4V_ziIkiqs8glZqo9uQ\" target=\"_blank\" rel=\"noopener\">Youtube<\/a><\/p>\n<h1>Rademar<\/h1> <p>Rademari spordi- ja vabaajakauplused pakuvad laia toodete valikut, soodsaid hindu ja suurep\u00e4rast teenindust!<\/p> <p><br \/>Meie valikus on tooted maailma juhtivatelt br\u00e4ndidelt nagu Nike, Puma, New Balance, adidas, Columbia, Icepeak, Whistler, Champion, Bj\u00f6rn Borg, Asics, Endurance, Athlecia, Virtus, Speedo ning paljudelt teistelt tuntud kaubam\u00e4rkidelt.\u00a0Juba \u00fcle 30 aasta on Rademar olnud inspireeriv kaaslane Eesti inimestele, olles p\u00fchendunud mitte ainult kvaliteetsete spordi- ja vabaajakaupade pakkumisele, vaid ka tervisliku eluviisi edendamisele ja innustamisele.<\/p> <p>Tutvu valikuga e-poes:\u00a0<a href=\"http:\/\/www.rademar.ee\/\" target=\"_blank\" rel=\"noopener\" data-saferedirecturl=\"https:\/\/www.google.com\/url?q=http:\/\/www.rademar.ee&amp;source=gmail&amp;ust=1572689921673000&amp;usg=AFQjCNFDIDcwCtTKGCSH-PbLa43XTZ-TcA\">www.rademar.ee<\/a><\/p>\n<h2>Asukoht<\/h2>\n<a href=\"https:\/\/pargikeskus.ee\/wp-content\/uploads\/2020\/11\/Rademar.jpg\" >Link<\/a> \n <img src=\"https:\/\/pargikeskus.ee\/wp-content\/uploads\/2020\/11\/Rademar.jpg\" title=\"Rademar\" alt=\"Rademar\" srcset=\"https:\/\/pargikeskus.ee\/wp-content\/uploads\/2020\/11\/Rademar.jpg 1440w, https:\/\/pargikeskus.ee\/wp-content\/uploads\/2020\/11\/Rademar-300x231.jpg 300w, https:\/\/pargikeskus.ee\/wp-content\/uploads\/2020\/11\/Rademar-1024x787.jpg 1024w, https:\/\/pargikeskus.ee\/wp-content\/uploads\/2020\/11\/Rademar-768x590.jpg 768w\" sizes=\"(max-width: 1440px) 100vw, 1440px\" \/>\n<p><\/p>\n<p>[campaign]<\/p>","_links":{"self":[{"href":"https:\/\/pargikeskus.ee\/en\/wp-json\/wp\/v2\/pages\/2025","targetHints":{"allow":["GET"]}}],"collection":[{"href":"https:\/\/pargikeskus.ee\/en\/wp-json\/wp\/v2\/pages"}],"about":[{"href":"https:\/\/pargikeskus.ee\/en\/wp-json\/wp\/v2\/types\/page"}],"author":[{"embeddable":true,"href":"https:\/\/pargikeskus.ee\/en\/wp-json\/wp\/v2\/users\/1"}],"replies":[{"embeddable":true,"href":"https:\/\/pargikeskus.ee\/en\/wp-json\/wp\/v2\/comments?post=2025"}],"version-history":[{"count":11,"href":"https:\/\/pargikeskus.ee\/en\/wp-json\/wp\/v2\/pages\/2025\/revisions"}],"predecessor-version":[{"id":11376,"href":"https:\/\/pargikeskus.ee\/en\/wp-json\/wp\/v2\/pages\/2025\/revisions\/11376"}],"up":[{"embeddable":true,"href":"https:\/\/pargikeskus.ee\/en\/wp-json\/wp\/v2\/pages\/1702"}],"wp:attachment":[{"href":"https:\/\/pargikeskus.ee\/en\/wp-json\/wp\/v2\/media?parent=2025"}],"curies":[{"name":"wp","href":"https:\/\/api.w.org\/{rel}","templated":true}]}}