{"id":2018,"date":"2020-11-05T10:29:16","date_gmt":"2020-11-05T10:29:16","guid":{"rendered":"https:\/\/pargikeskus.ee\/kauplused\/r-kiosk\/"},"modified":"2024-08-09T11:49:03","modified_gmt":"2024-08-09T08:49:03","slug":"r-kiosk","status":"publish","type":"page","link":"https:\/\/pargikeskus.ee\/en\/kauplused\/r-kiosk\/","title":{"rendered":"R-Kiosk"},"content":{"rendered":"<!--themify_builder_content-->\n<div id=\"themify_builder_content-2018\" data-postid=\"2018\" class=\"themify_builder_content themify_builder_content-2018 themify_builder tf_clear\">\n                    <div  data-css_id=\"vaqq964\" data-lazy=\"1\" class=\"module_row themify_builder_row fullwidth_row_container tb_vaqq964 tb_first tf_w\">\n            <span  class=\"builder_row_cover tf_abs\" data-lazy=\"1\"><\/span>            <div class=\"row_inner col_align_top tb_col_count_1 tf_box tf_rel\">\n                        <div  data-lazy=\"1\" class=\"module_column tb-column col-full tb_t2ft965 first\">\n                            <\/div>\n                        <\/div>\n        <\/div>\n                        <div  data-lazy=\"1\" class=\"module_row themify_builder_row tb_o2sl583 tf_w\">\n                        <div class=\"row_inner col_align_top tb_col_count_3 tf_box tf_rel\">\n                        <div  data-lazy=\"1\" class=\"module_column tb-column col4-1 tb_eakw585 first\">\n                    <!-- module image -->\n<div  class=\"module module-image tb_sioz771 image-top   tf_mw\" data-lazy=\"1\">\n        <div class=\"image-wrap tf_rel tf_mw\">\n            <img loading=\"lazy\" decoding=\"async\" src=\"https:\/\/pargikeskus.ee\/wp-content\/uploads\/2020\/11\/R-Kiosk-250x82.png\" width=\"250\" height=\"82\" class=\"wp-post-image wp-image-9447\" title=\"R-Kiosk\" alt=\"R-Kiosk\" srcset=\"https:\/\/pargikeskus.ee\/wp-content\/uploads\/2020\/11\/R-Kiosk-250x82.png 250w, https:\/\/pargikeskus.ee\/wp-content\/uploads\/2020\/11\/R-Kiosk-300x98.png 300w, https:\/\/pargikeskus.ee\/wp-content\/uploads\/2020\/11\/R-Kiosk-768x252.png 768w, https:\/\/pargikeskus.ee\/wp-content\/uploads\/2020\/11\/R-Kiosk-150x49.png 150w, https:\/\/pargikeskus.ee\/wp-content\/uploads\/2020\/11\/R-Kiosk.png 1000w\" sizes=\"auto, (max-width: 250px) 100vw, 250px\" \/>    \n        <\/div>\n    <!-- \/image-wrap -->\n    \n        <\/div>\n<!-- \/module image --><!-- module text -->\n<div  class=\"module module-text tb_okrb801   \" data-lazy=\"1\">\n        <div  class=\"tb_text_wrap\">\n        <h2>Avatud<\/h2>\n<p>E-L 10:00 \u2013 20:00<br \/>P 10:00 \u2013 19:00<\/p>    <\/div>\n<\/div>\n<!-- \/module text --><!-- module text -->\n<div  class=\"module module-text tb_kigd663   \" data-lazy=\"1\">\n        <div  class=\"tb_text_wrap\">\n        <h2>Kontaktandmed<\/h2>\n<p><a href=\"mailto:info@rkiosk.ee\">info@rkiosk.ee<\/a><br \/><a href=\"https:\/\/rkiosk.ee\" target=\"_blank\" rel=\"noopener\">https:\/\/global.ccc.eu\/ee\/<\/a><\/p>\n<p><a href=\"https:\/\/www.instagram.com\/r_kiosk\/\" target=\"_blank\" rel=\"noopener\">Instagram<\/a><br \/><a href=\"https:\/\/www.facebook.com\/rkiosk.ee\/\" target=\"_blank\" rel=\"noopener\">Facebook<\/a><\/p>    <\/div>\n<\/div>\n<!-- \/module text -->        <\/div>\n                    <div  data-lazy=\"1\" class=\"module_column tb-column col4-2 tb_vsql267\">\n                    <!-- module text -->\n<div  class=\"module module-text tb_1aer314   \" data-lazy=\"1\">\n        <div  class=\"tb_text_wrap\">\n        <h1>R-Kiosk<\/h1>\n<p>R-Kioski eesm\u00e4rk on pakkuda parima kvaliteediga maitsvat t\u00e4navatoitu, et kiire elutempoga inimesed saaksid olla tegusad ning toimekad terve p\u00e4eva. R-Kioski men\u00fc\u00fc on kiiresti laienev ja sisaldab endas erinevaid jooke, v\u00f5ileibu, soojasid ampse, v\u00e4rskeid salateid, pastasid, wokke, suppe, sn\u00e4kke maiuseid ja kohvijooke. Hoolitseme selle eest, et ka v\u00e4ga kiiretel p\u00e4evadel oleks v\u00f5imalus saada k\u00f5htut\u00e4itev eine kiiresti k\u00e4tte. Meie eesm\u00e4rk on olemas olla k\u00f5ikjal \u00fcle Eesti, kus kiirustav inimene vajab maitsvat ja tervislikku kehakinnitust.<\/p>\n<p>Ligi 100 m\u00fc\u00fcgipunktiga AS R-Kiosk Estonia kuulub Norra pereettev\u00f5ttele Reitan Group, mis on suuruselt teine mugavuskaupluste jaem\u00fc\u00fcgikett Euroopas. Kontsernis t\u00f6\u00f6tab kokku \u00fcle 18 000 t\u00f6\u00f6taja, neist Eestis ligikaudu 350. \u00dchena v\u00e4hestest Eesti jaem\u00fc\u00fcgiettev\u00f5tetest veab R-Kiosk oma v\u00e4ikepoode \u00fcheskoos frantsiisipidajatega.<\/p>    <\/div>\n<\/div>\n<!-- \/module text -->        <\/div>\n                    <div  data-lazy=\"1\" class=\"module_column tb-column col4-1 tb_5dk8978 last\">\n                    <!-- module text -->\n<div  class=\"module module-text tb_yodt295   \" data-lazy=\"1\">\n        <div  class=\"tb_text_wrap\">\n        <h2>Asukoht<\/h2>    <\/div>\n<\/div>\n<!-- \/module text --><!-- module image pro -->\n<div  class=\"module module-pro-image tb_57uv26 filter-none effect-shine   tf_textc   entrance-effect-fadeIn\" data-lazy=\"1\" data-entrance-effect=\"fadeIn\" data-exit-effect=\"fadeOut\" >\n\t\n    <div class=\"image-pro-wrap tf_rel tf_overflow tf_inline_b\">\n\t\t\t\t\t<a class=\"image-pro-external themify_lightbox tf_abs tf_w tf_h\" href=\"https:\/\/pargikeskus.ee\/wp-content\/uploads\/2020\/11\/R-Kiosk.jpg\" target=\"_blank\"><span class=\"screen-reader-text\">Link<\/span><\/a>\n\t\t   \t\t<div class=\"image-pro-flip-box-wrap tf_rel tf_w tf_overflow\">\n\t\t\t<div class=\"image-pro-flip-box tf_rel\">\n\n\t\t\t\t<img loading=\"lazy\" decoding=\"async\" width=\"1440\" height=\"1107\" src=\"https:\/\/pargikeskus.ee\/wp-content\/uploads\/2020\/11\/R-Kiosk.jpg\" class=\"wp-post-image wp-image-2019\" title=\"R-Kiosk\" alt=\"R-Kiosk\" srcset=\"https:\/\/pargikeskus.ee\/wp-content\/uploads\/2020\/11\/R-Kiosk.jpg 1440w, https:\/\/pargikeskus.ee\/wp-content\/uploads\/2020\/11\/R-Kiosk-300x231.jpg 300w, https:\/\/pargikeskus.ee\/wp-content\/uploads\/2020\/11\/R-Kiosk-1024x787.jpg 1024w, https:\/\/pargikeskus.ee\/wp-content\/uploads\/2020\/11\/R-Kiosk-768x590.jpg 768w\" sizes=\"auto, (max-width: 1440px) 100vw, 1440px\" \/>\n\t\t\t\t\n\t\t\t<\/div>\n\t\t<\/div>\n\n    <\/div><!-- .image-pro-wrap -->\n\n\t\n\t\n\t<\/div><!-- \/module image pro --><!-- module text -->\n<div  class=\"module module-text tb_6zlg979   \" data-lazy=\"1\">\n        <div  class=\"tb_text_wrap\">\n        <p><span id=\"kampaania\"><\/span><\/p>\n    <\/div>\n<\/div>\n<!-- \/module text --><!-- module text -->\n<div  class=\"module module-text tb_qh2s278   \" data-lazy=\"1\">\n        <div  class=\"tb_text_wrap\">\n            <\/div>\n<\/div>\n<!-- \/module text -->        <\/div>\n                        <\/div>\n        <\/div>\n        <\/div>\n<!--\/themify_builder_content-->","protected":false},"excerpt":{"rendered":"<p>Avatud E-L 10:00 \u2013 20:00P 10:00 \u2013 19:00 Kontaktandmed info@rkiosk.eehttps:\/\/global.ccc.eu\/ee\/ InstagramFacebook R-Kiosk R-Kioski eesm\u00e4rk on pakkuda parima kvaliteediga maitsvat t\u00e4navatoitu, et kiire elutempoga inimesed saaksid olla tegusad ning toimekad terve p\u00e4eva. R-Kioski men\u00fc\u00fc on kiiresti laienev ja sisaldab endas erinevaid jooke, v\u00f5ileibu, soojasid ampse, v\u00e4rskeid salateid, pastasid, wokke, suppe, sn\u00e4kke maiuseid ja kohvijooke. Hoolitseme selle [&hellip;]<\/p>\n","protected":false},"author":1,"featured_media":0,"parent":1702,"menu_order":0,"comment_status":"closed","ping_status":"closed","template":"","meta":{"footnotes":""},"class_list":["post-2018","page","type-page","status-publish","hentry","has-post-title","has-post-date","has-post-category","has-post-tag","has-post-comment","has-post-author",""],"yoast_head":"<!-- This site is optimized with the Yoast SEO plugin v27.4 - https:\/\/yoast.com\/product\/yoast-seo-wordpress\/ -->\n<title>R-Kiosk - Pargi Keskus<\/title>\n<meta name=\"robots\" content=\"index, follow, max-snippet:-1, max-image-preview:large, max-video-preview:-1\" \/>\n<link rel=\"canonical\" href=\"https:\/\/pargikeskus.ee\/en\/kauplused\/r-kiosk\/\" \/>\n<meta property=\"og:locale\" content=\"en_US\" \/>\n<meta property=\"og:type\" content=\"article\" \/>\n<meta property=\"og:title\" content=\"R-Kiosk - Pargi Keskus\" \/>\n<meta property=\"og:description\" content=\"Avatud E-L 10:00 \u2013 20:00P 10:00 \u2013 19:00 Kontaktandmed info@rkiosk.eehttps:\/\/global.ccc.eu\/ee\/ InstagramFacebook R-Kiosk R-Kioski eesm\u00e4rk on pakkuda parima kvaliteediga maitsvat t\u00e4navatoitu, et kiire elutempoga inimesed saaksid olla tegusad ning toimekad terve p\u00e4eva. R-Kioski men\u00fc\u00fc on kiiresti laienev ja sisaldab endas erinevaid jooke, v\u00f5ileibu, soojasid ampse, v\u00e4rskeid salateid, pastasid, wokke, suppe, sn\u00e4kke maiuseid ja kohvijooke. Hoolitseme selle [&hellip;]\" \/>\n<meta property=\"og:url\" content=\"https:\/\/pargikeskus.ee\/en\/kauplused\/r-kiosk\/\" \/>\n<meta property=\"og:site_name\" content=\"Pargi Keskus\" \/>\n<meta property=\"article:modified_time\" content=\"2024-08-09T08:49:03+00:00\" \/>\n<meta property=\"og:image\" content=\"https:\/\/pargikeskus.ee\/wp-content\/uploads\/2020\/11\/R-Kiosk-250x82.png\" \/>\n<meta name=\"twitter:card\" content=\"summary_large_image\" \/>\n<meta name=\"twitter:label1\" content=\"Est. reading time\" \/>\n\t<meta name=\"twitter:data1\" content=\"1 minute\" \/>\n<script type=\"application\/ld+json\" class=\"yoast-schema-graph\">{\"@context\":\"https:\\\/\\\/schema.org\",\"@graph\":[{\"@type\":\"WebPage\",\"@id\":\"https:\\\/\\\/pargikeskus.ee\\\/en\\\/kauplused\\\/r-kiosk\\\/\",\"url\":\"https:\\\/\\\/pargikeskus.ee\\\/en\\\/kauplused\\\/r-kiosk\\\/\",\"name\":\"R-Kiosk - Pargi Keskus\",\"isPartOf\":{\"@id\":\"https:\\\/\\\/pargikeskus.ee\\\/ru\\\/#website\"},\"primaryImageOfPage\":{\"@id\":\"https:\\\/\\\/pargikeskus.ee\\\/en\\\/kauplused\\\/r-kiosk\\\/#primaryimage\"},\"image\":{\"@id\":\"https:\\\/\\\/pargikeskus.ee\\\/en\\\/kauplused\\\/r-kiosk\\\/#primaryimage\"},\"thumbnailUrl\":\"https:\\\/\\\/pargikeskus.ee\\\/wp-content\\\/uploads\\\/2020\\\/11\\\/R-Kiosk-250x82.png\",\"datePublished\":\"2020-11-05T10:29:16+00:00\",\"dateModified\":\"2024-08-09T08:49:03+00:00\",\"breadcrumb\":{\"@id\":\"https:\\\/\\\/pargikeskus.ee\\\/en\\\/kauplused\\\/r-kiosk\\\/#breadcrumb\"},\"inLanguage\":\"en-US\",\"potentialAction\":[{\"@type\":\"ReadAction\",\"target\":[\"https:\\\/\\\/pargikeskus.ee\\\/en\\\/kauplused\\\/r-kiosk\\\/\"]}]},{\"@type\":\"ImageObject\",\"inLanguage\":\"en-US\",\"@id\":\"https:\\\/\\\/pargikeskus.ee\\\/en\\\/kauplused\\\/r-kiosk\\\/#primaryimage\",\"url\":\"https:\\\/\\\/pargikeskus.ee\\\/wp-content\\\/uploads\\\/2020\\\/11\\\/R-Kiosk-250x82.png\",\"contentUrl\":\"https:\\\/\\\/pargikeskus.ee\\\/wp-content\\\/uploads\\\/2020\\\/11\\\/R-Kiosk-250x82.png\"},{\"@type\":\"BreadcrumbList\",\"@id\":\"https:\\\/\\\/pargikeskus.ee\\\/en\\\/kauplused\\\/r-kiosk\\\/#breadcrumb\",\"itemListElement\":[{\"@type\":\"ListItem\",\"position\":1,\"name\":\"Home\",\"item\":\"https:\\\/\\\/pargikeskus.ee\\\/en\\\/\"},{\"@type\":\"ListItem\",\"position\":2,\"name\":\"Shops\",\"item\":\"https:\\\/\\\/pargikeskus.ee\\\/en\\\/kauplused\\\/\"},{\"@type\":\"ListItem\",\"position\":3,\"name\":\"R-Kiosk\"}]},{\"@type\":\"WebSite\",\"@id\":\"https:\\\/\\\/pargikeskus.ee\\\/ru\\\/#website\",\"url\":\"https:\\\/\\\/pargikeskus.ee\\\/ru\\\/\",\"name\":\"Pargi Keskus\",\"description\":\"\",\"potentialAction\":[{\"@type\":\"SearchAction\",\"target\":{\"@type\":\"EntryPoint\",\"urlTemplate\":\"https:\\\/\\\/pargikeskus.ee\\\/ru\\\/?s={search_term_string}\"},\"query-input\":{\"@type\":\"PropertyValueSpecification\",\"valueRequired\":true,\"valueName\":\"search_term_string\"}}],\"inLanguage\":\"en-US\"}]}<\/script>\n<!-- \/ Yoast SEO plugin. -->","yoast_head_json":{"title":"R-Kiosk - Pargi Keskus","robots":{"index":"index","follow":"follow","max-snippet":"max-snippet:-1","max-image-preview":"max-image-preview:large","max-video-preview":"max-video-preview:-1"},"canonical":"https:\/\/pargikeskus.ee\/en\/kauplused\/r-kiosk\/","og_locale":"en_US","og_type":"article","og_title":"R-Kiosk - Pargi Keskus","og_description":"Avatud E-L 10:00 \u2013 20:00P 10:00 \u2013 19:00 Kontaktandmed info@rkiosk.eehttps:\/\/global.ccc.eu\/ee\/ InstagramFacebook R-Kiosk R-Kioski eesm\u00e4rk on pakkuda parima kvaliteediga maitsvat t\u00e4navatoitu, et kiire elutempoga inimesed saaksid olla tegusad ning toimekad terve p\u00e4eva. R-Kioski men\u00fc\u00fc on kiiresti laienev ja sisaldab endas erinevaid jooke, v\u00f5ileibu, soojasid ampse, v\u00e4rskeid salateid, pastasid, wokke, suppe, sn\u00e4kke maiuseid ja kohvijooke. Hoolitseme selle [&hellip;]","og_url":"https:\/\/pargikeskus.ee\/en\/kauplused\/r-kiosk\/","og_site_name":"Pargi Keskus","article_modified_time":"2024-08-09T08:49:03+00:00","og_image":[{"url":"https:\/\/pargikeskus.ee\/wp-content\/uploads\/2020\/11\/R-Kiosk-250x82.png","type":"","width":"","height":""}],"twitter_card":"summary_large_image","twitter_misc":{"Est. reading time":"1 minute"},"schema":{"@context":"https:\/\/schema.org","@graph":[{"@type":"WebPage","@id":"https:\/\/pargikeskus.ee\/en\/kauplused\/r-kiosk\/","url":"https:\/\/pargikeskus.ee\/en\/kauplused\/r-kiosk\/","name":"R-Kiosk - Pargi Keskus","isPartOf":{"@id":"https:\/\/pargikeskus.ee\/ru\/#website"},"primaryImageOfPage":{"@id":"https:\/\/pargikeskus.ee\/en\/kauplused\/r-kiosk\/#primaryimage"},"image":{"@id":"https:\/\/pargikeskus.ee\/en\/kauplused\/r-kiosk\/#primaryimage"},"thumbnailUrl":"https:\/\/pargikeskus.ee\/wp-content\/uploads\/2020\/11\/R-Kiosk-250x82.png","datePublished":"2020-11-05T10:29:16+00:00","dateModified":"2024-08-09T08:49:03+00:00","breadcrumb":{"@id":"https:\/\/pargikeskus.ee\/en\/kauplused\/r-kiosk\/#breadcrumb"},"inLanguage":"en-US","potentialAction":[{"@type":"ReadAction","target":["https:\/\/pargikeskus.ee\/en\/kauplused\/r-kiosk\/"]}]},{"@type":"ImageObject","inLanguage":"en-US","@id":"https:\/\/pargikeskus.ee\/en\/kauplused\/r-kiosk\/#primaryimage","url":"https:\/\/pargikeskus.ee\/wp-content\/uploads\/2020\/11\/R-Kiosk-250x82.png","contentUrl":"https:\/\/pargikeskus.ee\/wp-content\/uploads\/2020\/11\/R-Kiosk-250x82.png"},{"@type":"BreadcrumbList","@id":"https:\/\/pargikeskus.ee\/en\/kauplused\/r-kiosk\/#breadcrumb","itemListElement":[{"@type":"ListItem","position":1,"name":"Home","item":"https:\/\/pargikeskus.ee\/en\/"},{"@type":"ListItem","position":2,"name":"Shops","item":"https:\/\/pargikeskus.ee\/en\/kauplused\/"},{"@type":"ListItem","position":3,"name":"R-Kiosk"}]},{"@type":"WebSite","@id":"https:\/\/pargikeskus.ee\/ru\/#website","url":"https:\/\/pargikeskus.ee\/ru\/","name":"Pargi Keskus","description":"","potentialAction":[{"@type":"SearchAction","target":{"@type":"EntryPoint","urlTemplate":"https:\/\/pargikeskus.ee\/ru\/?s={search_term_string}"},"query-input":{"@type":"PropertyValueSpecification","valueRequired":true,"valueName":"search_term_string"}}],"inLanguage":"en-US"}]}},"builder_content":"<img src=\"https:\/\/pargikeskus.ee\/wp-content\/uploads\/2020\/11\/R-Kiosk-250x82.png\" width=\"250\" height=\"82\" title=\"R-Kiosk\" alt=\"R-Kiosk\" srcset=\"https:\/\/pargikeskus.ee\/wp-content\/uploads\/2020\/11\/R-Kiosk-250x82.png 250w, https:\/\/pargikeskus.ee\/wp-content\/uploads\/2020\/11\/R-Kiosk-300x98.png 300w, https:\/\/pargikeskus.ee\/wp-content\/uploads\/2020\/11\/R-Kiosk-768x252.png 768w, https:\/\/pargikeskus.ee\/wp-content\/uploads\/2020\/11\/R-Kiosk-150x49.png 150w, https:\/\/pargikeskus.ee\/wp-content\/uploads\/2020\/11\/R-Kiosk.png 1000w\" sizes=\"(max-width: 250px) 100vw, 250px\" \/>\n<h2>Avatud<\/h2> <p>E-L 10:00 \u2013 20:00<br \/>P 10:00 \u2013 19:00<\/p>\n<h2>Kontaktandmed<\/h2> <p><a href=\"mailto:info@rkiosk.ee\">info@rkiosk.ee<\/a><br \/><a href=\"https:\/\/rkiosk.ee\" target=\"_blank\" rel=\"noopener\">https:\/\/global.ccc.eu\/ee\/<\/a><\/p> <p><a href=\"https:\/\/www.instagram.com\/r_kiosk\/\" target=\"_blank\" rel=\"noopener\">Instagram<\/a><br \/><a href=\"https:\/\/www.facebook.com\/rkiosk.ee\/\" target=\"_blank\" rel=\"noopener\">Facebook<\/a><\/p>\n<h1>R-Kiosk<\/h1> <p>R-Kioski eesm\u00e4rk on pakkuda parima kvaliteediga maitsvat t\u00e4navatoitu, et kiire elutempoga inimesed saaksid olla tegusad ning toimekad terve p\u00e4eva. R-Kioski men\u00fc\u00fc on kiiresti laienev ja sisaldab endas erinevaid jooke, v\u00f5ileibu, soojasid ampse, v\u00e4rskeid salateid, pastasid, wokke, suppe, sn\u00e4kke maiuseid ja kohvijooke. Hoolitseme selle eest, et ka v\u00e4ga kiiretel p\u00e4evadel oleks v\u00f5imalus saada k\u00f5htut\u00e4itev eine kiiresti k\u00e4tte. Meie eesm\u00e4rk on olemas olla k\u00f5ikjal \u00fcle Eesti, kus kiirustav inimene vajab maitsvat ja tervislikku kehakinnitust.<\/p> <p>Ligi 100 m\u00fc\u00fcgipunktiga AS R-Kiosk Estonia kuulub Norra pereettev\u00f5ttele Reitan Group, mis on suuruselt teine mugavuskaupluste jaem\u00fc\u00fcgikett Euroopas. Kontsernis t\u00f6\u00f6tab kokku \u00fcle 18 000 t\u00f6\u00f6taja, neist Eestis ligikaudu 350. \u00dchena v\u00e4hestest Eesti jaem\u00fc\u00fcgiettev\u00f5tetest veab R-Kiosk oma v\u00e4ikepoode \u00fcheskoos frantsiisipidajatega.<\/p>\n<h2>Asukoht<\/h2>\n<a href=\"https:\/\/pargikeskus.ee\/wp-content\/uploads\/2020\/11\/R-Kiosk.jpg\" target=\"_blank\">Link<\/a> \n <img src=\"https:\/\/pargikeskus.ee\/wp-content\/uploads\/2020\/11\/R-Kiosk.jpg\" title=\"R-Kiosk\" alt=\"R-Kiosk\" srcset=\"https:\/\/pargikeskus.ee\/wp-content\/uploads\/2020\/11\/R-Kiosk.jpg 1440w, https:\/\/pargikeskus.ee\/wp-content\/uploads\/2020\/11\/R-Kiosk-300x231.jpg 300w, https:\/\/pargikeskus.ee\/wp-content\/uploads\/2020\/11\/R-Kiosk-1024x787.jpg 1024w, https:\/\/pargikeskus.ee\/wp-content\/uploads\/2020\/11\/R-Kiosk-768x590.jpg 768w\" sizes=\"(max-width: 1440px) 100vw, 1440px\" \/>\n<p><\/p>\n<p>[campaign]<\/p>","_links":{"self":[{"href":"https:\/\/pargikeskus.ee\/en\/wp-json\/wp\/v2\/pages\/2018","targetHints":{"allow":["GET"]}}],"collection":[{"href":"https:\/\/pargikeskus.ee\/en\/wp-json\/wp\/v2\/pages"}],"about":[{"href":"https:\/\/pargikeskus.ee\/en\/wp-json\/wp\/v2\/types\/page"}],"author":[{"embeddable":true,"href":"https:\/\/pargikeskus.ee\/en\/wp-json\/wp\/v2\/users\/1"}],"replies":[{"embeddable":true,"href":"https:\/\/pargikeskus.ee\/en\/wp-json\/wp\/v2\/comments?post=2018"}],"version-history":[{"count":3,"href":"https:\/\/pargikeskus.ee\/en\/wp-json\/wp\/v2\/pages\/2018\/revisions"}],"predecessor-version":[{"id":9448,"href":"https:\/\/pargikeskus.ee\/en\/wp-json\/wp\/v2\/pages\/2018\/revisions\/9448"}],"up":[{"embeddable":true,"href":"https:\/\/pargikeskus.ee\/en\/wp-json\/wp\/v2\/pages\/1702"}],"wp:attachment":[{"href":"https:\/\/pargikeskus.ee\/en\/wp-json\/wp\/v2\/media?parent=2018"}],"curies":[{"name":"wp","href":"https:\/\/api.w.org\/{rel}","templated":true}]}}