{"id":1963,"date":"2020-11-05T10:04:42","date_gmt":"2020-11-05T10:04:42","guid":{"rendered":"https:\/\/pargikeskus.ee\/kauplused\/monk-wok-sushi\/"},"modified":"2024-08-09T11:46:59","modified_gmt":"2024-08-09T08:46:59","slug":"monk-wok-sushi","status":"publish","type":"page","link":"https:\/\/pargikeskus.ee\/en\/kauplused\/monk-wok-sushi\/","title":{"rendered":"Monk Wok &#038; Sushi"},"content":{"rendered":"<!--themify_builder_content-->\n<div id=\"themify_builder_content-1963\" data-postid=\"1963\" class=\"themify_builder_content themify_builder_content-1963 themify_builder tf_clear\">\n                    <div  data-css_id=\"vaqq964\" data-lazy=\"1\" class=\"module_row themify_builder_row fullwidth_row_container tb_vaqq964 tb_first tf_w\">\n            <span  class=\"builder_row_cover tf_abs\" data-lazy=\"1\"><\/span>            <div class=\"row_inner col_align_top tb_col_count_1 tf_box tf_rel\">\n                        <div  data-lazy=\"1\" class=\"module_column tb-column col-full tb_t2ft965 first\">\n                            <\/div>\n                        <\/div>\n        <\/div>\n                        <div  data-lazy=\"1\" class=\"module_row themify_builder_row tb_o2sl583 tf_w\">\n                        <div class=\"row_inner col_align_top tb_col_count_3 tf_box tf_rel\">\n                        <div  data-lazy=\"1\" class=\"module_column tb-column col4-1 tb_eakw585 first\">\n                    <!-- module image -->\n<div  class=\"module module-image tb_sioz771 image-top   tf_mw\" data-lazy=\"1\">\n        <div class=\"image-wrap tf_rel tf_mw\">\n            <img loading=\"lazy\" decoding=\"async\" src=\"https:\/\/pargikeskus.ee\/wp-content\/uploads\/2020\/11\/Monk-250x195.png\" width=\"250\" height=\"195\" class=\"wp-post-image wp-image-1023\" title=\"Monk\" alt=\"Monk\" srcset=\"https:\/\/pargikeskus.ee\/wp-content\/uploads\/2020\/11\/Monk-250x195.png 250w, https:\/\/pargikeskus.ee\/wp-content\/uploads\/2020\/11\/Monk-300x234.png 300w, https:\/\/pargikeskus.ee\/wp-content\/uploads\/2020\/11\/Monk-768x600.png 768w, https:\/\/pargikeskus.ee\/wp-content\/uploads\/2020\/11\/Monk-150x117.png 150w, https:\/\/pargikeskus.ee\/wp-content\/uploads\/2020\/11\/Monk.png 1000w\" sizes=\"auto, (max-width: 250px) 100vw, 250px\" \/>    \n        <\/div>\n    <!-- \/image-wrap -->\n    \n        <\/div>\n<!-- \/module image --><!-- module text -->\n<div  class=\"module module-text tb_okrb801   \" data-lazy=\"1\">\n        <div  class=\"tb_text_wrap\">\n        <h2>Avatud<\/h2>\n<p>E-P 10:00 \u2013 21:00<\/p>    <\/div>\n<\/div>\n<!-- \/module text --><!-- module text -->\n<div  class=\"module module-text tb_kigd663   \" data-lazy=\"1\">\n        <div  class=\"tb_text_wrap\">\n        <h2>Kontaktandmed<\/h2>\n<p><a href=\"tel:+3727333313\">+372 7333313<\/a><br \/><a href=\"mailto:pinjore123@gmail.com\">pinjore123@gmail.com<\/a><br \/><a href=\"https:\/\/monkrestoran.ee\" target=\"_blank\" rel=\"noopener\">www.monkrestoran.ee<\/a><\/p>\n<p><a href=\"https:\/\/www.facebook.com\/monk\" target=\"_blank\" rel=\"noopener\">Facebook<\/a><\/p>    <\/div>\n<\/div>\n<!-- \/module text -->        <\/div>\n                    <div  data-lazy=\"1\" class=\"module_column tb-column col4-2 tb_vsql267\">\n                    <!-- module text -->\n<div  class=\"module module-text tb_1aer314   \" data-lazy=\"1\">\n        <div  class=\"tb_text_wrap\">\n        <h1>Monk Wok &amp; Sushi<\/h1>\n<p>Monk restoran on pakkunud v\u00fcrtsikaid maitseid ja m\u00f5nusat k\u00f5hut\u00e4it Saaremaal juba 9 aastat. 2019 aasta septembris avas uksed Monk restoran ka Tallinnas Stockmanni kaubamajas. N\u00fc\u00fcd on meil heameel tervitada teid J\u00f5hvi Pargi Keskuse Monkis, mis on juba meie kolmas restoran. Lubame anda endast parima, et teie tutvus Aasia roogadega oleks maitsev ja meeldej\u00e4\u00e4v. Meie toidud valmistatakse autentsete India kokkade poolt, alati v\u00e4rskest toorainest ja maitsestatakse otse Indiast toodud v\u00fcrtsidega. Lisaks on meie men\u00fc\u00fcs v\u00e4rske sushi valik ja jooke igale maitsele. Monk restorani pinnal tegutseb frantsiisi alusel ka pizzeria Pappa Pizza. K\u00f5iki toite on v\u00f5imalik nautida kohapeal ja kaasa tellida. Svaagat he! Tere tulemast!<\/p>    <\/div>\n<\/div>\n<!-- \/module text -->        <\/div>\n                    <div  data-lazy=\"1\" class=\"module_column tb-column col4-1 tb_5dk8978 last\">\n                    <!-- module text -->\n<div  class=\"module module-text tb_yodt295   \" data-lazy=\"1\">\n        <div  class=\"tb_text_wrap\">\n        <h2>Asukoht<\/h2>    <\/div>\n<\/div>\n<!-- \/module text --><!-- module image pro -->\n<div  class=\"module module-pro-image tb_57uv26 filter-none effect-shine   tf_textc   entrance-effect-fadeIn\" data-lazy=\"1\" data-entrance-effect=\"fadeIn\" data-exit-effect=\"fadeOut\" >\n\t\n    <div class=\"image-pro-wrap tf_rel tf_overflow tf_inline_b\">\n\t\t\t\t\t<a class=\"image-pro-external themify_lightbox tf_abs tf_w tf_h\" href=\"https:\/\/pargikeskus.ee\/wp-content\/uploads\/2020\/11\/Monk-Wok-Sushi.jpg\" target=\"_blank\"><span class=\"screen-reader-text\">Link<\/span><\/a>\n\t\t   \t\t<div class=\"image-pro-flip-box-wrap tf_rel tf_w tf_overflow\">\n\t\t\t<div class=\"image-pro-flip-box tf_rel\">\n\n\t\t\t\t<img loading=\"lazy\" decoding=\"async\" width=\"1440\" height=\"1107\" src=\"https:\/\/pargikeskus.ee\/wp-content\/uploads\/2020\/11\/Monk-Wok-Sushi.jpg\" class=\"wp-post-image wp-image-1964\" title=\"Monk Wok &amp; Sushi\" alt=\"Monk Wok &amp; Sushi\" srcset=\"https:\/\/pargikeskus.ee\/wp-content\/uploads\/2020\/11\/Monk-Wok-Sushi.jpg 1440w, https:\/\/pargikeskus.ee\/wp-content\/uploads\/2020\/11\/Monk-Wok-Sushi-300x231.jpg 300w, https:\/\/pargikeskus.ee\/wp-content\/uploads\/2020\/11\/Monk-Wok-Sushi-1024x787.jpg 1024w, https:\/\/pargikeskus.ee\/wp-content\/uploads\/2020\/11\/Monk-Wok-Sushi-768x590.jpg 768w\" sizes=\"auto, (max-width: 1440px) 100vw, 1440px\" \/>\n\t\t\t\t\n\t\t\t<\/div>\n\t\t<\/div>\n\n    <\/div><!-- .image-pro-wrap -->\n\n\t\n\t\n\t<\/div><!-- \/module image pro --><!-- module text -->\n<div  class=\"module module-text tb_6zlg979   \" data-lazy=\"1\">\n        <div  class=\"tb_text_wrap\">\n        <p><span id=\"kampaania\"><\/span><\/p>\n    <\/div>\n<\/div>\n<!-- \/module text --><!-- module text -->\n<div  class=\"module module-text tb_22zr978   \" data-lazy=\"1\">\n        <div  class=\"tb_text_wrap\">\n            <\/div>\n<\/div>\n<!-- \/module text -->        <\/div>\n                        <\/div>\n        <\/div>\n        <\/div>\n<!--\/themify_builder_content-->","protected":false},"excerpt":{"rendered":"<p>Avatud E-P 10:00 \u2013 21:00 Kontaktandmed +372 7333313pinjore123@gmail.comwww.monkrestoran.ee Facebook Monk Wok &amp; Sushi Monk restoran on pakkunud v\u00fcrtsikaid maitseid ja m\u00f5nusat k\u00f5hut\u00e4it Saaremaal juba 9 aastat. 2019 aasta septembris avas uksed Monk restoran ka Tallinnas Stockmanni kaubamajas. N\u00fc\u00fcd on meil heameel tervitada teid J\u00f5hvi Pargi Keskuse Monkis, mis on juba meie kolmas restoran. Lubame anda [&hellip;]<\/p>\n","protected":false},"author":1,"featured_media":0,"parent":1702,"menu_order":0,"comment_status":"closed","ping_status":"closed","template":"","meta":{"footnotes":""},"class_list":["post-1963","page","type-page","status-publish","hentry","has-post-title","has-post-date","has-post-category","has-post-tag","has-post-comment","has-post-author",""],"yoast_head":"<!-- This site is optimized with the Yoast SEO plugin v27.2 - https:\/\/yoast.com\/product\/yoast-seo-wordpress\/ -->\n<title>Monk Wok &amp; Sushi - Pargi Keskus<\/title>\n<meta name=\"robots\" content=\"index, follow, max-snippet:-1, max-image-preview:large, max-video-preview:-1\" \/>\n<link rel=\"canonical\" href=\"https:\/\/pargikeskus.ee\/en\/kauplused\/monk-wok-sushi\/\" \/>\n<meta property=\"og:locale\" content=\"en_US\" \/>\n<meta property=\"og:type\" content=\"article\" \/>\n<meta property=\"og:title\" content=\"Monk Wok &amp; Sushi - Pargi Keskus\" \/>\n<meta property=\"og:description\" content=\"Avatud E-P 10:00 \u2013 21:00 Kontaktandmed +372 7333313pinjore123@gmail.comwww.monkrestoran.ee Facebook Monk Wok &amp; Sushi Monk restoran on pakkunud v\u00fcrtsikaid maitseid ja m\u00f5nusat k\u00f5hut\u00e4it Saaremaal juba 9 aastat. 2019 aasta septembris avas uksed Monk restoran ka Tallinnas Stockmanni kaubamajas. N\u00fc\u00fcd on meil heameel tervitada teid J\u00f5hvi Pargi Keskuse Monkis, mis on juba meie kolmas restoran. Lubame anda [&hellip;]\" \/>\n<meta property=\"og:url\" content=\"https:\/\/pargikeskus.ee\/en\/kauplused\/monk-wok-sushi\/\" \/>\n<meta property=\"og:site_name\" content=\"Pargi Keskus\" \/>\n<meta property=\"article:modified_time\" content=\"2024-08-09T08:46:59+00:00\" \/>\n<meta property=\"og:image\" content=\"https:\/\/pargikeskus.ee\/wp-content\/uploads\/2020\/11\/Monk-250x195.png\" \/>\n<meta name=\"twitter:card\" content=\"summary_large_image\" \/>\n<meta name=\"twitter:label1\" content=\"Est. reading time\" \/>\n\t<meta name=\"twitter:data1\" content=\"1 minute\" \/>\n<script type=\"application\/ld+json\" class=\"yoast-schema-graph\">{\"@context\":\"https:\/\/schema.org\",\"@graph\":[{\"@type\":\"WebPage\",\"@id\":\"https:\/\/pargikeskus.ee\/en\/kauplused\/monk-wok-sushi\/\",\"url\":\"https:\/\/pargikeskus.ee\/en\/kauplused\/monk-wok-sushi\/\",\"name\":\"Monk Wok & Sushi - Pargi Keskus\",\"isPartOf\":{\"@id\":\"https:\/\/pargikeskus.ee\/ru\/#website\"},\"primaryImageOfPage\":{\"@id\":\"https:\/\/pargikeskus.ee\/en\/kauplused\/monk-wok-sushi\/#primaryimage\"},\"image\":{\"@id\":\"https:\/\/pargikeskus.ee\/en\/kauplused\/monk-wok-sushi\/#primaryimage\"},\"thumbnailUrl\":\"https:\/\/pargikeskus.ee\/wp-content\/uploads\/2020\/11\/Monk-250x195.png\",\"datePublished\":\"2020-11-05T10:04:42+00:00\",\"dateModified\":\"2024-08-09T08:46:59+00:00\",\"breadcrumb\":{\"@id\":\"https:\/\/pargikeskus.ee\/en\/kauplused\/monk-wok-sushi\/#breadcrumb\"},\"inLanguage\":\"en-US\",\"potentialAction\":[{\"@type\":\"ReadAction\",\"target\":[\"https:\/\/pargikeskus.ee\/en\/kauplused\/monk-wok-sushi\/\"]}]},{\"@type\":\"ImageObject\",\"inLanguage\":\"en-US\",\"@id\":\"https:\/\/pargikeskus.ee\/en\/kauplused\/monk-wok-sushi\/#primaryimage\",\"url\":\"https:\/\/pargikeskus.ee\/wp-content\/uploads\/2020\/11\/Monk-250x195.png\",\"contentUrl\":\"https:\/\/pargikeskus.ee\/wp-content\/uploads\/2020\/11\/Monk-250x195.png\"},{\"@type\":\"BreadcrumbList\",\"@id\":\"https:\/\/pargikeskus.ee\/en\/kauplused\/monk-wok-sushi\/#breadcrumb\",\"itemListElement\":[{\"@type\":\"ListItem\",\"position\":1,\"name\":\"Home\",\"item\":\"https:\/\/pargikeskus.ee\/en\/\"},{\"@type\":\"ListItem\",\"position\":2,\"name\":\"Shops\",\"item\":\"https:\/\/pargikeskus.ee\/en\/kauplused\/\"},{\"@type\":\"ListItem\",\"position\":3,\"name\":\"Monk Wok &#038; Sushi\"}]},{\"@type\":\"WebSite\",\"@id\":\"https:\/\/pargikeskus.ee\/ru\/#website\",\"url\":\"https:\/\/pargikeskus.ee\/ru\/\",\"name\":\"Pargi Keskus\",\"description\":\"\",\"potentialAction\":[{\"@type\":\"SearchAction\",\"target\":{\"@type\":\"EntryPoint\",\"urlTemplate\":\"https:\/\/pargikeskus.ee\/ru\/?s={search_term_string}\"},\"query-input\":{\"@type\":\"PropertyValueSpecification\",\"valueRequired\":true,\"valueName\":\"search_term_string\"}}],\"inLanguage\":\"en-US\"}]}<\/script>\n<!-- \/ Yoast SEO plugin. -->","yoast_head_json":{"title":"Monk Wok & Sushi - Pargi Keskus","robots":{"index":"index","follow":"follow","max-snippet":"max-snippet:-1","max-image-preview":"max-image-preview:large","max-video-preview":"max-video-preview:-1"},"canonical":"https:\/\/pargikeskus.ee\/en\/kauplused\/monk-wok-sushi\/","og_locale":"en_US","og_type":"article","og_title":"Monk Wok & Sushi - Pargi Keskus","og_description":"Avatud E-P 10:00 \u2013 21:00 Kontaktandmed +372 7333313pinjore123@gmail.comwww.monkrestoran.ee Facebook Monk Wok &amp; Sushi Monk restoran on pakkunud v\u00fcrtsikaid maitseid ja m\u00f5nusat k\u00f5hut\u00e4it Saaremaal juba 9 aastat. 2019 aasta septembris avas uksed Monk restoran ka Tallinnas Stockmanni kaubamajas. N\u00fc\u00fcd on meil heameel tervitada teid J\u00f5hvi Pargi Keskuse Monkis, mis on juba meie kolmas restoran. Lubame anda [&hellip;]","og_url":"https:\/\/pargikeskus.ee\/en\/kauplused\/monk-wok-sushi\/","og_site_name":"Pargi Keskus","article_modified_time":"2024-08-09T08:46:59+00:00","og_image":[{"url":"https:\/\/pargikeskus.ee\/wp-content\/uploads\/2020\/11\/Monk-250x195.png","type":"","width":"","height":""}],"twitter_card":"summary_large_image","twitter_misc":{"Est. reading time":"1 minute"},"schema":{"@context":"https:\/\/schema.org","@graph":[{"@type":"WebPage","@id":"https:\/\/pargikeskus.ee\/en\/kauplused\/monk-wok-sushi\/","url":"https:\/\/pargikeskus.ee\/en\/kauplused\/monk-wok-sushi\/","name":"Monk Wok & Sushi - Pargi Keskus","isPartOf":{"@id":"https:\/\/pargikeskus.ee\/ru\/#website"},"primaryImageOfPage":{"@id":"https:\/\/pargikeskus.ee\/en\/kauplused\/monk-wok-sushi\/#primaryimage"},"image":{"@id":"https:\/\/pargikeskus.ee\/en\/kauplused\/monk-wok-sushi\/#primaryimage"},"thumbnailUrl":"https:\/\/pargikeskus.ee\/wp-content\/uploads\/2020\/11\/Monk-250x195.png","datePublished":"2020-11-05T10:04:42+00:00","dateModified":"2024-08-09T08:46:59+00:00","breadcrumb":{"@id":"https:\/\/pargikeskus.ee\/en\/kauplused\/monk-wok-sushi\/#breadcrumb"},"inLanguage":"en-US","potentialAction":[{"@type":"ReadAction","target":["https:\/\/pargikeskus.ee\/en\/kauplused\/monk-wok-sushi\/"]}]},{"@type":"ImageObject","inLanguage":"en-US","@id":"https:\/\/pargikeskus.ee\/en\/kauplused\/monk-wok-sushi\/#primaryimage","url":"https:\/\/pargikeskus.ee\/wp-content\/uploads\/2020\/11\/Monk-250x195.png","contentUrl":"https:\/\/pargikeskus.ee\/wp-content\/uploads\/2020\/11\/Monk-250x195.png"},{"@type":"BreadcrumbList","@id":"https:\/\/pargikeskus.ee\/en\/kauplused\/monk-wok-sushi\/#breadcrumb","itemListElement":[{"@type":"ListItem","position":1,"name":"Home","item":"https:\/\/pargikeskus.ee\/en\/"},{"@type":"ListItem","position":2,"name":"Shops","item":"https:\/\/pargikeskus.ee\/en\/kauplused\/"},{"@type":"ListItem","position":3,"name":"Monk Wok &#038; Sushi"}]},{"@type":"WebSite","@id":"https:\/\/pargikeskus.ee\/ru\/#website","url":"https:\/\/pargikeskus.ee\/ru\/","name":"Pargi Keskus","description":"","potentialAction":[{"@type":"SearchAction","target":{"@type":"EntryPoint","urlTemplate":"https:\/\/pargikeskus.ee\/ru\/?s={search_term_string}"},"query-input":{"@type":"PropertyValueSpecification","valueRequired":true,"valueName":"search_term_string"}}],"inLanguage":"en-US"}]}},"builder_content":"<img src=\"https:\/\/pargikeskus.ee\/wp-content\/uploads\/2020\/11\/Monk-250x195.png\" width=\"250\" height=\"195\" title=\"Monk\" alt=\"Monk\" srcset=\"https:\/\/pargikeskus.ee\/wp-content\/uploads\/2020\/11\/Monk-250x195.png 250w, https:\/\/pargikeskus.ee\/wp-content\/uploads\/2020\/11\/Monk-300x234.png 300w, https:\/\/pargikeskus.ee\/wp-content\/uploads\/2020\/11\/Monk-768x600.png 768w, https:\/\/pargikeskus.ee\/wp-content\/uploads\/2020\/11\/Monk-150x117.png 150w, https:\/\/pargikeskus.ee\/wp-content\/uploads\/2020\/11\/Monk.png 1000w\" sizes=\"(max-width: 250px) 100vw, 250px\" \/>\n<h2>Avatud<\/h2> <p>E-P 10:00 \u2013 21:00<\/p>\n<h2>Kontaktandmed<\/h2> <p><a href=\"tel:+3727333313\">+372 7333313<\/a><br \/><a href=\"mailto:pinjore123@gmail.com\">pinjore123@gmail.com<\/a><br \/><a href=\"https:\/\/monkrestoran.ee\" target=\"_blank\" rel=\"noopener\">www.monkrestoran.ee<\/a><\/p> <p><a href=\"https:\/\/www.facebook.com\/monk\" target=\"_blank\" rel=\"noopener\">Facebook<\/a><\/p>\n<h1>Monk Wok &amp; Sushi<\/h1> <p>Monk restoran on pakkunud v\u00fcrtsikaid maitseid ja m\u00f5nusat k\u00f5hut\u00e4it Saaremaal juba 9 aastat. 2019 aasta septembris avas uksed Monk restoran ka Tallinnas Stockmanni kaubamajas. N\u00fc\u00fcd on meil heameel tervitada teid J\u00f5hvi Pargi Keskuse Monkis, mis on juba meie kolmas restoran. Lubame anda endast parima, et teie tutvus Aasia roogadega oleks maitsev ja meeldej\u00e4\u00e4v. Meie toidud valmistatakse autentsete India kokkade poolt, alati v\u00e4rskest toorainest ja maitsestatakse otse Indiast toodud v\u00fcrtsidega. Lisaks on meie men\u00fc\u00fcs v\u00e4rske sushi valik ja jooke igale maitsele. Monk restorani pinnal tegutseb frantsiisi alusel ka pizzeria Pappa Pizza. K\u00f5iki toite on v\u00f5imalik nautida kohapeal ja kaasa tellida. Svaagat he! Tere tulemast!<\/p>\n<h2>Asukoht<\/h2>\n<a href=\"https:\/\/pargikeskus.ee\/wp-content\/uploads\/2020\/11\/Monk-Wok-Sushi.jpg\" target=\"_blank\">Link<\/a> \n <img src=\"https:\/\/pargikeskus.ee\/wp-content\/uploads\/2020\/11\/Monk-Wok-Sushi.jpg\" title=\"Monk Wok &amp; Sushi\" alt=\"Monk Wok &amp; Sushi\" srcset=\"https:\/\/pargikeskus.ee\/wp-content\/uploads\/2020\/11\/Monk-Wok-Sushi.jpg 1440w, https:\/\/pargikeskus.ee\/wp-content\/uploads\/2020\/11\/Monk-Wok-Sushi-300x231.jpg 300w, https:\/\/pargikeskus.ee\/wp-content\/uploads\/2020\/11\/Monk-Wok-Sushi-1024x787.jpg 1024w, https:\/\/pargikeskus.ee\/wp-content\/uploads\/2020\/11\/Monk-Wok-Sushi-768x590.jpg 768w\" sizes=\"(max-width: 1440px) 100vw, 1440px\" \/>\n<p><\/p>\n<p>[campaign]<\/p>","_links":{"self":[{"href":"https:\/\/pargikeskus.ee\/en\/wp-json\/wp\/v2\/pages\/1963","targetHints":{"allow":["GET"]}}],"collection":[{"href":"https:\/\/pargikeskus.ee\/en\/wp-json\/wp\/v2\/pages"}],"about":[{"href":"https:\/\/pargikeskus.ee\/en\/wp-json\/wp\/v2\/types\/page"}],"author":[{"embeddable":true,"href":"https:\/\/pargikeskus.ee\/en\/wp-json\/wp\/v2\/users\/1"}],"replies":[{"embeddable":true,"href":"https:\/\/pargikeskus.ee\/en\/wp-json\/wp\/v2\/comments?post=1963"}],"version-history":[{"count":3,"href":"https:\/\/pargikeskus.ee\/en\/wp-json\/wp\/v2\/pages\/1963\/revisions"}],"predecessor-version":[{"id":9431,"href":"https:\/\/pargikeskus.ee\/en\/wp-json\/wp\/v2\/pages\/1963\/revisions\/9431"}],"up":[{"embeddable":true,"href":"https:\/\/pargikeskus.ee\/en\/wp-json\/wp\/v2\/pages\/1702"}],"wp:attachment":[{"href":"https:\/\/pargikeskus.ee\/en\/wp-json\/wp\/v2\/media?parent=1963"}],"curies":[{"name":"wp","href":"https:\/\/api.w.org\/{rel}","templated":true}]}}