{"id":1877,"date":"2026-01-12T19:28:22","date_gmt":"2026-01-12T16:28:22","guid":{"rendered":"https:\/\/pargikeskus.ee\/kauplused\/ideaal-kosmeetika\/"},"modified":"2026-01-12T19:29:11","modified_gmt":"2026-01-12T16:29:11","slug":"ideaal-kosmeetika","status":"publish","type":"page","link":"https:\/\/pargikeskus.ee\/en\/kauplused\/ideaal-kosmeetika\/","title":{"rendered":"Ideaal Kosmeetika"},"content":{"rendered":"<!--themify_builder_content-->\n<div id=\"themify_builder_content-1877\" data-postid=\"1877\" class=\"themify_builder_content themify_builder_content-1877 themify_builder tf_clear\">\n                    <div  data-css_id=\"vaqq964\" data-lazy=\"1\" class=\"module_row themify_builder_row fullwidth_row_container tb_vaqq964 tb_first tf_w\">\n            <span  class=\"builder_row_cover tf_abs\" data-lazy=\"1\"><\/span>            <div class=\"row_inner col_align_top tb_col_count_1 tf_box tf_rel\">\n                        <div  data-lazy=\"1\" class=\"module_column tb-column col-full tb_t2ft965 first\">\n                            <\/div>\n                        <\/div>\n        <\/div>\n                        <div  data-lazy=\"1\" class=\"module_row themify_builder_row tb_o2sl583 tf_w\">\n                        <div class=\"row_inner col_align_top tb_col_count_3 tf_box tf_rel\">\n                        <div  data-lazy=\"1\" class=\"module_column tb-column col4-1 tb_eakw585 first\">\n                    <!-- module image -->\n<div  class=\"module module-image tb_sioz771 image-top   tf_mw\" data-lazy=\"1\">\n        <div class=\"image-wrap tf_rel tf_mw\">\n            <img loading=\"lazy\" decoding=\"async\" src=\"https:\/\/pargikeskus.ee\/wp-content\/uploads\/2020\/11\/Ideaal-Kosmeetika-250x176.png\" width=\"250\" height=\"176\" class=\"wp-post-image wp-image-922\" title=\"Ideaal Kosmeetika\" alt=\"Ideaal Kosmeetika\" srcset=\"https:\/\/pargikeskus.ee\/wp-content\/uploads\/2020\/11\/Ideaal-Kosmeetika-250x176.png 250w, https:\/\/pargikeskus.ee\/wp-content\/uploads\/2020\/11\/Ideaal-Kosmeetika-300x212.png 300w, https:\/\/pargikeskus.ee\/wp-content\/uploads\/2020\/11\/Ideaal-Kosmeetika-768x542.png 768w, https:\/\/pargikeskus.ee\/wp-content\/uploads\/2020\/11\/Ideaal-Kosmeetika.png 1000w\" sizes=\"auto, (max-width: 250px) 100vw, 250px\" \/>    \n        <\/div>\n    <!-- \/image-wrap -->\n    \n        <\/div>\n<!-- \/module image --><!-- module text -->\n<div  class=\"module module-text tb_okrb801   \" data-lazy=\"1\">\n        <div  class=\"tb_text_wrap\">\n        <h2>Avatud<\/h2>\n<p>E-L 10:00 \u2013 20:00<br \/>P 10:00 \u2013 19:00<\/p>    <\/div>\n<\/div>\n<!-- \/module text --><!-- module text -->\n<div  class=\"module module-text tb_kigd663   \" data-lazy=\"1\">\n        <div  class=\"tb_text_wrap\">\n        <h2>Kontaktandmed<\/h2>\n<p><a href=\"tel:+3723370074\">+372 3370074<\/a><br \/><a href=\"mailto:ideaal.pargi@renalko.ee\">ideaal.pargi@renalko.ee<\/a><br \/><a href=\"https:\/\/ideaalkosmeetika.ee\" target=\"_blank\" rel=\"noopener\">www.ideaalkosmeetika.ee<\/a><\/p>\n<p><a href=\"https:\/\/www.instagram.com\/ideaalkosmeetika_official\/\" target=\"_blank\" rel=\"noopener\">Instagram<\/a><br \/><a href=\"https:\/\/www.facebook.com\/IdeaalKosmeetika\/\" target=\"_blank\" rel=\"noopener\">Facebook<\/a><\/p>    <\/div>\n<\/div>\n<!-- \/module text -->        <\/div>\n                    <div  data-lazy=\"1\" class=\"module_column tb-column col4-2 tb_vsql267\">\n                    <!-- module text -->\n<div  class=\"module module-text tb_1aer314   \" data-lazy=\"1\">\n        <div  class=\"tb_text_wrap\">\n        <h1>Ideaal Kosmeetika<\/h1>\n<p>Ideaal Kosmeetika on Eesti suurim parf\u00fc\u00fcmeria ja ilutoodete kaupluste kett, mis avas oma esimese poe 1999 aastal. L\u00f5hnad on meie kauplustes t\u00e4htsal kohal ja nende valik on mitmekesine, pakume nii k\u00f5rgmoe-, elustiili- kui ka ni\u0161ibr\u00e4nde. Lisaks leiate meie valikust mitmeid tuntud dekoratiiv- ning nahahoolduskosmeetika k\u00e4te- ja jalahooldustooteid ning ehteid ja aksessuaare.<\/p>\n<p>Ilutoodete ostmisel on alati vaja m\u00fc\u00fcjate abi ja n\u00f5uandeid, mist\u00f5ttu p\u00fc\u00fcame oma kauplustes pakkuda s\u00f5bralikku ja meeldivat teenindust.<\/p>    <\/div>\n<\/div>\n<!-- \/module text -->        <\/div>\n                    <div  data-lazy=\"1\" class=\"module_column tb-column col4-1 tb_3f5g68 last\">\n                    <!-- module text -->\n<div  class=\"module module-text tb_yodt295   \" data-lazy=\"1\">\n        <div  class=\"tb_text_wrap\">\n        <h2>Asukoht<\/h2>    <\/div>\n<\/div>\n<!-- \/module text --><!-- module image pro -->\n<div  class=\"module module-pro-image tb_57uv26 filter-none effect-shine   tf_textc   entrance-effect-fadeIn\" data-lazy=\"1\" data-entrance-effect=\"fadeIn\" data-exit-effect=\"fadeOut\" >\n\t\n    <div class=\"image-pro-wrap tf_rel tf_overflow tf_inline_b\">\n\t\t\t\t\t<a class=\"image-pro-external themify_lightbox tf_abs tf_w tf_h\" href=\"https:\/\/pargikeskus.ee\/wp-content\/uploads\/2020\/11\/Ideaal-Kosmeetika.jpg\" target=\"_blank\"><span class=\"screen-reader-text\">Link<\/span><\/a>\n\t\t   \t\t<div class=\"image-pro-flip-box-wrap tf_rel tf_w tf_overflow\">\n\t\t\t<div class=\"image-pro-flip-box tf_rel\">\n\n\t\t\t\t<img loading=\"lazy\" decoding=\"async\" width=\"1440\" height=\"1107\" src=\"https:\/\/pargikeskus.ee\/wp-content\/uploads\/2020\/11\/Ideaal-Kosmeetika.jpg\" class=\"wp-post-image wp-image-1878\" title=\"Ideaal Kosmeetika\" alt=\"Ideaal Kosmeetika\" srcset=\"https:\/\/pargikeskus.ee\/wp-content\/uploads\/2020\/11\/Ideaal-Kosmeetika.jpg 1440w, https:\/\/pargikeskus.ee\/wp-content\/uploads\/2020\/11\/Ideaal-Kosmeetika-300x231.jpg 300w, https:\/\/pargikeskus.ee\/wp-content\/uploads\/2020\/11\/Ideaal-Kosmeetika-1024x787.jpg 1024w, https:\/\/pargikeskus.ee\/wp-content\/uploads\/2020\/11\/Ideaal-Kosmeetika-768x590.jpg 768w\" sizes=\"auto, (max-width: 1440px) 100vw, 1440px\" \/>\n\t\t\t\t\n\t\t\t<\/div>\n\t\t<\/div>\n\n    <\/div><!-- .image-pro-wrap -->\n\n\t\n\t\n\t<\/div><!-- \/module image pro --><!-- module text -->\n<div  class=\"module module-text tb_kunv69   \" data-lazy=\"1\">\n        <div  class=\"tb_text_wrap\">\n        <p><span id=\"kampaania\"><\/span><\/p>\n    <\/div>\n<\/div>\n<!-- \/module text --><!-- module text -->\n<div  class=\"module module-text tb_q2bm693   \" data-lazy=\"1\">\n        <div  class=\"tb_text_wrap\">\n            <\/div>\n<\/div>\n<!-- \/module text -->        <\/div>\n                        <\/div>\n        <\/div>\n        <\/div>\n<!--\/themify_builder_content-->","protected":false},"excerpt":{"rendered":"<p>Avatud E-L 10:00 \u2013 20:00P 10:00 \u2013 19:00<\/p>\n","protected":false},"author":1,"featured_media":0,"parent":1702,"menu_order":0,"comment_status":"closed","ping_status":"closed","template":"","meta":{"footnotes":""},"class_list":["post-1877","page","type-page","status-publish","hentry","has-post-title","has-post-date","has-post-category","has-post-tag","has-post-comment","has-post-author",""],"yoast_head":"<!-- This site is optimized with the Yoast SEO plugin v27.4 - https:\/\/yoast.com\/product\/yoast-seo-wordpress\/ -->\n<title>Ideaal Kosmeetika Pargi Keskuses \u2013 ilutooted ja nahahooldus J\u00f5hvis | Pargi Keskus<\/title>\n<meta name=\"description\" content=\"Ideaal Kosmeetika Pargi Keskuses J\u00f5hvis pakub kvaliteetseid ilutooteid ja nahahooldust unele k\u00f5igile. Leia parim valik kosmeetikatootedelt mugavalt Pargi Keskuses!\" \/>\n<meta name=\"robots\" content=\"index, follow, max-snippet:-1, max-image-preview:large, max-video-preview:-1\" \/>\n<link rel=\"canonical\" href=\"https:\/\/pargikeskus.ee\/en\/kauplused\/ideaal-kosmeetika\/\" \/>\n<meta property=\"og:locale\" content=\"en_US\" \/>\n<meta property=\"og:type\" content=\"article\" \/>\n<meta property=\"og:title\" content=\"Ideaal Kosmeetika Pargi Keskuses \u2013 ilutooted ja nahahooldus J\u00f5hvis | Pargi Keskus\" \/>\n<meta property=\"og:description\" content=\"Ideaal Kosmeetika Pargi Keskuses J\u00f5hvis pakub kvaliteetseid ilutooteid ja nahahooldust unele k\u00f5igile. Leia parim valik kosmeetikatootedelt mugavalt Pargi Keskuses!\" \/>\n<meta property=\"og:url\" content=\"https:\/\/pargikeskus.ee\/en\/kauplused\/ideaal-kosmeetika\/\" \/>\n<meta property=\"og:site_name\" content=\"Pargi Keskus\" \/>\n<meta property=\"article:modified_time\" content=\"2026-01-12T16:29:11+00:00\" \/>\n<meta property=\"og:image\" content=\"https:\/\/pargikeskus.ee\/wp-content\/uploads\/2020\/11\/Ideaal-Kosmeetika-250x176.png\" \/>\n<meta name=\"twitter:card\" content=\"summary_large_image\" \/>\n<meta name=\"twitter:label1\" content=\"Est. reading time\" \/>\n\t<meta name=\"twitter:data1\" content=\"1 minute\" \/>\n<script type=\"application\/ld+json\" class=\"yoast-schema-graph\">{\"@context\":\"https:\\\/\\\/schema.org\",\"@graph\":[{\"@type\":\"WebPage\",\"@id\":\"https:\\\/\\\/pargikeskus.ee\\\/en\\\/kauplused\\\/ideaal-kosmeetika\\\/\",\"url\":\"https:\\\/\\\/pargikeskus.ee\\\/en\\\/kauplused\\\/ideaal-kosmeetika\\\/\",\"name\":\"Ideaal Kosmeetika Pargi Keskuses \u2013 ilutooted ja nahahooldus J\u00f5hvis | Pargi Keskus\",\"isPartOf\":{\"@id\":\"https:\\\/\\\/pargikeskus.ee\\\/ru\\\/#website\"},\"primaryImageOfPage\":{\"@id\":\"https:\\\/\\\/pargikeskus.ee\\\/en\\\/kauplused\\\/ideaal-kosmeetika\\\/#primaryimage\"},\"image\":{\"@id\":\"https:\\\/\\\/pargikeskus.ee\\\/en\\\/kauplused\\\/ideaal-kosmeetika\\\/#primaryimage\"},\"thumbnailUrl\":\"https:\\\/\\\/pargikeskus.ee\\\/wp-content\\\/uploads\\\/2020\\\/11\\\/Ideaal-Kosmeetika-250x176.png\",\"datePublished\":\"2026-01-12T16:28:22+00:00\",\"dateModified\":\"2026-01-12T16:29:11+00:00\",\"description\":\"Ideaal Kosmeetika Pargi Keskuses J\u00f5hvis pakub kvaliteetseid ilutooteid ja nahahooldust unele k\u00f5igile. Leia parim valik kosmeetikatootedelt mugavalt Pargi Keskuses!\",\"breadcrumb\":{\"@id\":\"https:\\\/\\\/pargikeskus.ee\\\/en\\\/kauplused\\\/ideaal-kosmeetika\\\/#breadcrumb\"},\"inLanguage\":\"en-US\",\"potentialAction\":[{\"@type\":\"ReadAction\",\"target\":[\"https:\\\/\\\/pargikeskus.ee\\\/en\\\/kauplused\\\/ideaal-kosmeetika\\\/\"]}]},{\"@type\":\"ImageObject\",\"inLanguage\":\"en-US\",\"@id\":\"https:\\\/\\\/pargikeskus.ee\\\/en\\\/kauplused\\\/ideaal-kosmeetika\\\/#primaryimage\",\"url\":\"https:\\\/\\\/pargikeskus.ee\\\/wp-content\\\/uploads\\\/2020\\\/11\\\/Ideaal-Kosmeetika-250x176.png\",\"contentUrl\":\"https:\\\/\\\/pargikeskus.ee\\\/wp-content\\\/uploads\\\/2020\\\/11\\\/Ideaal-Kosmeetika-250x176.png\"},{\"@type\":\"BreadcrumbList\",\"@id\":\"https:\\\/\\\/pargikeskus.ee\\\/en\\\/kauplused\\\/ideaal-kosmeetika\\\/#breadcrumb\",\"itemListElement\":[{\"@type\":\"ListItem\",\"position\":1,\"name\":\"Home\",\"item\":\"https:\\\/\\\/pargikeskus.ee\\\/en\\\/\"},{\"@type\":\"ListItem\",\"position\":2,\"name\":\"Shops\",\"item\":\"https:\\\/\\\/pargikeskus.ee\\\/en\\\/kauplused\\\/\"},{\"@type\":\"ListItem\",\"position\":3,\"name\":\"Ideaal Kosmeetika\"}]},{\"@type\":\"WebSite\",\"@id\":\"https:\\\/\\\/pargikeskus.ee\\\/ru\\\/#website\",\"url\":\"https:\\\/\\\/pargikeskus.ee\\\/ru\\\/\",\"name\":\"Pargi Keskus\",\"description\":\"\",\"potentialAction\":[{\"@type\":\"SearchAction\",\"target\":{\"@type\":\"EntryPoint\",\"urlTemplate\":\"https:\\\/\\\/pargikeskus.ee\\\/ru\\\/?s={search_term_string}\"},\"query-input\":{\"@type\":\"PropertyValueSpecification\",\"valueRequired\":true,\"valueName\":\"search_term_string\"}}],\"inLanguage\":\"en-US\"}]}<\/script>\n<!-- \/ Yoast SEO plugin. -->","yoast_head_json":{"title":"Ideaal Kosmeetika Pargi Keskuses \u2013 ilutooted ja nahahooldus J\u00f5hvis | Pargi Keskus","description":"Ideaal Kosmeetika Pargi Keskuses J\u00f5hvis pakub kvaliteetseid ilutooteid ja nahahooldust unele k\u00f5igile. Leia parim valik kosmeetikatootedelt mugavalt Pargi Keskuses!","robots":{"index":"index","follow":"follow","max-snippet":"max-snippet:-1","max-image-preview":"max-image-preview:large","max-video-preview":"max-video-preview:-1"},"canonical":"https:\/\/pargikeskus.ee\/en\/kauplused\/ideaal-kosmeetika\/","og_locale":"en_US","og_type":"article","og_title":"Ideaal Kosmeetika Pargi Keskuses \u2013 ilutooted ja nahahooldus J\u00f5hvis | Pargi Keskus","og_description":"Ideaal Kosmeetika Pargi Keskuses J\u00f5hvis pakub kvaliteetseid ilutooteid ja nahahooldust unele k\u00f5igile. Leia parim valik kosmeetikatootedelt mugavalt Pargi Keskuses!","og_url":"https:\/\/pargikeskus.ee\/en\/kauplused\/ideaal-kosmeetika\/","og_site_name":"Pargi Keskus","article_modified_time":"2026-01-12T16:29:11+00:00","og_image":[{"url":"https:\/\/pargikeskus.ee\/wp-content\/uploads\/2020\/11\/Ideaal-Kosmeetika-250x176.png","type":"","width":"","height":""}],"twitter_card":"summary_large_image","twitter_misc":{"Est. reading time":"1 minute"},"schema":{"@context":"https:\/\/schema.org","@graph":[{"@type":"WebPage","@id":"https:\/\/pargikeskus.ee\/en\/kauplused\/ideaal-kosmeetika\/","url":"https:\/\/pargikeskus.ee\/en\/kauplused\/ideaal-kosmeetika\/","name":"Ideaal Kosmeetika Pargi Keskuses \u2013 ilutooted ja nahahooldus J\u00f5hvis | Pargi Keskus","isPartOf":{"@id":"https:\/\/pargikeskus.ee\/ru\/#website"},"primaryImageOfPage":{"@id":"https:\/\/pargikeskus.ee\/en\/kauplused\/ideaal-kosmeetika\/#primaryimage"},"image":{"@id":"https:\/\/pargikeskus.ee\/en\/kauplused\/ideaal-kosmeetika\/#primaryimage"},"thumbnailUrl":"https:\/\/pargikeskus.ee\/wp-content\/uploads\/2020\/11\/Ideaal-Kosmeetika-250x176.png","datePublished":"2026-01-12T16:28:22+00:00","dateModified":"2026-01-12T16:29:11+00:00","description":"Ideaal Kosmeetika Pargi Keskuses J\u00f5hvis pakub kvaliteetseid ilutooteid ja nahahooldust unele k\u00f5igile. Leia parim valik kosmeetikatootedelt mugavalt Pargi Keskuses!","breadcrumb":{"@id":"https:\/\/pargikeskus.ee\/en\/kauplused\/ideaal-kosmeetika\/#breadcrumb"},"inLanguage":"en-US","potentialAction":[{"@type":"ReadAction","target":["https:\/\/pargikeskus.ee\/en\/kauplused\/ideaal-kosmeetika\/"]}]},{"@type":"ImageObject","inLanguage":"en-US","@id":"https:\/\/pargikeskus.ee\/en\/kauplused\/ideaal-kosmeetika\/#primaryimage","url":"https:\/\/pargikeskus.ee\/wp-content\/uploads\/2020\/11\/Ideaal-Kosmeetika-250x176.png","contentUrl":"https:\/\/pargikeskus.ee\/wp-content\/uploads\/2020\/11\/Ideaal-Kosmeetika-250x176.png"},{"@type":"BreadcrumbList","@id":"https:\/\/pargikeskus.ee\/en\/kauplused\/ideaal-kosmeetika\/#breadcrumb","itemListElement":[{"@type":"ListItem","position":1,"name":"Home","item":"https:\/\/pargikeskus.ee\/en\/"},{"@type":"ListItem","position":2,"name":"Shops","item":"https:\/\/pargikeskus.ee\/en\/kauplused\/"},{"@type":"ListItem","position":3,"name":"Ideaal Kosmeetika"}]},{"@type":"WebSite","@id":"https:\/\/pargikeskus.ee\/ru\/#website","url":"https:\/\/pargikeskus.ee\/ru\/","name":"Pargi Keskus","description":"","potentialAction":[{"@type":"SearchAction","target":{"@type":"EntryPoint","urlTemplate":"https:\/\/pargikeskus.ee\/ru\/?s={search_term_string}"},"query-input":{"@type":"PropertyValueSpecification","valueRequired":true,"valueName":"search_term_string"}}],"inLanguage":"en-US"}]}},"builder_content":"<img src=\"https:\/\/pargikeskus.ee\/wp-content\/uploads\/2020\/11\/Ideaal-Kosmeetika-250x176.png\" width=\"250\" height=\"176\" title=\"Ideaal Kosmeetika\" alt=\"Ideaal Kosmeetika\" srcset=\"https:\/\/pargikeskus.ee\/wp-content\/uploads\/2020\/11\/Ideaal-Kosmeetika-250x176.png 250w, https:\/\/pargikeskus.ee\/wp-content\/uploads\/2020\/11\/Ideaal-Kosmeetika-300x212.png 300w, https:\/\/pargikeskus.ee\/wp-content\/uploads\/2020\/11\/Ideaal-Kosmeetika-768x542.png 768w, https:\/\/pargikeskus.ee\/wp-content\/uploads\/2020\/11\/Ideaal-Kosmeetika.png 1000w\" sizes=\"(max-width: 250px) 100vw, 250px\" \/>\n<h2>Avatud<\/h2> <p>E-L 10:00 \u2013 20:00<br \/>P 10:00 \u2013 19:00<\/p>\n<h2>Kontaktandmed<\/h2> <p><a href=\"tel:+3723370074\">+372 3370074<\/a><br \/><a href=\"mailto:ideaal.pargi@renalko.ee\">ideaal.pargi@renalko.ee<\/a><br \/><a href=\"https:\/\/ideaalkosmeetika.ee\" target=\"_blank\" rel=\"noopener\">www.ideaalkosmeetika.ee<\/a><\/p> <p><a href=\"https:\/\/www.instagram.com\/ideaalkosmeetika_official\/\" target=\"_blank\" rel=\"noopener\">Instagram<\/a><br \/><a href=\"https:\/\/www.facebook.com\/IdeaalKosmeetika\/\" target=\"_blank\" rel=\"noopener\">Facebook<\/a><\/p>\n<h1>Ideaal Kosmeetika<\/h1> <p>Ideaal Kosmeetika on Eesti suurim parf\u00fc\u00fcmeria ja ilutoodete kaupluste kett, mis avas oma esimese poe 1999 aastal. L\u00f5hnad on meie kauplustes t\u00e4htsal kohal ja nende valik on mitmekesine, pakume nii k\u00f5rgmoe-, elustiili- kui ka ni\u0161ibr\u00e4nde. Lisaks leiate meie valikust mitmeid tuntud dekoratiiv- ning nahahoolduskosmeetika k\u00e4te- ja jalahooldustooteid ning ehteid ja aksessuaare.<\/p> <p>Ilutoodete ostmisel on alati vaja m\u00fc\u00fcjate abi ja n\u00f5uandeid, mist\u00f5ttu p\u00fc\u00fcame oma kauplustes pakkuda s\u00f5bralikku ja meeldivat teenindust.<\/p>\n<h2>Asukoht<\/h2>\n<a href=\"https:\/\/pargikeskus.ee\/wp-content\/uploads\/2020\/11\/Ideaal-Kosmeetika.jpg\" target=\"_blank\">Link<\/a> \n <img src=\"https:\/\/pargikeskus.ee\/wp-content\/uploads\/2020\/11\/Ideaal-Kosmeetika.jpg\" title=\"Ideaal Kosmeetika\" alt=\"Ideaal Kosmeetika\" srcset=\"https:\/\/pargikeskus.ee\/wp-content\/uploads\/2020\/11\/Ideaal-Kosmeetika.jpg 1440w, https:\/\/pargikeskus.ee\/wp-content\/uploads\/2020\/11\/Ideaal-Kosmeetika-300x231.jpg 300w, https:\/\/pargikeskus.ee\/wp-content\/uploads\/2020\/11\/Ideaal-Kosmeetika-1024x787.jpg 1024w, https:\/\/pargikeskus.ee\/wp-content\/uploads\/2020\/11\/Ideaal-Kosmeetika-768x590.jpg 768w\" sizes=\"(max-width: 1440px) 100vw, 1440px\" \/>\n<p><\/p>\n<p>[campaign]<\/p>","_links":{"self":[{"href":"https:\/\/pargikeskus.ee\/en\/wp-json\/wp\/v2\/pages\/1877","targetHints":{"allow":["GET"]}}],"collection":[{"href":"https:\/\/pargikeskus.ee\/en\/wp-json\/wp\/v2\/pages"}],"about":[{"href":"https:\/\/pargikeskus.ee\/en\/wp-json\/wp\/v2\/types\/page"}],"author":[{"embeddable":true,"href":"https:\/\/pargikeskus.ee\/en\/wp-json\/wp\/v2\/users\/1"}],"replies":[{"embeddable":true,"href":"https:\/\/pargikeskus.ee\/en\/wp-json\/wp\/v2\/comments?post=1877"}],"version-history":[{"count":9,"href":"https:\/\/pargikeskus.ee\/en\/wp-json\/wp\/v2\/pages\/1877\/revisions"}],"predecessor-version":[{"id":11537,"href":"https:\/\/pargikeskus.ee\/en\/wp-json\/wp\/v2\/pages\/1877\/revisions\/11537"}],"up":[{"embeddable":true,"href":"https:\/\/pargikeskus.ee\/en\/wp-json\/wp\/v2\/pages\/1702"}],"wp:attachment":[{"href":"https:\/\/pargikeskus.ee\/en\/wp-json\/wp\/v2\/media?parent=1877"}],"curies":[{"name":"wp","href":"https:\/\/api.w.org\/{rel}","templated":true}]}}