{"id":1811,"date":"2020-11-04T09:59:20","date_gmt":"2020-11-04T09:59:20","guid":{"rendered":"https:\/\/pargikeskus.ee\/kauplused\/ecopood-aknad-ja-uksed\/"},"modified":"2024-08-09T11:45:15","modified_gmt":"2024-08-09T08:45:15","slug":"ecopood-aknad-ja-uksed","status":"publish","type":"page","link":"https:\/\/pargikeskus.ee\/en\/kauplused\/ecopood-aknad-ja-uksed\/","title":{"rendered":"Ecopood aknad ja uksed"},"content":{"rendered":"<!--themify_builder_content-->\n<div id=\"themify_builder_content-1811\" data-postid=\"1811\" class=\"themify_builder_content themify_builder_content-1811 themify_builder tf_clear\">\n                    <div  data-css_id=\"vaqq964\" data-lazy=\"1\" class=\"module_row themify_builder_row fullwidth_row_container tb_vaqq964 tb_first tf_w\">\n            <span  class=\"builder_row_cover tf_abs\" data-lazy=\"1\"><\/span>            <div class=\"row_inner col_align_top tb_col_count_1 tf_box tf_rel\">\n                        <div  data-lazy=\"1\" class=\"module_column tb-column col-full tb_t2ft965 first\">\n                            <\/div>\n                        <\/div>\n        <\/div>\n                        <div  data-lazy=\"1\" class=\"module_row themify_builder_row tb_o2sl583 tf_w\">\n                        <div class=\"row_inner col_align_top tb_col_count_3 tf_box tf_rel\">\n                        <div  data-lazy=\"1\" class=\"module_column tb-column col4-1 tb_eakw585 first\">\n                    <!-- module image -->\n<div  class=\"module module-image tb_sioz771 image-top   tf_mw\" data-lazy=\"1\">\n        <div class=\"image-wrap tf_rel tf_mw\">\n            <img loading=\"lazy\" decoding=\"async\" src=\"https:\/\/pargikeskus.ee\/wp-content\/uploads\/2020\/11\/Ecopood-250x144.png\" width=\"250\" height=\"144\" class=\"wp-post-image wp-image-766\" title=\"Ecopood\" alt=\"Ecopood\" srcset=\"https:\/\/pargikeskus.ee\/wp-content\/uploads\/2020\/11\/Ecopood-250x144.png 250w, https:\/\/pargikeskus.ee\/wp-content\/uploads\/2020\/11\/Ecopood-300x173.png 300w, https:\/\/pargikeskus.ee\/wp-content\/uploads\/2020\/11\/Ecopood-768x444.png 768w, https:\/\/pargikeskus.ee\/wp-content\/uploads\/2020\/11\/Ecopood.png 1000w\" sizes=\"auto, (max-width: 250px) 100vw, 250px\" \/>    \n        <\/div>\n    <!-- \/image-wrap -->\n    \n        <\/div>\n<!-- \/module image --><!-- module text -->\n<div  class=\"module module-text tb_okrb801   \" data-lazy=\"1\">\n        <div  class=\"tb_text_wrap\">\n        <h2>Avatud<\/h2>\n<p>E-R 10:00 \u2013 18:00<br \/>L-P &#8211; SULETUD<\/p>    <\/div>\n<\/div>\n<!-- \/module text --><!-- module text -->\n<div  class=\"module module-text tb_kigd663   \" data-lazy=\"1\">\n        <div  class=\"tb_text_wrap\">\n        <h2>Kontaktandmed<\/h2>\n<p><a href=\"tel:+37258885889\">+372 58885889<\/a><br \/><a href=\"mailto:ecopood@ecopood.ee\">ecopood@ecopood.ee<\/a><br \/><a href=\"https:\/\/ecopood.ee\" target=\"_blank\" rel=\"noopener\">www.ecopood.ee<\/a><\/p>\n<p><a href=\"https:\/\/www.facebook.com\/ec0pood\" target=\"_blank\" rel=\"noopener\">Facebook<\/a><\/p>    <\/div>\n<\/div>\n<!-- \/module text -->        <\/div>\n                    <div  data-lazy=\"1\" class=\"module_column tb-column col4-2 tb_vsql267\">\n                    <!-- module text -->\n<div  class=\"module module-text tb_1aer314   \" data-lazy=\"1\">\n        <div  class=\"tb_text_wrap\">\n        <h1>Ecopood aknad ja uksed<\/h1>\n<h2>Meist<\/h2>\n<h3>Kes me oleme?<\/h3>\n<p>Ecopood O\u00dc- sihikindel meeskond Ida-Virumaalt. Kogemustele p\u00f5hinedes saame pakkuda Teile kvaliteetset ja usaldusv\u00e4\u00e4rset teenindust. \u00a0Meie meeskond ei j\u00e4ta kliente p\u00e4rast t\u00f6\u00f6de l\u00f5petamist \u00fcksi,-oleme alati valmis aitama ning vajadusel teostama remonti- ja hooldust\u00f6id.<\/p>\n<h3>Kellega me t\u00f6\u00f6tame?<\/h3>\n<p>Teeme koost\u00f6\u00f6d ainult parimate tootjatega ning k\u00e4ime kaasas uuendustega, et tagada klientidele parim kvaliteet. Meie meeskond on alati avatud uutele v\u00e4ljakutsetele.<\/p>\n<h3>Missioon<\/h3>\n<p>Igap\u00e4evaselt t\u00e4iendada meeskonna teadmisi, et pakkuda klientidele professionaalset teenust.<br \/>Uuendada teenuseid ja logistilisi lahendusi kvaliteedi t\u00f5stmiseks.<br \/>Ecopood O\u00dc soovitatakse alati s\u00f5pradele ja tuttavatele, me loodame , et see on professionaalsuse parim tunnustus.<\/p>\n<h3>Tootevalik<\/h3>\n<table>\n<tbody>\n<tr>\n<th>AKNAD<\/th>\n<th>UKSED<\/th>\n<\/tr>\n<tr>\n<td>PVC Aknad<\/td>\n<td>Siseuksed<\/td>\n<\/tr>\n<tr>\n<td>Puitaknad<\/td>\n<td>Metalluksed<\/td>\n<\/tr>\n<tr>\n<td>Alumiiniumaknad<\/td>\n<td>Tulet\u00f5kkeuksed<\/td>\n<\/tr>\n<tr>\n<td>Furnituur<\/td>\n<td>PVC L\u00fckanduksed<\/td>\n<\/tr>\n<tr>\n<td>\u00a0<\/td>\n<td>Furnituur<\/td>\n<\/tr>\n<\/tbody>\n<\/table>\n<p>&nbsp;<\/p>\n<table>\n<tbody>\n<tr>\n<th>T\u00d5STUKSED<\/th>\n<th>KASVUHOONED<\/th>\n<\/tr>\n<tr>\n<td>Garaa\u017eiv\u00e4ravad<\/td>\n<td>Pol\u00fckarbonaadist<\/td>\n<\/tr>\n<tr>\n<td>Turvatulood<\/td>\n<td>kasvuhooned<\/td>\n<\/tr>\n<tr>\n<td>Tarvikud<\/td>\n<td>T\u00f6\u00f6stuslikud<\/td>\n<\/tr>\n<tr>\n<td>V\u00e4ravaautomaatika<\/td>\n<td>kasvuhooned<\/td>\n<\/tr>\n<tr>\n<td>\u00a0<\/td>\n<td>Minikasvuhooned<\/td>\n<\/tr>\n<tr>\n<td>\u00a0<\/td>\n<td>Tarvikud<\/td>\n<\/tr>\n<\/tbody>\n<\/table>\n<p>&nbsp;<\/p>\n<table>\n<tbody>\n<tr>\n<th>AIATOOTED<\/th>\n<th>PIIRDEAIAD<\/th>\n<\/tr>\n<tr>\n<td>Kastmisvahendid<\/td>\n<td>3D Piirdeaiad<\/td>\n<\/tr>\n<tr>\n<td>Aiamajad<\/td>\n<td>Metallaiad<\/td>\n<\/tr>\n<tr>\n<td>Aiam\u00f6\u00f6bel<\/td>\n<td>V\u00f5rkaiad<\/td>\n<\/tr>\n<tr>\n<td>Grillid ja ahjud<\/td>\n<td>Moodulaiad<\/td>\n<\/tr>\n<tr>\n<td>Lastemajad ja m\u00e4nguv\u00e4ljakud<\/td>\n<td>\u00a0<\/td>\n<\/tr>\n<\/tbody>\n<\/table>\n<p><br><\/p>\n<table>\n<tr>\n<th>SAUNAD<\/th>\n<th>EHITUSMATERJALID<\/th>\n<\/tr>\n<tr>\n<td>Torusaunad<\/td>\n<td>Pol\u00fckarbonaat<\/td>\n<\/tr>\n<tr>\n<td>K\u00fcmblust\u00fcnnid<\/td>\n<td>Saematerjal ja OSB-3<\/td>\n<\/tr>\n<tr>\n<td>Ahjud<\/td>\n<td>Katusematerjalid <\/td>\n<\/tr>\n<tr>\n<td>K\u00fcmblust\u00fcnni sisud<\/td>\n<td>Ehitusplaadid<\/td>\n<\/tr>\n<tr>\n<td><\/td>\n<td>Fassaadimaterjalid<\/td>\n<\/tr>\n<tr>\n<td><\/td>\n<td>Soojustusmaterjalid<\/td>\n<\/tr>\n<\/table>\n    <\/div>\n<\/div>\n<!-- \/module text -->        <\/div>\n                    <div  data-lazy=\"1\" class=\"module_column tb-column col4-1 tb_5dk8978 last\">\n                    <!-- module text -->\n<div  class=\"module module-text tb_yodt295   \" data-lazy=\"1\">\n        <div  class=\"tb_text_wrap\">\n        <h2>Asukoht<\/h2>    <\/div>\n<\/div>\n<!-- \/module text --><!-- module image pro -->\n<div  class=\"module module-pro-image tb_57uv26 filter-none effect-shine   tf_textc   entrance-effect-fadeIn\" data-lazy=\"1\" data-entrance-effect=\"fadeIn\" data-exit-effect=\"fadeOut\" >\n\t\n    <div class=\"image-pro-wrap tf_rel tf_overflow tf_inline_b\">\n\t\t\t\t\t<a class=\"image-pro-external themify_lightbox tf_abs tf_w tf_h\" href=\"https:\/\/pargikeskus.ee\/wp-content\/uploads\/2020\/11\/ecopood.jpg\" target=\"_blank\"><span class=\"screen-reader-text\">Link<\/span><\/a>\n\t\t   \t\t<div class=\"image-pro-flip-box-wrap tf_rel tf_w tf_overflow\">\n\t\t\t<div class=\"image-pro-flip-box tf_rel\">\n\n\t\t\t\t<img loading=\"lazy\" decoding=\"async\" width=\"1440\" height=\"1107\" src=\"https:\/\/pargikeskus.ee\/wp-content\/uploads\/2020\/11\/ecopood.jpg\" class=\"wp-post-image wp-image-1812\" title=\"ecopood\" alt=\"ecopood\" srcset=\"https:\/\/pargikeskus.ee\/wp-content\/uploads\/2020\/11\/ecopood.jpg 1440w, https:\/\/pargikeskus.ee\/wp-content\/uploads\/2020\/11\/ecopood-300x231.jpg 300w, https:\/\/pargikeskus.ee\/wp-content\/uploads\/2020\/11\/ecopood-1024x787.jpg 1024w, https:\/\/pargikeskus.ee\/wp-content\/uploads\/2020\/11\/ecopood-768x590.jpg 768w\" sizes=\"auto, (max-width: 1440px) 100vw, 1440px\" \/>\n\t\t\t\t\n\t\t\t<\/div>\n\t\t<\/div>\n\n    <\/div><!-- .image-pro-wrap -->\n\n\t\n\t\n\t<\/div><!-- \/module image pro --><!-- module text -->\n<div  class=\"module module-text tb_6zlg979   \" data-lazy=\"1\">\n        <div  class=\"tb_text_wrap\">\n        <p><span id=\"kampaania\"><\/span><\/p>\n    <\/div>\n<\/div>\n<!-- \/module text --><!-- module text -->\n<div  class=\"module module-text tb_vnbp792   \" data-lazy=\"1\">\n        <div  class=\"tb_text_wrap\">\n            <\/div>\n<\/div>\n<!-- \/module text -->        <\/div>\n                        <\/div>\n        <\/div>\n        <\/div>\n<!--\/themify_builder_content-->","protected":false},"excerpt":{"rendered":"<p>Avatud E-R 10:00 \u2013 18:00L-P &#8211; SULETUD Kontaktandmed +372 58885889ecopood@ecopood.eewww.ecopood.ee Facebook Ecopood aknad ja uksed Meist Kes me oleme? Ecopood O\u00dc- sihikindel meeskond Ida-Virumaalt. Kogemustele p\u00f5hinedes saame pakkuda Teile kvaliteetset ja usaldusv\u00e4\u00e4rset teenindust. \u00a0Meie meeskond ei j\u00e4ta kliente p\u00e4rast t\u00f6\u00f6de l\u00f5petamist \u00fcksi,-oleme alati valmis aitama ning vajadusel teostama remonti- ja hooldust\u00f6id. Kellega me t\u00f6\u00f6tame? Teeme [&hellip;]<\/p>\n","protected":false},"author":1,"featured_media":0,"parent":1702,"menu_order":0,"comment_status":"closed","ping_status":"closed","template":"","meta":{"footnotes":""},"class_list":["post-1811","page","type-page","status-publish","hentry","has-post-title","has-post-date","has-post-category","has-post-tag","has-post-comment","has-post-author",""],"yoast_head":"<!-- This site is optimized with the Yoast SEO plugin v27.2 - https:\/\/yoast.com\/product\/yoast-seo-wordpress\/ -->\n<title>Ecopood aknad ja uksed - Pargi Keskus<\/title>\n<meta name=\"robots\" content=\"index, follow, max-snippet:-1, max-image-preview:large, max-video-preview:-1\" \/>\n<link rel=\"canonical\" href=\"https:\/\/pargikeskus.ee\/en\/kauplused\/ecopood-aknad-ja-uksed\/\" \/>\n<meta property=\"og:locale\" content=\"en_US\" \/>\n<meta property=\"og:type\" content=\"article\" \/>\n<meta property=\"og:title\" content=\"Ecopood aknad ja uksed - Pargi Keskus\" \/>\n<meta property=\"og:description\" content=\"Avatud E-R 10:00 \u2013 18:00L-P &#8211; SULETUD Kontaktandmed +372 58885889ecopood@ecopood.eewww.ecopood.ee Facebook Ecopood aknad ja uksed Meist Kes me oleme? Ecopood O\u00dc- sihikindel meeskond Ida-Virumaalt. Kogemustele p\u00f5hinedes saame pakkuda Teile kvaliteetset ja usaldusv\u00e4\u00e4rset teenindust. \u00a0Meie meeskond ei j\u00e4ta kliente p\u00e4rast t\u00f6\u00f6de l\u00f5petamist \u00fcksi,-oleme alati valmis aitama ning vajadusel teostama remonti- ja hooldust\u00f6id. Kellega me t\u00f6\u00f6tame? Teeme [&hellip;]\" \/>\n<meta property=\"og:url\" content=\"https:\/\/pargikeskus.ee\/en\/kauplused\/ecopood-aknad-ja-uksed\/\" \/>\n<meta property=\"og:site_name\" content=\"Pargi Keskus\" \/>\n<meta property=\"article:modified_time\" content=\"2024-08-09T08:45:15+00:00\" \/>\n<meta property=\"og:image\" content=\"https:\/\/pargikeskus.ee\/wp-content\/uploads\/2020\/11\/Ecopood-250x144.png\" \/>\n<meta name=\"twitter:card\" content=\"summary_large_image\" \/>\n<meta name=\"twitter:label1\" content=\"Est. reading time\" \/>\n\t<meta name=\"twitter:data1\" content=\"1 minute\" \/>\n<script type=\"application\/ld+json\" class=\"yoast-schema-graph\">{\"@context\":\"https:\/\/schema.org\",\"@graph\":[{\"@type\":\"WebPage\",\"@id\":\"https:\/\/pargikeskus.ee\/en\/kauplused\/ecopood-aknad-ja-uksed\/\",\"url\":\"https:\/\/pargikeskus.ee\/en\/kauplused\/ecopood-aknad-ja-uksed\/\",\"name\":\"Ecopood aknad ja uksed - Pargi Keskus\",\"isPartOf\":{\"@id\":\"https:\/\/pargikeskus.ee\/ru\/#website\"},\"primaryImageOfPage\":{\"@id\":\"https:\/\/pargikeskus.ee\/en\/kauplused\/ecopood-aknad-ja-uksed\/#primaryimage\"},\"image\":{\"@id\":\"https:\/\/pargikeskus.ee\/en\/kauplused\/ecopood-aknad-ja-uksed\/#primaryimage\"},\"thumbnailUrl\":\"https:\/\/pargikeskus.ee\/wp-content\/uploads\/2020\/11\/Ecopood-250x144.png\",\"datePublished\":\"2020-11-04T09:59:20+00:00\",\"dateModified\":\"2024-08-09T08:45:15+00:00\",\"breadcrumb\":{\"@id\":\"https:\/\/pargikeskus.ee\/en\/kauplused\/ecopood-aknad-ja-uksed\/#breadcrumb\"},\"inLanguage\":\"en-US\",\"potentialAction\":[{\"@type\":\"ReadAction\",\"target\":[\"https:\/\/pargikeskus.ee\/en\/kauplused\/ecopood-aknad-ja-uksed\/\"]}]},{\"@type\":\"ImageObject\",\"inLanguage\":\"en-US\",\"@id\":\"https:\/\/pargikeskus.ee\/en\/kauplused\/ecopood-aknad-ja-uksed\/#primaryimage\",\"url\":\"https:\/\/pargikeskus.ee\/wp-content\/uploads\/2020\/11\/Ecopood-250x144.png\",\"contentUrl\":\"https:\/\/pargikeskus.ee\/wp-content\/uploads\/2020\/11\/Ecopood-250x144.png\"},{\"@type\":\"BreadcrumbList\",\"@id\":\"https:\/\/pargikeskus.ee\/en\/kauplused\/ecopood-aknad-ja-uksed\/#breadcrumb\",\"itemListElement\":[{\"@type\":\"ListItem\",\"position\":1,\"name\":\"Home\",\"item\":\"https:\/\/pargikeskus.ee\/en\/\"},{\"@type\":\"ListItem\",\"position\":2,\"name\":\"Shops\",\"item\":\"https:\/\/pargikeskus.ee\/en\/kauplused\/\"},{\"@type\":\"ListItem\",\"position\":3,\"name\":\"Ecopood aknad ja uksed\"}]},{\"@type\":\"WebSite\",\"@id\":\"https:\/\/pargikeskus.ee\/ru\/#website\",\"url\":\"https:\/\/pargikeskus.ee\/ru\/\",\"name\":\"Pargi Keskus\",\"description\":\"\",\"potentialAction\":[{\"@type\":\"SearchAction\",\"target\":{\"@type\":\"EntryPoint\",\"urlTemplate\":\"https:\/\/pargikeskus.ee\/ru\/?s={search_term_string}\"},\"query-input\":{\"@type\":\"PropertyValueSpecification\",\"valueRequired\":true,\"valueName\":\"search_term_string\"}}],\"inLanguage\":\"en-US\"}]}<\/script>\n<!-- \/ Yoast SEO plugin. -->","yoast_head_json":{"title":"Ecopood aknad ja uksed - Pargi Keskus","robots":{"index":"index","follow":"follow","max-snippet":"max-snippet:-1","max-image-preview":"max-image-preview:large","max-video-preview":"max-video-preview:-1"},"canonical":"https:\/\/pargikeskus.ee\/en\/kauplused\/ecopood-aknad-ja-uksed\/","og_locale":"en_US","og_type":"article","og_title":"Ecopood aknad ja uksed - Pargi Keskus","og_description":"Avatud E-R 10:00 \u2013 18:00L-P &#8211; SULETUD Kontaktandmed +372 58885889ecopood@ecopood.eewww.ecopood.ee Facebook Ecopood aknad ja uksed Meist Kes me oleme? Ecopood O\u00dc- sihikindel meeskond Ida-Virumaalt. Kogemustele p\u00f5hinedes saame pakkuda Teile kvaliteetset ja usaldusv\u00e4\u00e4rset teenindust. \u00a0Meie meeskond ei j\u00e4ta kliente p\u00e4rast t\u00f6\u00f6de l\u00f5petamist \u00fcksi,-oleme alati valmis aitama ning vajadusel teostama remonti- ja hooldust\u00f6id. Kellega me t\u00f6\u00f6tame? Teeme [&hellip;]","og_url":"https:\/\/pargikeskus.ee\/en\/kauplused\/ecopood-aknad-ja-uksed\/","og_site_name":"Pargi Keskus","article_modified_time":"2024-08-09T08:45:15+00:00","og_image":[{"url":"https:\/\/pargikeskus.ee\/wp-content\/uploads\/2020\/11\/Ecopood-250x144.png","type":"","width":"","height":""}],"twitter_card":"summary_large_image","twitter_misc":{"Est. reading time":"1 minute"},"schema":{"@context":"https:\/\/schema.org","@graph":[{"@type":"WebPage","@id":"https:\/\/pargikeskus.ee\/en\/kauplused\/ecopood-aknad-ja-uksed\/","url":"https:\/\/pargikeskus.ee\/en\/kauplused\/ecopood-aknad-ja-uksed\/","name":"Ecopood aknad ja uksed - Pargi Keskus","isPartOf":{"@id":"https:\/\/pargikeskus.ee\/ru\/#website"},"primaryImageOfPage":{"@id":"https:\/\/pargikeskus.ee\/en\/kauplused\/ecopood-aknad-ja-uksed\/#primaryimage"},"image":{"@id":"https:\/\/pargikeskus.ee\/en\/kauplused\/ecopood-aknad-ja-uksed\/#primaryimage"},"thumbnailUrl":"https:\/\/pargikeskus.ee\/wp-content\/uploads\/2020\/11\/Ecopood-250x144.png","datePublished":"2020-11-04T09:59:20+00:00","dateModified":"2024-08-09T08:45:15+00:00","breadcrumb":{"@id":"https:\/\/pargikeskus.ee\/en\/kauplused\/ecopood-aknad-ja-uksed\/#breadcrumb"},"inLanguage":"en-US","potentialAction":[{"@type":"ReadAction","target":["https:\/\/pargikeskus.ee\/en\/kauplused\/ecopood-aknad-ja-uksed\/"]}]},{"@type":"ImageObject","inLanguage":"en-US","@id":"https:\/\/pargikeskus.ee\/en\/kauplused\/ecopood-aknad-ja-uksed\/#primaryimage","url":"https:\/\/pargikeskus.ee\/wp-content\/uploads\/2020\/11\/Ecopood-250x144.png","contentUrl":"https:\/\/pargikeskus.ee\/wp-content\/uploads\/2020\/11\/Ecopood-250x144.png"},{"@type":"BreadcrumbList","@id":"https:\/\/pargikeskus.ee\/en\/kauplused\/ecopood-aknad-ja-uksed\/#breadcrumb","itemListElement":[{"@type":"ListItem","position":1,"name":"Home","item":"https:\/\/pargikeskus.ee\/en\/"},{"@type":"ListItem","position":2,"name":"Shops","item":"https:\/\/pargikeskus.ee\/en\/kauplused\/"},{"@type":"ListItem","position":3,"name":"Ecopood aknad ja uksed"}]},{"@type":"WebSite","@id":"https:\/\/pargikeskus.ee\/ru\/#website","url":"https:\/\/pargikeskus.ee\/ru\/","name":"Pargi Keskus","description":"","potentialAction":[{"@type":"SearchAction","target":{"@type":"EntryPoint","urlTemplate":"https:\/\/pargikeskus.ee\/ru\/?s={search_term_string}"},"query-input":{"@type":"PropertyValueSpecification","valueRequired":true,"valueName":"search_term_string"}}],"inLanguage":"en-US"}]}},"builder_content":"<img src=\"https:\/\/pargikeskus.ee\/wp-content\/uploads\/2020\/11\/Ecopood-250x144.png\" width=\"250\" height=\"144\" title=\"Ecopood\" alt=\"Ecopood\" srcset=\"https:\/\/pargikeskus.ee\/wp-content\/uploads\/2020\/11\/Ecopood-250x144.png 250w, https:\/\/pargikeskus.ee\/wp-content\/uploads\/2020\/11\/Ecopood-300x173.png 300w, https:\/\/pargikeskus.ee\/wp-content\/uploads\/2020\/11\/Ecopood-768x444.png 768w, https:\/\/pargikeskus.ee\/wp-content\/uploads\/2020\/11\/Ecopood.png 1000w\" sizes=\"(max-width: 250px) 100vw, 250px\" \/>\n<h2>Avatud<\/h2> <p>E-R 10:00 \u2013 18:00<br \/>L-P - SULETUD<\/p>\n<h2>Kontaktandmed<\/h2> <p><a href=\"tel:+37258885889\">+372 58885889<\/a><br \/><a href=\"mailto:ecopood@ecopood.ee\">ecopood@ecopood.ee<\/a><br \/><a href=\"https:\/\/ecopood.ee\" target=\"_blank\" rel=\"noopener\">www.ecopood.ee<\/a><\/p> <p><a href=\"https:\/\/www.facebook.com\/ec0pood\" target=\"_blank\" rel=\"noopener\">Facebook<\/a><\/p>\n<h1>Ecopood aknad ja uksed<\/h1> <h2>Meist<\/h2> <h3>Kes me oleme?<\/h3> <p>Ecopood O\u00dc- sihikindel meeskond Ida-Virumaalt. Kogemustele p\u00f5hinedes saame pakkuda Teile kvaliteetset ja usaldusv\u00e4\u00e4rset teenindust. \u00a0Meie meeskond ei j\u00e4ta kliente p\u00e4rast t\u00f6\u00f6de l\u00f5petamist \u00fcksi,-oleme alati valmis aitama ning vajadusel teostama remonti- ja hooldust\u00f6id.<\/p> <h3>Kellega me t\u00f6\u00f6tame?<\/h3> <p>Teeme koost\u00f6\u00f6d ainult parimate tootjatega ning k\u00e4ime kaasas uuendustega, et tagada klientidele parim kvaliteet. Meie meeskond on alati avatud uutele v\u00e4ljakutsetele.<\/p> <h3>Missioon<\/h3> <p>Igap\u00e4evaselt t\u00e4iendada meeskonna teadmisi, et pakkuda klientidele professionaalset teenust.<br \/>Uuendada teenuseid ja logistilisi lahendusi kvaliteedi t\u00f5stmiseks.<br \/>Ecopood O\u00dc soovitatakse alati s\u00f5pradele ja tuttavatele, me loodame , et see on professionaalsuse parim tunnustus.<\/p> <h3>Tootevalik<\/h3> <table> <tbody> <tr> <th>AKNAD<\/th> <th>UKSED<\/th> <\/tr> <tr> <td>PVC Aknad<\/td> <td>Siseuksed<\/td> <\/tr> <tr> <td>Puitaknad<\/td> <td>Metalluksed<\/td> <\/tr> <tr> <td>Alumiiniumaknad<\/td> <td>Tulet\u00f5kkeuksed<\/td> <\/tr> <tr> <td>Furnituur<\/td> <td>PVC L\u00fckanduksed<\/td> <\/tr> <tr> <td>\u00a0<\/td> <td>Furnituur<\/td> <\/tr> <\/tbody> <\/table> <p>&nbsp;<\/p> <table> <tbody> <tr> <th>T\u00d5STUKSED<\/th> <th>KASVUHOONED<\/th> <\/tr> <tr> <td>Garaa\u017eiv\u00e4ravad<\/td> <td>Pol\u00fckarbonaadist<\/td> <\/tr> <tr> <td>Turvatulood<\/td> <td>kasvuhooned<\/td> <\/tr> <tr> <td>Tarvikud<\/td> <td>T\u00f6\u00f6stuslikud<\/td> <\/tr> <tr> <td>V\u00e4ravaautomaatika<\/td> <td>kasvuhooned<\/td> <\/tr> <tr> <td>\u00a0<\/td> <td>Minikasvuhooned<\/td> <\/tr> <tr> <td>\u00a0<\/td> <td>Tarvikud<\/td> <\/tr> <\/tbody> <\/table> <p>&nbsp;<\/p> <table> <tbody> <tr> <th>AIATOOTED<\/th> <th>PIIRDEAIAD<\/th> <\/tr> <tr> <td>Kastmisvahendid<\/td> <td>3D Piirdeaiad<\/td> <\/tr> <tr> <td>Aiamajad<\/td> <td>Metallaiad<\/td> <\/tr> <tr> <td>Aiam\u00f6\u00f6bel<\/td> <td>V\u00f5rkaiad<\/td> <\/tr> <tr> <td>Grillid ja ahjud<\/td> <td>Moodulaiad<\/td> <\/tr> <tr> <td>Lastemajad ja m\u00e4nguv\u00e4ljakud<\/td> <td>\u00a0<\/td> <\/tr> <\/tbody> <\/table> <p><br><\/p> <table> <tr> <th>SAUNAD<\/th> <th>EHITUSMATERJALID<\/th> <\/tr> <tr> <td>Torusaunad<\/td> <td>Pol\u00fckarbonaat<\/td> <\/tr> <tr> <td>K\u00fcmblust\u00fcnnid<\/td> <td>Saematerjal ja OSB-3<\/td> <\/tr> <tr> <td>Ahjud<\/td> <td>Katusematerjalid <\/td> <\/tr> <tr> <td>K\u00fcmblust\u00fcnni sisud<\/td> <td>Ehitusplaadid<\/td> <\/tr> <tr> <td><\/td> <td>Fassaadimaterjalid<\/td> <\/tr> <tr> <td><\/td> <td>Soojustusmaterjalid<\/td> <\/tr> <\/table>\n<h2>Asukoht<\/h2>\n<a href=\"https:\/\/pargikeskus.ee\/wp-content\/uploads\/2020\/11\/ecopood.jpg\" target=\"_blank\">Link<\/a> \n <img src=\"https:\/\/pargikeskus.ee\/wp-content\/uploads\/2020\/11\/ecopood.jpg\" title=\"ecopood\" alt=\"ecopood\" srcset=\"https:\/\/pargikeskus.ee\/wp-content\/uploads\/2020\/11\/ecopood.jpg 1440w, https:\/\/pargikeskus.ee\/wp-content\/uploads\/2020\/11\/ecopood-300x231.jpg 300w, https:\/\/pargikeskus.ee\/wp-content\/uploads\/2020\/11\/ecopood-1024x787.jpg 1024w, https:\/\/pargikeskus.ee\/wp-content\/uploads\/2020\/11\/ecopood-768x590.jpg 768w\" sizes=\"(max-width: 1440px) 100vw, 1440px\" \/>\n<p><\/p>\n<p>[campaign]<\/p>","_links":{"self":[{"href":"https:\/\/pargikeskus.ee\/en\/wp-json\/wp\/v2\/pages\/1811","targetHints":{"allow":["GET"]}}],"collection":[{"href":"https:\/\/pargikeskus.ee\/en\/wp-json\/wp\/v2\/pages"}],"about":[{"href":"https:\/\/pargikeskus.ee\/en\/wp-json\/wp\/v2\/types\/page"}],"author":[{"embeddable":true,"href":"https:\/\/pargikeskus.ee\/en\/wp-json\/wp\/v2\/users\/1"}],"replies":[{"embeddable":true,"href":"https:\/\/pargikeskus.ee\/en\/wp-json\/wp\/v2\/comments?post=1811"}],"version-history":[{"count":5,"href":"https:\/\/pargikeskus.ee\/en\/wp-json\/wp\/v2\/pages\/1811\/revisions"}],"predecessor-version":[{"id":9400,"href":"https:\/\/pargikeskus.ee\/en\/wp-json\/wp\/v2\/pages\/1811\/revisions\/9400"}],"up":[{"embeddable":true,"href":"https:\/\/pargikeskus.ee\/en\/wp-json\/wp\/v2\/pages\/1702"}],"wp:attachment":[{"href":"https:\/\/pargikeskus.ee\/en\/wp-json\/wp\/v2\/media?parent=1811"}],"curies":[{"name":"wp","href":"https:\/\/api.w.org\/{rel}","templated":true}]}}