{"id":1790,"date":"2020-11-04T09:50:22","date_gmt":"2020-11-04T09:50:22","guid":{"rendered":"https:\/\/pargikeskus.ee\/kauplused\/cybershop\/"},"modified":"2024-08-09T11:45:07","modified_gmt":"2024-08-09T08:45:07","slug":"cybershop","status":"publish","type":"page","link":"https:\/\/pargikeskus.ee\/en\/kauplused\/cybershop\/","title":{"rendered":"Cybershop"},"content":{"rendered":"<!--themify_builder_content-->\n<div id=\"themify_builder_content-1790\" data-postid=\"1790\" class=\"themify_builder_content themify_builder_content-1790 themify_builder tf_clear\">\n                    <div  data-css_id=\"vaqq964\" data-lazy=\"1\" class=\"module_row themify_builder_row fullwidth_row_container tb_vaqq964 tb_first tf_w\">\n            <span  class=\"builder_row_cover tf_abs\" data-lazy=\"1\"><\/span>            <div class=\"row_inner col_align_top tb_col_count_1 tf_box tf_rel\">\n                        <div  data-lazy=\"1\" class=\"module_column tb-column col-full tb_t2ft965 first\">\n                            <\/div>\n                        <\/div>\n        <\/div>\n                        <div  data-lazy=\"1\" class=\"module_row themify_builder_row tb_o2sl583 tf_w\">\n                        <div class=\"row_inner col_align_top tb_col_count_3 tf_box tf_rel\">\n                        <div  data-lazy=\"1\" class=\"module_column tb-column col4-1 tb_eakw585 first\">\n                    <!-- module image -->\n<div  class=\"module module-image tb_sioz771 image-top   tf_mw\" data-lazy=\"1\">\n        <div class=\"image-wrap tf_rel tf_mw\">\n            <img loading=\"lazy\" decoding=\"async\" src=\"https:\/\/pargikeskus.ee\/wp-content\/uploads\/2020\/11\/CyberShop-250x38.png\" width=\"250\" height=\"38\" class=\"wp-post-image wp-image-755\" title=\"CyberShop\" alt=\"CyberShop\" srcset=\"https:\/\/pargikeskus.ee\/wp-content\/uploads\/2020\/11\/CyberShop-250x38.png 250w, https:\/\/pargikeskus.ee\/wp-content\/uploads\/2020\/11\/CyberShop-300x47.png 300w, https:\/\/pargikeskus.ee\/wp-content\/uploads\/2020\/11\/CyberShop-768x119.png 768w, https:\/\/pargikeskus.ee\/wp-content\/uploads\/2020\/11\/CyberShop.png 1000w\" sizes=\"auto, (max-width: 250px) 100vw, 250px\" \/>    \n        <\/div>\n    <!-- \/image-wrap -->\n    \n        <\/div>\n<!-- \/module image --><!-- module text -->\n<div  class=\"module module-text tb_okrb801   \" data-lazy=\"1\">\n        <div  class=\"tb_text_wrap\">\n        <h2>Avatud<\/h2>\n<p>E-L 10:00 \u2013 20:00<br \/>P 10:00 \u2013 18:00<\/p>    <\/div>\n<\/div>\n<!-- \/module text --><!-- module text -->\n<div  class=\"module module-text tb_kigd663   \" data-lazy=\"1\">\n        <div  class=\"tb_text_wrap\">\n        <h2>Kontaktandmed<\/h2>\n<p><a href=\"tel:+37253425326\">+372 53425326<br \/><\/a><a href=\"mailto:info@cs.ee\">info@cs.ee<\/a><br \/><a href=\"https:\/\/cs.ee\" target=\"_blank\" rel=\"noopener\">www.cs.ee<\/a><\/p>\n<p><a href=\"https:\/\/www.facebook.com\/www.cs.ee\/\" target=\"_blank\" rel=\"noopener\">Facebook<\/a><\/p>    <\/div>\n<\/div>\n<!-- \/module text -->        <\/div>\n                    <div  data-lazy=\"1\" class=\"module_column tb-column col4-2 tb_vsql267\">\n                    <!-- module text -->\n<div  class=\"module module-text tb_1aer314   \" data-lazy=\"1\">\n        <div  class=\"tb_text_wrap\">\n        <h1>Cybershop<\/h1>\n<p>CYBERSHOP \u2013 elektronika, kodu- ja b\u00fcrootehnika pood, mis asub J\u00f5hvis. Meie tootevalik on \u00fcle 1000 toodet.<\/p>\n<p>Meie rahvusvaheli partnersus annab meie kliendile teada k\u00f5igest uuest innovatsioonist ning saada eksklusiivsed toodet.<\/p>\n<p>\u2013 Lai tootevalik.<br \/>\u2013 Mugav j\u00e4relmaks suurte ostude jaoks!<br \/>\u2013 Kvaliteetne teenus<br \/>\u2013 S\u00fclearvutite ja lauaarvutite garantii \u2013 4 aastat<\/p>\n<p>CYBERSHOP \u2013 see on ka teenindusettev\u00f5te, mis paigaldab, t\u00e4idab uuesti toonerit, seadistab, remondib igasuguse keerukusega arvuti- ja mobiiliseadmeid Ida Virumaal.<\/p>\n<p>\u2013 Arvutite ja s\u00fclearvutite remont Ida-Virumaal<br \/>\u2013 Tahvelarvutite remont<br \/>\u2013 Mobiiltelefonide ja nutitelefonide remont<br \/>\u2013 Printeri remont ja tooneri t\u00e4itmine<br \/>\u2013 Tarkvara installeerimine ja palju muud<\/p>    <\/div>\n<\/div>\n<!-- \/module text -->        <\/div>\n                    <div  data-lazy=\"1\" class=\"module_column tb-column col4-1 tb_5dk8978 last\">\n                    <!-- module text -->\n<div  class=\"module module-text tb_yodt295   \" data-lazy=\"1\">\n        <div  class=\"tb_text_wrap\">\n        <h2>Asukoht<\/h2>    <\/div>\n<\/div>\n<!-- \/module text --><!-- module image pro -->\n<div  class=\"module module-pro-image tb_57uv26 filter-none effect-shine   tf_textc   entrance-effect-fadeIn\" data-lazy=\"1\" data-entrance-effect=\"fadeIn\" data-exit-effect=\"fadeOut\" >\n\t\n    <div class=\"image-pro-wrap tf_rel tf_overflow tf_inline_b\">\n\t\t\t\t\t<a class=\"image-pro-external themify_lightbox tf_abs tf_w tf_h\" href=\"https:\/\/pargikeskus.ee\/wp-content\/uploads\/2020\/11\/cybershop.jpg\" target=\"_blank\"><span class=\"screen-reader-text\">Link<\/span><\/a>\n\t\t   \t\t<div class=\"image-pro-flip-box-wrap tf_rel tf_w tf_overflow\">\n\t\t\t<div class=\"image-pro-flip-box tf_rel\">\n\n\t\t\t\t<img loading=\"lazy\" decoding=\"async\" width=\"1440\" height=\"1107\" src=\"https:\/\/pargikeskus.ee\/wp-content\/uploads\/2020\/11\/cybershop.jpg\" class=\"wp-post-image wp-image-1791\" title=\"cybershop\" alt=\"cybershop\" srcset=\"https:\/\/pargikeskus.ee\/wp-content\/uploads\/2020\/11\/cybershop.jpg 1440w, https:\/\/pargikeskus.ee\/wp-content\/uploads\/2020\/11\/cybershop-300x231.jpg 300w, https:\/\/pargikeskus.ee\/wp-content\/uploads\/2020\/11\/cybershop-1024x787.jpg 1024w, https:\/\/pargikeskus.ee\/wp-content\/uploads\/2020\/11\/cybershop-768x590.jpg 768w\" sizes=\"auto, (max-width: 1440px) 100vw, 1440px\" \/>\n\t\t\t\t\n\t\t\t<\/div>\n\t\t<\/div>\n\n    <\/div><!-- .image-pro-wrap -->\n\n\t\n\t\n\t<\/div><!-- \/module image pro --><!-- module text -->\n<div  class=\"module module-text tb_6zlg979   \" data-lazy=\"1\">\n        <div  class=\"tb_text_wrap\">\n        <p><span id=\"kampaania\"><\/span><\/p>\n    <\/div>\n<\/div>\n<!-- \/module text --><!-- module text -->\n<div  class=\"module module-text tb_qx87375   \" data-lazy=\"1\">\n        <div  class=\"tb_text_wrap\">\n            <\/div>\n<\/div>\n<!-- \/module text -->        <\/div>\n                        <\/div>\n        <\/div>\n        <\/div>\n<!--\/themify_builder_content-->","protected":false},"excerpt":{"rendered":"<p>Avatud E-L 10:00 \u2013 20:00P 10:00 \u2013 18:00 Kontaktandmed +372 53425326info@cs.eewww.cs.ee Facebook Cybershop CYBERSHOP \u2013 elektronika, kodu- ja b\u00fcrootehnika pood, mis asub J\u00f5hvis. Meie tootevalik on \u00fcle 1000 toodet. Meie rahvusvaheli partnersus annab meie kliendile teada k\u00f5igest uuest innovatsioonist ning saada eksklusiivsed toodet. \u2013 Lai tootevalik.\u2013 Mugav j\u00e4relmaks suurte ostude jaoks!\u2013 Kvaliteetne teenus\u2013 S\u00fclearvutite ja [&hellip;]<\/p>\n","protected":false},"author":1,"featured_media":0,"parent":1702,"menu_order":0,"comment_status":"closed","ping_status":"closed","template":"","meta":{"footnotes":""},"class_list":["post-1790","page","type-page","status-publish","hentry","has-post-title","has-post-date","has-post-category","has-post-tag","has-post-comment","has-post-author",""],"yoast_head":"<!-- This site is optimized with the Yoast SEO plugin v27.4 - https:\/\/yoast.com\/product\/yoast-seo-wordpress\/ -->\n<title>Cybershop - Pargi Keskus<\/title>\n<meta name=\"robots\" content=\"index, follow, max-snippet:-1, max-image-preview:large, max-video-preview:-1\" \/>\n<link rel=\"canonical\" href=\"https:\/\/pargikeskus.ee\/en\/kauplused\/cybershop\/\" \/>\n<meta property=\"og:locale\" content=\"en_US\" \/>\n<meta property=\"og:type\" content=\"article\" \/>\n<meta property=\"og:title\" content=\"Cybershop - Pargi Keskus\" \/>\n<meta property=\"og:description\" content=\"Avatud E-L 10:00 \u2013 20:00P 10:00 \u2013 18:00 Kontaktandmed +372 53425326info@cs.eewww.cs.ee Facebook Cybershop CYBERSHOP \u2013 elektronika, kodu- ja b\u00fcrootehnika pood, mis asub J\u00f5hvis. Meie tootevalik on \u00fcle 1000 toodet. Meie rahvusvaheli partnersus annab meie kliendile teada k\u00f5igest uuest innovatsioonist ning saada eksklusiivsed toodet. \u2013 Lai tootevalik.\u2013 Mugav j\u00e4relmaks suurte ostude jaoks!\u2013 Kvaliteetne teenus\u2013 S\u00fclearvutite ja [&hellip;]\" \/>\n<meta property=\"og:url\" content=\"https:\/\/pargikeskus.ee\/en\/kauplused\/cybershop\/\" \/>\n<meta property=\"og:site_name\" content=\"Pargi Keskus\" \/>\n<meta property=\"article:modified_time\" content=\"2024-08-09T08:45:07+00:00\" \/>\n<meta property=\"og:image\" content=\"https:\/\/pargikeskus.ee\/wp-content\/uploads\/2020\/11\/CyberShop-250x38.png\" \/>\n<meta name=\"twitter:card\" content=\"summary_large_image\" \/>\n<meta name=\"twitter:label1\" content=\"Est. reading time\" \/>\n\t<meta name=\"twitter:data1\" content=\"1 minute\" \/>\n<script type=\"application\/ld+json\" class=\"yoast-schema-graph\">{\"@context\":\"https:\\\/\\\/schema.org\",\"@graph\":[{\"@type\":\"WebPage\",\"@id\":\"https:\\\/\\\/pargikeskus.ee\\\/en\\\/kauplused\\\/cybershop\\\/\",\"url\":\"https:\\\/\\\/pargikeskus.ee\\\/en\\\/kauplused\\\/cybershop\\\/\",\"name\":\"Cybershop - Pargi Keskus\",\"isPartOf\":{\"@id\":\"https:\\\/\\\/pargikeskus.ee\\\/ru\\\/#website\"},\"primaryImageOfPage\":{\"@id\":\"https:\\\/\\\/pargikeskus.ee\\\/en\\\/kauplused\\\/cybershop\\\/#primaryimage\"},\"image\":{\"@id\":\"https:\\\/\\\/pargikeskus.ee\\\/en\\\/kauplused\\\/cybershop\\\/#primaryimage\"},\"thumbnailUrl\":\"https:\\\/\\\/pargikeskus.ee\\\/wp-content\\\/uploads\\\/2020\\\/11\\\/CyberShop-250x38.png\",\"datePublished\":\"2020-11-04T09:50:22+00:00\",\"dateModified\":\"2024-08-09T08:45:07+00:00\",\"breadcrumb\":{\"@id\":\"https:\\\/\\\/pargikeskus.ee\\\/en\\\/kauplused\\\/cybershop\\\/#breadcrumb\"},\"inLanguage\":\"en-US\",\"potentialAction\":[{\"@type\":\"ReadAction\",\"target\":[\"https:\\\/\\\/pargikeskus.ee\\\/en\\\/kauplused\\\/cybershop\\\/\"]}]},{\"@type\":\"ImageObject\",\"inLanguage\":\"en-US\",\"@id\":\"https:\\\/\\\/pargikeskus.ee\\\/en\\\/kauplused\\\/cybershop\\\/#primaryimage\",\"url\":\"https:\\\/\\\/pargikeskus.ee\\\/wp-content\\\/uploads\\\/2020\\\/11\\\/CyberShop-250x38.png\",\"contentUrl\":\"https:\\\/\\\/pargikeskus.ee\\\/wp-content\\\/uploads\\\/2020\\\/11\\\/CyberShop-250x38.png\"},{\"@type\":\"BreadcrumbList\",\"@id\":\"https:\\\/\\\/pargikeskus.ee\\\/en\\\/kauplused\\\/cybershop\\\/#breadcrumb\",\"itemListElement\":[{\"@type\":\"ListItem\",\"position\":1,\"name\":\"Home\",\"item\":\"https:\\\/\\\/pargikeskus.ee\\\/en\\\/\"},{\"@type\":\"ListItem\",\"position\":2,\"name\":\"Shops\",\"item\":\"https:\\\/\\\/pargikeskus.ee\\\/en\\\/kauplused\\\/\"},{\"@type\":\"ListItem\",\"position\":3,\"name\":\"Cybershop\"}]},{\"@type\":\"WebSite\",\"@id\":\"https:\\\/\\\/pargikeskus.ee\\\/ru\\\/#website\",\"url\":\"https:\\\/\\\/pargikeskus.ee\\\/ru\\\/\",\"name\":\"Pargi Keskus\",\"description\":\"\",\"potentialAction\":[{\"@type\":\"SearchAction\",\"target\":{\"@type\":\"EntryPoint\",\"urlTemplate\":\"https:\\\/\\\/pargikeskus.ee\\\/ru\\\/?s={search_term_string}\"},\"query-input\":{\"@type\":\"PropertyValueSpecification\",\"valueRequired\":true,\"valueName\":\"search_term_string\"}}],\"inLanguage\":\"en-US\"}]}<\/script>\n<!-- \/ Yoast SEO plugin. -->","yoast_head_json":{"title":"Cybershop - Pargi Keskus","robots":{"index":"index","follow":"follow","max-snippet":"max-snippet:-1","max-image-preview":"max-image-preview:large","max-video-preview":"max-video-preview:-1"},"canonical":"https:\/\/pargikeskus.ee\/en\/kauplused\/cybershop\/","og_locale":"en_US","og_type":"article","og_title":"Cybershop - Pargi Keskus","og_description":"Avatud E-L 10:00 \u2013 20:00P 10:00 \u2013 18:00 Kontaktandmed +372 53425326info@cs.eewww.cs.ee Facebook Cybershop CYBERSHOP \u2013 elektronika, kodu- ja b\u00fcrootehnika pood, mis asub J\u00f5hvis. Meie tootevalik on \u00fcle 1000 toodet. Meie rahvusvaheli partnersus annab meie kliendile teada k\u00f5igest uuest innovatsioonist ning saada eksklusiivsed toodet. \u2013 Lai tootevalik.\u2013 Mugav j\u00e4relmaks suurte ostude jaoks!\u2013 Kvaliteetne teenus\u2013 S\u00fclearvutite ja [&hellip;]","og_url":"https:\/\/pargikeskus.ee\/en\/kauplused\/cybershop\/","og_site_name":"Pargi Keskus","article_modified_time":"2024-08-09T08:45:07+00:00","og_image":[{"url":"https:\/\/pargikeskus.ee\/wp-content\/uploads\/2020\/11\/CyberShop-250x38.png","type":"","width":"","height":""}],"twitter_card":"summary_large_image","twitter_misc":{"Est. reading time":"1 minute"},"schema":{"@context":"https:\/\/schema.org","@graph":[{"@type":"WebPage","@id":"https:\/\/pargikeskus.ee\/en\/kauplused\/cybershop\/","url":"https:\/\/pargikeskus.ee\/en\/kauplused\/cybershop\/","name":"Cybershop - Pargi Keskus","isPartOf":{"@id":"https:\/\/pargikeskus.ee\/ru\/#website"},"primaryImageOfPage":{"@id":"https:\/\/pargikeskus.ee\/en\/kauplused\/cybershop\/#primaryimage"},"image":{"@id":"https:\/\/pargikeskus.ee\/en\/kauplused\/cybershop\/#primaryimage"},"thumbnailUrl":"https:\/\/pargikeskus.ee\/wp-content\/uploads\/2020\/11\/CyberShop-250x38.png","datePublished":"2020-11-04T09:50:22+00:00","dateModified":"2024-08-09T08:45:07+00:00","breadcrumb":{"@id":"https:\/\/pargikeskus.ee\/en\/kauplused\/cybershop\/#breadcrumb"},"inLanguage":"en-US","potentialAction":[{"@type":"ReadAction","target":["https:\/\/pargikeskus.ee\/en\/kauplused\/cybershop\/"]}]},{"@type":"ImageObject","inLanguage":"en-US","@id":"https:\/\/pargikeskus.ee\/en\/kauplused\/cybershop\/#primaryimage","url":"https:\/\/pargikeskus.ee\/wp-content\/uploads\/2020\/11\/CyberShop-250x38.png","contentUrl":"https:\/\/pargikeskus.ee\/wp-content\/uploads\/2020\/11\/CyberShop-250x38.png"},{"@type":"BreadcrumbList","@id":"https:\/\/pargikeskus.ee\/en\/kauplused\/cybershop\/#breadcrumb","itemListElement":[{"@type":"ListItem","position":1,"name":"Home","item":"https:\/\/pargikeskus.ee\/en\/"},{"@type":"ListItem","position":2,"name":"Shops","item":"https:\/\/pargikeskus.ee\/en\/kauplused\/"},{"@type":"ListItem","position":3,"name":"Cybershop"}]},{"@type":"WebSite","@id":"https:\/\/pargikeskus.ee\/ru\/#website","url":"https:\/\/pargikeskus.ee\/ru\/","name":"Pargi Keskus","description":"","potentialAction":[{"@type":"SearchAction","target":{"@type":"EntryPoint","urlTemplate":"https:\/\/pargikeskus.ee\/ru\/?s={search_term_string}"},"query-input":{"@type":"PropertyValueSpecification","valueRequired":true,"valueName":"search_term_string"}}],"inLanguage":"en-US"}]}},"builder_content":"<img src=\"https:\/\/pargikeskus.ee\/wp-content\/uploads\/2020\/11\/CyberShop-250x38.png\" width=\"250\" height=\"38\" title=\"CyberShop\" alt=\"CyberShop\" srcset=\"https:\/\/pargikeskus.ee\/wp-content\/uploads\/2020\/11\/CyberShop-250x38.png 250w, https:\/\/pargikeskus.ee\/wp-content\/uploads\/2020\/11\/CyberShop-300x47.png 300w, https:\/\/pargikeskus.ee\/wp-content\/uploads\/2020\/11\/CyberShop-768x119.png 768w, https:\/\/pargikeskus.ee\/wp-content\/uploads\/2020\/11\/CyberShop.png 1000w\" sizes=\"(max-width: 250px) 100vw, 250px\" \/>\n<h2>Avatud<\/h2> <p>E-L 10:00 \u2013 20:00<br \/>P 10:00 \u2013 18:00<\/p>\n<h2>Kontaktandmed<\/h2> <p><a href=\"tel:+37253425326\">+372 53425326<br \/><\/a><a href=\"mailto:info@cs.ee\">info@cs.ee<\/a><br \/><a href=\"https:\/\/cs.ee\" target=\"_blank\" rel=\"noopener\">www.cs.ee<\/a><\/p> <p><a href=\"https:\/\/www.facebook.com\/www.cs.ee\/\" target=\"_blank\" rel=\"noopener\">Facebook<\/a><\/p>\n<h1>Cybershop<\/h1> <p>CYBERSHOP \u2013 elektronika, kodu- ja b\u00fcrootehnika pood, mis asub J\u00f5hvis. Meie tootevalik on \u00fcle 1000 toodet.<\/p> <p>Meie rahvusvaheli partnersus annab meie kliendile teada k\u00f5igest uuest innovatsioonist ning saada eksklusiivsed toodet.<\/p> <p>\u2013 Lai tootevalik.<br \/>\u2013 Mugav j\u00e4relmaks suurte ostude jaoks!<br \/>\u2013 Kvaliteetne teenus<br \/>\u2013 S\u00fclearvutite ja lauaarvutite garantii \u2013 4 aastat<\/p> <p>CYBERSHOP \u2013 see on ka teenindusettev\u00f5te, mis paigaldab, t\u00e4idab uuesti toonerit, seadistab, remondib igasuguse keerukusega arvuti- ja mobiiliseadmeid Ida Virumaal.<\/p> <p>\u2013 Arvutite ja s\u00fclearvutite remont Ida-Virumaal<br \/>\u2013 Tahvelarvutite remont<br \/>\u2013 Mobiiltelefonide ja nutitelefonide remont<br \/>\u2013 Printeri remont ja tooneri t\u00e4itmine<br \/>\u2013 Tarkvara installeerimine ja palju muud<\/p>\n<h2>Asukoht<\/h2>\n<a href=\"https:\/\/pargikeskus.ee\/wp-content\/uploads\/2020\/11\/cybershop.jpg\" target=\"_blank\">Link<\/a> \n <img src=\"https:\/\/pargikeskus.ee\/wp-content\/uploads\/2020\/11\/cybershop.jpg\" title=\"cybershop\" alt=\"cybershop\" srcset=\"https:\/\/pargikeskus.ee\/wp-content\/uploads\/2020\/11\/cybershop.jpg 1440w, https:\/\/pargikeskus.ee\/wp-content\/uploads\/2020\/11\/cybershop-300x231.jpg 300w, https:\/\/pargikeskus.ee\/wp-content\/uploads\/2020\/11\/cybershop-1024x787.jpg 1024w, https:\/\/pargikeskus.ee\/wp-content\/uploads\/2020\/11\/cybershop-768x590.jpg 768w\" sizes=\"(max-width: 1440px) 100vw, 1440px\" \/>\n<p><\/p>\n<p>[campaign]<\/p>","_links":{"self":[{"href":"https:\/\/pargikeskus.ee\/en\/wp-json\/wp\/v2\/pages\/1790","targetHints":{"allow":["GET"]}}],"collection":[{"href":"https:\/\/pargikeskus.ee\/en\/wp-json\/wp\/v2\/pages"}],"about":[{"href":"https:\/\/pargikeskus.ee\/en\/wp-json\/wp\/v2\/types\/page"}],"author":[{"embeddable":true,"href":"https:\/\/pargikeskus.ee\/en\/wp-json\/wp\/v2\/users\/1"}],"replies":[{"embeddable":true,"href":"https:\/\/pargikeskus.ee\/en\/wp-json\/wp\/v2\/comments?post=1790"}],"version-history":[{"count":3,"href":"https:\/\/pargikeskus.ee\/en\/wp-json\/wp\/v2\/pages\/1790\/revisions"}],"predecessor-version":[{"id":9396,"href":"https:\/\/pargikeskus.ee\/en\/wp-json\/wp\/v2\/pages\/1790\/revisions\/9396"}],"up":[{"embeddable":true,"href":"https:\/\/pargikeskus.ee\/en\/wp-json\/wp\/v2\/pages\/1702"}],"wp:attachment":[{"href":"https:\/\/pargikeskus.ee\/en\/wp-json\/wp\/v2\/media?parent=1790"}],"curies":[{"name":"wp","href":"https:\/\/api.w.org\/{rel}","templated":true}]}}