{"id":1777,"date":"2020-11-05T11:49:02","date_gmt":"2020-11-05T11:49:02","guid":{"rendered":"https:\/\/pargikeskus.ee\/kauplused\/coop-pank\/"},"modified":"2024-08-09T11:45:04","modified_gmt":"2024-08-09T08:45:04","slug":"coop-pank","status":"publish","type":"page","link":"https:\/\/pargikeskus.ee\/en\/kauplused\/coop-pank\/","title":{"rendered":"Coop Pank"},"content":{"rendered":"<!--themify_builder_content-->\n<div id=\"themify_builder_content-1777\" data-postid=\"1777\" class=\"themify_builder_content themify_builder_content-1777 themify_builder tf_clear\">\n                    <div  data-css_id=\"vaqq964\" data-lazy=\"1\" class=\"module_row themify_builder_row fullwidth_row_container tb_vaqq964 tb_first tf_w\">\n            <span  class=\"builder_row_cover tf_abs\" data-lazy=\"1\"><\/span>            <div class=\"row_inner col_align_top tb_col_count_1 tf_box tf_rel\">\n                        <div  data-lazy=\"1\" class=\"module_column tb-column col-full tb_t2ft965 first\">\n                            <\/div>\n                        <\/div>\n        <\/div>\n                        <div  data-lazy=\"1\" class=\"module_row themify_builder_row tb_o2sl583 tf_w\">\n                        <div class=\"row_inner col_align_top tb_col_count_3 tf_box tf_rel\">\n                        <div  data-lazy=\"1\" class=\"module_column tb-column col4-1 tb_eakw585 first\">\n                    <!-- module image -->\n<div  class=\"module module-image tb_sioz771 image-top   tf_mw\" data-lazy=\"1\">\n        <div class=\"image-wrap tf_rel tf_mw\">\n            <img loading=\"lazy\" decoding=\"async\" src=\"https:\/\/pargikeskus.ee\/wp-content\/uploads\/2020\/11\/Coop-Pank-250x42.png\" width=\"250\" height=\"42\" class=\"wp-post-image wp-image-1076\" title=\"Coop Pank\" alt=\"Coop Pank\" srcset=\"https:\/\/pargikeskus.ee\/wp-content\/uploads\/2020\/11\/Coop-Pank-250x42.png 250w, https:\/\/pargikeskus.ee\/wp-content\/uploads\/2020\/11\/Coop-Pank-300x51.png 300w, https:\/\/pargikeskus.ee\/wp-content\/uploads\/2020\/11\/Coop-Pank-768x131.png 768w, https:\/\/pargikeskus.ee\/wp-content\/uploads\/2020\/11\/Coop-Pank-150x25.png 150w, https:\/\/pargikeskus.ee\/wp-content\/uploads\/2020\/11\/Coop-Pank.png 1000w\" sizes=\"auto, (max-width: 250px) 100vw, 250px\" \/>    \n        <\/div>\n    <!-- \/image-wrap -->\n    \n        <\/div>\n<!-- \/module image --><!-- module text -->\n<div  class=\"module module-text tb_okrb801   \" data-lazy=\"1\">\n        <div  class=\"tb_text_wrap\">\n        <h2>Avatud<\/h2>\n<p>E-R 10:00 \u2013 18:00<\/p>    <\/div>\n<\/div>\n<!-- \/module text --><!-- module text -->\n<div  class=\"module module-text tb_kigd663   \" data-lazy=\"1\">\n        <div  class=\"tb_text_wrap\">\n        <h2>Kontaktandmed<\/h2>\n<p>Tel: <a href=\"tel:+3726690966\">+372 6690966<\/a> (E-R 8:30-19:00)<br \/><a href=\"mailto:klienditugi@cooppank.ee\">klienditugi@cooppank.ee<\/a><\/p>\n<p><a href=\"https:\/\/www.cooppank.ee\/\" target=\"_blank\" rel=\"noopener\">www.cooppank.ee<\/a><\/p>    <\/div>\n<\/div>\n<!-- \/module text -->        <\/div>\n                    <div  data-lazy=\"1\" class=\"module_column tb-column col4-2 tb_vsql267\">\n                    <!-- module text -->\n<div  class=\"module module-text tb_1aer314   \" data-lazy=\"1\">\n        <div  class=\"tb_text_wrap\">\n        <h1>Coop Pank<\/h1>\n<p>Coop Pank on eestimaine pank, mis kuulub l\u00e4bi tarbijate \u00fchistute k\u00fcmnetele tuhandetele eestimaalastele. N\u00e4eme oma klientidena k\u00f5iki eestimaalasi, aga keskendume peamiselt eraklientidele ning v\u00e4ikese ja keskmise suurusega ettev\u00f5tetele.<\/p>\n<p>Pakume klientidele lihtsaid igap\u00e4evapanganduse ja finantseerimise tooteid. Meie kliendipakkumine on \u00fcles ehitatud panganduse ja kaubanduse vahelisele s\u00fcnergiale ning kliendikasule. Oleme oma klientide jaoks olemas interneti- ja mobiilipangas, pangakontorites ja ka Coopi kauplustes.<\/p>    <\/div>\n<\/div>\n<!-- \/module text -->        <\/div>\n                    <div  data-lazy=\"1\" class=\"module_column tb-column col4-1 tb_5dk8978 last\">\n                    <!-- module text -->\n<div  class=\"module module-text tb_yodt295   \" data-lazy=\"1\">\n        <div  class=\"tb_text_wrap\">\n        <h2>Asukoht<\/h2>    <\/div>\n<\/div>\n<!-- \/module text --><!-- module image pro -->\n<div  class=\"module module-pro-image tb_57uv26 filter-none effect-shine   tf_textc   entrance-effect-fadeIn\" data-lazy=\"1\" data-entrance-effect=\"fadeIn\" data-exit-effect=\"fadeOut\" >\n\t\n    <div class=\"image-pro-wrap tf_rel tf_overflow tf_inline_b\">\n\t\t\t\t\t<a class=\"image-pro-external themify_lightbox tf_abs tf_w tf_h\" href=\"https:\/\/pargikeskus.ee\/wp-content\/uploads\/2020\/11\/Coop-Pank.jpg\" target=\"_blank\"><span class=\"screen-reader-text\">Link<\/span><\/a>\n\t\t   \t\t<div class=\"image-pro-flip-box-wrap tf_rel tf_w tf_overflow\">\n\t\t\t<div class=\"image-pro-flip-box tf_rel\">\n\n\t\t\t\t<img loading=\"lazy\" decoding=\"async\" width=\"1440\" height=\"1107\" src=\"https:\/\/pargikeskus.ee\/wp-content\/uploads\/2020\/11\/Coop-Pank.jpg\" class=\"wp-post-image wp-image-1778\" title=\"Coop Pank\" alt=\"Coop Pank\" srcset=\"https:\/\/pargikeskus.ee\/wp-content\/uploads\/2020\/11\/Coop-Pank.jpg 1440w, https:\/\/pargikeskus.ee\/wp-content\/uploads\/2020\/11\/Coop-Pank-300x231.jpg 300w, https:\/\/pargikeskus.ee\/wp-content\/uploads\/2020\/11\/Coop-Pank-1024x787.jpg 1024w, https:\/\/pargikeskus.ee\/wp-content\/uploads\/2020\/11\/Coop-Pank-768x590.jpg 768w\" sizes=\"auto, (max-width: 1440px) 100vw, 1440px\" \/>\n\t\t\t\t\n\t\t\t<\/div>\n\t\t<\/div>\n\n    <\/div><!-- .image-pro-wrap -->\n\n\t\n\t\n\t<\/div><!-- \/module image pro --><!-- module text -->\n<div  class=\"module module-text tb_6zlg979   \" data-lazy=\"1\">\n        <div  class=\"tb_text_wrap\">\n        <p><span id=\"kampaania\"><\/span><\/p>\n    <\/div>\n<\/div>\n<!-- \/module text --><!-- module text -->\n<div  class=\"module module-text tb_kyua703   \" data-lazy=\"1\">\n        <div  class=\"tb_text_wrap\">\n            <\/div>\n<\/div>\n<!-- \/module text -->        <\/div>\n                        <\/div>\n        <\/div>\n        <\/div>\n<!--\/themify_builder_content-->","protected":false},"excerpt":{"rendered":"<p>Avatud E-R 10:00 \u2013 18:00<\/p>\n","protected":false},"author":1,"featured_media":0,"parent":1702,"menu_order":0,"comment_status":"closed","ping_status":"closed","template":"","meta":{"footnotes":""},"class_list":["post-1777","page","type-page","status-publish","hentry","has-post-title","has-post-date","has-post-category","has-post-tag","has-post-comment","has-post-author",""],"yoast_head":"<!-- This site is optimized with the Yoast SEO plugin v27.2 - https:\/\/yoast.com\/product\/yoast-seo-wordpress\/ -->\n<title>Coop Pank - Pargi Keskus<\/title>\n<meta name=\"robots\" content=\"index, follow, max-snippet:-1, max-image-preview:large, max-video-preview:-1\" \/>\n<link rel=\"canonical\" href=\"https:\/\/pargikeskus.ee\/en\/kauplused\/coop-pank\/\" \/>\n<meta property=\"og:locale\" content=\"en_US\" \/>\n<meta property=\"og:type\" content=\"article\" \/>\n<meta property=\"og:title\" content=\"Coop Pank - Pargi Keskus\" \/>\n<meta property=\"og:description\" content=\"Avatud E-R 10:00 \u2013 18:00\" \/>\n<meta property=\"og:url\" content=\"https:\/\/pargikeskus.ee\/en\/kauplused\/coop-pank\/\" \/>\n<meta property=\"og:site_name\" content=\"Pargi Keskus\" \/>\n<meta property=\"article:modified_time\" content=\"2024-08-09T08:45:04+00:00\" \/>\n<meta name=\"twitter:card\" content=\"summary_large_image\" \/>\n<script type=\"application\/ld+json\" class=\"yoast-schema-graph\">{\"@context\":\"https:\/\/schema.org\",\"@graph\":[{\"@type\":\"WebPage\",\"@id\":\"https:\/\/pargikeskus.ee\/en\/kauplused\/coop-pank\/\",\"url\":\"https:\/\/pargikeskus.ee\/en\/kauplused\/coop-pank\/\",\"name\":\"Coop Pank - Pargi Keskus\",\"isPartOf\":{\"@id\":\"https:\/\/pargikeskus.ee\/ru\/#website\"},\"datePublished\":\"2020-11-05T11:49:02+00:00\",\"dateModified\":\"2024-08-09T08:45:04+00:00\",\"breadcrumb\":{\"@id\":\"https:\/\/pargikeskus.ee\/en\/kauplused\/coop-pank\/#breadcrumb\"},\"inLanguage\":\"en-US\",\"potentialAction\":[{\"@type\":\"ReadAction\",\"target\":[\"https:\/\/pargikeskus.ee\/en\/kauplused\/coop-pank\/\"]}]},{\"@type\":\"BreadcrumbList\",\"@id\":\"https:\/\/pargikeskus.ee\/en\/kauplused\/coop-pank\/#breadcrumb\",\"itemListElement\":[{\"@type\":\"ListItem\",\"position\":1,\"name\":\"Home\",\"item\":\"https:\/\/pargikeskus.ee\/en\/\"},{\"@type\":\"ListItem\",\"position\":2,\"name\":\"Shops\",\"item\":\"https:\/\/pargikeskus.ee\/en\/kauplused\/\"},{\"@type\":\"ListItem\",\"position\":3,\"name\":\"Coop Pank\"}]},{\"@type\":\"WebSite\",\"@id\":\"https:\/\/pargikeskus.ee\/ru\/#website\",\"url\":\"https:\/\/pargikeskus.ee\/ru\/\",\"name\":\"Pargi Keskus\",\"description\":\"\",\"potentialAction\":[{\"@type\":\"SearchAction\",\"target\":{\"@type\":\"EntryPoint\",\"urlTemplate\":\"https:\/\/pargikeskus.ee\/ru\/?s={search_term_string}\"},\"query-input\":{\"@type\":\"PropertyValueSpecification\",\"valueRequired\":true,\"valueName\":\"search_term_string\"}}],\"inLanguage\":\"en-US\"}]}<\/script>\n<!-- \/ Yoast SEO plugin. -->","yoast_head_json":{"title":"Coop Pank - Pargi Keskus","robots":{"index":"index","follow":"follow","max-snippet":"max-snippet:-1","max-image-preview":"max-image-preview:large","max-video-preview":"max-video-preview:-1"},"canonical":"https:\/\/pargikeskus.ee\/en\/kauplused\/coop-pank\/","og_locale":"en_US","og_type":"article","og_title":"Coop Pank - Pargi Keskus","og_description":"Avatud E-R 10:00 \u2013 18:00","og_url":"https:\/\/pargikeskus.ee\/en\/kauplused\/coop-pank\/","og_site_name":"Pargi Keskus","article_modified_time":"2024-08-09T08:45:04+00:00","twitter_card":"summary_large_image","schema":{"@context":"https:\/\/schema.org","@graph":[{"@type":"WebPage","@id":"https:\/\/pargikeskus.ee\/en\/kauplused\/coop-pank\/","url":"https:\/\/pargikeskus.ee\/en\/kauplused\/coop-pank\/","name":"Coop Pank - Pargi Keskus","isPartOf":{"@id":"https:\/\/pargikeskus.ee\/ru\/#website"},"datePublished":"2020-11-05T11:49:02+00:00","dateModified":"2024-08-09T08:45:04+00:00","breadcrumb":{"@id":"https:\/\/pargikeskus.ee\/en\/kauplused\/coop-pank\/#breadcrumb"},"inLanguage":"en-US","potentialAction":[{"@type":"ReadAction","target":["https:\/\/pargikeskus.ee\/en\/kauplused\/coop-pank\/"]}]},{"@type":"BreadcrumbList","@id":"https:\/\/pargikeskus.ee\/en\/kauplused\/coop-pank\/#breadcrumb","itemListElement":[{"@type":"ListItem","position":1,"name":"Home","item":"https:\/\/pargikeskus.ee\/en\/"},{"@type":"ListItem","position":2,"name":"Shops","item":"https:\/\/pargikeskus.ee\/en\/kauplused\/"},{"@type":"ListItem","position":3,"name":"Coop Pank"}]},{"@type":"WebSite","@id":"https:\/\/pargikeskus.ee\/ru\/#website","url":"https:\/\/pargikeskus.ee\/ru\/","name":"Pargi Keskus","description":"","potentialAction":[{"@type":"SearchAction","target":{"@type":"EntryPoint","urlTemplate":"https:\/\/pargikeskus.ee\/ru\/?s={search_term_string}"},"query-input":{"@type":"PropertyValueSpecification","valueRequired":true,"valueName":"search_term_string"}}],"inLanguage":"en-US"}]}},"builder_content":"<img src=\"https:\/\/pargikeskus.ee\/wp-content\/uploads\/2020\/11\/Coop-Pank-250x42.png\" width=\"250\" height=\"42\" title=\"Coop Pank\" alt=\"Coop Pank\" srcset=\"https:\/\/pargikeskus.ee\/wp-content\/uploads\/2020\/11\/Coop-Pank-250x42.png 250w, https:\/\/pargikeskus.ee\/wp-content\/uploads\/2020\/11\/Coop-Pank-300x51.png 300w, https:\/\/pargikeskus.ee\/wp-content\/uploads\/2020\/11\/Coop-Pank-768x131.png 768w, https:\/\/pargikeskus.ee\/wp-content\/uploads\/2020\/11\/Coop-Pank-150x25.png 150w, https:\/\/pargikeskus.ee\/wp-content\/uploads\/2020\/11\/Coop-Pank.png 1000w\" sizes=\"(max-width: 250px) 100vw, 250px\" \/>\n<h2>Avatud<\/h2> <p>E-R 10:00 \u2013 18:00<\/p>\n<h2>Kontaktandmed<\/h2> <p>Tel: <a href=\"tel:+3726690966\">+372 6690966<\/a> (E-R 8:30-19:00)<br \/><a href=\"mailto:klienditugi@cooppank.ee\">klienditugi@cooppank.ee<\/a><\/p> <p><a href=\"https:\/\/www.cooppank.ee\/\" target=\"_blank\" rel=\"noopener\">www.cooppank.ee<\/a><\/p>\n<h1>Coop Pank<\/h1> <p>Coop Pank on eestimaine pank, mis kuulub l\u00e4bi tarbijate \u00fchistute k\u00fcmnetele tuhandetele eestimaalastele. N\u00e4eme oma klientidena k\u00f5iki eestimaalasi, aga keskendume peamiselt eraklientidele ning v\u00e4ikese ja keskmise suurusega ettev\u00f5tetele.<\/p> <p>Pakume klientidele lihtsaid igap\u00e4evapanganduse ja finantseerimise tooteid. Meie kliendipakkumine on \u00fcles ehitatud panganduse ja kaubanduse vahelisele s\u00fcnergiale ning kliendikasule. Oleme oma klientide jaoks olemas interneti- ja mobiilipangas, pangakontorites ja ka Coopi kauplustes.<\/p>\n<h2>Asukoht<\/h2>\n<a href=\"https:\/\/pargikeskus.ee\/wp-content\/uploads\/2020\/11\/Coop-Pank.jpg\" target=\"_blank\">Link<\/a> \n <img src=\"https:\/\/pargikeskus.ee\/wp-content\/uploads\/2020\/11\/Coop-Pank.jpg\" title=\"Coop Pank\" alt=\"Coop Pank\" srcset=\"https:\/\/pargikeskus.ee\/wp-content\/uploads\/2020\/11\/Coop-Pank.jpg 1440w, https:\/\/pargikeskus.ee\/wp-content\/uploads\/2020\/11\/Coop-Pank-300x231.jpg 300w, https:\/\/pargikeskus.ee\/wp-content\/uploads\/2020\/11\/Coop-Pank-1024x787.jpg 1024w, https:\/\/pargikeskus.ee\/wp-content\/uploads\/2020\/11\/Coop-Pank-768x590.jpg 768w\" sizes=\"(max-width: 1440px) 100vw, 1440px\" \/>\n<p><\/p>\n<p>[campaign]<\/p>","_links":{"self":[{"href":"https:\/\/pargikeskus.ee\/en\/wp-json\/wp\/v2\/pages\/1777","targetHints":{"allow":["GET"]}}],"collection":[{"href":"https:\/\/pargikeskus.ee\/en\/wp-json\/wp\/v2\/pages"}],"about":[{"href":"https:\/\/pargikeskus.ee\/en\/wp-json\/wp\/v2\/types\/page"}],"author":[{"embeddable":true,"href":"https:\/\/pargikeskus.ee\/en\/wp-json\/wp\/v2\/users\/1"}],"replies":[{"embeddable":true,"href":"https:\/\/pargikeskus.ee\/en\/wp-json\/wp\/v2\/comments?post=1777"}],"version-history":[{"count":6,"href":"https:\/\/pargikeskus.ee\/en\/wp-json\/wp\/v2\/pages\/1777\/revisions"}],"predecessor-version":[{"id":9395,"href":"https:\/\/pargikeskus.ee\/en\/wp-json\/wp\/v2\/pages\/1777\/revisions\/9395"}],"up":[{"embeddable":true,"href":"https:\/\/pargikeskus.ee\/en\/wp-json\/wp\/v2\/pages\/1702"}],"wp:attachment":[{"href":"https:\/\/pargikeskus.ee\/en\/wp-json\/wp\/v2\/media?parent=1777"}],"curies":[{"name":"wp","href":"https:\/\/api.w.org\/{rel}","templated":true}]}}