{"id":1744,"date":"2026-01-12T10:47:56","date_gmt":"2026-01-12T07:47:56","guid":{"rendered":"https:\/\/pargikeskus.ee\/kauplused\/ccc\/"},"modified":"2026-02-17T12:51:14","modified_gmt":"2026-02-17T09:51:14","slug":"ccc","status":"publish","type":"page","link":"https:\/\/pargikeskus.ee\/en\/kauplused\/ccc\/","title":{"rendered":"CCC"},"content":{"rendered":"<!--themify_builder_content-->\n<div id=\"themify_builder_content-1744\" data-postid=\"1744\" class=\"themify_builder_content themify_builder_content-1744 themify_builder tf_clear\">\n                    <div  data-css_id=\"vaqq964\" data-lazy=\"1\" class=\"module_row themify_builder_row fullwidth_row_container tb_vaqq964 tb_first tf_w\">\n            <span  class=\"builder_row_cover tf_abs\" data-lazy=\"1\"><\/span>            <div class=\"row_inner col_align_top tb_col_count_1 tf_box tf_rel\">\n                        <div  data-lazy=\"1\" class=\"module_column tb-column col-full tb_t2ft965 first\">\n                            <\/div>\n                        <\/div>\n        <\/div>\n                        <div  data-lazy=\"1\" class=\"module_row themify_builder_row tb_o2sl583 tf_w\">\n                        <div class=\"row_inner col_align_top tb_col_count_3 tf_box tf_rel\">\n                        <div  data-lazy=\"1\" class=\"module_column tb-column col4-1 tb_eakw585 first\">\n                    <!-- module image -->\n<div  class=\"module module-image tb_sioz771 image-top   tf_mw\" data-lazy=\"1\">\n        <div class=\"image-wrap tf_rel tf_mw\">\n            <img loading=\"lazy\" decoding=\"async\" src=\"https:\/\/pargikeskus.ee\/wp-content\/uploads\/2021\/05\/logo-black-jpg-1024x1024-250x250.jpg\" width=\"250\" height=\"250\" class=\"wp-post-image wp-image-3836\" title=\"logo-black-jpg\" alt=\"logo-black-jpg\" srcset=\"https:\/\/pargikeskus.ee\/wp-content\/uploads\/2021\/05\/logo-black-jpg-1024x1024-250x250.jpg 250w, https:\/\/pargikeskus.ee\/wp-content\/uploads\/2021\/05\/logo-black-jpg-300x300.jpg 300w, https:\/\/pargikeskus.ee\/wp-content\/uploads\/2021\/05\/logo-black-jpg-1024x1024.jpg 1024w, https:\/\/pargikeskus.ee\/wp-content\/uploads\/2021\/05\/logo-black-jpg-150x150.jpg 150w, https:\/\/pargikeskus.ee\/wp-content\/uploads\/2021\/05\/logo-black-jpg-768x768.jpg 768w, https:\/\/pargikeskus.ee\/wp-content\/uploads\/2021\/05\/logo-black-jpg-1536x1536.jpg 1536w, https:\/\/pargikeskus.ee\/wp-content\/uploads\/2021\/05\/logo-black-jpg-2048x2048.jpg 2048w, https:\/\/pargikeskus.ee\/wp-content\/uploads\/2021\/05\/logo-black-jpg-1024x1024-200x200.jpg 200w\" sizes=\"auto, (max-width: 250px) 100vw, 250px\" \/>    \n        <\/div>\n    <!-- \/image-wrap -->\n    \n        <\/div>\n<!-- \/module image --><!-- module text -->\n<div  class=\"module module-text tb_okrb801   \" data-lazy=\"1\">\n        <div  class=\"tb_text_wrap\">\n        <h2>Avatud<\/h2>\n<p>E-L 10:00 \u2013 20:00<br \/>P 10:00 \u2013 19:00<\/p>    <\/div>\n<\/div>\n<!-- \/module text --><!-- module text -->\n<div  class=\"module module-text tb_ycvt906   \" data-lazy=\"1\">\n        <div  class=\"tb_text_wrap\">\n        <h2>Kontaktandmed<\/h2>\n<p><a href=\"tel:++37253885155\">+372 5388515<\/a>5<br \/><a href=\"http:\/\/www.ccc.eu\/\" target=\"_blank\" rel=\"noopener\">www.ccc.eu<\/a><\/p>\n<p><a href=\"https:\/\/www.instagram.com\/cccshoesbags\" target=\"_blank\" rel=\"noopener\">Instagram<\/a><br \/><a href=\"https:\/\/www.facebook.com\/CCC\/\" target=\"_blank\" rel=\"noopener\">Facebook<\/a><br \/><a href=\"https:\/\/www.linkedin.com\/company\/cccsa\/\" target=\"_blank\" rel=\"noopener\">Linkedin<\/a><br \/><a href=\"https:\/\/www.tiktok.com\/@cccshoesbags\" target=\"_blank\" rel=\"noopener\">TikTok<\/a><\/p>    <\/div>\n<\/div>\n<!-- \/module text -->        <\/div>\n                    <div  data-lazy=\"1\" class=\"module_column tb-column col4-2 tb_vsql267\">\n                    <!-- module text -->\n<div  class=\"module module-text tb_yq5c283   \" data-lazy=\"1\">\n        <div  class=\"tb_text_wrap\">\n        <h1>CCC Pargi Keskuses \u2013 jalatsid ja moekaup J\u00f5hvis<\/h1>\n<p>CCC toob sinuni v\u00e4rskeimad moetrendid atraktiivsete hindadega. Laia jalan\u00f5ude, kottide ja aksessuaaride valikuga leiad k\u00f5ik vajaliku, et v\u00e4ljendada oma isikup\u00e4rast stiili.<\/p>\n<p>CCC-ga on mood alati k\u00e4eulatuses \u2013 valmis sind saatma igal hetkel.<\/p>\n<p>Avasta uusimad kollektsioonid maailmakuulsatelt br\u00e4ndidelt nagu Nine West New York, Juicy Couture, Hunter, Beverly Hills Polo Club, Mexx ja G-STAR, samuti lai valik oma kaubam\u00e4rke \u2013 Gino Rossi, Lasocki, Badura, Jenny, Sprandi ja DeeZee.<\/p>\n<p>Sportliku stiili austajatele pakume tooteid br\u00e4ndidelt Reebok, Kappa, adidas, Puma, Champion, Vans, New Balance, DC ja SHAQ.<\/p>\n<p>K\u00f5ige noorematele moes\u00f5pradele \u2013 jalan\u00f5ud ja aksessuaarid Disney ja Marvel tegelastega ning paljud teised populaarsed kollektsioonid! Mugav ostlemine, lai valik ja uusimad moetrendid \u2013 k\u00f5ik \u00fches kohas, just sinu jaoks.<\/p>\n<p style=\"font-weight: 400;\">Leia v\u00e4rskeimad tooted ja info meie kauplustest ning veebist.<\/p>    <\/div>\n<\/div>\n<!-- \/module text -->        <\/div>\n                    <div  data-lazy=\"1\" class=\"module_column tb-column col4-1 tb_5dk8978 last\">\n                    <!-- module text -->\n<div  class=\"module module-text tb_yodt295   \" data-lazy=\"1\">\n        <div  class=\"tb_text_wrap\">\n        <h2>Asukoht<\/h2>    <\/div>\n<\/div>\n<!-- \/module text --><!-- module image pro -->\n<div  class=\"module module-pro-image tb_57uv26 filter-none effect-shine   tf_textc   entrance-effect-fadeIn\" data-lazy=\"1\" data-entrance-effect=\"fadeIn\" data-exit-effect=\"fadeOut\" >\n\t\n    <div class=\"image-pro-wrap tf_rel tf_overflow tf_inline_b\">\n\t\t\t\t\t<a class=\"image-pro-external themify_lightbox tf_abs tf_w tf_h\" href=\"https:\/\/pargikeskus.ee\/wp-content\/uploads\/2020\/10\/CCC.jpg\" ><span class=\"screen-reader-text\">Link<\/span><\/a>\n\t\t   \t\t<div class=\"image-pro-flip-box-wrap tf_rel tf_w tf_overflow\">\n\t\t\t<div class=\"image-pro-flip-box tf_rel\">\n\n\t\t\t\t<img loading=\"lazy\" decoding=\"async\" width=\"1440\" height=\"1107\" src=\"https:\/\/pargikeskus.ee\/wp-content\/uploads\/2020\/10\/CCC.jpg\" class=\"wp-post-image wp-image-364\" title=\"CCC\" alt=\"CCC\" srcset=\"https:\/\/pargikeskus.ee\/wp-content\/uploads\/2020\/10\/CCC.jpg 1440w, https:\/\/pargikeskus.ee\/wp-content\/uploads\/2020\/10\/CCC-300x231.jpg 300w, https:\/\/pargikeskus.ee\/wp-content\/uploads\/2020\/10\/CCC-1024x787.jpg 1024w, https:\/\/pargikeskus.ee\/wp-content\/uploads\/2020\/10\/CCC-768x590.jpg 768w\" sizes=\"auto, (max-width: 1440px) 100vw, 1440px\" \/>\n\t\t\t\t\n\t\t\t<\/div>\n\t\t<\/div>\n\n    <\/div><!-- .image-pro-wrap -->\n\n\t\n\t\n\t<\/div><!-- \/module image pro --><!-- module text -->\n<div  class=\"module module-text tb_6zlg979   \" data-lazy=\"1\">\n        <div  class=\"tb_text_wrap\">\n        <p><span id=\"kampaania\"><\/span><\/p>\n    <\/div>\n<\/div>\n<!-- \/module text --><!-- module post -->\n<div  class=\"module module-post tb_7ils979 \">\n    <div  class=\"builder-posts-wrap loops-wrapper kampaania list-large-image classic tf_clear tf_clearfix\" data-lazy=\"1\">\n        <\/div><!-- .builder-posts-wrap -->\n            <\/div>\n<!-- \/module post -->\n    <!-- module text -->\n<div  class=\"module module-text tb_3oc3166   \" data-lazy=\"1\">\n        <div  class=\"tb_text_wrap\">\n            <\/div>\n<\/div>\n<!-- \/module text -->        <\/div>\n                        <\/div>\n        <\/div>\n        <\/div>\n<!--\/themify_builder_content-->","protected":false},"excerpt":{"rendered":"<p>Avatud E-L 10:00 \u2013 20:00P 10:00 \u2013 19:00<\/p>\n","protected":false},"author":1,"featured_media":0,"parent":1702,"menu_order":0,"comment_status":"closed","ping_status":"closed","template":"","meta":{"footnotes":""},"class_list":["post-1744","page","type-page","status-publish","hentry","has-post-title","has-post-date","has-post-category","has-post-tag","has-post-comment","has-post-author",""],"yoast_head":"<!-- This site is optimized with the Yoast SEO plugin v27.2 - https:\/\/yoast.com\/product\/yoast-seo-wordpress\/ -->\n<title>CCC - Pargi Keskus \u2013 Jalatsid, Kotid &amp; Mood J\u00f5hvis | Pargi Keskus<\/title>\n<meta name=\"description\" content=\"CCC Pargi Keskuses J\u00f5hvis \u2013 laias valikus jalatsid, moekad kotid, trendikad aksessuaarid kogu perele. Tule ostlema Ida-Virumaal!\" \/>\n<meta name=\"robots\" content=\"index, follow, max-snippet:-1, max-image-preview:large, max-video-preview:-1\" \/>\n<link rel=\"canonical\" href=\"https:\/\/pargikeskus.ee\/en\/kauplused\/ccc\/\" \/>\n<meta property=\"og:locale\" content=\"en_US\" \/>\n<meta property=\"og:type\" content=\"article\" \/>\n<meta property=\"og:title\" content=\"CCC - Pargi Keskus \u2013 Jalatsid, Kotid &amp; Mood J\u00f5hvis | Pargi Keskus\" \/>\n<meta property=\"og:description\" content=\"CCC Pargi Keskuses J\u00f5hvis \u2013 laias valikus jalatsid, moekad kotid, trendikad aksessuaarid kogu perele. Tule ostlema Ida-Virumaal!\" \/>\n<meta property=\"og:url\" content=\"https:\/\/pargikeskus.ee\/en\/kauplused\/ccc\/\" \/>\n<meta property=\"og:site_name\" content=\"Pargi Keskus\" \/>\n<meta property=\"article:modified_time\" content=\"2026-02-17T09:51:14+00:00\" \/>\n<meta property=\"og:image\" content=\"https:\/\/pargikeskus.ee\/wp-content\/uploads\/2021\/05\/logo-black-jpg-scaled.jpg\" \/>\n\t<meta property=\"og:image:width\" content=\"2560\" \/>\n\t<meta property=\"og:image:height\" content=\"2560\" \/>\n\t<meta property=\"og:image:type\" content=\"image\/jpeg\" \/>\n<meta name=\"twitter:card\" content=\"summary_large_image\" \/>\n<script type=\"application\/ld+json\" class=\"yoast-schema-graph\">{\"@context\":\"https:\/\/schema.org\",\"@graph\":[{\"@type\":\"WebPage\",\"@id\":\"https:\/\/pargikeskus.ee\/en\/kauplused\/ccc\/\",\"url\":\"https:\/\/pargikeskus.ee\/en\/kauplused\/ccc\/\",\"name\":\"CCC - Pargi Keskus \u2013 Jalatsid, Kotid & Mood J\u00f5hvis | Pargi Keskus\",\"isPartOf\":{\"@id\":\"https:\/\/pargikeskus.ee\/ru\/#website\"},\"primaryImageOfPage\":{\"@id\":\"https:\/\/pargikeskus.ee\/en\/kauplused\/ccc\/#primaryimage\"},\"image\":{\"@id\":\"https:\/\/pargikeskus.ee\/en\/kauplused\/ccc\/#primaryimage\"},\"thumbnailUrl\":\"https:\/\/pargikeskus.ee\/wp-content\/uploads\/2021\/05\/logo-black-jpg-1024x1024-250x250.jpg\",\"datePublished\":\"2026-01-12T07:47:56+00:00\",\"dateModified\":\"2026-02-17T09:51:14+00:00\",\"description\":\"CCC Pargi Keskuses J\u00f5hvis \u2013 laias valikus jalatsid, moekad kotid, trendikad aksessuaarid kogu perele. Tule ostlema Ida-Virumaal!\",\"breadcrumb\":{\"@id\":\"https:\/\/pargikeskus.ee\/en\/kauplused\/ccc\/#breadcrumb\"},\"inLanguage\":\"en-US\",\"potentialAction\":[{\"@type\":\"ReadAction\",\"target\":[\"https:\/\/pargikeskus.ee\/en\/kauplused\/ccc\/\"]}]},{\"@type\":\"ImageObject\",\"inLanguage\":\"en-US\",\"@id\":\"https:\/\/pargikeskus.ee\/en\/kauplused\/ccc\/#primaryimage\",\"url\":\"https:\/\/pargikeskus.ee\/wp-content\/uploads\/2021\/05\/logo-black-jpg-1024x1024-250x250.jpg\",\"contentUrl\":\"https:\/\/pargikeskus.ee\/wp-content\/uploads\/2021\/05\/logo-black-jpg-1024x1024-250x250.jpg\"},{\"@type\":\"BreadcrumbList\",\"@id\":\"https:\/\/pargikeskus.ee\/en\/kauplused\/ccc\/#breadcrumb\",\"itemListElement\":[{\"@type\":\"ListItem\",\"position\":1,\"name\":\"Home\",\"item\":\"https:\/\/pargikeskus.ee\/en\/\"},{\"@type\":\"ListItem\",\"position\":2,\"name\":\"Shops\",\"item\":\"https:\/\/pargikeskus.ee\/en\/kauplused\/\"},{\"@type\":\"ListItem\",\"position\":3,\"name\":\"CCC\"}]},{\"@type\":\"WebSite\",\"@id\":\"https:\/\/pargikeskus.ee\/ru\/#website\",\"url\":\"https:\/\/pargikeskus.ee\/ru\/\",\"name\":\"Pargi Keskus\",\"description\":\"\",\"potentialAction\":[{\"@type\":\"SearchAction\",\"target\":{\"@type\":\"EntryPoint\",\"urlTemplate\":\"https:\/\/pargikeskus.ee\/ru\/?s={search_term_string}\"},\"query-input\":{\"@type\":\"PropertyValueSpecification\",\"valueRequired\":true,\"valueName\":\"search_term_string\"}}],\"inLanguage\":\"en-US\"}]}<\/script>\n<!-- \/ Yoast SEO plugin. -->","yoast_head_json":{"title":"CCC - Pargi Keskus \u2013 Jalatsid, Kotid & Mood J\u00f5hvis | Pargi Keskus","description":"CCC Pargi Keskuses J\u00f5hvis \u2013 laias valikus jalatsid, moekad kotid, trendikad aksessuaarid kogu perele. Tule ostlema Ida-Virumaal!","robots":{"index":"index","follow":"follow","max-snippet":"max-snippet:-1","max-image-preview":"max-image-preview:large","max-video-preview":"max-video-preview:-1"},"canonical":"https:\/\/pargikeskus.ee\/en\/kauplused\/ccc\/","og_locale":"en_US","og_type":"article","og_title":"CCC - Pargi Keskus \u2013 Jalatsid, Kotid & Mood J\u00f5hvis | Pargi Keskus","og_description":"CCC Pargi Keskuses J\u00f5hvis \u2013 laias valikus jalatsid, moekad kotid, trendikad aksessuaarid kogu perele. Tule ostlema Ida-Virumaal!","og_url":"https:\/\/pargikeskus.ee\/en\/kauplused\/ccc\/","og_site_name":"Pargi Keskus","article_modified_time":"2026-02-17T09:51:14+00:00","og_image":[{"width":2560,"height":2560,"url":"https:\/\/pargikeskus.ee\/wp-content\/uploads\/2021\/05\/logo-black-jpg-scaled.jpg","type":"image\/jpeg"}],"twitter_card":"summary_large_image","schema":{"@context":"https:\/\/schema.org","@graph":[{"@type":"WebPage","@id":"https:\/\/pargikeskus.ee\/en\/kauplused\/ccc\/","url":"https:\/\/pargikeskus.ee\/en\/kauplused\/ccc\/","name":"CCC - Pargi Keskus \u2013 Jalatsid, Kotid & Mood J\u00f5hvis | Pargi Keskus","isPartOf":{"@id":"https:\/\/pargikeskus.ee\/ru\/#website"},"primaryImageOfPage":{"@id":"https:\/\/pargikeskus.ee\/en\/kauplused\/ccc\/#primaryimage"},"image":{"@id":"https:\/\/pargikeskus.ee\/en\/kauplused\/ccc\/#primaryimage"},"thumbnailUrl":"https:\/\/pargikeskus.ee\/wp-content\/uploads\/2021\/05\/logo-black-jpg-1024x1024-250x250.jpg","datePublished":"2026-01-12T07:47:56+00:00","dateModified":"2026-02-17T09:51:14+00:00","description":"CCC Pargi Keskuses J\u00f5hvis \u2013 laias valikus jalatsid, moekad kotid, trendikad aksessuaarid kogu perele. Tule ostlema Ida-Virumaal!","breadcrumb":{"@id":"https:\/\/pargikeskus.ee\/en\/kauplused\/ccc\/#breadcrumb"},"inLanguage":"en-US","potentialAction":[{"@type":"ReadAction","target":["https:\/\/pargikeskus.ee\/en\/kauplused\/ccc\/"]}]},{"@type":"ImageObject","inLanguage":"en-US","@id":"https:\/\/pargikeskus.ee\/en\/kauplused\/ccc\/#primaryimage","url":"https:\/\/pargikeskus.ee\/wp-content\/uploads\/2021\/05\/logo-black-jpg-1024x1024-250x250.jpg","contentUrl":"https:\/\/pargikeskus.ee\/wp-content\/uploads\/2021\/05\/logo-black-jpg-1024x1024-250x250.jpg"},{"@type":"BreadcrumbList","@id":"https:\/\/pargikeskus.ee\/en\/kauplused\/ccc\/#breadcrumb","itemListElement":[{"@type":"ListItem","position":1,"name":"Home","item":"https:\/\/pargikeskus.ee\/en\/"},{"@type":"ListItem","position":2,"name":"Shops","item":"https:\/\/pargikeskus.ee\/en\/kauplused\/"},{"@type":"ListItem","position":3,"name":"CCC"}]},{"@type":"WebSite","@id":"https:\/\/pargikeskus.ee\/ru\/#website","url":"https:\/\/pargikeskus.ee\/ru\/","name":"Pargi Keskus","description":"","potentialAction":[{"@type":"SearchAction","target":{"@type":"EntryPoint","urlTemplate":"https:\/\/pargikeskus.ee\/ru\/?s={search_term_string}"},"query-input":{"@type":"PropertyValueSpecification","valueRequired":true,"valueName":"search_term_string"}}],"inLanguage":"en-US"}]}},"builder_content":"<img src=\"https:\/\/pargikeskus.ee\/wp-content\/uploads\/2021\/05\/logo-black-jpg-1024x1024-250x250.jpg\" width=\"250\" height=\"250\" title=\"logo-black-jpg\" alt=\"logo-black-jpg\" srcset=\"https:\/\/pargikeskus.ee\/wp-content\/uploads\/2021\/05\/logo-black-jpg-1024x1024-250x250.jpg 250w, https:\/\/pargikeskus.ee\/wp-content\/uploads\/2021\/05\/logo-black-jpg-300x300.jpg 300w, https:\/\/pargikeskus.ee\/wp-content\/uploads\/2021\/05\/logo-black-jpg-1024x1024.jpg 1024w, https:\/\/pargikeskus.ee\/wp-content\/uploads\/2021\/05\/logo-black-jpg-150x150.jpg 150w, https:\/\/pargikeskus.ee\/wp-content\/uploads\/2021\/05\/logo-black-jpg-768x768.jpg 768w, https:\/\/pargikeskus.ee\/wp-content\/uploads\/2021\/05\/logo-black-jpg-1536x1536.jpg 1536w, https:\/\/pargikeskus.ee\/wp-content\/uploads\/2021\/05\/logo-black-jpg-2048x2048.jpg 2048w, https:\/\/pargikeskus.ee\/wp-content\/uploads\/2021\/05\/logo-black-jpg-1024x1024-200x200.jpg 200w\" sizes=\"(max-width: 250px) 100vw, 250px\" \/>\n<h2>Avatud<\/h2> <p>E-L 10:00 \u2013 20:00<br \/>P 10:00 \u2013 19:00<\/p>\n<h2>Kontaktandmed<\/h2> <p><a href=\"tel:++37253885155\">+372 5388515<\/a>5<br \/><a href=\"http:\/\/www.ccc.eu\/\" target=\"_blank\" rel=\"noopener\">www.ccc.eu<\/a><\/p> <p><a href=\"https:\/\/www.instagram.com\/cccshoesbags\" target=\"_blank\" rel=\"noopener\">Instagram<\/a><br \/><a href=\"https:\/\/www.facebook.com\/CCC\/\" target=\"_blank\" rel=\"noopener\">Facebook<\/a><br \/><a href=\"https:\/\/www.linkedin.com\/company\/cccsa\/\" target=\"_blank\" rel=\"noopener\">Linkedin<\/a><br \/><a href=\"https:\/\/www.tiktok.com\/@cccshoesbags\" target=\"_blank\" rel=\"noopener\">TikTok<\/a><\/p>\n<h1>CCC Pargi Keskuses \u2013 jalatsid ja moekaup J\u00f5hvis<\/h1> <p>CCC toob sinuni v\u00e4rskeimad moetrendid atraktiivsete hindadega. Laia jalan\u00f5ude, kottide ja aksessuaaride valikuga leiad k\u00f5ik vajaliku, et v\u00e4ljendada oma isikup\u00e4rast stiili.<\/p> <p>CCC-ga on mood alati k\u00e4eulatuses \u2013 valmis sind saatma igal hetkel.<\/p> <p>Avasta uusimad kollektsioonid maailmakuulsatelt br\u00e4ndidelt nagu Nine West New York, Juicy Couture, Hunter, Beverly Hills Polo Club, Mexx ja G-STAR, samuti lai valik oma kaubam\u00e4rke \u2013 Gino Rossi, Lasocki, Badura, Jenny, Sprandi ja DeeZee.<\/p> <p>Sportliku stiili austajatele pakume tooteid br\u00e4ndidelt Reebok, Kappa, adidas, Puma, Champion, Vans, New Balance, DC ja SHAQ.<\/p> <p>K\u00f5ige noorematele moes\u00f5pradele \u2013 jalan\u00f5ud ja aksessuaarid Disney ja Marvel tegelastega ning paljud teised populaarsed kollektsioonid! Mugav ostlemine, lai valik ja uusimad moetrendid \u2013 k\u00f5ik \u00fches kohas, just sinu jaoks.<\/p> <p style=\"font-weight: 400;\">Leia v\u00e4rskeimad tooted ja info meie kauplustest ning veebist.<\/p>\n<h2>Asukoht<\/h2>\n<a href=\"https:\/\/pargikeskus.ee\/wp-content\/uploads\/2020\/10\/CCC.jpg\" >Link<\/a> \n <img src=\"https:\/\/pargikeskus.ee\/wp-content\/uploads\/2020\/10\/CCC.jpg\" title=\"CCC\" alt=\"CCC\" srcset=\"https:\/\/pargikeskus.ee\/wp-content\/uploads\/2020\/10\/CCC.jpg 1440w, https:\/\/pargikeskus.ee\/wp-content\/uploads\/2020\/10\/CCC-300x231.jpg 300w, https:\/\/pargikeskus.ee\/wp-content\/uploads\/2020\/10\/CCC-1024x787.jpg 1024w, https:\/\/pargikeskus.ee\/wp-content\/uploads\/2020\/10\/CCC-768x590.jpg 768w\" sizes=\"(max-width: 1440px) 100vw, 1440px\" \/>\n<p><\/p>\n<p>[campaign]<\/p>","_links":{"self":[{"href":"https:\/\/pargikeskus.ee\/en\/wp-json\/wp\/v2\/pages\/1744","targetHints":{"allow":["GET"]}}],"collection":[{"href":"https:\/\/pargikeskus.ee\/en\/wp-json\/wp\/v2\/pages"}],"about":[{"href":"https:\/\/pargikeskus.ee\/en\/wp-json\/wp\/v2\/types\/page"}],"author":[{"embeddable":true,"href":"https:\/\/pargikeskus.ee\/en\/wp-json\/wp\/v2\/users\/1"}],"replies":[{"embeddable":true,"href":"https:\/\/pargikeskus.ee\/en\/wp-json\/wp\/v2\/comments?post=1744"}],"version-history":[{"count":8,"href":"https:\/\/pargikeskus.ee\/en\/wp-json\/wp\/v2\/pages\/1744\/revisions"}],"predecessor-version":[{"id":11740,"href":"https:\/\/pargikeskus.ee\/en\/wp-json\/wp\/v2\/pages\/1744\/revisions\/11740"}],"up":[{"embeddable":true,"href":"https:\/\/pargikeskus.ee\/en\/wp-json\/wp\/v2\/pages\/1702"}],"wp:attachment":[{"href":"https:\/\/pargikeskus.ee\/en\/wp-json\/wp\/v2\/media?parent=1744"}],"curies":[{"name":"wp","href":"https:\/\/api.w.org\/{rel}","templated":true}]}}