{"id":1698,"date":"2020-10-27T15:26:45","date_gmt":"2020-10-27T15:26:45","guid":{"rendered":"https:\/\/pargikeskus.ee\/kampaaniad\/"},"modified":"2025-10-01T15:00:55","modified_gmt":"2025-10-01T12:00:55","slug":"kampaaniad","status":"publish","type":"page","link":"https:\/\/pargikeskus.ee\/en\/kampaaniad\/","title":{"rendered":"Kampaaniad"},"content":{"rendered":"<!--themify_builder_content-->\n<div id=\"themify_builder_content-1698\" data-postid=\"1698\" class=\"themify_builder_content themify_builder_content-1698 themify_builder tf_clear\">\n                    <div  data-css_id=\"e8r2503\" data-lazy=\"1\" class=\"module_row themify_builder_row fullwidth_row_container tb_e8r2503 tb_first tf_w\">\n            <span  class=\"builder_row_cover tf_abs\" data-lazy=\"1\"><\/span>            <div class=\"row_inner col_align_top tb_col_count_1 tf_box tf_rel\">\n                        <div  data-lazy=\"1\" class=\"module_column tb-column col-full tb_qfse505 first\">\n                    <!-- module fancy heading -->\n<div  class=\"module module-fancy-heading tb_xcjr508 \" data-lazy=\"1\">\n        <h1 class=\"fancy-heading tf_textc\">\n    <span class=\"main-head tf_block\">\n                    Kampaaniad            <\/span>\n\n    \n    <span class=\"sub-head tf_block tf_rel\">\n                                <\/span>\n    <\/h1>\n<\/div>\n<!-- \/module fancy heading -->\n        <\/div>\n                        <\/div>\n        <\/div>\n        <\/div>\n<!--\/themify_builder_content-->","protected":false},"excerpt":{"rendered":"","protected":false},"author":1,"featured_media":0,"parent":0,"menu_order":0,"comment_status":"closed","ping_status":"closed","template":"template_campaign.php","meta":{"footnotes":""},"class_list":["post-1698","page","type-page","status-publish","hentry","has-post-title","has-post-date","has-post-category","has-post-tag","has-post-comment","has-post-author",""],"yoast_head":"<!-- This site is optimized with the Yoast SEO plugin v27.2 - https:\/\/yoast.com\/product\/yoast-seo-wordpress\/ -->\n<title>Pargi Keskus - Pargi Keskuse Kampaaniad | Parimad Pakkumised J\u00f5hvis&quot;<\/title>\n<meta name=\"description\" content=\"Pargi Keskuse Kampaaniad | Parimad Pakkumised J\u00f5hvis Vaata parimaid pakkumisi! Leia kaupluste sooduskampaaniad J\u00f5hvis. Kiire \u00fclevaade\" \/>\n<meta name=\"robots\" content=\"index, follow, max-snippet:-1, max-image-preview:large, max-video-preview:-1\" \/>\n<link rel=\"canonical\" href=\"https:\/\/pargikeskus.ee\/en\/kampaaniad\/\" \/>\n<meta property=\"og:locale\" content=\"en_US\" \/>\n<meta property=\"og:type\" content=\"article\" \/>\n<meta property=\"og:title\" content=\"Pargi Keskus - Parimad pakkumised - Kampaaniad\" \/>\n<meta property=\"og:description\" content=\"Pargi Keskuse Kampaaniad | Parimad Pakkumised J\u00f5hvis Vaata parimaid pakkumisi! Leia kaupluste sooduskampaaniad J\u00f5hvis. Kiire \u00fclevaade\" \/>\n<meta property=\"og:url\" content=\"https:\/\/pargikeskus.ee\/en\/kampaaniad\/\" \/>\n<meta property=\"og:site_name\" content=\"Pargi Keskus\" \/>\n<meta property=\"article:modified_time\" content=\"2025-10-01T12:00:55+00:00\" \/>\n<meta property=\"og:image\" content=\"https:\/\/pargikeskus.ee\/wp-content\/uploads\/2020\/11\/header-pargikeksus.jpg\" \/>\n\t<meta property=\"og:image:width\" content=\"1920\" \/>\n\t<meta property=\"og:image:height\" content=\"800\" \/>\n\t<meta property=\"og:image:type\" content=\"image\/jpeg\" \/>\n<meta name=\"twitter:card\" content=\"summary_large_image\" \/>\n<script type=\"application\/ld+json\" class=\"yoast-schema-graph\">{\"@context\":\"https:\/\/schema.org\",\"@graph\":[{\"@type\":\"WebPage\",\"@id\":\"https:\/\/pargikeskus.ee\/en\/kampaaniad\/\",\"url\":\"https:\/\/pargikeskus.ee\/en\/kampaaniad\/\",\"name\":\"Pargi Keskus - Pargi Keskuse Kampaaniad | Parimad Pakkumised J\u00f5hvis\\\"\",\"isPartOf\":{\"@id\":\"https:\/\/pargikeskus.ee\/ru\/#website\"},\"datePublished\":\"2020-10-27T15:26:45+00:00\",\"dateModified\":\"2025-10-01T12:00:55+00:00\",\"description\":\"Pargi Keskuse Kampaaniad | Parimad Pakkumised J\u00f5hvis Vaata parimaid pakkumisi! Leia kaupluste sooduskampaaniad J\u00f5hvis. Kiire \u00fclevaade\",\"breadcrumb\":{\"@id\":\"https:\/\/pargikeskus.ee\/en\/kampaaniad\/#breadcrumb\"},\"inLanguage\":\"en-US\",\"potentialAction\":[{\"@type\":\"ReadAction\",\"target\":[\"https:\/\/pargikeskus.ee\/en\/kampaaniad\/\"]}]},{\"@type\":\"BreadcrumbList\",\"@id\":\"https:\/\/pargikeskus.ee\/en\/kampaaniad\/#breadcrumb\",\"itemListElement\":[{\"@type\":\"ListItem\",\"position\":1,\"name\":\"Home\",\"item\":\"https:\/\/pargikeskus.ee\/en\/\"},{\"@type\":\"ListItem\",\"position\":2,\"name\":\"Kampaaniad\"}]},{\"@type\":\"WebSite\",\"@id\":\"https:\/\/pargikeskus.ee\/ru\/#website\",\"url\":\"https:\/\/pargikeskus.ee\/ru\/\",\"name\":\"Pargi Keskus\",\"description\":\"\",\"potentialAction\":[{\"@type\":\"SearchAction\",\"target\":{\"@type\":\"EntryPoint\",\"urlTemplate\":\"https:\/\/pargikeskus.ee\/ru\/?s={search_term_string}\"},\"query-input\":{\"@type\":\"PropertyValueSpecification\",\"valueRequired\":true,\"valueName\":\"search_term_string\"}}],\"inLanguage\":\"en-US\"}]}<\/script>\n<!-- \/ Yoast SEO plugin. -->","yoast_head_json":{"title":"Pargi Keskus - Pargi Keskuse Kampaaniad | Parimad Pakkumised J\u00f5hvis\"","description":"Pargi Keskuse Kampaaniad | Parimad Pakkumised J\u00f5hvis Vaata parimaid pakkumisi! Leia kaupluste sooduskampaaniad J\u00f5hvis. Kiire \u00fclevaade","robots":{"index":"index","follow":"follow","max-snippet":"max-snippet:-1","max-image-preview":"max-image-preview:large","max-video-preview":"max-video-preview:-1"},"canonical":"https:\/\/pargikeskus.ee\/en\/kampaaniad\/","og_locale":"en_US","og_type":"article","og_title":"Pargi Keskus - Parimad pakkumised - Kampaaniad","og_description":"Pargi Keskuse Kampaaniad | Parimad Pakkumised J\u00f5hvis Vaata parimaid pakkumisi! Leia kaupluste sooduskampaaniad J\u00f5hvis. Kiire \u00fclevaade","og_url":"https:\/\/pargikeskus.ee\/en\/kampaaniad\/","og_site_name":"Pargi Keskus","article_modified_time":"2025-10-01T12:00:55+00:00","og_image":[{"width":1920,"height":800,"url":"https:\/\/pargikeskus.ee\/wp-content\/uploads\/2020\/11\/header-pargikeksus.jpg","type":"image\/jpeg"}],"twitter_card":"summary_large_image","schema":{"@context":"https:\/\/schema.org","@graph":[{"@type":"WebPage","@id":"https:\/\/pargikeskus.ee\/en\/kampaaniad\/","url":"https:\/\/pargikeskus.ee\/en\/kampaaniad\/","name":"Pargi Keskus - Pargi Keskuse Kampaaniad | Parimad Pakkumised J\u00f5hvis\"","isPartOf":{"@id":"https:\/\/pargikeskus.ee\/ru\/#website"},"datePublished":"2020-10-27T15:26:45+00:00","dateModified":"2025-10-01T12:00:55+00:00","description":"Pargi Keskuse Kampaaniad | Parimad Pakkumised J\u00f5hvis Vaata parimaid pakkumisi! Leia kaupluste sooduskampaaniad J\u00f5hvis. Kiire \u00fclevaade","breadcrumb":{"@id":"https:\/\/pargikeskus.ee\/en\/kampaaniad\/#breadcrumb"},"inLanguage":"en-US","potentialAction":[{"@type":"ReadAction","target":["https:\/\/pargikeskus.ee\/en\/kampaaniad\/"]}]},{"@type":"BreadcrumbList","@id":"https:\/\/pargikeskus.ee\/en\/kampaaniad\/#breadcrumb","itemListElement":[{"@type":"ListItem","position":1,"name":"Home","item":"https:\/\/pargikeskus.ee\/en\/"},{"@type":"ListItem","position":2,"name":"Kampaaniad"}]},{"@type":"WebSite","@id":"https:\/\/pargikeskus.ee\/ru\/#website","url":"https:\/\/pargikeskus.ee\/ru\/","name":"Pargi Keskus","description":"","potentialAction":[{"@type":"SearchAction","target":{"@type":"EntryPoint","urlTemplate":"https:\/\/pargikeskus.ee\/ru\/?s={search_term_string}"},"query-input":{"@type":"PropertyValueSpecification","valueRequired":true,"valueName":"search_term_string"}}],"inLanguage":"en-US"}]}},"builder_content":"<h1>Kampaaniad<br\/><\/h1>","_links":{"self":[{"href":"https:\/\/pargikeskus.ee\/en\/wp-json\/wp\/v2\/pages\/1698","targetHints":{"allow":["GET"]}}],"collection":[{"href":"https:\/\/pargikeskus.ee\/en\/wp-json\/wp\/v2\/pages"}],"about":[{"href":"https:\/\/pargikeskus.ee\/en\/wp-json\/wp\/v2\/types\/page"}],"author":[{"embeddable":true,"href":"https:\/\/pargikeskus.ee\/en\/wp-json\/wp\/v2\/users\/1"}],"replies":[{"embeddable":true,"href":"https:\/\/pargikeskus.ee\/en\/wp-json\/wp\/v2\/comments?post=1698"}],"version-history":[{"count":14,"href":"https:\/\/pargikeskus.ee\/en\/wp-json\/wp\/v2\/pages\/1698\/revisions"}],"predecessor-version":[{"id":10910,"href":"https:\/\/pargikeskus.ee\/en\/wp-json\/wp\/v2\/pages\/1698\/revisions\/10910"}],"wp:attachment":[{"href":"https:\/\/pargikeskus.ee\/en\/wp-json\/wp\/v2\/media?parent=1698"}],"curies":[{"name":"wp","href":"https:\/\/api.w.org\/{rel}","templated":true}]}}